{"id":106191,"date":"2025-04-23T11:43:53","date_gmt":"2025-04-23T09:43:53","guid":{"rendered":"https:\/\/foliobooks.pl\/sklep\/fashion-designers-a-z-40th-ed\/"},"modified":"2025-04-23T11:43:53","modified_gmt":"2025-04-23T09:43:53","slug":"fashion-designers-a-z-40th-ed","status":"publish","type":"product","link":"https:\/\/foliobooks.pl\/en\/shop\/fashion-designers-a-z-40th-ed\/","title":{"rendered":"Fashion Designers A\u2013Z. 40th Ed."},"content":{"rendered":"<p>Fashion Master Class<\/p>\n<p>Defining design of the 20th and 21st centuries<\/p>\n<p>From Azzedine Ala\u00efa, Crist\u00f3bal Balenciaga, and Coco Chanel to Alexander McQueen, Yves Saint Laurent, and Vivienne Westwood, more than a century\u2019s worth of fashion greats are celebrated in this new edition of Fashion Designers A\u2013Z.<\/p>\n<p>An accessibly priced and updated volume features photographs of hundreds of garments selected from the Fashion Institute of Technology (FIT) museum&#8217;s permanent collection. Elegant gowns from the turn of the century, Mondrian-style minimalist chic, and everything inbetween. Each of these works of art is chosen not only for its beauty but also for exemplifyingthe unique philosophy, skill, and aesthetics of each of the featured designers.<\/p>\n<p>In her introductory essay, the museum\u2019s director and chief curator, Valerie Steele, writes about the rise of the fashion museum and the emergence of the fashion exhibition as a popular and controversial phenomenon. The foreword is contributed by international style maven Suzy Menkes, texts by the museum\u2019s curators help shine historical light on each label and garment pictured, and beautifully drawn portraits by the artist Robert Nippoldt pay homage to the creators behind them.<\/p>\n","protected":false},"excerpt":{"rendered":"<p>Fashion Master Class Defining design of the 20th and 21st centuries From Azzedine Ala\u00efa, Crist\u00f3bal Balenciaga, and Coco Chanel to Alexander McQueen, Yves Saint Laurent, and Vivienne Westwood, more than a century\u2019s worth of fashion greats are celebrated in this new edition of Fashion Designers A\u2013Z. An accessibly priced and updated volume features photographs of&#8230;<\/p>\n","protected":false},"featured_media":106176,"comment_status":"closed","ping_status":"closed","template":"","meta":[],"product_brand":[],"product_cat":[13533,4519],"product_tag":[6125],"class_list":{"0":"post-106191","1":"product","2":"type-product","3":"status-publish","4":"has-post-thumbnail","6":"product_cat-books","7":"product_cat-fashion-en-en","8":"product_tag-fashion","9":"pa_author_att-valerie-steele-en","10":"pa_cover-hardcover","11":"pa_format-156-x-217-cm-en","12":"pa_isbn-9783836587563-en","13":"pa_language-eng","14":"pa_pages-512-en","15":"pa_published-2023-02-23-en","16":"pa_publisher-taschen-en-en","18":"first","19":"outofstock","20":"sold-individually","21":"shipping-taxable","22":"purchasable","23":"product-type-simple"},"yoast_head":"<!-- This site is optimized with the Yoast SEO plugin v27.6 - https:\/\/yoast.com\/product\/yoast-seo-wordpress\/ -->\n<title>Fashion Designers A\u2013Z. 40th Ed. (Valerie Steele) - book \/ album - Folio<\/title>\n<meta name=\"description\" content=\"Wejd\u017a i kup ksi\u0105\u017ck\u0119 Fashion Designers A\u2013Z. 40th Ed. autorstwa Valerie Steele wydan\u0105 przez TASCHEN (2023-02-23) w formacie 15,6 x 21,7 cm (ISBN: 9783836587563). Zapraszamy!\" \/>\n<meta name=\"robots\" content=\"index, follow, max-snippet:-1, max-image-preview:large, max-video-preview:-1\" \/>\n<link rel=\"canonical\" href=\"https:\/\/foliobooks.pl\/en\/shop\/fashion-designers-a-z-40th-ed\/\" \/>\n<meta property=\"og:locale\" content=\"en_US\" \/>\n<meta property=\"og:type\" content=\"article\" \/>\n<meta property=\"og:title\" content=\"Fashion Designers A\u2013Z. 40th Ed. (Valerie Steele) - book \/ album - Folio\" \/>\n<meta property=\"og:description\" content=\"Wejd\u017a i kup ksi\u0105\u017ck\u0119 Fashion Designers A\u2013Z. 40th Ed. autorstwa Valerie Steele wydan\u0105 przez TASCHEN (2023-02-23) w formacie 15,6 x 21,7 cm (ISBN: 9783836587563). Zapraszamy!\" \/>\n<meta property=\"og:url\" content=\"https:\/\/foliobooks.pl\/en\/shop\/fashion-designers-a-z-40th-ed\/\" \/>\n<meta property=\"og:site_name\" content=\"Folio\" \/>\n<meta property=\"og:image\" content=\"https:\/\/foliobooks.pl\/wp-content\/uploads\/2025\/04\/9783836587563.png\" \/>\n\t<meta property=\"og:image:width\" content=\"570\" \/>\n\t<meta property=\"og:image:height\" content=\"708\" \/>\n\t<meta property=\"og:image:type\" content=\"image\/png\" \/>\n<meta name=\"twitter:card\" content=\"summary_large_image\" \/>\n<meta name=\"twitter:label1\" content=\"Est. reading time\" \/>\n\t<meta name=\"twitter:data1\" content=\"2 minutes\" \/>\n<script type=\"application\/ld+json\" class=\"yoast-schema-graph\">{\"@context\":\"https:\\\/\\\/schema.org\",\"@graph\":[{\"@type\":\"WebPage\",\"@id\":\"https:\\\/\\\/foliobooks.pl\\\/en\\\/shop\\\/fashion-designers-a-z-40th-ed\\\/\",\"url\":\"https:\\\/\\\/foliobooks.pl\\\/en\\\/shop\\\/fashion-designers-a-z-40th-ed\\\/\",\"name\":\"Fashion Designers A\u2013Z. 40th Ed. (Valerie Steele) - book \\\/ album - Folio\",\"isPartOf\":{\"@id\":\"https:\\\/\\\/foliobooks.pl\\\/en\\\/#website\"},\"primaryImageOfPage\":{\"@id\":\"https:\\\/\\\/foliobooks.pl\\\/en\\\/shop\\\/fashion-designers-a-z-40th-ed\\\/#primaryimage\"},\"image\":{\"@id\":\"https:\\\/\\\/foliobooks.pl\\\/en\\\/shop\\\/fashion-designers-a-z-40th-ed\\\/#primaryimage\"},\"thumbnailUrl\":\"https:\\\/\\\/foliobooks.pl\\\/wp-content\\\/uploads\\\/2025\\\/04\\\/9783836587563.png\",\"datePublished\":\"2025-04-23T09:43:53+00:00\",\"description\":\"Wejd\u017a i kup ksi\u0105\u017ck\u0119 Fashion Designers A\u2013Z. 40th Ed. autorstwa Valerie Steele wydan\u0105 przez TASCHEN (2023-02-23) w formacie 15,6 x 21,7 cm (ISBN: 9783836587563). Zapraszamy!\",\"breadcrumb\":{\"@id\":\"https:\\\/\\\/foliobooks.pl\\\/en\\\/shop\\\/fashion-designers-a-z-40th-ed\\\/#breadcrumb\"},\"inLanguage\":\"en-US\",\"potentialAction\":[{\"@type\":\"ReadAction\",\"target\":[\"https:\\\/\\\/foliobooks.pl\\\/en\\\/shop\\\/fashion-designers-a-z-40th-ed\\\/\"]}]},{\"@type\":\"ImageObject\",\"inLanguage\":\"en-US\",\"@id\":\"https:\\\/\\\/foliobooks.pl\\\/en\\\/shop\\\/fashion-designers-a-z-40th-ed\\\/#primaryimage\",\"url\":\"https:\\\/\\\/foliobooks.pl\\\/wp-content\\\/uploads\\\/2025\\\/04\\\/9783836587563.png\",\"contentUrl\":\"https:\\\/\\\/foliobooks.pl\\\/wp-content\\\/uploads\\\/2025\\\/04\\\/9783836587563.png\",\"width\":570,\"height\":708},{\"@type\":\"BreadcrumbList\",\"@id\":\"https:\\\/\\\/foliobooks.pl\\\/en\\\/shop\\\/fashion-designers-a-z-40th-ed\\\/#breadcrumb\",\"itemListElement\":[{\"@type\":\"ListItem\",\"position\":1,\"name\":\"Strona g\u0142\u00f3wna\",\"item\":\"https:\\\/\\\/foliobooks.pl\\\/en\\\/\"},{\"@type\":\"ListItem\",\"position\":2,\"name\":\"Shop\",\"item\":\"https:\\\/\\\/foliobooks.pl\\\/en\\\/shop\\\/\"},{\"@type\":\"ListItem\",\"position\":3,\"name\":\"Fashion Designers A\u2013Z. 40th Ed.\"}]},{\"@type\":\"WebSite\",\"@id\":\"https:\\\/\\\/foliobooks.pl\\\/en\\\/#website\",\"url\":\"https:\\\/\\\/foliobooks.pl\\\/en\\\/\",\"name\":\"Folio\",\"description\":\"Ksi\u0119garnia internetowa\",\"potentialAction\":[{\"@type\":\"SearchAction\",\"target\":{\"@type\":\"EntryPoint\",\"urlTemplate\":\"https:\\\/\\\/foliobooks.pl\\\/en\\\/?s={search_term_string}\"},\"query-input\":{\"@type\":\"PropertyValueSpecification\",\"valueRequired\":true,\"valueName\":\"search_term_string\"}}],\"inLanguage\":\"en-US\"}]}<\/script>\n<!-- \/ Yoast SEO plugin. -->","yoast_head_json":{"title":"Fashion Designers A\u2013Z. 40th Ed. (Valerie Steele) - book \/ album - Folio","description":"Wejd\u017a i kup ksi\u0105\u017ck\u0119 Fashion Designers A\u2013Z. 40th Ed. autorstwa Valerie Steele wydan\u0105 przez TASCHEN (2023-02-23) w formacie 15,6 x 21,7 cm (ISBN: 9783836587563). Zapraszamy!","robots":{"index":"index","follow":"follow","max-snippet":"max-snippet:-1","max-image-preview":"max-image-preview:large","max-video-preview":"max-video-preview:-1"},"canonical":"https:\/\/foliobooks.pl\/en\/shop\/fashion-designers-a-z-40th-ed\/","og_locale":"en_US","og_type":"article","og_title":"Fashion Designers A\u2013Z. 40th Ed. (Valerie Steele) - book \/ album - Folio","og_description":"Wejd\u017a i kup ksi\u0105\u017ck\u0119 Fashion Designers A\u2013Z. 40th Ed. autorstwa Valerie Steele wydan\u0105 przez TASCHEN (2023-02-23) w formacie 15,6 x 21,7 cm (ISBN: 9783836587563). Zapraszamy!","og_url":"https:\/\/foliobooks.pl\/en\/shop\/fashion-designers-a-z-40th-ed\/","og_site_name":"Folio","og_image":[{"width":570,"height":708,"url":"https:\/\/foliobooks.pl\/wp-content\/uploads\/2025\/04\/9783836587563.png","type":"image\/png"}],"twitter_card":"summary_large_image","twitter_misc":{"Est. reading time":"2 minutes"},"schema":{"@context":"https:\/\/schema.org","@graph":[{"@type":"WebPage","@id":"https:\/\/foliobooks.pl\/en\/shop\/fashion-designers-a-z-40th-ed\/","url":"https:\/\/foliobooks.pl\/en\/shop\/fashion-designers-a-z-40th-ed\/","name":"Fashion Designers A\u2013Z. 40th Ed. (Valerie Steele) - book \/ album - Folio","isPartOf":{"@id":"https:\/\/foliobooks.pl\/en\/#website"},"primaryImageOfPage":{"@id":"https:\/\/foliobooks.pl\/en\/shop\/fashion-designers-a-z-40th-ed\/#primaryimage"},"image":{"@id":"https:\/\/foliobooks.pl\/en\/shop\/fashion-designers-a-z-40th-ed\/#primaryimage"},"thumbnailUrl":"https:\/\/foliobooks.pl\/wp-content\/uploads\/2025\/04\/9783836587563.png","datePublished":"2025-04-23T09:43:53+00:00","description":"Wejd\u017a i kup ksi\u0105\u017ck\u0119 Fashion Designers A\u2013Z. 40th Ed. autorstwa Valerie Steele wydan\u0105 przez TASCHEN (2023-02-23) w formacie 15,6 x 21,7 cm (ISBN: 9783836587563). Zapraszamy!","breadcrumb":{"@id":"https:\/\/foliobooks.pl\/en\/shop\/fashion-designers-a-z-40th-ed\/#breadcrumb"},"inLanguage":"en-US","potentialAction":[{"@type":"ReadAction","target":["https:\/\/foliobooks.pl\/en\/shop\/fashion-designers-a-z-40th-ed\/"]}]},{"@type":"ImageObject","inLanguage":"en-US","@id":"https:\/\/foliobooks.pl\/en\/shop\/fashion-designers-a-z-40th-ed\/#primaryimage","url":"https:\/\/foliobooks.pl\/wp-content\/uploads\/2025\/04\/9783836587563.png","contentUrl":"https:\/\/foliobooks.pl\/wp-content\/uploads\/2025\/04\/9783836587563.png","width":570,"height":708},{"@type":"BreadcrumbList","@id":"https:\/\/foliobooks.pl\/en\/shop\/fashion-designers-a-z-40th-ed\/#breadcrumb","itemListElement":[{"@type":"ListItem","position":1,"name":"Strona g\u0142\u00f3wna","item":"https:\/\/foliobooks.pl\/en\/"},{"@type":"ListItem","position":2,"name":"Shop","item":"https:\/\/foliobooks.pl\/en\/shop\/"},{"@type":"ListItem","position":3,"name":"Fashion Designers A\u2013Z. 40th Ed."}]},{"@type":"WebSite","@id":"https:\/\/foliobooks.pl\/en\/#website","url":"https:\/\/foliobooks.pl\/en\/","name":"Folio","description":"Ksi\u0119garnia internetowa","potentialAction":[{"@type":"SearchAction","target":{"@type":"EntryPoint","urlTemplate":"https:\/\/foliobooks.pl\/en\/?s={search_term_string}"},"query-input":{"@type":"PropertyValueSpecification","valueRequired":true,"valueName":"search_term_string"}}],"inLanguage":"en-US"}]}},"_links":{"self":[{"href":"https:\/\/foliobooks.pl\/en\/wp-json\/wp\/v2\/product\/106191","targetHints":{"allow":["GET"]}}],"collection":[{"href":"https:\/\/foliobooks.pl\/en\/wp-json\/wp\/v2\/product"}],"about":[{"href":"https:\/\/foliobooks.pl\/en\/wp-json\/wp\/v2\/types\/product"}],"replies":[{"embeddable":true,"href":"https:\/\/foliobooks.pl\/en\/wp-json\/wp\/v2\/comments?post=106191"}],"wp:featuredmedia":[{"embeddable":true,"href":"https:\/\/foliobooks.pl\/en\/wp-json\/wp\/v2\/media\/106176"}],"wp:attachment":[{"href":"https:\/\/foliobooks.pl\/en\/wp-json\/wp\/v2\/media?parent=106191"}],"wp:term":[{"taxonomy":"product_brand","embeddable":true,"href":"https:\/\/foliobooks.pl\/en\/wp-json\/wp\/v2\/product_brand?post=106191"},{"taxonomy":"product_cat","embeddable":true,"href":"https:\/\/foliobooks.pl\/en\/wp-json\/wp\/v2\/product_cat?post=106191"},{"taxonomy":"product_tag","embeddable":true,"href":"https:\/\/foliobooks.pl\/en\/wp-json\/wp\/v2\/product_tag?post=106191"}],"curies":[{"name":"wp","href":"https:\/\/api.w.org\/{rel}","templated":true}]}}