{"id":106172,"date":"2025-04-23T11:32:54","date_gmt":"2025-04-23T09:32:54","guid":{"rendered":"https:\/\/foliobooks.pl\/sklep\/edward-s-curtis-the-north-american-indian-the-complete-portfolios-edward-s-curtis-the-north-american-indian-the-complete-portfolios-edward-s-curtis-the-north-american-indian-the-complete-port\/"},"modified":"2025-04-23T11:32:54","modified_gmt":"2025-04-23T09:32:54","slug":"edward-s-curtis-the-north-american-indian-the-complete-portfolios-edward-s-curtis-the-north-american-indian-the-complete-portfolios-edward-s-curtis-the-north-american-indian-the-complete-port","status":"publish","type":"product","link":"https:\/\/foliobooks.pl\/en\/shop\/edward-s-curtis-the-north-american-indian-the-complete-portfolios-edward-s-curtis-the-north-american-indian-the-complete-portfolios-edward-s-curtis-the-north-american-indian-the-complete-port\/","title":{"rendered":"Edward S. Curtis. The North American Indian. The Complete Portfolios"},"content":{"rendered":"<p>Echoes of Vanishing Worlds<\/p>\n<p>Edward S. Curtis\u2019 Cultural Odyssey Through North America<\/p>\n<p>Edward Sheriff Curtis (1868\u20131952) dedicated his entire life to a project all his own, to use a camera to preserve the cultural heritage of the indigenous peoples of North America. For three decades, he traveled in every region of the continent, through every kind of terrain and weather, via land or water, in the 50\u00b0C heat of the Mojave Desert or the -20\u00b0C chill of the Arctic; moving on foot, by horse, wagon, donkey, boat or train, or later by automobile. More than 40,000 photos were produced during those years.<\/p>\n<p>During his lifetime, the finest of these photographs entitled The North American Indian, were presented in twenty elaborate, large-scale portfolios with which Curtis raised a monument to commemorate the disappearing culture of North America\u2019s indigenous peoples and to bring it fully back to life. In addition, the book holds a selection of photographs from the text volumes.<\/p>\n<p>Without Edward S. Curtis we would hardly know a thing about the rites of the Hopi in America\u2019s southwest, nor be able to picture the Qagyuhl winter dancers, or have any idea of the ceremonies on Nunivak Island. The basic humanistic message that shines from his pictures is highly relevant, namely peaceful coexistence in which you can overcome hatred and prejudice if you are always willing, on meeting a stranger, to seek some idea in common.<\/p>\n","protected":false},"excerpt":{"rendered":"<p>Echoes of Vanishing Worlds Edward S. Curtis\u2019 Cultural Odyssey Through North America Edward Sheriff Curtis (1868\u20131952) dedicated his entire life to a project all his own, to use a camera to preserve the cultural heritage of the indigenous peoples of North America. For three decades, he traveled in every region of the continent, through every&#8230;<\/p>\n","protected":false},"featured_media":106157,"comment_status":"closed","ping_status":"closed","template":"","meta":[],"product_brand":[],"product_cat":[13533,4517],"product_tag":[1681],"class_list":{"0":"post-106172","1":"product","2":"type-product","3":"status-publish","4":"has-post-thumbnail","6":"product_cat-books","7":"product_cat-photography-en","8":"product_tag-history","9":"pa_author_att-peter-walther-en","10":"pa_cover-hardcover-slipcase","11":"pa_isbn-9783836596732-en","12":"pa_language-eng-f-ger","13":"pa_pages-696-en","14":"pa_published-2025-05-19-en","15":"pa_publisher-taschen-en-en","17":"first","18":"instock","19":"sold-individually","20":"shipping-taxable","21":"purchasable","22":"product-type-simple"},"yoast_head":"<!-- This site is optimized with the Yoast SEO plugin v27.4 - https:\/\/yoast.com\/product\/yoast-seo-wordpress\/ -->\n<title>Edward S. Curtis. The North American Indian. The Complete Portfolios (Peter Walther) - book \/ album - Folio<\/title>\n<meta name=\"description\" content=\"Wejd\u017a i kup ksi\u0105\u017ck\u0119 Edward S. Curtis. The North American Indian. The Complete Portfolios autorstwa Peter Walther wydan\u0105 przez TASCHEN (2025-05-19) w formacie (ISBN: 9783836596732). Zapraszamy!\" \/>\n<meta name=\"robots\" content=\"index, follow, max-snippet:-1, max-image-preview:large, max-video-preview:-1\" \/>\n<link rel=\"canonical\" href=\"https:\/\/foliobooks.pl\/en\/shop\/edward-s-curtis-the-north-american-indian-the-complete-portfolios-edward-s-curtis-the-north-american-indian-the-complete-portfolios-edward-s-curtis-the-north-american-indian-the-complete-port\/\" \/>\n<meta property=\"og:locale\" content=\"en_US\" \/>\n<meta property=\"og:type\" content=\"article\" \/>\n<meta property=\"og:title\" content=\"Edward S. Curtis. The North American Indian. The Complete Portfolios (Peter Walther) - book \/ album - Folio\" \/>\n<meta property=\"og:description\" content=\"Wejd\u017a i kup ksi\u0105\u017ck\u0119 Edward S. Curtis. The North American Indian. The Complete Portfolios autorstwa Peter Walther wydan\u0105 przez TASCHEN (2025-05-19) w formacie (ISBN: 9783836596732). Zapraszamy!\" \/>\n<meta property=\"og:url\" content=\"https:\/\/foliobooks.pl\/en\/shop\/edward-s-curtis-the-north-american-indian-the-complete-portfolios-edward-s-curtis-the-north-american-indian-the-complete-portfolios-edward-s-curtis-the-north-american-indian-the-complete-port\/\" \/>\n<meta property=\"og:site_name\" content=\"Folio\" \/>\n<meta property=\"og:image\" content=\"https:\/\/foliobooks.pl\/wp-content\/uploads\/2025\/04\/9783836596732.png\" \/>\n\t<meta property=\"og:image:width\" content=\"570\" \/>\n\t<meta property=\"og:image:height\" content=\"708\" \/>\n\t<meta property=\"og:image:type\" content=\"image\/png\" \/>\n<meta name=\"twitter:card\" content=\"summary_large_image\" \/>\n<meta name=\"twitter:label1\" content=\"Est. reading time\" \/>\n\t<meta name=\"twitter:data1\" content=\"2 minutes\" \/>\n<script type=\"application\/ld+json\" class=\"yoast-schema-graph\">{\"@context\":\"https:\\\/\\\/schema.org\",\"@graph\":[{\"@type\":\"WebPage\",\"@id\":\"https:\\\/\\\/foliobooks.pl\\\/en\\\/shop\\\/edward-s-curtis-the-north-american-indian-the-complete-portfolios-edward-s-curtis-the-north-american-indian-the-complete-portfolios-edward-s-curtis-the-north-american-indian-the-complete-port\\\/\",\"url\":\"https:\\\/\\\/foliobooks.pl\\\/en\\\/shop\\\/edward-s-curtis-the-north-american-indian-the-complete-portfolios-edward-s-curtis-the-north-american-indian-the-complete-portfolios-edward-s-curtis-the-north-american-indian-the-complete-port\\\/\",\"name\":\"Edward S. Curtis. The North American Indian. The Complete Portfolios (Peter Walther) - book \\\/ album - Folio\",\"isPartOf\":{\"@id\":\"https:\\\/\\\/foliobooks.pl\\\/en\\\/#website\"},\"primaryImageOfPage\":{\"@id\":\"https:\\\/\\\/foliobooks.pl\\\/en\\\/shop\\\/edward-s-curtis-the-north-american-indian-the-complete-portfolios-edward-s-curtis-the-north-american-indian-the-complete-portfolios-edward-s-curtis-the-north-american-indian-the-complete-port\\\/#primaryimage\"},\"image\":{\"@id\":\"https:\\\/\\\/foliobooks.pl\\\/en\\\/shop\\\/edward-s-curtis-the-north-american-indian-the-complete-portfolios-edward-s-curtis-the-north-american-indian-the-complete-portfolios-edward-s-curtis-the-north-american-indian-the-complete-port\\\/#primaryimage\"},\"thumbnailUrl\":\"https:\\\/\\\/foliobooks.pl\\\/wp-content\\\/uploads\\\/2025\\\/04\\\/9783836596732.png\",\"datePublished\":\"2025-04-23T09:32:54+00:00\",\"description\":\"Wejd\u017a i kup ksi\u0105\u017ck\u0119 Edward S. Curtis. The North American Indian. The Complete Portfolios autorstwa Peter Walther wydan\u0105 przez TASCHEN (2025-05-19) w formacie (ISBN: 9783836596732). Zapraszamy!\",\"breadcrumb\":{\"@id\":\"https:\\\/\\\/foliobooks.pl\\\/en\\\/shop\\\/edward-s-curtis-the-north-american-indian-the-complete-portfolios-edward-s-curtis-the-north-american-indian-the-complete-portfolios-edward-s-curtis-the-north-american-indian-the-complete-port\\\/#breadcrumb\"},\"inLanguage\":\"en-US\",\"potentialAction\":[{\"@type\":\"ReadAction\",\"target\":[\"https:\\\/\\\/foliobooks.pl\\\/en\\\/shop\\\/edward-s-curtis-the-north-american-indian-the-complete-portfolios-edward-s-curtis-the-north-american-indian-the-complete-portfolios-edward-s-curtis-the-north-american-indian-the-complete-port\\\/\"]}]},{\"@type\":\"ImageObject\",\"inLanguage\":\"en-US\",\"@id\":\"https:\\\/\\\/foliobooks.pl\\\/en\\\/shop\\\/edward-s-curtis-the-north-american-indian-the-complete-portfolios-edward-s-curtis-the-north-american-indian-the-complete-portfolios-edward-s-curtis-the-north-american-indian-the-complete-port\\\/#primaryimage\",\"url\":\"https:\\\/\\\/foliobooks.pl\\\/wp-content\\\/uploads\\\/2025\\\/04\\\/9783836596732.png\",\"contentUrl\":\"https:\\\/\\\/foliobooks.pl\\\/wp-content\\\/uploads\\\/2025\\\/04\\\/9783836596732.png\",\"width\":570,\"height\":708},{\"@type\":\"BreadcrumbList\",\"@id\":\"https:\\\/\\\/foliobooks.pl\\\/en\\\/shop\\\/edward-s-curtis-the-north-american-indian-the-complete-portfolios-edward-s-curtis-the-north-american-indian-the-complete-portfolios-edward-s-curtis-the-north-american-indian-the-complete-port\\\/#breadcrumb\",\"itemListElement\":[{\"@type\":\"ListItem\",\"position\":1,\"name\":\"Strona g\u0142\u00f3wna\",\"item\":\"https:\\\/\\\/foliobooks.pl\\\/en\\\/\"},{\"@type\":\"ListItem\",\"position\":2,\"name\":\"Shop\",\"item\":\"https:\\\/\\\/foliobooks.pl\\\/en\\\/shop\\\/\"},{\"@type\":\"ListItem\",\"position\":3,\"name\":\"Edward S. Curtis. The North American Indian. The Complete Portfolios\"}]},{\"@type\":\"WebSite\",\"@id\":\"https:\\\/\\\/foliobooks.pl\\\/en\\\/#website\",\"url\":\"https:\\\/\\\/foliobooks.pl\\\/en\\\/\",\"name\":\"Folio\",\"description\":\"Ksi\u0119garnia internetowa\",\"potentialAction\":[{\"@type\":\"SearchAction\",\"target\":{\"@type\":\"EntryPoint\",\"urlTemplate\":\"https:\\\/\\\/foliobooks.pl\\\/en\\\/?s={search_term_string}\"},\"query-input\":{\"@type\":\"PropertyValueSpecification\",\"valueRequired\":true,\"valueName\":\"search_term_string\"}}],\"inLanguage\":\"en-US\"}]}<\/script>\n<!-- \/ Yoast SEO plugin. -->","yoast_head_json":{"title":"Edward S. Curtis. The North American Indian. The Complete Portfolios (Peter Walther) - book \/ album - Folio","description":"Wejd\u017a i kup ksi\u0105\u017ck\u0119 Edward S. Curtis. The North American Indian. The Complete Portfolios autorstwa Peter Walther wydan\u0105 przez TASCHEN (2025-05-19) w formacie (ISBN: 9783836596732). Zapraszamy!","robots":{"index":"index","follow":"follow","max-snippet":"max-snippet:-1","max-image-preview":"max-image-preview:large","max-video-preview":"max-video-preview:-1"},"canonical":"https:\/\/foliobooks.pl\/en\/shop\/edward-s-curtis-the-north-american-indian-the-complete-portfolios-edward-s-curtis-the-north-american-indian-the-complete-portfolios-edward-s-curtis-the-north-american-indian-the-complete-port\/","og_locale":"en_US","og_type":"article","og_title":"Edward S. Curtis. The North American Indian. The Complete Portfolios (Peter Walther) - book \/ album - Folio","og_description":"Wejd\u017a i kup ksi\u0105\u017ck\u0119 Edward S. Curtis. The North American Indian. The Complete Portfolios autorstwa Peter Walther wydan\u0105 przez TASCHEN (2025-05-19) w formacie (ISBN: 9783836596732). Zapraszamy!","og_url":"https:\/\/foliobooks.pl\/en\/shop\/edward-s-curtis-the-north-american-indian-the-complete-portfolios-edward-s-curtis-the-north-american-indian-the-complete-portfolios-edward-s-curtis-the-north-american-indian-the-complete-port\/","og_site_name":"Folio","og_image":[{"width":570,"height":708,"url":"https:\/\/foliobooks.pl\/wp-content\/uploads\/2025\/04\/9783836596732.png","type":"image\/png"}],"twitter_card":"summary_large_image","twitter_misc":{"Est. reading time":"2 minutes"},"schema":{"@context":"https:\/\/schema.org","@graph":[{"@type":"WebPage","@id":"https:\/\/foliobooks.pl\/en\/shop\/edward-s-curtis-the-north-american-indian-the-complete-portfolios-edward-s-curtis-the-north-american-indian-the-complete-portfolios-edward-s-curtis-the-north-american-indian-the-complete-port\/","url":"https:\/\/foliobooks.pl\/en\/shop\/edward-s-curtis-the-north-american-indian-the-complete-portfolios-edward-s-curtis-the-north-american-indian-the-complete-portfolios-edward-s-curtis-the-north-american-indian-the-complete-port\/","name":"Edward S. Curtis. The North American Indian. The Complete Portfolios (Peter Walther) - book \/ album - Folio","isPartOf":{"@id":"https:\/\/foliobooks.pl\/en\/#website"},"primaryImageOfPage":{"@id":"https:\/\/foliobooks.pl\/en\/shop\/edward-s-curtis-the-north-american-indian-the-complete-portfolios-edward-s-curtis-the-north-american-indian-the-complete-portfolios-edward-s-curtis-the-north-american-indian-the-complete-port\/#primaryimage"},"image":{"@id":"https:\/\/foliobooks.pl\/en\/shop\/edward-s-curtis-the-north-american-indian-the-complete-portfolios-edward-s-curtis-the-north-american-indian-the-complete-portfolios-edward-s-curtis-the-north-american-indian-the-complete-port\/#primaryimage"},"thumbnailUrl":"https:\/\/foliobooks.pl\/wp-content\/uploads\/2025\/04\/9783836596732.png","datePublished":"2025-04-23T09:32:54+00:00","description":"Wejd\u017a i kup ksi\u0105\u017ck\u0119 Edward S. Curtis. The North American Indian. The Complete Portfolios autorstwa Peter Walther wydan\u0105 przez TASCHEN (2025-05-19) w formacie (ISBN: 9783836596732). Zapraszamy!","breadcrumb":{"@id":"https:\/\/foliobooks.pl\/en\/shop\/edward-s-curtis-the-north-american-indian-the-complete-portfolios-edward-s-curtis-the-north-american-indian-the-complete-portfolios-edward-s-curtis-the-north-american-indian-the-complete-port\/#breadcrumb"},"inLanguage":"en-US","potentialAction":[{"@type":"ReadAction","target":["https:\/\/foliobooks.pl\/en\/shop\/edward-s-curtis-the-north-american-indian-the-complete-portfolios-edward-s-curtis-the-north-american-indian-the-complete-portfolios-edward-s-curtis-the-north-american-indian-the-complete-port\/"]}]},{"@type":"ImageObject","inLanguage":"en-US","@id":"https:\/\/foliobooks.pl\/en\/shop\/edward-s-curtis-the-north-american-indian-the-complete-portfolios-edward-s-curtis-the-north-american-indian-the-complete-portfolios-edward-s-curtis-the-north-american-indian-the-complete-port\/#primaryimage","url":"https:\/\/foliobooks.pl\/wp-content\/uploads\/2025\/04\/9783836596732.png","contentUrl":"https:\/\/foliobooks.pl\/wp-content\/uploads\/2025\/04\/9783836596732.png","width":570,"height":708},{"@type":"BreadcrumbList","@id":"https:\/\/foliobooks.pl\/en\/shop\/edward-s-curtis-the-north-american-indian-the-complete-portfolios-edward-s-curtis-the-north-american-indian-the-complete-portfolios-edward-s-curtis-the-north-american-indian-the-complete-port\/#breadcrumb","itemListElement":[{"@type":"ListItem","position":1,"name":"Strona g\u0142\u00f3wna","item":"https:\/\/foliobooks.pl\/en\/"},{"@type":"ListItem","position":2,"name":"Shop","item":"https:\/\/foliobooks.pl\/en\/shop\/"},{"@type":"ListItem","position":3,"name":"Edward S. Curtis. The North American Indian. The Complete Portfolios"}]},{"@type":"WebSite","@id":"https:\/\/foliobooks.pl\/en\/#website","url":"https:\/\/foliobooks.pl\/en\/","name":"Folio","description":"Ksi\u0119garnia internetowa","potentialAction":[{"@type":"SearchAction","target":{"@type":"EntryPoint","urlTemplate":"https:\/\/foliobooks.pl\/en\/?s={search_term_string}"},"query-input":{"@type":"PropertyValueSpecification","valueRequired":true,"valueName":"search_term_string"}}],"inLanguage":"en-US"}]}},"_links":{"self":[{"href":"https:\/\/foliobooks.pl\/en\/wp-json\/wp\/v2\/product\/106172","targetHints":{"allow":["GET"]}}],"collection":[{"href":"https:\/\/foliobooks.pl\/en\/wp-json\/wp\/v2\/product"}],"about":[{"href":"https:\/\/foliobooks.pl\/en\/wp-json\/wp\/v2\/types\/product"}],"replies":[{"embeddable":true,"href":"https:\/\/foliobooks.pl\/en\/wp-json\/wp\/v2\/comments?post=106172"}],"wp:featuredmedia":[{"embeddable":true,"href":"https:\/\/foliobooks.pl\/en\/wp-json\/wp\/v2\/media\/106157"}],"wp:attachment":[{"href":"https:\/\/foliobooks.pl\/en\/wp-json\/wp\/v2\/media?parent=106172"}],"wp:term":[{"taxonomy":"product_brand","embeddable":true,"href":"https:\/\/foliobooks.pl\/en\/wp-json\/wp\/v2\/product_brand?post=106172"},{"taxonomy":"product_cat","embeddable":true,"href":"https:\/\/foliobooks.pl\/en\/wp-json\/wp\/v2\/product_cat?post=106172"},{"taxonomy":"product_tag","embeddable":true,"href":"https:\/\/foliobooks.pl\/en\/wp-json\/wp\/v2\/product_tag?post=106172"}],"curies":[{"name":"wp","href":"https:\/\/api.w.org\/{rel}","templated":true}]}}