{"id":106117,"date":"2025-04-23T10:54:32","date_gmt":"2025-04-23T08:54:32","guid":{"rendered":"https:\/\/foliobooks.pl\/sklep\/ai-weiwei-40th-ed\/"},"modified":"2025-04-23T10:54:32","modified_gmt":"2025-04-23T08:54:32","slug":"ai-weiwei-40th-ed","status":"publish","type":"product","link":"https:\/\/foliobooks.pl\/en\/shop\/ai-weiwei-40th-ed\/","title":{"rendered":"Ai Weiwei. 40th Ed."},"content":{"rendered":"<p class=\"read-more__title\">Life of Ai<\/p>\n<div class=\"read-more__description\">\n<p class=\"read-more__description--subtitle\">The definitive monograph on Ai Weiwei<\/p>\n<div class=\"read-more__description--content\">As his personal circumstances move in constant flux,\u00a0Ai Weiwei\u00a0remains a cultural magnet. Renowned for his political activism and social media activity almost as much as for his social interventions, contemporary approach to the readymade, and knowledge of Chinese traditional crafts,\u00a0<strong>Ai\u2019s fame extends throughout and beyond the art world<\/strong>.<\/p>\n<p>Drawn from TASCHEN\u2019s limited Collector\u2019s Edition, this monograph explores each of Ai\u2019s career phases up until his release from Chinese custody. It features extensive visual material to trace Ai\u2019s development from his early New York days right through to his recent practice. Focus moments include his international breakthrough in the early 2000s, his porcelain\u00a0<strong><em>Sunflower Seeds<\/em>\u00a0at the Turbine Hall of the Tate Modern,\u00a0<\/strong>his response to the Sichuan earthquake of 2008, and his\u00a0<strong>police detention in 2011<\/strong>. With behind-the-scenes studio pictures, production shots, and numerous statements derived from exclusive interviews with Ai, we gain\u00a0<strong>privileged access to the artist\u2019s process, influences, and importance<\/strong>.<\/p>\n<p>The book includes texts from\u00a0<strong>Uli Sigg<\/strong>, Ai\u2019s longtime friend and former Swiss ambassador to China and\u00a0<strong>Roger M. Buergel<\/strong>, who curated the 2007 documenta and hosted the artist\u2019s\u00a0<em>Fairytale\u00a0<\/em>piece.<\/div>\n<\/div>\n","protected":false},"excerpt":{"rendered":"<p>Life of Ai The definitive monograph on Ai Weiwei As his personal circumstances move in constant flux,\u00a0Ai Weiwei\u00a0remains a cultural magnet. Renowned for his political activism and social media activity almost as much as for his social interventions, contemporary approach to the readymade, and knowledge of Chinese traditional crafts,\u00a0Ai\u2019s fame extends throughout and beyond the&#8230;<\/p>\n","protected":false},"featured_media":106100,"comment_status":"closed","ping_status":"closed","template":"","meta":[],"product_brand":[],"product_cat":[4522,13533],"product_tag":[9083,1548],"class_list":{"0":"post-106117","1":"product","2":"type-product","3":"status-publish","4":"has-post-thumbnail","6":"product_cat-art-en","7":"product_cat-books","8":"product_tag-art-en","9":"product_tag-craft","10":"pa_author_att-hans-werner-holzwarth-en","11":"pa_cover-hardcover","12":"pa_format-156-x-217-cm-en","13":"pa_isbn-9783836581950-en","14":"pa_language-eng-f-ger","15":"pa_pages-512-en","16":"pa_published-2022-11-15-en","17":"pa_publisher-taschen-en-en","19":"first","20":"instock","21":"sold-individually","22":"shipping-taxable","23":"purchasable","24":"product-type-simple"},"yoast_head":"<!-- This site is optimized with the Yoast SEO plugin v27.6 - https:\/\/yoast.com\/product\/yoast-seo-wordpress\/ -->\n<title>Ai Weiwei. 40th Ed. (Hans Werner Holzwarth) - book \/ album - Folio<\/title>\n<meta name=\"description\" content=\"Wejd\u017a i kup ksi\u0105\u017ck\u0119 Ai Weiwei. 40th Ed. autorstwa Hans Werner Holzwarth wydan\u0105 przez TASCHEN (2022-11-15) w formacie 15,6 x 21,7 cm (ISBN: 9783836581950). Zapraszamy!\" \/>\n<meta name=\"robots\" content=\"index, follow, max-snippet:-1, max-image-preview:large, max-video-preview:-1\" \/>\n<link rel=\"canonical\" href=\"https:\/\/foliobooks.pl\/en\/shop\/ai-weiwei-40th-ed\/\" \/>\n<meta property=\"og:locale\" content=\"en_US\" \/>\n<meta property=\"og:type\" content=\"article\" \/>\n<meta property=\"og:title\" content=\"Ai Weiwei. 40th Ed. (Hans Werner Holzwarth) - book \/ album - Folio\" \/>\n<meta property=\"og:description\" content=\"Wejd\u017a i kup ksi\u0105\u017ck\u0119 Ai Weiwei. 40th Ed. autorstwa Hans Werner Holzwarth wydan\u0105 przez TASCHEN (2022-11-15) w formacie 15,6 x 21,7 cm (ISBN: 9783836581950). Zapraszamy!\" \/>\n<meta property=\"og:url\" content=\"https:\/\/foliobooks.pl\/en\/shop\/ai-weiwei-40th-ed\/\" \/>\n<meta property=\"og:site_name\" content=\"Folio\" \/>\n<meta property=\"og:image\" content=\"https:\/\/foliobooks.pl\/wp-content\/uploads\/2025\/04\/9783836581950.png\" \/>\n\t<meta property=\"og:image:width\" content=\"570\" \/>\n\t<meta property=\"og:image:height\" content=\"708\" \/>\n\t<meta property=\"og:image:type\" content=\"image\/png\" \/>\n<meta name=\"twitter:card\" content=\"summary_large_image\" \/>\n<meta name=\"twitter:label1\" content=\"Est. reading time\" \/>\n\t<meta name=\"twitter:data1\" content=\"2 minutes\" \/>\n<script type=\"application\/ld+json\" class=\"yoast-schema-graph\">{\"@context\":\"https:\\\/\\\/schema.org\",\"@graph\":[{\"@type\":\"WebPage\",\"@id\":\"https:\\\/\\\/foliobooks.pl\\\/en\\\/shop\\\/ai-weiwei-40th-ed\\\/\",\"url\":\"https:\\\/\\\/foliobooks.pl\\\/en\\\/shop\\\/ai-weiwei-40th-ed\\\/\",\"name\":\"Ai Weiwei. 40th Ed. (Hans Werner Holzwarth) - book \\\/ album - Folio\",\"isPartOf\":{\"@id\":\"https:\\\/\\\/foliobooks.pl\\\/en\\\/#website\"},\"primaryImageOfPage\":{\"@id\":\"https:\\\/\\\/foliobooks.pl\\\/en\\\/shop\\\/ai-weiwei-40th-ed\\\/#primaryimage\"},\"image\":{\"@id\":\"https:\\\/\\\/foliobooks.pl\\\/en\\\/shop\\\/ai-weiwei-40th-ed\\\/#primaryimage\"},\"thumbnailUrl\":\"https:\\\/\\\/foliobooks.pl\\\/wp-content\\\/uploads\\\/2025\\\/04\\\/9783836581950.png\",\"datePublished\":\"2025-04-23T08:54:32+00:00\",\"description\":\"Wejd\u017a i kup ksi\u0105\u017ck\u0119 Ai Weiwei. 40th Ed. autorstwa Hans Werner Holzwarth wydan\u0105 przez TASCHEN (2022-11-15) w formacie 15,6 x 21,7 cm (ISBN: 9783836581950). Zapraszamy!\",\"breadcrumb\":{\"@id\":\"https:\\\/\\\/foliobooks.pl\\\/en\\\/shop\\\/ai-weiwei-40th-ed\\\/#breadcrumb\"},\"inLanguage\":\"en-US\",\"potentialAction\":[{\"@type\":\"ReadAction\",\"target\":[\"https:\\\/\\\/foliobooks.pl\\\/en\\\/shop\\\/ai-weiwei-40th-ed\\\/\"]}]},{\"@type\":\"ImageObject\",\"inLanguage\":\"en-US\",\"@id\":\"https:\\\/\\\/foliobooks.pl\\\/en\\\/shop\\\/ai-weiwei-40th-ed\\\/#primaryimage\",\"url\":\"https:\\\/\\\/foliobooks.pl\\\/wp-content\\\/uploads\\\/2025\\\/04\\\/9783836581950.png\",\"contentUrl\":\"https:\\\/\\\/foliobooks.pl\\\/wp-content\\\/uploads\\\/2025\\\/04\\\/9783836581950.png\",\"width\":570,\"height\":708},{\"@type\":\"BreadcrumbList\",\"@id\":\"https:\\\/\\\/foliobooks.pl\\\/en\\\/shop\\\/ai-weiwei-40th-ed\\\/#breadcrumb\",\"itemListElement\":[{\"@type\":\"ListItem\",\"position\":1,\"name\":\"Strona g\u0142\u00f3wna\",\"item\":\"https:\\\/\\\/foliobooks.pl\\\/en\\\/\"},{\"@type\":\"ListItem\",\"position\":2,\"name\":\"Shop\",\"item\":\"https:\\\/\\\/foliobooks.pl\\\/en\\\/shop\\\/\"},{\"@type\":\"ListItem\",\"position\":3,\"name\":\"Ai Weiwei. 40th Ed.\"}]},{\"@type\":\"WebSite\",\"@id\":\"https:\\\/\\\/foliobooks.pl\\\/en\\\/#website\",\"url\":\"https:\\\/\\\/foliobooks.pl\\\/en\\\/\",\"name\":\"Folio\",\"description\":\"Ksi\u0119garnia internetowa\",\"potentialAction\":[{\"@type\":\"SearchAction\",\"target\":{\"@type\":\"EntryPoint\",\"urlTemplate\":\"https:\\\/\\\/foliobooks.pl\\\/en\\\/?s={search_term_string}\"},\"query-input\":{\"@type\":\"PropertyValueSpecification\",\"valueRequired\":true,\"valueName\":\"search_term_string\"}}],\"inLanguage\":\"en-US\"}]}<\/script>\n<!-- \/ Yoast SEO plugin. -->","yoast_head_json":{"title":"Ai Weiwei. 40th Ed. (Hans Werner Holzwarth) - book \/ album - Folio","description":"Wejd\u017a i kup ksi\u0105\u017ck\u0119 Ai Weiwei. 40th Ed. autorstwa Hans Werner Holzwarth wydan\u0105 przez TASCHEN (2022-11-15) w formacie 15,6 x 21,7 cm (ISBN: 9783836581950). Zapraszamy!","robots":{"index":"index","follow":"follow","max-snippet":"max-snippet:-1","max-image-preview":"max-image-preview:large","max-video-preview":"max-video-preview:-1"},"canonical":"https:\/\/foliobooks.pl\/en\/shop\/ai-weiwei-40th-ed\/","og_locale":"en_US","og_type":"article","og_title":"Ai Weiwei. 40th Ed. (Hans Werner Holzwarth) - book \/ album - Folio","og_description":"Wejd\u017a i kup ksi\u0105\u017ck\u0119 Ai Weiwei. 40th Ed. autorstwa Hans Werner Holzwarth wydan\u0105 przez TASCHEN (2022-11-15) w formacie 15,6 x 21,7 cm (ISBN: 9783836581950). Zapraszamy!","og_url":"https:\/\/foliobooks.pl\/en\/shop\/ai-weiwei-40th-ed\/","og_site_name":"Folio","og_image":[{"width":570,"height":708,"url":"https:\/\/foliobooks.pl\/wp-content\/uploads\/2025\/04\/9783836581950.png","type":"image\/png"}],"twitter_card":"summary_large_image","twitter_misc":{"Est. reading time":"2 minutes"},"schema":{"@context":"https:\/\/schema.org","@graph":[{"@type":"WebPage","@id":"https:\/\/foliobooks.pl\/en\/shop\/ai-weiwei-40th-ed\/","url":"https:\/\/foliobooks.pl\/en\/shop\/ai-weiwei-40th-ed\/","name":"Ai Weiwei. 40th Ed. (Hans Werner Holzwarth) - book \/ album - Folio","isPartOf":{"@id":"https:\/\/foliobooks.pl\/en\/#website"},"primaryImageOfPage":{"@id":"https:\/\/foliobooks.pl\/en\/shop\/ai-weiwei-40th-ed\/#primaryimage"},"image":{"@id":"https:\/\/foliobooks.pl\/en\/shop\/ai-weiwei-40th-ed\/#primaryimage"},"thumbnailUrl":"https:\/\/foliobooks.pl\/wp-content\/uploads\/2025\/04\/9783836581950.png","datePublished":"2025-04-23T08:54:32+00:00","description":"Wejd\u017a i kup ksi\u0105\u017ck\u0119 Ai Weiwei. 40th Ed. autorstwa Hans Werner Holzwarth wydan\u0105 przez TASCHEN (2022-11-15) w formacie 15,6 x 21,7 cm (ISBN: 9783836581950). Zapraszamy!","breadcrumb":{"@id":"https:\/\/foliobooks.pl\/en\/shop\/ai-weiwei-40th-ed\/#breadcrumb"},"inLanguage":"en-US","potentialAction":[{"@type":"ReadAction","target":["https:\/\/foliobooks.pl\/en\/shop\/ai-weiwei-40th-ed\/"]}]},{"@type":"ImageObject","inLanguage":"en-US","@id":"https:\/\/foliobooks.pl\/en\/shop\/ai-weiwei-40th-ed\/#primaryimage","url":"https:\/\/foliobooks.pl\/wp-content\/uploads\/2025\/04\/9783836581950.png","contentUrl":"https:\/\/foliobooks.pl\/wp-content\/uploads\/2025\/04\/9783836581950.png","width":570,"height":708},{"@type":"BreadcrumbList","@id":"https:\/\/foliobooks.pl\/en\/shop\/ai-weiwei-40th-ed\/#breadcrumb","itemListElement":[{"@type":"ListItem","position":1,"name":"Strona g\u0142\u00f3wna","item":"https:\/\/foliobooks.pl\/en\/"},{"@type":"ListItem","position":2,"name":"Shop","item":"https:\/\/foliobooks.pl\/en\/shop\/"},{"@type":"ListItem","position":3,"name":"Ai Weiwei. 40th Ed."}]},{"@type":"WebSite","@id":"https:\/\/foliobooks.pl\/en\/#website","url":"https:\/\/foliobooks.pl\/en\/","name":"Folio","description":"Ksi\u0119garnia internetowa","potentialAction":[{"@type":"SearchAction","target":{"@type":"EntryPoint","urlTemplate":"https:\/\/foliobooks.pl\/en\/?s={search_term_string}"},"query-input":{"@type":"PropertyValueSpecification","valueRequired":true,"valueName":"search_term_string"}}],"inLanguage":"en-US"}]}},"_links":{"self":[{"href":"https:\/\/foliobooks.pl\/en\/wp-json\/wp\/v2\/product\/106117","targetHints":{"allow":["GET"]}}],"collection":[{"href":"https:\/\/foliobooks.pl\/en\/wp-json\/wp\/v2\/product"}],"about":[{"href":"https:\/\/foliobooks.pl\/en\/wp-json\/wp\/v2\/types\/product"}],"replies":[{"embeddable":true,"href":"https:\/\/foliobooks.pl\/en\/wp-json\/wp\/v2\/comments?post=106117"}],"wp:featuredmedia":[{"embeddable":true,"href":"https:\/\/foliobooks.pl\/en\/wp-json\/wp\/v2\/media\/106100"}],"wp:attachment":[{"href":"https:\/\/foliobooks.pl\/en\/wp-json\/wp\/v2\/media?parent=106117"}],"wp:term":[{"taxonomy":"product_brand","embeddable":true,"href":"https:\/\/foliobooks.pl\/en\/wp-json\/wp\/v2\/product_brand?post=106117"},{"taxonomy":"product_cat","embeddable":true,"href":"https:\/\/foliobooks.pl\/en\/wp-json\/wp\/v2\/product_cat?post=106117"},{"taxonomy":"product_tag","embeddable":true,"href":"https:\/\/foliobooks.pl\/en\/wp-json\/wp\/v2\/product_tag?post=106117"}],"curies":[{"name":"wp","href":"https:\/\/api.w.org\/{rel}","templated":true}]}}