{"id":106027,"date":"2025-03-25T09:33:51","date_gmt":"2025-03-25T08:33:51","guid":{"rendered":"https:\/\/foliobooks.pl\/sklep\/surrealism-first-and-always\/"},"modified":"2025-03-25T09:33:51","modified_gmt":"2025-03-25T08:33:51","slug":"surrealism-first-and-always","status":"publish","type":"product","link":"https:\/\/foliobooks.pl\/en\/shop\/surrealism-first-and-always\/","title":{"rendered":"Surrealism. First and Always"},"content":{"rendered":"<p>The defining book for the centenary of Surrealism. From September 2024 to January 2025, the Centre Pompidou will celebrate the 100th anniversary of Andr\u00e9 Breton&#8217;s Surrealist Manifesto. For the next two years, their unprecedented Surrealist exhibition will tour the art galleries of the world, accompanied by this special catalog. Perhaps more than any other artistic movement, Surrealism had a cataclysmic effect on the modern mind, changing forever the way we think about experiencing the world. By rejecting the gross linearity that typified several centuries of preceding artworks, the legendary Surrealists &#8211; Magritte, Ernst, Carrington, Dal\u00ed, Tanning and so many others &#8211; reached beyond the fa\u00e7ade of that which is patently visible and found something more. Like the great works that fill its pages, Surrealism: First and Foremost! offers a departure from singletrack thinking, with a multi-directional layout and an uninhibited design. Featuring original essays from leading academics and excerpts from the Surrealist Manifesto itself, this stands among the most essential Surrealist catalogs ever published.<\/p>\n","protected":false},"excerpt":{"rendered":"<p>The defining book for the centenary of Surrealism. From September 2024 to January 2025, the Centre Pompidou will celebrate the 100th anniversary of Andr\u00e9 Breton&#8217;s Surrealist Manifesto. For the next two years, their unprecedented Surrealist exhibition will tour the art galleries of the world, accompanied by this special catalog. Perhaps more than any other artistic&#8230;<\/p>\n","protected":false},"featured_media":106016,"comment_status":"closed","ping_status":"closed","template":"","meta":[],"product_brand":[],"product_cat":[4522,13533],"product_tag":[9083],"class_list":{"0":"post-106027","1":"product","2":"type-product","3":"status-publish","4":"has-post-thumbnail","6":"product_cat-art-en","7":"product_cat-books","8":"product_tag-art-en","9":"pa_cover-hardcover","10":"pa_isbn-9781788842822-en","11":"pa_language-eng","12":"pa_pages-344-en","13":"pa_publisher-acc-art-books-en","15":"first","16":"instock","17":"sold-individually","18":"shipping-taxable","19":"purchasable","20":"product-type-simple"},"yoast_head":"<!-- This site is optimized with the Yoast SEO plugin v27.4 - https:\/\/yoast.com\/product\/yoast-seo-wordpress\/ -->\n<title>Surrealism. First and Always () - book \/ album - Folio<\/title>\n<meta name=\"description\" content=\"Wejd\u017a i kup ksi\u0105\u017ck\u0119 Surrealism. First and Always autorstwa wydan\u0105 przez ACC Art Books () w formacie (ISBN: 9781788842822). Zapraszamy!\" \/>\n<meta name=\"robots\" content=\"index, follow, max-snippet:-1, max-image-preview:large, max-video-preview:-1\" \/>\n<link rel=\"canonical\" href=\"https:\/\/foliobooks.pl\/en\/shop\/surrealism-first-and-always\/\" \/>\n<meta property=\"og:locale\" content=\"en_US\" \/>\n<meta property=\"og:type\" content=\"article\" \/>\n<meta property=\"og:title\" content=\"Surrealism. First and Always () - book \/ album - Folio\" \/>\n<meta property=\"og:description\" content=\"Wejd\u017a i kup ksi\u0105\u017ck\u0119 Surrealism. First and Always autorstwa wydan\u0105 przez ACC Art Books () w formacie (ISBN: 9781788842822). Zapraszamy!\" \/>\n<meta property=\"og:url\" content=\"https:\/\/foliobooks.pl\/en\/shop\/surrealism-first-and-always\/\" \/>\n<meta property=\"og:site_name\" content=\"Folio\" \/>\n<meta property=\"og:image\" content=\"https:\/\/foliobooks.pl\/wp-content\/uploads\/2025\/03\/9781788842822.png\" \/>\n\t<meta property=\"og:image:width\" content=\"570\" \/>\n\t<meta property=\"og:image:height\" content=\"708\" \/>\n\t<meta property=\"og:image:type\" content=\"image\/png\" \/>\n<meta name=\"twitter:card\" content=\"summary_large_image\" \/>\n<meta name=\"twitter:label1\" content=\"Est. reading time\" \/>\n\t<meta name=\"twitter:data1\" content=\"2 minutes\" \/>\n<script type=\"application\/ld+json\" class=\"yoast-schema-graph\">{\"@context\":\"https:\\\/\\\/schema.org\",\"@graph\":[{\"@type\":\"WebPage\",\"@id\":\"https:\\\/\\\/foliobooks.pl\\\/en\\\/shop\\\/surrealism-first-and-always\\\/\",\"url\":\"https:\\\/\\\/foliobooks.pl\\\/en\\\/shop\\\/surrealism-first-and-always\\\/\",\"name\":\"Surrealism. First and Always () - book \\\/ album - Folio\",\"isPartOf\":{\"@id\":\"https:\\\/\\\/foliobooks.pl\\\/en\\\/#website\"},\"primaryImageOfPage\":{\"@id\":\"https:\\\/\\\/foliobooks.pl\\\/en\\\/shop\\\/surrealism-first-and-always\\\/#primaryimage\"},\"image\":{\"@id\":\"https:\\\/\\\/foliobooks.pl\\\/en\\\/shop\\\/surrealism-first-and-always\\\/#primaryimage\"},\"thumbnailUrl\":\"https:\\\/\\\/foliobooks.pl\\\/wp-content\\\/uploads\\\/2025\\\/03\\\/9781788842822.png\",\"datePublished\":\"2025-03-25T08:33:51+00:00\",\"description\":\"Wejd\u017a i kup ksi\u0105\u017ck\u0119 Surrealism. First and Always autorstwa wydan\u0105 przez ACC Art Books () w formacie (ISBN: 9781788842822). Zapraszamy!\",\"breadcrumb\":{\"@id\":\"https:\\\/\\\/foliobooks.pl\\\/en\\\/shop\\\/surrealism-first-and-always\\\/#breadcrumb\"},\"inLanguage\":\"en-US\",\"potentialAction\":[{\"@type\":\"ReadAction\",\"target\":[\"https:\\\/\\\/foliobooks.pl\\\/en\\\/shop\\\/surrealism-first-and-always\\\/\"]}]},{\"@type\":\"ImageObject\",\"inLanguage\":\"en-US\",\"@id\":\"https:\\\/\\\/foliobooks.pl\\\/en\\\/shop\\\/surrealism-first-and-always\\\/#primaryimage\",\"url\":\"https:\\\/\\\/foliobooks.pl\\\/wp-content\\\/uploads\\\/2025\\\/03\\\/9781788842822.png\",\"contentUrl\":\"https:\\\/\\\/foliobooks.pl\\\/wp-content\\\/uploads\\\/2025\\\/03\\\/9781788842822.png\",\"width\":570,\"height\":708},{\"@type\":\"BreadcrumbList\",\"@id\":\"https:\\\/\\\/foliobooks.pl\\\/en\\\/shop\\\/surrealism-first-and-always\\\/#breadcrumb\",\"itemListElement\":[{\"@type\":\"ListItem\",\"position\":1,\"name\":\"Strona g\u0142\u00f3wna\",\"item\":\"https:\\\/\\\/foliobooks.pl\\\/en\\\/\"},{\"@type\":\"ListItem\",\"position\":2,\"name\":\"Shop\",\"item\":\"https:\\\/\\\/foliobooks.pl\\\/en\\\/shop\\\/\"},{\"@type\":\"ListItem\",\"position\":3,\"name\":\"Surrealism. First and Always\"}]},{\"@type\":\"WebSite\",\"@id\":\"https:\\\/\\\/foliobooks.pl\\\/en\\\/#website\",\"url\":\"https:\\\/\\\/foliobooks.pl\\\/en\\\/\",\"name\":\"Folio\",\"description\":\"Ksi\u0119garnia internetowa\",\"potentialAction\":[{\"@type\":\"SearchAction\",\"target\":{\"@type\":\"EntryPoint\",\"urlTemplate\":\"https:\\\/\\\/foliobooks.pl\\\/en\\\/?s={search_term_string}\"},\"query-input\":{\"@type\":\"PropertyValueSpecification\",\"valueRequired\":true,\"valueName\":\"search_term_string\"}}],\"inLanguage\":\"en-US\"}]}<\/script>\n<!-- \/ Yoast SEO plugin. -->","yoast_head_json":{"title":"Surrealism. First and Always () - book \/ album - Folio","description":"Wejd\u017a i kup ksi\u0105\u017ck\u0119 Surrealism. First and Always autorstwa wydan\u0105 przez ACC Art Books () w formacie (ISBN: 9781788842822). Zapraszamy!","robots":{"index":"index","follow":"follow","max-snippet":"max-snippet:-1","max-image-preview":"max-image-preview:large","max-video-preview":"max-video-preview:-1"},"canonical":"https:\/\/foliobooks.pl\/en\/shop\/surrealism-first-and-always\/","og_locale":"en_US","og_type":"article","og_title":"Surrealism. First and Always () - book \/ album - Folio","og_description":"Wejd\u017a i kup ksi\u0105\u017ck\u0119 Surrealism. First and Always autorstwa wydan\u0105 przez ACC Art Books () w formacie (ISBN: 9781788842822). Zapraszamy!","og_url":"https:\/\/foliobooks.pl\/en\/shop\/surrealism-first-and-always\/","og_site_name":"Folio","og_image":[{"width":570,"height":708,"url":"https:\/\/foliobooks.pl\/wp-content\/uploads\/2025\/03\/9781788842822.png","type":"image\/png"}],"twitter_card":"summary_large_image","twitter_misc":{"Est. reading time":"2 minutes"},"schema":{"@context":"https:\/\/schema.org","@graph":[{"@type":"WebPage","@id":"https:\/\/foliobooks.pl\/en\/shop\/surrealism-first-and-always\/","url":"https:\/\/foliobooks.pl\/en\/shop\/surrealism-first-and-always\/","name":"Surrealism. First and Always () - book \/ album - Folio","isPartOf":{"@id":"https:\/\/foliobooks.pl\/en\/#website"},"primaryImageOfPage":{"@id":"https:\/\/foliobooks.pl\/en\/shop\/surrealism-first-and-always\/#primaryimage"},"image":{"@id":"https:\/\/foliobooks.pl\/en\/shop\/surrealism-first-and-always\/#primaryimage"},"thumbnailUrl":"https:\/\/foliobooks.pl\/wp-content\/uploads\/2025\/03\/9781788842822.png","datePublished":"2025-03-25T08:33:51+00:00","description":"Wejd\u017a i kup ksi\u0105\u017ck\u0119 Surrealism. First and Always autorstwa wydan\u0105 przez ACC Art Books () w formacie (ISBN: 9781788842822). Zapraszamy!","breadcrumb":{"@id":"https:\/\/foliobooks.pl\/en\/shop\/surrealism-first-and-always\/#breadcrumb"},"inLanguage":"en-US","potentialAction":[{"@type":"ReadAction","target":["https:\/\/foliobooks.pl\/en\/shop\/surrealism-first-and-always\/"]}]},{"@type":"ImageObject","inLanguage":"en-US","@id":"https:\/\/foliobooks.pl\/en\/shop\/surrealism-first-and-always\/#primaryimage","url":"https:\/\/foliobooks.pl\/wp-content\/uploads\/2025\/03\/9781788842822.png","contentUrl":"https:\/\/foliobooks.pl\/wp-content\/uploads\/2025\/03\/9781788842822.png","width":570,"height":708},{"@type":"BreadcrumbList","@id":"https:\/\/foliobooks.pl\/en\/shop\/surrealism-first-and-always\/#breadcrumb","itemListElement":[{"@type":"ListItem","position":1,"name":"Strona g\u0142\u00f3wna","item":"https:\/\/foliobooks.pl\/en\/"},{"@type":"ListItem","position":2,"name":"Shop","item":"https:\/\/foliobooks.pl\/en\/shop\/"},{"@type":"ListItem","position":3,"name":"Surrealism. First and Always"}]},{"@type":"WebSite","@id":"https:\/\/foliobooks.pl\/en\/#website","url":"https:\/\/foliobooks.pl\/en\/","name":"Folio","description":"Ksi\u0119garnia internetowa","potentialAction":[{"@type":"SearchAction","target":{"@type":"EntryPoint","urlTemplate":"https:\/\/foliobooks.pl\/en\/?s={search_term_string}"},"query-input":{"@type":"PropertyValueSpecification","valueRequired":true,"valueName":"search_term_string"}}],"inLanguage":"en-US"}]}},"_links":{"self":[{"href":"https:\/\/foliobooks.pl\/en\/wp-json\/wp\/v2\/product\/106027","targetHints":{"allow":["GET"]}}],"collection":[{"href":"https:\/\/foliobooks.pl\/en\/wp-json\/wp\/v2\/product"}],"about":[{"href":"https:\/\/foliobooks.pl\/en\/wp-json\/wp\/v2\/types\/product"}],"replies":[{"embeddable":true,"href":"https:\/\/foliobooks.pl\/en\/wp-json\/wp\/v2\/comments?post=106027"}],"wp:featuredmedia":[{"embeddable":true,"href":"https:\/\/foliobooks.pl\/en\/wp-json\/wp\/v2\/media\/106016"}],"wp:attachment":[{"href":"https:\/\/foliobooks.pl\/en\/wp-json\/wp\/v2\/media?parent=106027"}],"wp:term":[{"taxonomy":"product_brand","embeddable":true,"href":"https:\/\/foliobooks.pl\/en\/wp-json\/wp\/v2\/product_brand?post=106027"},{"taxonomy":"product_cat","embeddable":true,"href":"https:\/\/foliobooks.pl\/en\/wp-json\/wp\/v2\/product_cat?post=106027"},{"taxonomy":"product_tag","embeddable":true,"href":"https:\/\/foliobooks.pl\/en\/wp-json\/wp\/v2\/product_tag?post=106027"}],"curies":[{"name":"wp","href":"https:\/\/api.w.org\/{rel}","templated":true}]}}