{"id":106009,"date":"2025-03-25T09:20:45","date_gmt":"2025-03-25T08:20:45","guid":{"rendered":"https:\/\/foliobooks.pl\/sklep\/roy-lichtenstein-a-centennial-exhibition\/"},"modified":"2025-03-25T09:20:45","modified_gmt":"2025-03-25T08:20:45","slug":"roy-lichtenstein-a-centennial-exhibition","status":"publish","type":"product","link":"https:\/\/foliobooks.pl\/en\/shop\/roy-lichtenstein-a-centennial-exhibition\/","title":{"rendered":"Roy Lichtenstein. A Centennial Exhibition"},"content":{"rendered":"<p>This kaleidoscopic exhibition catalog celebrates Lichtenstein\u2019s multifaceted career\u2014from his iconic achievements in the Pop Art movement and beyond.<\/p>\n<p>Published to mark the centennial of Lichtenstein\u2019s birth, this retrospective volume is brimming with brilliant reproductions that highlight the entirety of the artist\u2019s oeuvre. It features the acclaimed works that helped establish 1960s pop art\u2014panels inspired by comic strips and advertising, which send up societal stereotypes. It looks at his pioneering use of painted benday dots and carefully drawn and in-filled brushstrokes, his interiors and landscapes, re-stagings of still lifes, his expansion into sculpture and ceramics, and works that pay homage to famous artists such as Picasso, Monet, and Van Gogh.<br \/>\nThroughout this magnificent catalog readers will come to appreciate not only Lichtenstein\u2019s vibrant and dynamic use of color, line, and texture, but also how his continuing confrontation with the visual language of popular culture and consumerism continues to resonate today.<\/p>\n","protected":false},"excerpt":{"rendered":"<p>This kaleidoscopic exhibition catalog celebrates Lichtenstein\u2019s multifaceted career\u2014from his iconic achievements in the Pop Art movement and beyond. Published to mark the centennial of Lichtenstein\u2019s birth, this retrospective volume is brimming with brilliant reproductions that highlight the entirety of the artist\u2019s oeuvre. It features the acclaimed works that helped establish 1960s pop art\u2014panels inspired by&#8230;<\/p>\n","protected":false},"featured_media":105998,"comment_status":"closed","ping_status":"closed","template":"","meta":[],"product_brand":[],"product_cat":[4522,13533],"product_tag":[9083,1702,2253,154],"class_list":{"0":"post-106009","1":"product","2":"type-product","3":"status-publish","4":"has-post-thumbnail","6":"product_cat-art-en","7":"product_cat-books","8":"product_tag-art-en","9":"product_tag-artists","10":"product_tag-graphics","11":"product_tag-monographs","12":"pa_author_att-klaus-albrecht-schroder-en","13":"pa_cover-hardcover","14":"pa_format-25-x-308-cm-en","15":"pa_isbn-9783791377414-en","16":"pa_language-eng","17":"pa_pages-240-en","18":"pa_published-2024-06-04-en","19":"pa_publisher-prestel-en","21":"first","22":"instock","23":"sold-individually","24":"shipping-taxable","25":"purchasable","26":"product-type-simple"},"yoast_head":"<!-- This site is optimized with the Yoast SEO plugin v27.5 - https:\/\/yoast.com\/product\/yoast-seo-wordpress\/ -->\n<title>Roy Lichtenstein. A Centennial Exhibition (Klaus Albrecht Schr\u00f6der) - book \/ album - Folio<\/title>\n<meta name=\"description\" content=\"Wejd\u017a i kup ksi\u0105\u017ck\u0119 Roy Lichtenstein. A Centennial Exhibition autorstwa Klaus Albrecht Schr\u00f6der wydan\u0105 przez PRESTEL (2024-06-04) w formacie 25 x 30,8 cm (ISBN: 9783791377414). Zapraszamy!\" \/>\n<meta name=\"robots\" content=\"index, follow, max-snippet:-1, max-image-preview:large, max-video-preview:-1\" \/>\n<link rel=\"canonical\" href=\"https:\/\/foliobooks.pl\/en\/shop\/roy-lichtenstein-a-centennial-exhibition\/\" \/>\n<meta property=\"og:locale\" content=\"en_US\" \/>\n<meta property=\"og:type\" content=\"article\" \/>\n<meta property=\"og:title\" content=\"Roy Lichtenstein. A Centennial Exhibition (Klaus Albrecht Schr\u00f6der) - book \/ album - Folio\" \/>\n<meta property=\"og:description\" content=\"Wejd\u017a i kup ksi\u0105\u017ck\u0119 Roy Lichtenstein. A Centennial Exhibition autorstwa Klaus Albrecht Schr\u00f6der wydan\u0105 przez PRESTEL (2024-06-04) w formacie 25 x 30,8 cm (ISBN: 9783791377414). Zapraszamy!\" \/>\n<meta property=\"og:url\" content=\"https:\/\/foliobooks.pl\/en\/shop\/roy-lichtenstein-a-centennial-exhibition\/\" \/>\n<meta property=\"og:site_name\" content=\"Folio\" \/>\n<meta property=\"og:image\" content=\"https:\/\/foliobooks.pl\/wp-content\/uploads\/2025\/03\/9783791377414.png\" \/>\n\t<meta property=\"og:image:width\" content=\"570\" \/>\n\t<meta property=\"og:image:height\" content=\"708\" \/>\n\t<meta property=\"og:image:type\" content=\"image\/png\" \/>\n<meta name=\"twitter:card\" content=\"summary_large_image\" \/>\n<meta name=\"twitter:label1\" content=\"Est. reading time\" \/>\n\t<meta name=\"twitter:data1\" content=\"2 minutes\" \/>\n<script type=\"application\/ld+json\" class=\"yoast-schema-graph\">{\"@context\":\"https:\\\/\\\/schema.org\",\"@graph\":[{\"@type\":\"WebPage\",\"@id\":\"https:\\\/\\\/foliobooks.pl\\\/en\\\/shop\\\/roy-lichtenstein-a-centennial-exhibition\\\/\",\"url\":\"https:\\\/\\\/foliobooks.pl\\\/en\\\/shop\\\/roy-lichtenstein-a-centennial-exhibition\\\/\",\"name\":\"Roy Lichtenstein. A Centennial Exhibition (Klaus Albrecht Schr\u00f6der) - book \\\/ album - Folio\",\"isPartOf\":{\"@id\":\"https:\\\/\\\/foliobooks.pl\\\/en\\\/#website\"},\"primaryImageOfPage\":{\"@id\":\"https:\\\/\\\/foliobooks.pl\\\/en\\\/shop\\\/roy-lichtenstein-a-centennial-exhibition\\\/#primaryimage\"},\"image\":{\"@id\":\"https:\\\/\\\/foliobooks.pl\\\/en\\\/shop\\\/roy-lichtenstein-a-centennial-exhibition\\\/#primaryimage\"},\"thumbnailUrl\":\"https:\\\/\\\/foliobooks.pl\\\/wp-content\\\/uploads\\\/2025\\\/03\\\/9783791377414.png\",\"datePublished\":\"2025-03-25T08:20:45+00:00\",\"description\":\"Wejd\u017a i kup ksi\u0105\u017ck\u0119 Roy Lichtenstein. A Centennial Exhibition autorstwa Klaus Albrecht Schr\u00f6der wydan\u0105 przez PRESTEL (2024-06-04) w formacie 25 x 30,8 cm (ISBN: 9783791377414). Zapraszamy!\",\"breadcrumb\":{\"@id\":\"https:\\\/\\\/foliobooks.pl\\\/en\\\/shop\\\/roy-lichtenstein-a-centennial-exhibition\\\/#breadcrumb\"},\"inLanguage\":\"en-US\",\"potentialAction\":[{\"@type\":\"ReadAction\",\"target\":[\"https:\\\/\\\/foliobooks.pl\\\/en\\\/shop\\\/roy-lichtenstein-a-centennial-exhibition\\\/\"]}]},{\"@type\":\"ImageObject\",\"inLanguage\":\"en-US\",\"@id\":\"https:\\\/\\\/foliobooks.pl\\\/en\\\/shop\\\/roy-lichtenstein-a-centennial-exhibition\\\/#primaryimage\",\"url\":\"https:\\\/\\\/foliobooks.pl\\\/wp-content\\\/uploads\\\/2025\\\/03\\\/9783791377414.png\",\"contentUrl\":\"https:\\\/\\\/foliobooks.pl\\\/wp-content\\\/uploads\\\/2025\\\/03\\\/9783791377414.png\",\"width\":570,\"height\":708},{\"@type\":\"BreadcrumbList\",\"@id\":\"https:\\\/\\\/foliobooks.pl\\\/en\\\/shop\\\/roy-lichtenstein-a-centennial-exhibition\\\/#breadcrumb\",\"itemListElement\":[{\"@type\":\"ListItem\",\"position\":1,\"name\":\"Strona g\u0142\u00f3wna\",\"item\":\"https:\\\/\\\/foliobooks.pl\\\/en\\\/\"},{\"@type\":\"ListItem\",\"position\":2,\"name\":\"Shop\",\"item\":\"https:\\\/\\\/foliobooks.pl\\\/en\\\/shop\\\/\"},{\"@type\":\"ListItem\",\"position\":3,\"name\":\"Roy Lichtenstein. A Centennial Exhibition\"}]},{\"@type\":\"WebSite\",\"@id\":\"https:\\\/\\\/foliobooks.pl\\\/en\\\/#website\",\"url\":\"https:\\\/\\\/foliobooks.pl\\\/en\\\/\",\"name\":\"Folio\",\"description\":\"Ksi\u0119garnia internetowa\",\"potentialAction\":[{\"@type\":\"SearchAction\",\"target\":{\"@type\":\"EntryPoint\",\"urlTemplate\":\"https:\\\/\\\/foliobooks.pl\\\/en\\\/?s={search_term_string}\"},\"query-input\":{\"@type\":\"PropertyValueSpecification\",\"valueRequired\":true,\"valueName\":\"search_term_string\"}}],\"inLanguage\":\"en-US\"}]}<\/script>\n<!-- \/ Yoast SEO plugin. -->","yoast_head_json":{"title":"Roy Lichtenstein. A Centennial Exhibition (Klaus Albrecht Schr\u00f6der) - book \/ album - Folio","description":"Wejd\u017a i kup ksi\u0105\u017ck\u0119 Roy Lichtenstein. A Centennial Exhibition autorstwa Klaus Albrecht Schr\u00f6der wydan\u0105 przez PRESTEL (2024-06-04) w formacie 25 x 30,8 cm (ISBN: 9783791377414). Zapraszamy!","robots":{"index":"index","follow":"follow","max-snippet":"max-snippet:-1","max-image-preview":"max-image-preview:large","max-video-preview":"max-video-preview:-1"},"canonical":"https:\/\/foliobooks.pl\/en\/shop\/roy-lichtenstein-a-centennial-exhibition\/","og_locale":"en_US","og_type":"article","og_title":"Roy Lichtenstein. A Centennial Exhibition (Klaus Albrecht Schr\u00f6der) - book \/ album - Folio","og_description":"Wejd\u017a i kup ksi\u0105\u017ck\u0119 Roy Lichtenstein. A Centennial Exhibition autorstwa Klaus Albrecht Schr\u00f6der wydan\u0105 przez PRESTEL (2024-06-04) w formacie 25 x 30,8 cm (ISBN: 9783791377414). Zapraszamy!","og_url":"https:\/\/foliobooks.pl\/en\/shop\/roy-lichtenstein-a-centennial-exhibition\/","og_site_name":"Folio","og_image":[{"width":570,"height":708,"url":"https:\/\/foliobooks.pl\/wp-content\/uploads\/2025\/03\/9783791377414.png","type":"image\/png"}],"twitter_card":"summary_large_image","twitter_misc":{"Est. reading time":"2 minutes"},"schema":{"@context":"https:\/\/schema.org","@graph":[{"@type":"WebPage","@id":"https:\/\/foliobooks.pl\/en\/shop\/roy-lichtenstein-a-centennial-exhibition\/","url":"https:\/\/foliobooks.pl\/en\/shop\/roy-lichtenstein-a-centennial-exhibition\/","name":"Roy Lichtenstein. A Centennial Exhibition (Klaus Albrecht Schr\u00f6der) - book \/ album - Folio","isPartOf":{"@id":"https:\/\/foliobooks.pl\/en\/#website"},"primaryImageOfPage":{"@id":"https:\/\/foliobooks.pl\/en\/shop\/roy-lichtenstein-a-centennial-exhibition\/#primaryimage"},"image":{"@id":"https:\/\/foliobooks.pl\/en\/shop\/roy-lichtenstein-a-centennial-exhibition\/#primaryimage"},"thumbnailUrl":"https:\/\/foliobooks.pl\/wp-content\/uploads\/2025\/03\/9783791377414.png","datePublished":"2025-03-25T08:20:45+00:00","description":"Wejd\u017a i kup ksi\u0105\u017ck\u0119 Roy Lichtenstein. A Centennial Exhibition autorstwa Klaus Albrecht Schr\u00f6der wydan\u0105 przez PRESTEL (2024-06-04) w formacie 25 x 30,8 cm (ISBN: 9783791377414). Zapraszamy!","breadcrumb":{"@id":"https:\/\/foliobooks.pl\/en\/shop\/roy-lichtenstein-a-centennial-exhibition\/#breadcrumb"},"inLanguage":"en-US","potentialAction":[{"@type":"ReadAction","target":["https:\/\/foliobooks.pl\/en\/shop\/roy-lichtenstein-a-centennial-exhibition\/"]}]},{"@type":"ImageObject","inLanguage":"en-US","@id":"https:\/\/foliobooks.pl\/en\/shop\/roy-lichtenstein-a-centennial-exhibition\/#primaryimage","url":"https:\/\/foliobooks.pl\/wp-content\/uploads\/2025\/03\/9783791377414.png","contentUrl":"https:\/\/foliobooks.pl\/wp-content\/uploads\/2025\/03\/9783791377414.png","width":570,"height":708},{"@type":"BreadcrumbList","@id":"https:\/\/foliobooks.pl\/en\/shop\/roy-lichtenstein-a-centennial-exhibition\/#breadcrumb","itemListElement":[{"@type":"ListItem","position":1,"name":"Strona g\u0142\u00f3wna","item":"https:\/\/foliobooks.pl\/en\/"},{"@type":"ListItem","position":2,"name":"Shop","item":"https:\/\/foliobooks.pl\/en\/shop\/"},{"@type":"ListItem","position":3,"name":"Roy Lichtenstein. A Centennial Exhibition"}]},{"@type":"WebSite","@id":"https:\/\/foliobooks.pl\/en\/#website","url":"https:\/\/foliobooks.pl\/en\/","name":"Folio","description":"Ksi\u0119garnia internetowa","potentialAction":[{"@type":"SearchAction","target":{"@type":"EntryPoint","urlTemplate":"https:\/\/foliobooks.pl\/en\/?s={search_term_string}"},"query-input":{"@type":"PropertyValueSpecification","valueRequired":true,"valueName":"search_term_string"}}],"inLanguage":"en-US"}]}},"_links":{"self":[{"href":"https:\/\/foliobooks.pl\/en\/wp-json\/wp\/v2\/product\/106009","targetHints":{"allow":["GET"]}}],"collection":[{"href":"https:\/\/foliobooks.pl\/en\/wp-json\/wp\/v2\/product"}],"about":[{"href":"https:\/\/foliobooks.pl\/en\/wp-json\/wp\/v2\/types\/product"}],"replies":[{"embeddable":true,"href":"https:\/\/foliobooks.pl\/en\/wp-json\/wp\/v2\/comments?post=106009"}],"wp:featuredmedia":[{"embeddable":true,"href":"https:\/\/foliobooks.pl\/en\/wp-json\/wp\/v2\/media\/105998"}],"wp:attachment":[{"href":"https:\/\/foliobooks.pl\/en\/wp-json\/wp\/v2\/media?parent=106009"}],"wp:term":[{"taxonomy":"product_brand","embeddable":true,"href":"https:\/\/foliobooks.pl\/en\/wp-json\/wp\/v2\/product_brand?post=106009"},{"taxonomy":"product_cat","embeddable":true,"href":"https:\/\/foliobooks.pl\/en\/wp-json\/wp\/v2\/product_cat?post=106009"},{"taxonomy":"product_tag","embeddable":true,"href":"https:\/\/foliobooks.pl\/en\/wp-json\/wp\/v2\/product_tag?post=106009"}],"curies":[{"name":"wp","href":"https:\/\/api.w.org\/{rel}","templated":true}]}}