{"id":105979,"date":"2025-03-24T14:06:36","date_gmt":"2025-03-24T13:06:36","guid":{"rendered":"https:\/\/foliobooks.pl\/sklep\/the-national-gallery-paintings-people-portraits\/"},"modified":"2025-03-24T14:06:36","modified_gmt":"2025-03-24T13:06:36","slug":"the-national-gallery-paintings-people-portraits","status":"publish","type":"product","link":"https:\/\/foliobooks.pl\/en\/shop\/the-national-gallery-paintings-people-portraits\/","title":{"rendered":"The National Gallery. Paintings, People, Portraits"},"content":{"rendered":"<p>Since it was established in 1824, the National Gallery has become a beacon for London&#8217;s visitors and residents alike. From its inception in John Julius Angerstein&#8217;s home in Mayfair to its current home in Trafalgar Square, it has expanded both its collection and its footprint to become one of the world&#8217;s leading galleries. This book features photographic portraits by David Dawson and Mary McCartney in addition to photography of the Gallery by Massimo Listri. It brings together over 200 of the Gallery&#8217;s paintings, which were made between the 13th and 20th centuries, including memorable masterpieces from both the famous and the forgotten.<\/p>\n<p>These pages tell the history of painting in the Western European tradition through the National Gallery&#8217;s collection. You\u2019ll go on a visual journey through the centuries, with works by Duccio, Van Eyck, Raphael, Titian, Rembrandt, Vig\u00e9e Le Brun, Gainsborough, Morisot, and Matisse, to name just a few. Punctuating this story are contributions by and photographic portraits of 25 cultural figures, such as Frank Auerbach, Alvaro Barrington, Edward Enninful, David Hockney, Kim Jones, Damian Lewis, Sahara Longe, Chris Ofili, Ai Weiwei, Rachel Whiteread, Annabelle Selldorf, and Flora Yukhnovich, among others.<\/p>\n","protected":false},"excerpt":{"rendered":"<p>Since it was established in 1824, the National Gallery has become a beacon for London&#8217;s visitors and residents alike. From its inception in John Julius Angerstein&#8217;s home in Mayfair to its current home in Trafalgar Square, it has expanded both its collection and its footprint to become one of the world&#8217;s leading galleries. This book&#8230;<\/p>\n","protected":false},"featured_media":105966,"comment_status":"closed","ping_status":"closed","template":"","meta":[],"product_brand":[],"product_cat":[4522,13533],"product_tag":[9083,524],"class_list":{"0":"post-105979","1":"product","2":"type-product","3":"status-publish","4":"has-post-thumbnail","6":"product_cat-art-en","7":"product_cat-books","8":"product_tag-art-en","9":"product_tag-painting-en","10":"pa_author_att-annetta-berry-en","11":"pa_cover-hardcover","12":"pa_format-29-x-395-cm-en","13":"pa_isbn-9783836597135-en","14":"pa_language-eng","15":"pa_pages-582-en","16":"pa_published-2024-12-10-en","17":"pa_publisher-taschen-en-en","19":"first","20":"instock","21":"sold-individually","22":"shipping-taxable","23":"purchasable","24":"product-type-simple"},"yoast_head":"<!-- This site is optimized with the Yoast SEO plugin v27.5 - https:\/\/yoast.com\/product\/yoast-seo-wordpress\/ -->\n<title>The National Gallery. Paintings, People, Portraits (Annetta Berry) - book \/ album - Folio<\/title>\n<meta name=\"description\" content=\"Wejd\u017a i kup ksi\u0105\u017ck\u0119 The National Gallery. Paintings, People, Portraits autorstwa Annetta Berry wydan\u0105 przez TASCHEN (2024-12-10) w formacie 29 x 39,5 cm (ISBN: 9783836597135). Zapraszamy!\" \/>\n<meta name=\"robots\" content=\"index, follow, max-snippet:-1, max-image-preview:large, max-video-preview:-1\" \/>\n<link rel=\"canonical\" href=\"https:\/\/foliobooks.pl\/en\/shop\/the-national-gallery-paintings-people-portraits\/\" \/>\n<meta property=\"og:locale\" content=\"en_US\" \/>\n<meta property=\"og:type\" content=\"article\" \/>\n<meta property=\"og:title\" content=\"The National Gallery. Paintings, People, Portraits (Annetta Berry) - book \/ album - Folio\" \/>\n<meta property=\"og:description\" content=\"Wejd\u017a i kup ksi\u0105\u017ck\u0119 The National Gallery. Paintings, People, Portraits autorstwa Annetta Berry wydan\u0105 przez TASCHEN (2024-12-10) w formacie 29 x 39,5 cm (ISBN: 9783836597135). Zapraszamy!\" \/>\n<meta property=\"og:url\" content=\"https:\/\/foliobooks.pl\/en\/shop\/the-national-gallery-paintings-people-portraits\/\" \/>\n<meta property=\"og:site_name\" content=\"Folio\" \/>\n<meta property=\"og:image\" content=\"https:\/\/foliobooks.pl\/wp-content\/uploads\/2025\/03\/9783836597135.png\" \/>\n\t<meta property=\"og:image:width\" content=\"570\" \/>\n\t<meta property=\"og:image:height\" content=\"708\" \/>\n\t<meta property=\"og:image:type\" content=\"image\/png\" \/>\n<meta name=\"twitter:card\" content=\"summary_large_image\" \/>\n<meta name=\"twitter:label1\" content=\"Est. reading time\" \/>\n\t<meta name=\"twitter:data1\" content=\"2 minutes\" \/>\n<script type=\"application\/ld+json\" class=\"yoast-schema-graph\">{\"@context\":\"https:\\\/\\\/schema.org\",\"@graph\":[{\"@type\":\"WebPage\",\"@id\":\"https:\\\/\\\/foliobooks.pl\\\/en\\\/shop\\\/the-national-gallery-paintings-people-portraits\\\/\",\"url\":\"https:\\\/\\\/foliobooks.pl\\\/en\\\/shop\\\/the-national-gallery-paintings-people-portraits\\\/\",\"name\":\"The National Gallery. Paintings, People, Portraits (Annetta Berry) - book \\\/ album - Folio\",\"isPartOf\":{\"@id\":\"https:\\\/\\\/foliobooks.pl\\\/en\\\/#website\"},\"primaryImageOfPage\":{\"@id\":\"https:\\\/\\\/foliobooks.pl\\\/en\\\/shop\\\/the-national-gallery-paintings-people-portraits\\\/#primaryimage\"},\"image\":{\"@id\":\"https:\\\/\\\/foliobooks.pl\\\/en\\\/shop\\\/the-national-gallery-paintings-people-portraits\\\/#primaryimage\"},\"thumbnailUrl\":\"https:\\\/\\\/foliobooks.pl\\\/wp-content\\\/uploads\\\/2025\\\/03\\\/9783836597135.png\",\"datePublished\":\"2025-03-24T13:06:36+00:00\",\"description\":\"Wejd\u017a i kup ksi\u0105\u017ck\u0119 The National Gallery. Paintings, People, Portraits autorstwa Annetta Berry wydan\u0105 przez TASCHEN (2024-12-10) w formacie 29 x 39,5 cm (ISBN: 9783836597135). Zapraszamy!\",\"breadcrumb\":{\"@id\":\"https:\\\/\\\/foliobooks.pl\\\/en\\\/shop\\\/the-national-gallery-paintings-people-portraits\\\/#breadcrumb\"},\"inLanguage\":\"en-US\",\"potentialAction\":[{\"@type\":\"ReadAction\",\"target\":[\"https:\\\/\\\/foliobooks.pl\\\/en\\\/shop\\\/the-national-gallery-paintings-people-portraits\\\/\"]}]},{\"@type\":\"ImageObject\",\"inLanguage\":\"en-US\",\"@id\":\"https:\\\/\\\/foliobooks.pl\\\/en\\\/shop\\\/the-national-gallery-paintings-people-portraits\\\/#primaryimage\",\"url\":\"https:\\\/\\\/foliobooks.pl\\\/wp-content\\\/uploads\\\/2025\\\/03\\\/9783836597135.png\",\"contentUrl\":\"https:\\\/\\\/foliobooks.pl\\\/wp-content\\\/uploads\\\/2025\\\/03\\\/9783836597135.png\",\"width\":570,\"height\":708},{\"@type\":\"BreadcrumbList\",\"@id\":\"https:\\\/\\\/foliobooks.pl\\\/en\\\/shop\\\/the-national-gallery-paintings-people-portraits\\\/#breadcrumb\",\"itemListElement\":[{\"@type\":\"ListItem\",\"position\":1,\"name\":\"Strona g\u0142\u00f3wna\",\"item\":\"https:\\\/\\\/foliobooks.pl\\\/en\\\/\"},{\"@type\":\"ListItem\",\"position\":2,\"name\":\"Shop\",\"item\":\"https:\\\/\\\/foliobooks.pl\\\/en\\\/shop\\\/\"},{\"@type\":\"ListItem\",\"position\":3,\"name\":\"The National Gallery. Paintings, People, Portraits\"}]},{\"@type\":\"WebSite\",\"@id\":\"https:\\\/\\\/foliobooks.pl\\\/en\\\/#website\",\"url\":\"https:\\\/\\\/foliobooks.pl\\\/en\\\/\",\"name\":\"Folio\",\"description\":\"Ksi\u0119garnia internetowa\",\"potentialAction\":[{\"@type\":\"SearchAction\",\"target\":{\"@type\":\"EntryPoint\",\"urlTemplate\":\"https:\\\/\\\/foliobooks.pl\\\/en\\\/?s={search_term_string}\"},\"query-input\":{\"@type\":\"PropertyValueSpecification\",\"valueRequired\":true,\"valueName\":\"search_term_string\"}}],\"inLanguage\":\"en-US\"}]}<\/script>\n<!-- \/ Yoast SEO plugin. -->","yoast_head_json":{"title":"The National Gallery. Paintings, People, Portraits (Annetta Berry) - book \/ album - Folio","description":"Wejd\u017a i kup ksi\u0105\u017ck\u0119 The National Gallery. Paintings, People, Portraits autorstwa Annetta Berry wydan\u0105 przez TASCHEN (2024-12-10) w formacie 29 x 39,5 cm (ISBN: 9783836597135). Zapraszamy!","robots":{"index":"index","follow":"follow","max-snippet":"max-snippet:-1","max-image-preview":"max-image-preview:large","max-video-preview":"max-video-preview:-1"},"canonical":"https:\/\/foliobooks.pl\/en\/shop\/the-national-gallery-paintings-people-portraits\/","og_locale":"en_US","og_type":"article","og_title":"The National Gallery. Paintings, People, Portraits (Annetta Berry) - book \/ album - Folio","og_description":"Wejd\u017a i kup ksi\u0105\u017ck\u0119 The National Gallery. Paintings, People, Portraits autorstwa Annetta Berry wydan\u0105 przez TASCHEN (2024-12-10) w formacie 29 x 39,5 cm (ISBN: 9783836597135). Zapraszamy!","og_url":"https:\/\/foliobooks.pl\/en\/shop\/the-national-gallery-paintings-people-portraits\/","og_site_name":"Folio","og_image":[{"width":570,"height":708,"url":"https:\/\/foliobooks.pl\/wp-content\/uploads\/2025\/03\/9783836597135.png","type":"image\/png"}],"twitter_card":"summary_large_image","twitter_misc":{"Est. reading time":"2 minutes"},"schema":{"@context":"https:\/\/schema.org","@graph":[{"@type":"WebPage","@id":"https:\/\/foliobooks.pl\/en\/shop\/the-national-gallery-paintings-people-portraits\/","url":"https:\/\/foliobooks.pl\/en\/shop\/the-national-gallery-paintings-people-portraits\/","name":"The National Gallery. Paintings, People, Portraits (Annetta Berry) - book \/ album - Folio","isPartOf":{"@id":"https:\/\/foliobooks.pl\/en\/#website"},"primaryImageOfPage":{"@id":"https:\/\/foliobooks.pl\/en\/shop\/the-national-gallery-paintings-people-portraits\/#primaryimage"},"image":{"@id":"https:\/\/foliobooks.pl\/en\/shop\/the-national-gallery-paintings-people-portraits\/#primaryimage"},"thumbnailUrl":"https:\/\/foliobooks.pl\/wp-content\/uploads\/2025\/03\/9783836597135.png","datePublished":"2025-03-24T13:06:36+00:00","description":"Wejd\u017a i kup ksi\u0105\u017ck\u0119 The National Gallery. Paintings, People, Portraits autorstwa Annetta Berry wydan\u0105 przez TASCHEN (2024-12-10) w formacie 29 x 39,5 cm (ISBN: 9783836597135). Zapraszamy!","breadcrumb":{"@id":"https:\/\/foliobooks.pl\/en\/shop\/the-national-gallery-paintings-people-portraits\/#breadcrumb"},"inLanguage":"en-US","potentialAction":[{"@type":"ReadAction","target":["https:\/\/foliobooks.pl\/en\/shop\/the-national-gallery-paintings-people-portraits\/"]}]},{"@type":"ImageObject","inLanguage":"en-US","@id":"https:\/\/foliobooks.pl\/en\/shop\/the-national-gallery-paintings-people-portraits\/#primaryimage","url":"https:\/\/foliobooks.pl\/wp-content\/uploads\/2025\/03\/9783836597135.png","contentUrl":"https:\/\/foliobooks.pl\/wp-content\/uploads\/2025\/03\/9783836597135.png","width":570,"height":708},{"@type":"BreadcrumbList","@id":"https:\/\/foliobooks.pl\/en\/shop\/the-national-gallery-paintings-people-portraits\/#breadcrumb","itemListElement":[{"@type":"ListItem","position":1,"name":"Strona g\u0142\u00f3wna","item":"https:\/\/foliobooks.pl\/en\/"},{"@type":"ListItem","position":2,"name":"Shop","item":"https:\/\/foliobooks.pl\/en\/shop\/"},{"@type":"ListItem","position":3,"name":"The National Gallery. Paintings, People, Portraits"}]},{"@type":"WebSite","@id":"https:\/\/foliobooks.pl\/en\/#website","url":"https:\/\/foliobooks.pl\/en\/","name":"Folio","description":"Ksi\u0119garnia internetowa","potentialAction":[{"@type":"SearchAction","target":{"@type":"EntryPoint","urlTemplate":"https:\/\/foliobooks.pl\/en\/?s={search_term_string}"},"query-input":{"@type":"PropertyValueSpecification","valueRequired":true,"valueName":"search_term_string"}}],"inLanguage":"en-US"}]}},"_links":{"self":[{"href":"https:\/\/foliobooks.pl\/en\/wp-json\/wp\/v2\/product\/105979","targetHints":{"allow":["GET"]}}],"collection":[{"href":"https:\/\/foliobooks.pl\/en\/wp-json\/wp\/v2\/product"}],"about":[{"href":"https:\/\/foliobooks.pl\/en\/wp-json\/wp\/v2\/types\/product"}],"replies":[{"embeddable":true,"href":"https:\/\/foliobooks.pl\/en\/wp-json\/wp\/v2\/comments?post=105979"}],"wp:featuredmedia":[{"embeddable":true,"href":"https:\/\/foliobooks.pl\/en\/wp-json\/wp\/v2\/media\/105966"}],"wp:attachment":[{"href":"https:\/\/foliobooks.pl\/en\/wp-json\/wp\/v2\/media?parent=105979"}],"wp:term":[{"taxonomy":"product_brand","embeddable":true,"href":"https:\/\/foliobooks.pl\/en\/wp-json\/wp\/v2\/product_brand?post=105979"},{"taxonomy":"product_cat","embeddable":true,"href":"https:\/\/foliobooks.pl\/en\/wp-json\/wp\/v2\/product_cat?post=105979"},{"taxonomy":"product_tag","embeddable":true,"href":"https:\/\/foliobooks.pl\/en\/wp-json\/wp\/v2\/product_tag?post=105979"}],"curies":[{"name":"wp","href":"https:\/\/api.w.org\/{rel}","templated":true}]}}