{"id":105963,"date":"2025-03-24T14:00:55","date_gmt":"2025-03-24T13:00:55","guid":{"rendered":"https:\/\/foliobooks.pl\/sklep\/mars-photographs-from-the-nasa-archives\/"},"modified":"2025-03-24T14:00:55","modified_gmt":"2025-03-24T13:00:55","slug":"mars-photographs-from-the-nasa-archives","status":"publish","type":"product","link":"https:\/\/foliobooks.pl\/en\/shop\/mars-photographs-from-the-nasa-archives\/","title":{"rendered":"Mars. Photographs from the NASA Archives"},"content":{"rendered":"<p>A Voyage to the Red Planet<\/p>\n<p>Uncover the mysteries of Mars in six decades of NASA photographs<\/p>\n<p>Early astronomers, drawn to Mars&#8217;s fiery glow in the night sky, named the planet after their god of war. In the centuries since, Mars has captivated humankind as a source of endless speculation and a beacon of hope for its potential habitability. Through six decades of NASA\u2019s pioneering research missions, the mysteries of the red planet have been gradually uncovered, revealing a world not so unlike our own that likely once supported life.<\/p>\n<p>See the earliest close-up images of Mars taken by the Mariner 4 spacecraft in 1965\u2014the first ever captured of another planet\u2014along with historical illustrations from an era when curiosity outpaced scientific progress. Science and art collide as NASA\u2019s later orbiter missions capture aerial views of ancient riverbeds, polar ice caps, dust storms, vast canyons, and towering volcanoes in an endlessly varied landscape. As they traverse Mars\u2019s rugged surface, NASA\u2019s rovers have operated as mechanical extensions of humankind for the past 25 years, drilling holes, searching for traces of water, and marveling at mountain ranges and panoramic sunsets.<\/p>\n<p>Through hundreds of cutting-edge photographs from NASA&#8217;s extensive archives, we join their scientists in the ongoing quest to better understand Mars. Essays by NASA\u2019s former Chief Scientist James L. Green and JPL Chief Engineer Rob Manning provide an in-depth look at the history of Martian exploration and the challenges of preparing for these groundbreaking missions. Captions by planetary scientist Emily Lakdawalla skillfully illuminate each image&#8217;s content and technical context, and a foreword by renowned poet Nikki Giovanni and an introduction by curator Margaret A. Weitekamp reflect on Mars\u2019s significance in our cultural imagination.<\/p>\n<p>From a distant enigma to a tangible frontier whose every grain of sand we can now observe, this volume celebrates the extraordinary progress NASA has made, bringing us closer than ever to understanding our neighboring world.<\/p>\n","protected":false},"excerpt":{"rendered":"<p>A Voyage to the Red Planet Uncover the mysteries of Mars in six decades of NASA photographs Early astronomers, drawn to Mars&#8217;s fiery glow in the night sky, named the planet after their god of war. In the centuries since, Mars has captivated humankind as a source of endless speculation and a beacon of hope&#8230;<\/p>\n","protected":false},"featured_media":105950,"comment_status":"closed","ping_status":"closed","template":"","meta":[],"product_brand":[],"product_cat":[13533,4517],"product_tag":[1667,6121],"class_list":{"0":"post-105963","1":"product","2":"type-product","3":"status-publish","4":"has-post-thumbnail","6":"product_cat-books","7":"product_cat-photography-en","8":"product_tag-cosmos","9":"product_tag-photography","10":"pa_author_att-emily-lakdawalla-en","11":"pa_cover-hardcover","12":"pa_format-30-x-30-cm-en","13":"pa_isbn-9783836586467-en","14":"pa_language-eng-f-ger","15":"pa_pages-340-en","16":"pa_published-2024-11-21-en","17":"pa_publisher-taschen-en-en","19":"first","20":"instock","21":"sold-individually","22":"shipping-taxable","23":"purchasable","24":"product-type-simple"},"yoast_head":"<!-- This site is optimized with the Yoast SEO plugin v27.4 - https:\/\/yoast.com\/product\/yoast-seo-wordpress\/ -->\n<title>Mars. Photographs from the NASA Archives (Emily Lakdawalla) - book \/ album - Folio<\/title>\n<meta name=\"description\" content=\"Wejd\u017a i kup ksi\u0105\u017ck\u0119 Mars. Photographs from the NASA Archives autorstwa Emily Lakdawalla wydan\u0105 przez TASCHEN (2024-11-21) w formacie 30 x 30 cm (ISBN: 9783836586467). Zapraszamy!\" \/>\n<meta name=\"robots\" content=\"index, follow, max-snippet:-1, max-image-preview:large, max-video-preview:-1\" \/>\n<link rel=\"canonical\" href=\"https:\/\/foliobooks.pl\/en\/shop\/mars-photographs-from-the-nasa-archives\/\" \/>\n<meta property=\"og:locale\" content=\"en_US\" \/>\n<meta property=\"og:type\" content=\"article\" \/>\n<meta property=\"og:title\" content=\"Mars. Photographs from the NASA Archives (Emily Lakdawalla) - book \/ album - Folio\" \/>\n<meta property=\"og:description\" content=\"Wejd\u017a i kup ksi\u0105\u017ck\u0119 Mars. Photographs from the NASA Archives autorstwa Emily Lakdawalla wydan\u0105 przez TASCHEN (2024-11-21) w formacie 30 x 30 cm (ISBN: 9783836586467). Zapraszamy!\" \/>\n<meta property=\"og:url\" content=\"https:\/\/foliobooks.pl\/en\/shop\/mars-photographs-from-the-nasa-archives\/\" \/>\n<meta property=\"og:site_name\" content=\"Folio\" \/>\n<meta property=\"og:image\" content=\"https:\/\/foliobooks.pl\/wp-content\/uploads\/2025\/03\/9783836586467.png\" \/>\n\t<meta property=\"og:image:width\" content=\"570\" \/>\n\t<meta property=\"og:image:height\" content=\"708\" \/>\n\t<meta property=\"og:image:type\" content=\"image\/png\" \/>\n<meta name=\"twitter:card\" content=\"summary_large_image\" \/>\n<meta name=\"twitter:label1\" content=\"Est. reading time\" \/>\n\t<meta name=\"twitter:data1\" content=\"3 minutes\" \/>\n<script type=\"application\/ld+json\" class=\"yoast-schema-graph\">{\"@context\":\"https:\\\/\\\/schema.org\",\"@graph\":[{\"@type\":\"WebPage\",\"@id\":\"https:\\\/\\\/foliobooks.pl\\\/en\\\/shop\\\/mars-photographs-from-the-nasa-archives\\\/\",\"url\":\"https:\\\/\\\/foliobooks.pl\\\/en\\\/shop\\\/mars-photographs-from-the-nasa-archives\\\/\",\"name\":\"Mars. Photographs from the NASA Archives (Emily Lakdawalla) - book \\\/ album - Folio\",\"isPartOf\":{\"@id\":\"https:\\\/\\\/foliobooks.pl\\\/en\\\/#website\"},\"primaryImageOfPage\":{\"@id\":\"https:\\\/\\\/foliobooks.pl\\\/en\\\/shop\\\/mars-photographs-from-the-nasa-archives\\\/#primaryimage\"},\"image\":{\"@id\":\"https:\\\/\\\/foliobooks.pl\\\/en\\\/shop\\\/mars-photographs-from-the-nasa-archives\\\/#primaryimage\"},\"thumbnailUrl\":\"https:\\\/\\\/foliobooks.pl\\\/wp-content\\\/uploads\\\/2025\\\/03\\\/9783836586467.png\",\"datePublished\":\"2025-03-24T13:00:55+00:00\",\"description\":\"Wejd\u017a i kup ksi\u0105\u017ck\u0119 Mars. Photographs from the NASA Archives autorstwa Emily Lakdawalla wydan\u0105 przez TASCHEN (2024-11-21) w formacie 30 x 30 cm (ISBN: 9783836586467). Zapraszamy!\",\"breadcrumb\":{\"@id\":\"https:\\\/\\\/foliobooks.pl\\\/en\\\/shop\\\/mars-photographs-from-the-nasa-archives\\\/#breadcrumb\"},\"inLanguage\":\"en-US\",\"potentialAction\":[{\"@type\":\"ReadAction\",\"target\":[\"https:\\\/\\\/foliobooks.pl\\\/en\\\/shop\\\/mars-photographs-from-the-nasa-archives\\\/\"]}]},{\"@type\":\"ImageObject\",\"inLanguage\":\"en-US\",\"@id\":\"https:\\\/\\\/foliobooks.pl\\\/en\\\/shop\\\/mars-photographs-from-the-nasa-archives\\\/#primaryimage\",\"url\":\"https:\\\/\\\/foliobooks.pl\\\/wp-content\\\/uploads\\\/2025\\\/03\\\/9783836586467.png\",\"contentUrl\":\"https:\\\/\\\/foliobooks.pl\\\/wp-content\\\/uploads\\\/2025\\\/03\\\/9783836586467.png\",\"width\":570,\"height\":708},{\"@type\":\"BreadcrumbList\",\"@id\":\"https:\\\/\\\/foliobooks.pl\\\/en\\\/shop\\\/mars-photographs-from-the-nasa-archives\\\/#breadcrumb\",\"itemListElement\":[{\"@type\":\"ListItem\",\"position\":1,\"name\":\"Strona g\u0142\u00f3wna\",\"item\":\"https:\\\/\\\/foliobooks.pl\\\/en\\\/\"},{\"@type\":\"ListItem\",\"position\":2,\"name\":\"Shop\",\"item\":\"https:\\\/\\\/foliobooks.pl\\\/en\\\/shop\\\/\"},{\"@type\":\"ListItem\",\"position\":3,\"name\":\"Mars. Photographs from the NASA Archives\"}]},{\"@type\":\"WebSite\",\"@id\":\"https:\\\/\\\/foliobooks.pl\\\/en\\\/#website\",\"url\":\"https:\\\/\\\/foliobooks.pl\\\/en\\\/\",\"name\":\"Folio\",\"description\":\"Ksi\u0119garnia internetowa\",\"potentialAction\":[{\"@type\":\"SearchAction\",\"target\":{\"@type\":\"EntryPoint\",\"urlTemplate\":\"https:\\\/\\\/foliobooks.pl\\\/en\\\/?s={search_term_string}\"},\"query-input\":{\"@type\":\"PropertyValueSpecification\",\"valueRequired\":true,\"valueName\":\"search_term_string\"}}],\"inLanguage\":\"en-US\"}]}<\/script>\n<!-- \/ Yoast SEO plugin. -->","yoast_head_json":{"title":"Mars. Photographs from the NASA Archives (Emily Lakdawalla) - book \/ album - Folio","description":"Wejd\u017a i kup ksi\u0105\u017ck\u0119 Mars. Photographs from the NASA Archives autorstwa Emily Lakdawalla wydan\u0105 przez TASCHEN (2024-11-21) w formacie 30 x 30 cm (ISBN: 9783836586467). Zapraszamy!","robots":{"index":"index","follow":"follow","max-snippet":"max-snippet:-1","max-image-preview":"max-image-preview:large","max-video-preview":"max-video-preview:-1"},"canonical":"https:\/\/foliobooks.pl\/en\/shop\/mars-photographs-from-the-nasa-archives\/","og_locale":"en_US","og_type":"article","og_title":"Mars. Photographs from the NASA Archives (Emily Lakdawalla) - book \/ album - Folio","og_description":"Wejd\u017a i kup ksi\u0105\u017ck\u0119 Mars. Photographs from the NASA Archives autorstwa Emily Lakdawalla wydan\u0105 przez TASCHEN (2024-11-21) w formacie 30 x 30 cm (ISBN: 9783836586467). Zapraszamy!","og_url":"https:\/\/foliobooks.pl\/en\/shop\/mars-photographs-from-the-nasa-archives\/","og_site_name":"Folio","og_image":[{"width":570,"height":708,"url":"https:\/\/foliobooks.pl\/wp-content\/uploads\/2025\/03\/9783836586467.png","type":"image\/png"}],"twitter_card":"summary_large_image","twitter_misc":{"Est. reading time":"3 minutes"},"schema":{"@context":"https:\/\/schema.org","@graph":[{"@type":"WebPage","@id":"https:\/\/foliobooks.pl\/en\/shop\/mars-photographs-from-the-nasa-archives\/","url":"https:\/\/foliobooks.pl\/en\/shop\/mars-photographs-from-the-nasa-archives\/","name":"Mars. Photographs from the NASA Archives (Emily Lakdawalla) - book \/ album - Folio","isPartOf":{"@id":"https:\/\/foliobooks.pl\/en\/#website"},"primaryImageOfPage":{"@id":"https:\/\/foliobooks.pl\/en\/shop\/mars-photographs-from-the-nasa-archives\/#primaryimage"},"image":{"@id":"https:\/\/foliobooks.pl\/en\/shop\/mars-photographs-from-the-nasa-archives\/#primaryimage"},"thumbnailUrl":"https:\/\/foliobooks.pl\/wp-content\/uploads\/2025\/03\/9783836586467.png","datePublished":"2025-03-24T13:00:55+00:00","description":"Wejd\u017a i kup ksi\u0105\u017ck\u0119 Mars. Photographs from the NASA Archives autorstwa Emily Lakdawalla wydan\u0105 przez TASCHEN (2024-11-21) w formacie 30 x 30 cm (ISBN: 9783836586467). Zapraszamy!","breadcrumb":{"@id":"https:\/\/foliobooks.pl\/en\/shop\/mars-photographs-from-the-nasa-archives\/#breadcrumb"},"inLanguage":"en-US","potentialAction":[{"@type":"ReadAction","target":["https:\/\/foliobooks.pl\/en\/shop\/mars-photographs-from-the-nasa-archives\/"]}]},{"@type":"ImageObject","inLanguage":"en-US","@id":"https:\/\/foliobooks.pl\/en\/shop\/mars-photographs-from-the-nasa-archives\/#primaryimage","url":"https:\/\/foliobooks.pl\/wp-content\/uploads\/2025\/03\/9783836586467.png","contentUrl":"https:\/\/foliobooks.pl\/wp-content\/uploads\/2025\/03\/9783836586467.png","width":570,"height":708},{"@type":"BreadcrumbList","@id":"https:\/\/foliobooks.pl\/en\/shop\/mars-photographs-from-the-nasa-archives\/#breadcrumb","itemListElement":[{"@type":"ListItem","position":1,"name":"Strona g\u0142\u00f3wna","item":"https:\/\/foliobooks.pl\/en\/"},{"@type":"ListItem","position":2,"name":"Shop","item":"https:\/\/foliobooks.pl\/en\/shop\/"},{"@type":"ListItem","position":3,"name":"Mars. Photographs from the NASA Archives"}]},{"@type":"WebSite","@id":"https:\/\/foliobooks.pl\/en\/#website","url":"https:\/\/foliobooks.pl\/en\/","name":"Folio","description":"Ksi\u0119garnia internetowa","potentialAction":[{"@type":"SearchAction","target":{"@type":"EntryPoint","urlTemplate":"https:\/\/foliobooks.pl\/en\/?s={search_term_string}"},"query-input":{"@type":"PropertyValueSpecification","valueRequired":true,"valueName":"search_term_string"}}],"inLanguage":"en-US"}]}},"_links":{"self":[{"href":"https:\/\/foliobooks.pl\/en\/wp-json\/wp\/v2\/product\/105963","targetHints":{"allow":["GET"]}}],"collection":[{"href":"https:\/\/foliobooks.pl\/en\/wp-json\/wp\/v2\/product"}],"about":[{"href":"https:\/\/foliobooks.pl\/en\/wp-json\/wp\/v2\/types\/product"}],"replies":[{"embeddable":true,"href":"https:\/\/foliobooks.pl\/en\/wp-json\/wp\/v2\/comments?post=105963"}],"wp:featuredmedia":[{"embeddable":true,"href":"https:\/\/foliobooks.pl\/en\/wp-json\/wp\/v2\/media\/105950"}],"wp:attachment":[{"href":"https:\/\/foliobooks.pl\/en\/wp-json\/wp\/v2\/media?parent=105963"}],"wp:term":[{"taxonomy":"product_brand","embeddable":true,"href":"https:\/\/foliobooks.pl\/en\/wp-json\/wp\/v2\/product_brand?post=105963"},{"taxonomy":"product_cat","embeddable":true,"href":"https:\/\/foliobooks.pl\/en\/wp-json\/wp\/v2\/product_cat?post=105963"},{"taxonomy":"product_tag","embeddable":true,"href":"https:\/\/foliobooks.pl\/en\/wp-json\/wp\/v2\/product_tag?post=105963"}],"curies":[{"name":"wp","href":"https:\/\/api.w.org\/{rel}","templated":true}]}}