{"id":105824,"date":"2025-03-24T12:40:57","date_gmt":"2025-03-24T11:40:57","guid":{"rendered":"https:\/\/foliobooks.pl\/sklep\/chanel-the-allure-of-makeup\/"},"modified":"2025-03-24T12:40:57","modified_gmt":"2025-03-24T11:40:57","slug":"chanel-the-allure-of-makeup","status":"publish","type":"product","link":"https:\/\/foliobooks.pl\/en\/shop\/chanel-the-allure-of-makeup\/","title":{"rendered":"Chanel. The Allure of Makeup"},"content":{"rendered":"<p>In 1924 Gabrielle Chanel launched the house&#8217;s first makeup products, marking the beginning of a century of creativity, quality, and innovation. Now for the first time, Chanel. The Allure of Makeup reveals the history of Chanel makeup creation&#8211;including advertising campaigns created by some of the world&#8217;s leading photographers and film directors.<\/p>\n<p>The story unfolds in seven chapters that represent the quintessential colors of Chanel&#8217;s visual vocabulary: Black, White, Beige, Red, Pink, Gold, and Blue. Each chapter highlights the talents driving the brand&#8217;s lasting impact across the decades. Iconic products such as the black and white compact or 31 Le Rouge lipstick in timeless red punctuate the chapters and claim their rightful place in the pantheon of beauty.<\/p>\n<p>With unprecedented access to the Chanel archives, this book presents a wealth of visual material from historic images of Gabrielle Chanel and seldom-seen early product shots, to cinematic campaigns starring legendary women.<\/p>\n","protected":false},"excerpt":{"rendered":"<p>In 1924 Gabrielle Chanel launched the house&#8217;s first makeup products, marking the beginning of a century of creativity, quality, and innovation. Now for the first time, Chanel. The Allure of Makeup reveals the history of Chanel makeup creation&#8211;including advertising campaigns created by some of the world&#8217;s leading photographers and film directors. The story unfolds in&#8230;<\/p>\n","protected":false},"featured_media":105815,"comment_status":"closed","ping_status":"closed","template":"","meta":[],"product_brand":[],"product_cat":[13533,4519,4517],"product_tag":[2632,6125],"class_list":{"0":"post-105824","1":"product","2":"type-product","3":"status-publish","4":"has-post-thumbnail","6":"product_cat-books","7":"product_cat-fashion-en-en","8":"product_cat-photography-en","9":"product_tag-beauty","10":"product_tag-fashion","11":"pa_author_att-natasha-a-fraser-en","12":"pa_cover-hardcover","13":"pa_format-332-x-408-cm-en","14":"pa_isbn-9780500028421-en","15":"pa_language-eng","16":"pa_pages-400-en","17":"pa_published-2024-12-10-en","18":"pa_publisher-thames-hudson-en","20":"first","21":"instock","22":"sold-individually","23":"shipping-taxable","24":"purchasable","25":"product-type-simple"},"yoast_head":"<!-- This site is optimized with the Yoast SEO plugin v27.4 - https:\/\/yoast.com\/product\/yoast-seo-wordpress\/ -->\n<title>Chanel. The Allure of Makeup (Natasha A. Fraser) - book \/ album - Folio<\/title>\n<meta name=\"description\" content=\"Wejd\u017a i kup ksi\u0105\u017ck\u0119 Chanel. The Allure of Makeup autorstwa Natasha A. Fraser wydan\u0105 przez Thames &amp; Hudson (2024-12-10) w formacie 33,2 x 40,8 cm (ISBN: 9780500028421). Zapraszamy!\" \/>\n<meta name=\"robots\" content=\"index, follow, max-snippet:-1, max-image-preview:large, max-video-preview:-1\" \/>\n<link rel=\"canonical\" href=\"https:\/\/foliobooks.pl\/en\/shop\/chanel-the-allure-of-makeup\/\" \/>\n<meta property=\"og:locale\" content=\"en_US\" \/>\n<meta property=\"og:type\" content=\"article\" \/>\n<meta property=\"og:title\" content=\"Chanel. The Allure of Makeup (Natasha A. Fraser) - book \/ album - Folio\" \/>\n<meta property=\"og:description\" content=\"Wejd\u017a i kup ksi\u0105\u017ck\u0119 Chanel. The Allure of Makeup autorstwa Natasha A. Fraser wydan\u0105 przez Thames &amp; Hudson (2024-12-10) w formacie 33,2 x 40,8 cm (ISBN: 9780500028421). Zapraszamy!\" \/>\n<meta property=\"og:url\" content=\"https:\/\/foliobooks.pl\/en\/shop\/chanel-the-allure-of-makeup\/\" \/>\n<meta property=\"og:site_name\" content=\"Folio\" \/>\n<meta property=\"og:image\" content=\"https:\/\/foliobooks.pl\/wp-content\/uploads\/2025\/03\/9780500028421.png\" \/>\n\t<meta property=\"og:image:width\" content=\"570\" \/>\n\t<meta property=\"og:image:height\" content=\"708\" \/>\n\t<meta property=\"og:image:type\" content=\"image\/png\" \/>\n<meta name=\"twitter:card\" content=\"summary_large_image\" \/>\n<meta name=\"twitter:label1\" content=\"Est. reading time\" \/>\n\t<meta name=\"twitter:data1\" content=\"2 minutes\" \/>\n<script type=\"application\/ld+json\" class=\"yoast-schema-graph\">{\"@context\":\"https:\\\/\\\/schema.org\",\"@graph\":[{\"@type\":\"WebPage\",\"@id\":\"https:\\\/\\\/foliobooks.pl\\\/en\\\/shop\\\/chanel-the-allure-of-makeup\\\/\",\"url\":\"https:\\\/\\\/foliobooks.pl\\\/en\\\/shop\\\/chanel-the-allure-of-makeup\\\/\",\"name\":\"Chanel. The Allure of Makeup (Natasha A. Fraser) - book \\\/ album - Folio\",\"isPartOf\":{\"@id\":\"https:\\\/\\\/foliobooks.pl\\\/en\\\/#website\"},\"primaryImageOfPage\":{\"@id\":\"https:\\\/\\\/foliobooks.pl\\\/en\\\/shop\\\/chanel-the-allure-of-makeup\\\/#primaryimage\"},\"image\":{\"@id\":\"https:\\\/\\\/foliobooks.pl\\\/en\\\/shop\\\/chanel-the-allure-of-makeup\\\/#primaryimage\"},\"thumbnailUrl\":\"https:\\\/\\\/foliobooks.pl\\\/wp-content\\\/uploads\\\/2025\\\/03\\\/9780500028421.png\",\"datePublished\":\"2025-03-24T11:40:57+00:00\",\"description\":\"Wejd\u017a i kup ksi\u0105\u017ck\u0119 Chanel. The Allure of Makeup autorstwa Natasha A. Fraser wydan\u0105 przez Thames &amp; Hudson (2024-12-10) w formacie 33,2 x 40,8 cm (ISBN: 9780500028421). Zapraszamy!\",\"breadcrumb\":{\"@id\":\"https:\\\/\\\/foliobooks.pl\\\/en\\\/shop\\\/chanel-the-allure-of-makeup\\\/#breadcrumb\"},\"inLanguage\":\"en-US\",\"potentialAction\":[{\"@type\":\"ReadAction\",\"target\":[\"https:\\\/\\\/foliobooks.pl\\\/en\\\/shop\\\/chanel-the-allure-of-makeup\\\/\"]}]},{\"@type\":\"ImageObject\",\"inLanguage\":\"en-US\",\"@id\":\"https:\\\/\\\/foliobooks.pl\\\/en\\\/shop\\\/chanel-the-allure-of-makeup\\\/#primaryimage\",\"url\":\"https:\\\/\\\/foliobooks.pl\\\/wp-content\\\/uploads\\\/2025\\\/03\\\/9780500028421.png\",\"contentUrl\":\"https:\\\/\\\/foliobooks.pl\\\/wp-content\\\/uploads\\\/2025\\\/03\\\/9780500028421.png\",\"width\":570,\"height\":708},{\"@type\":\"BreadcrumbList\",\"@id\":\"https:\\\/\\\/foliobooks.pl\\\/en\\\/shop\\\/chanel-the-allure-of-makeup\\\/#breadcrumb\",\"itemListElement\":[{\"@type\":\"ListItem\",\"position\":1,\"name\":\"Strona g\u0142\u00f3wna\",\"item\":\"https:\\\/\\\/foliobooks.pl\\\/en\\\/\"},{\"@type\":\"ListItem\",\"position\":2,\"name\":\"Shop\",\"item\":\"https:\\\/\\\/foliobooks.pl\\\/en\\\/shop\\\/\"},{\"@type\":\"ListItem\",\"position\":3,\"name\":\"Chanel. The Allure of Makeup\"}]},{\"@type\":\"WebSite\",\"@id\":\"https:\\\/\\\/foliobooks.pl\\\/en\\\/#website\",\"url\":\"https:\\\/\\\/foliobooks.pl\\\/en\\\/\",\"name\":\"Folio\",\"description\":\"Ksi\u0119garnia internetowa\",\"potentialAction\":[{\"@type\":\"SearchAction\",\"target\":{\"@type\":\"EntryPoint\",\"urlTemplate\":\"https:\\\/\\\/foliobooks.pl\\\/en\\\/?s={search_term_string}\"},\"query-input\":{\"@type\":\"PropertyValueSpecification\",\"valueRequired\":true,\"valueName\":\"search_term_string\"}}],\"inLanguage\":\"en-US\"}]}<\/script>\n<!-- \/ Yoast SEO plugin. -->","yoast_head_json":{"title":"Chanel. The Allure of Makeup (Natasha A. Fraser) - book \/ album - Folio","description":"Wejd\u017a i kup ksi\u0105\u017ck\u0119 Chanel. The Allure of Makeup autorstwa Natasha A. Fraser wydan\u0105 przez Thames &amp; Hudson (2024-12-10) w formacie 33,2 x 40,8 cm (ISBN: 9780500028421). Zapraszamy!","robots":{"index":"index","follow":"follow","max-snippet":"max-snippet:-1","max-image-preview":"max-image-preview:large","max-video-preview":"max-video-preview:-1"},"canonical":"https:\/\/foliobooks.pl\/en\/shop\/chanel-the-allure-of-makeup\/","og_locale":"en_US","og_type":"article","og_title":"Chanel. The Allure of Makeup (Natasha A. Fraser) - book \/ album - Folio","og_description":"Wejd\u017a i kup ksi\u0105\u017ck\u0119 Chanel. The Allure of Makeup autorstwa Natasha A. Fraser wydan\u0105 przez Thames &amp; Hudson (2024-12-10) w formacie 33,2 x 40,8 cm (ISBN: 9780500028421). Zapraszamy!","og_url":"https:\/\/foliobooks.pl\/en\/shop\/chanel-the-allure-of-makeup\/","og_site_name":"Folio","og_image":[{"width":570,"height":708,"url":"https:\/\/foliobooks.pl\/wp-content\/uploads\/2025\/03\/9780500028421.png","type":"image\/png"}],"twitter_card":"summary_large_image","twitter_misc":{"Est. reading time":"2 minutes"},"schema":{"@context":"https:\/\/schema.org","@graph":[{"@type":"WebPage","@id":"https:\/\/foliobooks.pl\/en\/shop\/chanel-the-allure-of-makeup\/","url":"https:\/\/foliobooks.pl\/en\/shop\/chanel-the-allure-of-makeup\/","name":"Chanel. The Allure of Makeup (Natasha A. Fraser) - book \/ album - Folio","isPartOf":{"@id":"https:\/\/foliobooks.pl\/en\/#website"},"primaryImageOfPage":{"@id":"https:\/\/foliobooks.pl\/en\/shop\/chanel-the-allure-of-makeup\/#primaryimage"},"image":{"@id":"https:\/\/foliobooks.pl\/en\/shop\/chanel-the-allure-of-makeup\/#primaryimage"},"thumbnailUrl":"https:\/\/foliobooks.pl\/wp-content\/uploads\/2025\/03\/9780500028421.png","datePublished":"2025-03-24T11:40:57+00:00","description":"Wejd\u017a i kup ksi\u0105\u017ck\u0119 Chanel. The Allure of Makeup autorstwa Natasha A. Fraser wydan\u0105 przez Thames &amp; Hudson (2024-12-10) w formacie 33,2 x 40,8 cm (ISBN: 9780500028421). Zapraszamy!","breadcrumb":{"@id":"https:\/\/foliobooks.pl\/en\/shop\/chanel-the-allure-of-makeup\/#breadcrumb"},"inLanguage":"en-US","potentialAction":[{"@type":"ReadAction","target":["https:\/\/foliobooks.pl\/en\/shop\/chanel-the-allure-of-makeup\/"]}]},{"@type":"ImageObject","inLanguage":"en-US","@id":"https:\/\/foliobooks.pl\/en\/shop\/chanel-the-allure-of-makeup\/#primaryimage","url":"https:\/\/foliobooks.pl\/wp-content\/uploads\/2025\/03\/9780500028421.png","contentUrl":"https:\/\/foliobooks.pl\/wp-content\/uploads\/2025\/03\/9780500028421.png","width":570,"height":708},{"@type":"BreadcrumbList","@id":"https:\/\/foliobooks.pl\/en\/shop\/chanel-the-allure-of-makeup\/#breadcrumb","itemListElement":[{"@type":"ListItem","position":1,"name":"Strona g\u0142\u00f3wna","item":"https:\/\/foliobooks.pl\/en\/"},{"@type":"ListItem","position":2,"name":"Shop","item":"https:\/\/foliobooks.pl\/en\/shop\/"},{"@type":"ListItem","position":3,"name":"Chanel. The Allure of Makeup"}]},{"@type":"WebSite","@id":"https:\/\/foliobooks.pl\/en\/#website","url":"https:\/\/foliobooks.pl\/en\/","name":"Folio","description":"Ksi\u0119garnia internetowa","potentialAction":[{"@type":"SearchAction","target":{"@type":"EntryPoint","urlTemplate":"https:\/\/foliobooks.pl\/en\/?s={search_term_string}"},"query-input":{"@type":"PropertyValueSpecification","valueRequired":true,"valueName":"search_term_string"}}],"inLanguage":"en-US"}]}},"_links":{"self":[{"href":"https:\/\/foliobooks.pl\/en\/wp-json\/wp\/v2\/product\/105824","targetHints":{"allow":["GET"]}}],"collection":[{"href":"https:\/\/foliobooks.pl\/en\/wp-json\/wp\/v2\/product"}],"about":[{"href":"https:\/\/foliobooks.pl\/en\/wp-json\/wp\/v2\/types\/product"}],"replies":[{"embeddable":true,"href":"https:\/\/foliobooks.pl\/en\/wp-json\/wp\/v2\/comments?post=105824"}],"wp:featuredmedia":[{"embeddable":true,"href":"https:\/\/foliobooks.pl\/en\/wp-json\/wp\/v2\/media\/105815"}],"wp:attachment":[{"href":"https:\/\/foliobooks.pl\/en\/wp-json\/wp\/v2\/media?parent=105824"}],"wp:term":[{"taxonomy":"product_brand","embeddable":true,"href":"https:\/\/foliobooks.pl\/en\/wp-json\/wp\/v2\/product_brand?post=105824"},{"taxonomy":"product_cat","embeddable":true,"href":"https:\/\/foliobooks.pl\/en\/wp-json\/wp\/v2\/product_cat?post=105824"},{"taxonomy":"product_tag","embeddable":true,"href":"https:\/\/foliobooks.pl\/en\/wp-json\/wp\/v2\/product_tag?post=105824"}],"curies":[{"name":"wp","href":"https:\/\/api.w.org\/{rel}","templated":true}]}}