{"id":105788,"date":"2025-03-19T10:42:08","date_gmt":"2025-03-19T09:42:08","guid":{"rendered":"https:\/\/foliobooks.pl\/sklep\/baden-baden-the-hidden-motor-city\/"},"modified":"2025-03-19T10:42:08","modified_gmt":"2025-03-19T09:42:08","slug":"baden-baden-the-hidden-motor-city","status":"publish","type":"product","link":"https:\/\/foliobooks.pl\/en\/shop\/baden-baden-the-hidden-motor-city\/","title":{"rendered":"Baden-Baden. The Hidden Motor City"},"content":{"rendered":"<p>Novelty<\/p>\n<p>In Baden-Baden: The Hidden Motor City, Roland Seiter tells the fascinating and untold story of one of the world&#8217;s first automobile pioneer cities. The new coffee table book invites you to immerse yourself in the captivating world of exciting automotive history.<\/p>\n<p>Pioneering spirit<\/p>\n<p>As early as 1887, Gottlieb Daimler and Wilhelm Maybach presented their vehicles in Baden-Baden. We sense the spirit of change in the early days of the automobile and get to know well-known and lesser-known protagonists of the early days, from Carl Benz to Joseph Vollmer.<\/p>\n<p>Milestones<\/p>\n<p>One of the first car races ends in the spa town in 1903, which was still called the \u201cGesellschaftsfahrt\u201d at the time. A racing tradition full of milestones is established, which continues with the International Automobile Tournament or the \u201c2000 km through Germany\u201d. In Baden-Baden: The Hidden Motor City, we experience racing legends on a fast ride, be it the unforgettable Rudolf Caracciola or Ernes Merck, the only woman to drive professional races in the 1920s. High society cheers on the sidelines: aristocrats, crowned heads and film stars. We meet Josephine Baker, Henry Ford and Max Schmeling.<\/p>\n<p>Exclusivity<\/p>\n<p>The result is a book with exciting, exclusive images that has a lot to offer: Automotive history and racing, local and lifestyle, cultural and contemporary history, from the end of the 19th century to the present day. Clear the way!<\/p>\n","protected":false},"excerpt":{"rendered":"<p>Novelty In Baden-Baden: The Hidden Motor City, Roland Seiter tells the fascinating and untold story of one of the world&#8217;s first automobile pioneer cities. The new coffee table book invites you to immerse yourself in the captivating world of exciting automotive history. Pioneering spirit As early as 1887, Gottlieb Daimler and Wilhelm Maybach presented their&#8230;<\/p>\n","protected":false},"featured_media":105771,"comment_status":"closed","ping_status":"closed","template":"","meta":[],"product_brand":[],"product_cat":[13533,4520],"product_tag":[216],"class_list":{"0":"post-105788","1":"product","2":"type-product","3":"status-publish","4":"has-post-thumbnail","6":"product_cat-books","7":"product_cat-motorsport-en","8":"product_tag-cars-en","9":"pa_author_att-roland-seiter-en","10":"pa_cover-hardcover","11":"pa_format-235-x-299-cm-en","12":"pa_language-eng","13":"pa_pages-224-2-en","14":"pa_published-2025-04-01-en","15":"pa_publisher-teneues-en","17":"first","18":"instock","19":"sold-individually","20":"shipping-taxable","21":"purchasable","22":"product-type-simple"},"yoast_head":"<!-- This site is optimized with the Yoast SEO plugin v27.4 - https:\/\/yoast.com\/product\/yoast-seo-wordpress\/ -->\n<title>Baden-Baden. The Hidden Motor City (Roland Seiter) - book \/ album - Folio<\/title>\n<meta name=\"description\" content=\"Wejd\u017a i kup ksi\u0105\u017ck\u0119 Baden-Baden. The Hidden Motor City autorstwa Roland Seiter wydan\u0105 przez teNeues (2025-04-01) w formacie 23,5 x 29,9 cm (ISBN: ). Zapraszamy!\" \/>\n<meta name=\"robots\" content=\"index, follow, max-snippet:-1, max-image-preview:large, max-video-preview:-1\" \/>\n<link rel=\"canonical\" href=\"https:\/\/foliobooks.pl\/en\/shop\/baden-baden-the-hidden-motor-city\/\" \/>\n<meta property=\"og:locale\" content=\"en_US\" \/>\n<meta property=\"og:type\" content=\"article\" \/>\n<meta property=\"og:title\" content=\"Baden-Baden. The Hidden Motor City (Roland Seiter) - book \/ album - Folio\" \/>\n<meta property=\"og:description\" content=\"Wejd\u017a i kup ksi\u0105\u017ck\u0119 Baden-Baden. The Hidden Motor City autorstwa Roland Seiter wydan\u0105 przez teNeues (2025-04-01) w formacie 23,5 x 29,9 cm (ISBN: ). Zapraszamy!\" \/>\n<meta property=\"og:url\" content=\"https:\/\/foliobooks.pl\/en\/shop\/baden-baden-the-hidden-motor-city\/\" \/>\n<meta property=\"og:site_name\" content=\"Folio\" \/>\n<meta property=\"og:image\" content=\"https:\/\/foliobooks.pl\/wp-content\/uploads\/2025\/03\/9783961716692.png\" \/>\n\t<meta property=\"og:image:width\" content=\"570\" \/>\n\t<meta property=\"og:image:height\" content=\"708\" \/>\n\t<meta property=\"og:image:type\" content=\"image\/png\" \/>\n<meta name=\"twitter:card\" content=\"summary_large_image\" \/>\n<meta name=\"twitter:label1\" content=\"Est. reading time\" \/>\n\t<meta name=\"twitter:data1\" content=\"2 minutes\" \/>\n<script type=\"application\/ld+json\" class=\"yoast-schema-graph\">{\"@context\":\"https:\\\/\\\/schema.org\",\"@graph\":[{\"@type\":\"WebPage\",\"@id\":\"https:\\\/\\\/foliobooks.pl\\\/en\\\/shop\\\/baden-baden-the-hidden-motor-city\\\/\",\"url\":\"https:\\\/\\\/foliobooks.pl\\\/en\\\/shop\\\/baden-baden-the-hidden-motor-city\\\/\",\"name\":\"Baden-Baden. The Hidden Motor City (Roland Seiter) - book \\\/ album - Folio\",\"isPartOf\":{\"@id\":\"https:\\\/\\\/foliobooks.pl\\\/en\\\/#website\"},\"primaryImageOfPage\":{\"@id\":\"https:\\\/\\\/foliobooks.pl\\\/en\\\/shop\\\/baden-baden-the-hidden-motor-city\\\/#primaryimage\"},\"image\":{\"@id\":\"https:\\\/\\\/foliobooks.pl\\\/en\\\/shop\\\/baden-baden-the-hidden-motor-city\\\/#primaryimage\"},\"thumbnailUrl\":\"https:\\\/\\\/foliobooks.pl\\\/wp-content\\\/uploads\\\/2025\\\/03\\\/9783961716692.png\",\"datePublished\":\"2025-03-19T09:42:08+00:00\",\"description\":\"Wejd\u017a i kup ksi\u0105\u017ck\u0119 Baden-Baden. The Hidden Motor City autorstwa Roland Seiter wydan\u0105 przez teNeues (2025-04-01) w formacie 23,5 x 29,9 cm (ISBN: ). Zapraszamy!\",\"breadcrumb\":{\"@id\":\"https:\\\/\\\/foliobooks.pl\\\/en\\\/shop\\\/baden-baden-the-hidden-motor-city\\\/#breadcrumb\"},\"inLanguage\":\"en-US\",\"potentialAction\":[{\"@type\":\"ReadAction\",\"target\":[\"https:\\\/\\\/foliobooks.pl\\\/en\\\/shop\\\/baden-baden-the-hidden-motor-city\\\/\"]}]},{\"@type\":\"ImageObject\",\"inLanguage\":\"en-US\",\"@id\":\"https:\\\/\\\/foliobooks.pl\\\/en\\\/shop\\\/baden-baden-the-hidden-motor-city\\\/#primaryimage\",\"url\":\"https:\\\/\\\/foliobooks.pl\\\/wp-content\\\/uploads\\\/2025\\\/03\\\/9783961716692.png\",\"contentUrl\":\"https:\\\/\\\/foliobooks.pl\\\/wp-content\\\/uploads\\\/2025\\\/03\\\/9783961716692.png\",\"width\":570,\"height\":708},{\"@type\":\"BreadcrumbList\",\"@id\":\"https:\\\/\\\/foliobooks.pl\\\/en\\\/shop\\\/baden-baden-the-hidden-motor-city\\\/#breadcrumb\",\"itemListElement\":[{\"@type\":\"ListItem\",\"position\":1,\"name\":\"Strona g\u0142\u00f3wna\",\"item\":\"https:\\\/\\\/foliobooks.pl\\\/en\\\/\"},{\"@type\":\"ListItem\",\"position\":2,\"name\":\"Shop\",\"item\":\"https:\\\/\\\/foliobooks.pl\\\/en\\\/shop\\\/\"},{\"@type\":\"ListItem\",\"position\":3,\"name\":\"Baden-Baden. The Hidden Motor City\"}]},{\"@type\":\"WebSite\",\"@id\":\"https:\\\/\\\/foliobooks.pl\\\/en\\\/#website\",\"url\":\"https:\\\/\\\/foliobooks.pl\\\/en\\\/\",\"name\":\"Folio\",\"description\":\"Ksi\u0119garnia internetowa\",\"potentialAction\":[{\"@type\":\"SearchAction\",\"target\":{\"@type\":\"EntryPoint\",\"urlTemplate\":\"https:\\\/\\\/foliobooks.pl\\\/en\\\/?s={search_term_string}\"},\"query-input\":{\"@type\":\"PropertyValueSpecification\",\"valueRequired\":true,\"valueName\":\"search_term_string\"}}],\"inLanguage\":\"en-US\"}]}<\/script>\n<!-- \/ Yoast SEO plugin. -->","yoast_head_json":{"title":"Baden-Baden. The Hidden Motor City (Roland Seiter) - book \/ album - Folio","description":"Wejd\u017a i kup ksi\u0105\u017ck\u0119 Baden-Baden. The Hidden Motor City autorstwa Roland Seiter wydan\u0105 przez teNeues (2025-04-01) w formacie 23,5 x 29,9 cm (ISBN: ). Zapraszamy!","robots":{"index":"index","follow":"follow","max-snippet":"max-snippet:-1","max-image-preview":"max-image-preview:large","max-video-preview":"max-video-preview:-1"},"canonical":"https:\/\/foliobooks.pl\/en\/shop\/baden-baden-the-hidden-motor-city\/","og_locale":"en_US","og_type":"article","og_title":"Baden-Baden. The Hidden Motor City (Roland Seiter) - book \/ album - Folio","og_description":"Wejd\u017a i kup ksi\u0105\u017ck\u0119 Baden-Baden. The Hidden Motor City autorstwa Roland Seiter wydan\u0105 przez teNeues (2025-04-01) w formacie 23,5 x 29,9 cm (ISBN: ). Zapraszamy!","og_url":"https:\/\/foliobooks.pl\/en\/shop\/baden-baden-the-hidden-motor-city\/","og_site_name":"Folio","og_image":[{"width":570,"height":708,"url":"https:\/\/foliobooks.pl\/wp-content\/uploads\/2025\/03\/9783961716692.png","type":"image\/png"}],"twitter_card":"summary_large_image","twitter_misc":{"Est. reading time":"2 minutes"},"schema":{"@context":"https:\/\/schema.org","@graph":[{"@type":"WebPage","@id":"https:\/\/foliobooks.pl\/en\/shop\/baden-baden-the-hidden-motor-city\/","url":"https:\/\/foliobooks.pl\/en\/shop\/baden-baden-the-hidden-motor-city\/","name":"Baden-Baden. The Hidden Motor City (Roland Seiter) - book \/ album - Folio","isPartOf":{"@id":"https:\/\/foliobooks.pl\/en\/#website"},"primaryImageOfPage":{"@id":"https:\/\/foliobooks.pl\/en\/shop\/baden-baden-the-hidden-motor-city\/#primaryimage"},"image":{"@id":"https:\/\/foliobooks.pl\/en\/shop\/baden-baden-the-hidden-motor-city\/#primaryimage"},"thumbnailUrl":"https:\/\/foliobooks.pl\/wp-content\/uploads\/2025\/03\/9783961716692.png","datePublished":"2025-03-19T09:42:08+00:00","description":"Wejd\u017a i kup ksi\u0105\u017ck\u0119 Baden-Baden. The Hidden Motor City autorstwa Roland Seiter wydan\u0105 przez teNeues (2025-04-01) w formacie 23,5 x 29,9 cm (ISBN: ). Zapraszamy!","breadcrumb":{"@id":"https:\/\/foliobooks.pl\/en\/shop\/baden-baden-the-hidden-motor-city\/#breadcrumb"},"inLanguage":"en-US","potentialAction":[{"@type":"ReadAction","target":["https:\/\/foliobooks.pl\/en\/shop\/baden-baden-the-hidden-motor-city\/"]}]},{"@type":"ImageObject","inLanguage":"en-US","@id":"https:\/\/foliobooks.pl\/en\/shop\/baden-baden-the-hidden-motor-city\/#primaryimage","url":"https:\/\/foliobooks.pl\/wp-content\/uploads\/2025\/03\/9783961716692.png","contentUrl":"https:\/\/foliobooks.pl\/wp-content\/uploads\/2025\/03\/9783961716692.png","width":570,"height":708},{"@type":"BreadcrumbList","@id":"https:\/\/foliobooks.pl\/en\/shop\/baden-baden-the-hidden-motor-city\/#breadcrumb","itemListElement":[{"@type":"ListItem","position":1,"name":"Strona g\u0142\u00f3wna","item":"https:\/\/foliobooks.pl\/en\/"},{"@type":"ListItem","position":2,"name":"Shop","item":"https:\/\/foliobooks.pl\/en\/shop\/"},{"@type":"ListItem","position":3,"name":"Baden-Baden. The Hidden Motor City"}]},{"@type":"WebSite","@id":"https:\/\/foliobooks.pl\/en\/#website","url":"https:\/\/foliobooks.pl\/en\/","name":"Folio","description":"Ksi\u0119garnia internetowa","potentialAction":[{"@type":"SearchAction","target":{"@type":"EntryPoint","urlTemplate":"https:\/\/foliobooks.pl\/en\/?s={search_term_string}"},"query-input":{"@type":"PropertyValueSpecification","valueRequired":true,"valueName":"search_term_string"}}],"inLanguage":"en-US"}]}},"_links":{"self":[{"href":"https:\/\/foliobooks.pl\/en\/wp-json\/wp\/v2\/product\/105788","targetHints":{"allow":["GET"]}}],"collection":[{"href":"https:\/\/foliobooks.pl\/en\/wp-json\/wp\/v2\/product"}],"about":[{"href":"https:\/\/foliobooks.pl\/en\/wp-json\/wp\/v2\/types\/product"}],"replies":[{"embeddable":true,"href":"https:\/\/foliobooks.pl\/en\/wp-json\/wp\/v2\/comments?post=105788"}],"wp:featuredmedia":[{"embeddable":true,"href":"https:\/\/foliobooks.pl\/en\/wp-json\/wp\/v2\/media\/105771"}],"wp:attachment":[{"href":"https:\/\/foliobooks.pl\/en\/wp-json\/wp\/v2\/media?parent=105788"}],"wp:term":[{"taxonomy":"product_brand","embeddable":true,"href":"https:\/\/foliobooks.pl\/en\/wp-json\/wp\/v2\/product_brand?post=105788"},{"taxonomy":"product_cat","embeddable":true,"href":"https:\/\/foliobooks.pl\/en\/wp-json\/wp\/v2\/product_cat?post=105788"},{"taxonomy":"product_tag","embeddable":true,"href":"https:\/\/foliobooks.pl\/en\/wp-json\/wp\/v2\/product_tag?post=105788"}],"curies":[{"name":"wp","href":"https:\/\/api.w.org\/{rel}","templated":true}]}}