{"id":105745,"date":"2025-03-04T15:27:47","date_gmt":"2025-03-04T14:27:47","guid":{"rendered":"https:\/\/foliobooks.pl\/sklep\/timeless-classics\/"},"modified":"2025-03-04T15:27:47","modified_gmt":"2025-03-04T14:27:47","slug":"timeless-classics","status":"publish","type":"product","link":"https:\/\/foliobooks.pl\/en\/shop\/timeless-classics\/","title":{"rendered":"Timeless Classics"},"content":{"rendered":"<p><span class=\"a-text-bold\">A finely illustrated survey of modern dress watches that presents how this genre has evolved, aimed at discerning readers who love fine mechanical formal timepieces.<\/span><\/p>\n<p>In the world of horology, many trends are transient, but dress-style watches have always appealed to a broad demographic and never seems to go out of style.\u00a0Movie idols of the silver screen, for example, wore elegant timepieces that perfectly complement modern ultra-fitted tailoring today.<\/p>\n<p><span class=\"a-text-italic\">Timeless Classics<\/span>\u00a0features numerous modern interpretations from this watch genre that illustrate exceptional design merit. Written by a well-known style and design author and blogger, this book illustrates how dress watches have evolved, and includes selections from the large and well-known watch brands like LVMH, Richemont, Swatch, and more, as well as several smaller microbrands and world exclusives. Trends in watch materials, from the more traditional gold, steel, and silver, to the more contemporary choices of bronze, carbon, and even sapphire crystal are showcased.\u00a0Professionally stylized photography accentuates the best features of each timepiece.<\/p>\n<p><span class=\"a-text-italic\">Timeless Classics<\/span>\u00a0is a must have book for appreciators of fine horology, and for the shelves and coffee tables of any watch collecetor or enthusiast.<\/p>\n","protected":false},"excerpt":{"rendered":"<p>A finely illustrated survey of modern dress watches that presents how this genre has evolved, aimed at discerning readers who love fine mechanical formal timepieces. In the world of horology, many trends are transient, but dress-style watches have always appealed to a broad demographic and never seems to go out of style.\u00a0Movie idols of the&#8230;<\/p>\n","protected":false},"featured_media":105734,"comment_status":"closed","ping_status":"closed","template":"","meta":[],"product_brand":[],"product_cat":[13533,4519],"product_tag":[12010],"class_list":{"0":"post-105745","1":"product","2":"type-product","3":"status-publish","4":"has-post-thumbnail","6":"product_cat-books","7":"product_cat-fashion-en-en","8":"product_tag-watches-en","9":"pa_author_att-steve-huyton-en","10":"pa_cover-hardcover","11":"pa_format-226-x-294-cm-en","12":"pa_isbn-9780764368455-en","13":"pa_language-eng","14":"pa_pages-192-en","15":"pa_published-2024-11-21-en","16":"pa_publisher-schiffer-en","18":"first","19":"instock","20":"sold-individually","21":"shipping-taxable","22":"purchasable","23":"product-type-simple"},"yoast_head":"<!-- This site is optimized with the Yoast SEO plugin v27.4 - https:\/\/yoast.com\/product\/yoast-seo-wordpress\/ -->\n<title>Timeless Classics (Steve Huyton) - book \/ album - Folio<\/title>\n<meta name=\"description\" content=\"Wejd\u017a i kup ksi\u0105\u017ck\u0119 Timeless Classics autorstwa Steve Huyton wydan\u0105 przez Schiffer (2024-11-21) w formacie 22,6 x 29,4 cm (ISBN: 9780764368455). Zapraszamy!\" \/>\n<meta name=\"robots\" content=\"index, follow, max-snippet:-1, max-image-preview:large, max-video-preview:-1\" \/>\n<link rel=\"canonical\" href=\"https:\/\/foliobooks.pl\/en\/shop\/timeless-classics\/\" \/>\n<meta property=\"og:locale\" content=\"en_US\" \/>\n<meta property=\"og:type\" content=\"article\" \/>\n<meta property=\"og:title\" content=\"Timeless Classics (Steve Huyton) - book \/ album - Folio\" \/>\n<meta property=\"og:description\" content=\"Wejd\u017a i kup ksi\u0105\u017ck\u0119 Timeless Classics autorstwa Steve Huyton wydan\u0105 przez Schiffer (2024-11-21) w formacie 22,6 x 29,4 cm (ISBN: 9780764368455). Zapraszamy!\" \/>\n<meta property=\"og:url\" content=\"https:\/\/foliobooks.pl\/en\/shop\/timeless-classics\/\" \/>\n<meta property=\"og:site_name\" content=\"Folio\" \/>\n<meta property=\"og:image\" content=\"https:\/\/foliobooks.pl\/wp-content\/uploads\/2025\/03\/9780764368455.png\" \/>\n\t<meta property=\"og:image:width\" content=\"570\" \/>\n\t<meta property=\"og:image:height\" content=\"708\" \/>\n\t<meta property=\"og:image:type\" content=\"image\/png\" \/>\n<meta name=\"twitter:card\" content=\"summary_large_image\" \/>\n<meta name=\"twitter:label1\" content=\"Est. reading time\" \/>\n\t<meta name=\"twitter:data1\" content=\"2 minutes\" \/>\n<script type=\"application\/ld+json\" class=\"yoast-schema-graph\">{\"@context\":\"https:\\\/\\\/schema.org\",\"@graph\":[{\"@type\":\"WebPage\",\"@id\":\"https:\\\/\\\/foliobooks.pl\\\/en\\\/shop\\\/timeless-classics\\\/\",\"url\":\"https:\\\/\\\/foliobooks.pl\\\/en\\\/shop\\\/timeless-classics\\\/\",\"name\":\"Timeless Classics (Steve Huyton) - book \\\/ album - Folio\",\"isPartOf\":{\"@id\":\"https:\\\/\\\/foliobooks.pl\\\/en\\\/#website\"},\"primaryImageOfPage\":{\"@id\":\"https:\\\/\\\/foliobooks.pl\\\/en\\\/shop\\\/timeless-classics\\\/#primaryimage\"},\"image\":{\"@id\":\"https:\\\/\\\/foliobooks.pl\\\/en\\\/shop\\\/timeless-classics\\\/#primaryimage\"},\"thumbnailUrl\":\"https:\\\/\\\/foliobooks.pl\\\/wp-content\\\/uploads\\\/2025\\\/03\\\/9780764368455.png\",\"datePublished\":\"2025-03-04T14:27:47+00:00\",\"description\":\"Wejd\u017a i kup ksi\u0105\u017ck\u0119 Timeless Classics autorstwa Steve Huyton wydan\u0105 przez Schiffer (2024-11-21) w formacie 22,6 x 29,4 cm (ISBN: 9780764368455). Zapraszamy!\",\"breadcrumb\":{\"@id\":\"https:\\\/\\\/foliobooks.pl\\\/en\\\/shop\\\/timeless-classics\\\/#breadcrumb\"},\"inLanguage\":\"en-US\",\"potentialAction\":[{\"@type\":\"ReadAction\",\"target\":[\"https:\\\/\\\/foliobooks.pl\\\/en\\\/shop\\\/timeless-classics\\\/\"]}]},{\"@type\":\"ImageObject\",\"inLanguage\":\"en-US\",\"@id\":\"https:\\\/\\\/foliobooks.pl\\\/en\\\/shop\\\/timeless-classics\\\/#primaryimage\",\"url\":\"https:\\\/\\\/foliobooks.pl\\\/wp-content\\\/uploads\\\/2025\\\/03\\\/9780764368455.png\",\"contentUrl\":\"https:\\\/\\\/foliobooks.pl\\\/wp-content\\\/uploads\\\/2025\\\/03\\\/9780764368455.png\",\"width\":570,\"height\":708},{\"@type\":\"BreadcrumbList\",\"@id\":\"https:\\\/\\\/foliobooks.pl\\\/en\\\/shop\\\/timeless-classics\\\/#breadcrumb\",\"itemListElement\":[{\"@type\":\"ListItem\",\"position\":1,\"name\":\"Strona g\u0142\u00f3wna\",\"item\":\"https:\\\/\\\/foliobooks.pl\\\/en\\\/\"},{\"@type\":\"ListItem\",\"position\":2,\"name\":\"Shop\",\"item\":\"https:\\\/\\\/foliobooks.pl\\\/en\\\/shop\\\/\"},{\"@type\":\"ListItem\",\"position\":3,\"name\":\"Timeless Classics\"}]},{\"@type\":\"WebSite\",\"@id\":\"https:\\\/\\\/foliobooks.pl\\\/en\\\/#website\",\"url\":\"https:\\\/\\\/foliobooks.pl\\\/en\\\/\",\"name\":\"Folio\",\"description\":\"Ksi\u0119garnia internetowa\",\"potentialAction\":[{\"@type\":\"SearchAction\",\"target\":{\"@type\":\"EntryPoint\",\"urlTemplate\":\"https:\\\/\\\/foliobooks.pl\\\/en\\\/?s={search_term_string}\"},\"query-input\":{\"@type\":\"PropertyValueSpecification\",\"valueRequired\":true,\"valueName\":\"search_term_string\"}}],\"inLanguage\":\"en-US\"}]}<\/script>\n<!-- \/ Yoast SEO plugin. -->","yoast_head_json":{"title":"Timeless Classics (Steve Huyton) - book \/ album - Folio","description":"Wejd\u017a i kup ksi\u0105\u017ck\u0119 Timeless Classics autorstwa Steve Huyton wydan\u0105 przez Schiffer (2024-11-21) w formacie 22,6 x 29,4 cm (ISBN: 9780764368455). Zapraszamy!","robots":{"index":"index","follow":"follow","max-snippet":"max-snippet:-1","max-image-preview":"max-image-preview:large","max-video-preview":"max-video-preview:-1"},"canonical":"https:\/\/foliobooks.pl\/en\/shop\/timeless-classics\/","og_locale":"en_US","og_type":"article","og_title":"Timeless Classics (Steve Huyton) - book \/ album - Folio","og_description":"Wejd\u017a i kup ksi\u0105\u017ck\u0119 Timeless Classics autorstwa Steve Huyton wydan\u0105 przez Schiffer (2024-11-21) w formacie 22,6 x 29,4 cm (ISBN: 9780764368455). Zapraszamy!","og_url":"https:\/\/foliobooks.pl\/en\/shop\/timeless-classics\/","og_site_name":"Folio","og_image":[{"width":570,"height":708,"url":"https:\/\/foliobooks.pl\/wp-content\/uploads\/2025\/03\/9780764368455.png","type":"image\/png"}],"twitter_card":"summary_large_image","twitter_misc":{"Est. reading time":"2 minutes"},"schema":{"@context":"https:\/\/schema.org","@graph":[{"@type":"WebPage","@id":"https:\/\/foliobooks.pl\/en\/shop\/timeless-classics\/","url":"https:\/\/foliobooks.pl\/en\/shop\/timeless-classics\/","name":"Timeless Classics (Steve Huyton) - book \/ album - Folio","isPartOf":{"@id":"https:\/\/foliobooks.pl\/en\/#website"},"primaryImageOfPage":{"@id":"https:\/\/foliobooks.pl\/en\/shop\/timeless-classics\/#primaryimage"},"image":{"@id":"https:\/\/foliobooks.pl\/en\/shop\/timeless-classics\/#primaryimage"},"thumbnailUrl":"https:\/\/foliobooks.pl\/wp-content\/uploads\/2025\/03\/9780764368455.png","datePublished":"2025-03-04T14:27:47+00:00","description":"Wejd\u017a i kup ksi\u0105\u017ck\u0119 Timeless Classics autorstwa Steve Huyton wydan\u0105 przez Schiffer (2024-11-21) w formacie 22,6 x 29,4 cm (ISBN: 9780764368455). Zapraszamy!","breadcrumb":{"@id":"https:\/\/foliobooks.pl\/en\/shop\/timeless-classics\/#breadcrumb"},"inLanguage":"en-US","potentialAction":[{"@type":"ReadAction","target":["https:\/\/foliobooks.pl\/en\/shop\/timeless-classics\/"]}]},{"@type":"ImageObject","inLanguage":"en-US","@id":"https:\/\/foliobooks.pl\/en\/shop\/timeless-classics\/#primaryimage","url":"https:\/\/foliobooks.pl\/wp-content\/uploads\/2025\/03\/9780764368455.png","contentUrl":"https:\/\/foliobooks.pl\/wp-content\/uploads\/2025\/03\/9780764368455.png","width":570,"height":708},{"@type":"BreadcrumbList","@id":"https:\/\/foliobooks.pl\/en\/shop\/timeless-classics\/#breadcrumb","itemListElement":[{"@type":"ListItem","position":1,"name":"Strona g\u0142\u00f3wna","item":"https:\/\/foliobooks.pl\/en\/"},{"@type":"ListItem","position":2,"name":"Shop","item":"https:\/\/foliobooks.pl\/en\/shop\/"},{"@type":"ListItem","position":3,"name":"Timeless Classics"}]},{"@type":"WebSite","@id":"https:\/\/foliobooks.pl\/en\/#website","url":"https:\/\/foliobooks.pl\/en\/","name":"Folio","description":"Ksi\u0119garnia internetowa","potentialAction":[{"@type":"SearchAction","target":{"@type":"EntryPoint","urlTemplate":"https:\/\/foliobooks.pl\/en\/?s={search_term_string}"},"query-input":{"@type":"PropertyValueSpecification","valueRequired":true,"valueName":"search_term_string"}}],"inLanguage":"en-US"}]}},"_links":{"self":[{"href":"https:\/\/foliobooks.pl\/en\/wp-json\/wp\/v2\/product\/105745","targetHints":{"allow":["GET"]}}],"collection":[{"href":"https:\/\/foliobooks.pl\/en\/wp-json\/wp\/v2\/product"}],"about":[{"href":"https:\/\/foliobooks.pl\/en\/wp-json\/wp\/v2\/types\/product"}],"replies":[{"embeddable":true,"href":"https:\/\/foliobooks.pl\/en\/wp-json\/wp\/v2\/comments?post=105745"}],"wp:featuredmedia":[{"embeddable":true,"href":"https:\/\/foliobooks.pl\/en\/wp-json\/wp\/v2\/media\/105734"}],"wp:attachment":[{"href":"https:\/\/foliobooks.pl\/en\/wp-json\/wp\/v2\/media?parent=105745"}],"wp:term":[{"taxonomy":"product_brand","embeddable":true,"href":"https:\/\/foliobooks.pl\/en\/wp-json\/wp\/v2\/product_brand?post=105745"},{"taxonomy":"product_cat","embeddable":true,"href":"https:\/\/foliobooks.pl\/en\/wp-json\/wp\/v2\/product_cat?post=105745"},{"taxonomy":"product_tag","embeddable":true,"href":"https:\/\/foliobooks.pl\/en\/wp-json\/wp\/v2\/product_tag?post=105745"}],"curies":[{"name":"wp","href":"https:\/\/api.w.org\/{rel}","templated":true}]}}