{"id":105725,"date":"2025-03-04T14:51:17","date_gmt":"2025-03-04T13:51:17","guid":{"rendered":"https:\/\/foliobooks.pl\/sklep\/rio-de-janeiro-viva\/"},"modified":"2026-01-16T03:41:23","modified_gmt":"2026-01-16T02:41:23","slug":"rio-de-janeiro-viva","status":"publish","type":"product","link":"https:\/\/foliobooks.pl\/en\/shop\/rio-de-janeiro-viva\/","title":{"rendered":"Rio De Janeiro Viva"},"content":{"rendered":"<p>Bruno Astuto was the author of In the Spirit of Rio. His professional endeavors and contributions highlight a dynamic segment of Brazilian media, dedicated to art, culture, style and fashion. From capoeira to soccer, and samba to bike riding, Rio is a hyperactive city to say the least. Arms outstretched, gaze slightly downward, covered in millions of soapstone tiles, and placed atop a pedestal, Christ the Redeemer stands watch over Rio de Janeiro from its perch on Corcovado. With Brazil\u2019s Guanabara Bay in the distance, the statue keeps an eye on the fabled beaches on Opanema and Copacabana. The energy of Rio is palpable during the numerous celebrations and events that have taken place in the city, including the Summer Olympics, two World Cups, Carnival, and more. Rio de Janeiro is home to the expressive dance of the Samba\u2014perfectly embodying the high-tempo rhythms of the city.<\/p>\n","protected":false},"excerpt":{"rendered":"<p>Bruno Astuto was the author of In the Spirit of Rio. His professional endeavors and contributions highlight a dynamic segment of Brazilian media, dedicated to art, culture, style and fashion. From capoeira to soccer, and samba to bike riding, Rio is a hyperactive city to say the least. Arms outstretched, gaze slightly downward, covered in&#8230;<\/p>\n","protected":false},"featured_media":105712,"comment_status":"closed","ping_status":"closed","template":"","meta":[],"product_brand":[],"product_cat":[13533,4517],"product_tag":[156],"class_list":{"0":"post-105725","1":"product","2":"type-product","3":"status-publish","4":"has-post-thumbnail","6":"product_cat-books","7":"product_cat-photography-en","8":"product_tag-travel","9":"pa_author_att-bruno-astuto-en","10":"pa_cover-hardcover","11":"pa_format-254-x-33-cm-en","12":"pa_isbn-9781649804358-en","13":"pa_language-eng","14":"pa_pages-290-en","15":"pa_published-2025-02-01-en","16":"pa_publisher-assouline-en","18":"first","19":"instock","20":"sale","21":"sold-individually","22":"shipping-taxable","23":"purchasable","24":"product-type-simple"},"yoast_head":"<!-- This site is optimized with the Yoast SEO plugin v27.4 - https:\/\/yoast.com\/product\/yoast-seo-wordpress\/ -->\n<title>Rio De Janeiro Viva (Bruno Astuto) - book \/ album - Folio<\/title>\n<meta name=\"description\" content=\"Wejd\u017a i kup ksi\u0105\u017ck\u0119 Rio De Janeiro Viva autorstwa Bruno Astuto wydan\u0105 przez Assouline (2025-02-01) w formacie 25,4 x 33 cm (ISBN: 9781649804358). Zapraszamy!\" \/>\n<meta name=\"robots\" content=\"index, follow, max-snippet:-1, max-image-preview:large, max-video-preview:-1\" \/>\n<link rel=\"canonical\" href=\"https:\/\/foliobooks.pl\/en\/shop\/rio-de-janeiro-viva\/\" \/>\n<meta property=\"og:locale\" content=\"en_US\" \/>\n<meta property=\"og:type\" content=\"article\" \/>\n<meta property=\"og:title\" content=\"Rio De Janeiro Viva (Bruno Astuto) - book \/ album - Folio\" \/>\n<meta property=\"og:description\" content=\"Wejd\u017a i kup ksi\u0105\u017ck\u0119 Rio De Janeiro Viva autorstwa Bruno Astuto wydan\u0105 przez Assouline (2025-02-01) w formacie 25,4 x 33 cm (ISBN: 9781649804358). Zapraszamy!\" \/>\n<meta property=\"og:url\" content=\"https:\/\/foliobooks.pl\/en\/shop\/rio-de-janeiro-viva\/\" \/>\n<meta property=\"og:site_name\" content=\"Folio\" \/>\n<meta property=\"article:modified_time\" content=\"2026-01-16T02:41:23+00:00\" \/>\n<meta property=\"og:image\" content=\"https:\/\/foliobooks.pl\/wp-content\/uploads\/2025\/03\/9781649804358.png\" \/>\n\t<meta property=\"og:image:width\" content=\"570\" \/>\n\t<meta property=\"og:image:height\" content=\"708\" \/>\n\t<meta property=\"og:image:type\" content=\"image\/png\" \/>\n<meta name=\"twitter:card\" content=\"summary_large_image\" \/>\n<meta name=\"twitter:label1\" content=\"Est. reading time\" \/>\n\t<meta name=\"twitter:data1\" content=\"2 minutes\" \/>\n<script type=\"application\/ld+json\" class=\"yoast-schema-graph\">{\"@context\":\"https:\\\/\\\/schema.org\",\"@graph\":[{\"@type\":\"WebPage\",\"@id\":\"https:\\\/\\\/foliobooks.pl\\\/en\\\/shop\\\/rio-de-janeiro-viva\\\/\",\"url\":\"https:\\\/\\\/foliobooks.pl\\\/en\\\/shop\\\/rio-de-janeiro-viva\\\/\",\"name\":\"Rio De Janeiro Viva (Bruno Astuto) - book \\\/ album - Folio\",\"isPartOf\":{\"@id\":\"https:\\\/\\\/foliobooks.pl\\\/en\\\/#website\"},\"primaryImageOfPage\":{\"@id\":\"https:\\\/\\\/foliobooks.pl\\\/en\\\/shop\\\/rio-de-janeiro-viva\\\/#primaryimage\"},\"image\":{\"@id\":\"https:\\\/\\\/foliobooks.pl\\\/en\\\/shop\\\/rio-de-janeiro-viva\\\/#primaryimage\"},\"thumbnailUrl\":\"https:\\\/\\\/foliobooks.pl\\\/wp-content\\\/uploads\\\/2025\\\/03\\\/9781649804358.png\",\"datePublished\":\"2025-03-04T13:51:17+00:00\",\"dateModified\":\"2026-01-16T02:41:23+00:00\",\"description\":\"Wejd\u017a i kup ksi\u0105\u017ck\u0119 Rio De Janeiro Viva autorstwa Bruno Astuto wydan\u0105 przez Assouline (2025-02-01) w formacie 25,4 x 33 cm (ISBN: 9781649804358). Zapraszamy!\",\"breadcrumb\":{\"@id\":\"https:\\\/\\\/foliobooks.pl\\\/en\\\/shop\\\/rio-de-janeiro-viva\\\/#breadcrumb\"},\"inLanguage\":\"en-US\",\"potentialAction\":[{\"@type\":\"ReadAction\",\"target\":[\"https:\\\/\\\/foliobooks.pl\\\/en\\\/shop\\\/rio-de-janeiro-viva\\\/\"]}]},{\"@type\":\"ImageObject\",\"inLanguage\":\"en-US\",\"@id\":\"https:\\\/\\\/foliobooks.pl\\\/en\\\/shop\\\/rio-de-janeiro-viva\\\/#primaryimage\",\"url\":\"https:\\\/\\\/foliobooks.pl\\\/wp-content\\\/uploads\\\/2025\\\/03\\\/9781649804358.png\",\"contentUrl\":\"https:\\\/\\\/foliobooks.pl\\\/wp-content\\\/uploads\\\/2025\\\/03\\\/9781649804358.png\",\"width\":570,\"height\":708},{\"@type\":\"BreadcrumbList\",\"@id\":\"https:\\\/\\\/foliobooks.pl\\\/en\\\/shop\\\/rio-de-janeiro-viva\\\/#breadcrumb\",\"itemListElement\":[{\"@type\":\"ListItem\",\"position\":1,\"name\":\"Strona g\u0142\u00f3wna\",\"item\":\"https:\\\/\\\/foliobooks.pl\\\/en\\\/\"},{\"@type\":\"ListItem\",\"position\":2,\"name\":\"Shop\",\"item\":\"https:\\\/\\\/foliobooks.pl\\\/en\\\/shop\\\/\"},{\"@type\":\"ListItem\",\"position\":3,\"name\":\"Rio De Janeiro Viva\"}]},{\"@type\":\"WebSite\",\"@id\":\"https:\\\/\\\/foliobooks.pl\\\/en\\\/#website\",\"url\":\"https:\\\/\\\/foliobooks.pl\\\/en\\\/\",\"name\":\"Folio\",\"description\":\"Ksi\u0119garnia internetowa\",\"potentialAction\":[{\"@type\":\"SearchAction\",\"target\":{\"@type\":\"EntryPoint\",\"urlTemplate\":\"https:\\\/\\\/foliobooks.pl\\\/en\\\/?s={search_term_string}\"},\"query-input\":{\"@type\":\"PropertyValueSpecification\",\"valueRequired\":true,\"valueName\":\"search_term_string\"}}],\"inLanguage\":\"en-US\"}]}<\/script>\n<!-- \/ Yoast SEO plugin. -->","yoast_head_json":{"title":"Rio De Janeiro Viva (Bruno Astuto) - book \/ album - Folio","description":"Wejd\u017a i kup ksi\u0105\u017ck\u0119 Rio De Janeiro Viva autorstwa Bruno Astuto wydan\u0105 przez Assouline (2025-02-01) w formacie 25,4 x 33 cm (ISBN: 9781649804358). Zapraszamy!","robots":{"index":"index","follow":"follow","max-snippet":"max-snippet:-1","max-image-preview":"max-image-preview:large","max-video-preview":"max-video-preview:-1"},"canonical":"https:\/\/foliobooks.pl\/en\/shop\/rio-de-janeiro-viva\/","og_locale":"en_US","og_type":"article","og_title":"Rio De Janeiro Viva (Bruno Astuto) - book \/ album - Folio","og_description":"Wejd\u017a i kup ksi\u0105\u017ck\u0119 Rio De Janeiro Viva autorstwa Bruno Astuto wydan\u0105 przez Assouline (2025-02-01) w formacie 25,4 x 33 cm (ISBN: 9781649804358). Zapraszamy!","og_url":"https:\/\/foliobooks.pl\/en\/shop\/rio-de-janeiro-viva\/","og_site_name":"Folio","article_modified_time":"2026-01-16T02:41:23+00:00","og_image":[{"width":570,"height":708,"url":"https:\/\/foliobooks.pl\/wp-content\/uploads\/2025\/03\/9781649804358.png","type":"image\/png"}],"twitter_card":"summary_large_image","twitter_misc":{"Est. reading time":"2 minutes"},"schema":{"@context":"https:\/\/schema.org","@graph":[{"@type":"WebPage","@id":"https:\/\/foliobooks.pl\/en\/shop\/rio-de-janeiro-viva\/","url":"https:\/\/foliobooks.pl\/en\/shop\/rio-de-janeiro-viva\/","name":"Rio De Janeiro Viva (Bruno Astuto) - book \/ album - Folio","isPartOf":{"@id":"https:\/\/foliobooks.pl\/en\/#website"},"primaryImageOfPage":{"@id":"https:\/\/foliobooks.pl\/en\/shop\/rio-de-janeiro-viva\/#primaryimage"},"image":{"@id":"https:\/\/foliobooks.pl\/en\/shop\/rio-de-janeiro-viva\/#primaryimage"},"thumbnailUrl":"https:\/\/foliobooks.pl\/wp-content\/uploads\/2025\/03\/9781649804358.png","datePublished":"2025-03-04T13:51:17+00:00","dateModified":"2026-01-16T02:41:23+00:00","description":"Wejd\u017a i kup ksi\u0105\u017ck\u0119 Rio De Janeiro Viva autorstwa Bruno Astuto wydan\u0105 przez Assouline (2025-02-01) w formacie 25,4 x 33 cm (ISBN: 9781649804358). Zapraszamy!","breadcrumb":{"@id":"https:\/\/foliobooks.pl\/en\/shop\/rio-de-janeiro-viva\/#breadcrumb"},"inLanguage":"en-US","potentialAction":[{"@type":"ReadAction","target":["https:\/\/foliobooks.pl\/en\/shop\/rio-de-janeiro-viva\/"]}]},{"@type":"ImageObject","inLanguage":"en-US","@id":"https:\/\/foliobooks.pl\/en\/shop\/rio-de-janeiro-viva\/#primaryimage","url":"https:\/\/foliobooks.pl\/wp-content\/uploads\/2025\/03\/9781649804358.png","contentUrl":"https:\/\/foliobooks.pl\/wp-content\/uploads\/2025\/03\/9781649804358.png","width":570,"height":708},{"@type":"BreadcrumbList","@id":"https:\/\/foliobooks.pl\/en\/shop\/rio-de-janeiro-viva\/#breadcrumb","itemListElement":[{"@type":"ListItem","position":1,"name":"Strona g\u0142\u00f3wna","item":"https:\/\/foliobooks.pl\/en\/"},{"@type":"ListItem","position":2,"name":"Shop","item":"https:\/\/foliobooks.pl\/en\/shop\/"},{"@type":"ListItem","position":3,"name":"Rio De Janeiro Viva"}]},{"@type":"WebSite","@id":"https:\/\/foliobooks.pl\/en\/#website","url":"https:\/\/foliobooks.pl\/en\/","name":"Folio","description":"Ksi\u0119garnia internetowa","potentialAction":[{"@type":"SearchAction","target":{"@type":"EntryPoint","urlTemplate":"https:\/\/foliobooks.pl\/en\/?s={search_term_string}"},"query-input":{"@type":"PropertyValueSpecification","valueRequired":true,"valueName":"search_term_string"}}],"inLanguage":"en-US"}]}},"_links":{"self":[{"href":"https:\/\/foliobooks.pl\/en\/wp-json\/wp\/v2\/product\/105725","targetHints":{"allow":["GET"]}}],"collection":[{"href":"https:\/\/foliobooks.pl\/en\/wp-json\/wp\/v2\/product"}],"about":[{"href":"https:\/\/foliobooks.pl\/en\/wp-json\/wp\/v2\/types\/product"}],"replies":[{"embeddable":true,"href":"https:\/\/foliobooks.pl\/en\/wp-json\/wp\/v2\/comments?post=105725"}],"wp:featuredmedia":[{"embeddable":true,"href":"https:\/\/foliobooks.pl\/en\/wp-json\/wp\/v2\/media\/105712"}],"wp:attachment":[{"href":"https:\/\/foliobooks.pl\/en\/wp-json\/wp\/v2\/media?parent=105725"}],"wp:term":[{"taxonomy":"product_brand","embeddable":true,"href":"https:\/\/foliobooks.pl\/en\/wp-json\/wp\/v2\/product_brand?post=105725"},{"taxonomy":"product_cat","embeddable":true,"href":"https:\/\/foliobooks.pl\/en\/wp-json\/wp\/v2\/product_cat?post=105725"},{"taxonomy":"product_tag","embeddable":true,"href":"https:\/\/foliobooks.pl\/en\/wp-json\/wp\/v2\/product_tag?post=105725"}],"curies":[{"name":"wp","href":"https:\/\/api.w.org\/{rel}","templated":true}]}}