{"id":105708,"date":"2025-03-04T14:17:32","date_gmt":"2025-03-04T13:17:32","guid":{"rendered":"https:\/\/foliobooks.pl\/sklep\/paris-city-of-pearls\/"},"modified":"2025-03-04T14:17:32","modified_gmt":"2025-03-04T13:17:32","slug":"paris-city-of-pearls","status":"publish","type":"product","link":"https:\/\/foliobooks.pl\/en\/shop\/paris-city-of-pearls\/","title":{"rendered":"Paris, City of Pearls"},"content":{"rendered":"<p>If Paul L\u00e9vi and Jean-Paul Poirot are to be believed, rue Lafayette, which has been home to the majority of Parisian gem dealers since the 19th century, is thought to have been home to almost 300 fine pearl merchants between the two world wars, between numbers 1 and 100. The sheer size of this number is striking when compared with the current state of the fine pearl market, both within the capital and worldwide. As well as unraveling the final mysteries surrounding this biomineral, the main aim is to show the extent to which pearls inspired Parisian jewelers and artists of all kinds, both young and old. They all seem to have been driven by the same pearlomania, whatever their medium, from opera to cinema, painting, photography, posters or illustrated books, to the point of making the pearl one of the symbolic forms of the Roaring Twenties. Text in English and French<\/p>\n","protected":false},"excerpt":{"rendered":"<p>If Paul L\u00e9vi and Jean-Paul Poirot are to be believed, rue Lafayette, which has been home to the majority of Parisian gem dealers since the 19th century, is thought to have been home to almost 300 fine pearl merchants between the two world wars, between numbers 1 and 100. The sheer size of this number&#8230;<\/p>\n","protected":false},"featured_media":105707,"comment_status":"closed","ping_status":"closed","template":"","meta":[],"product_brand":[],"product_cat":[13533,4519,4517],"product_tag":[522],"class_list":{"0":"post-105708","1":"product","2":"type-product","3":"status-publish","4":"has-post-thumbnail","6":"product_cat-books","7":"product_cat-fashion-en-en","8":"product_cat-photography-en","9":"product_tag-jewelry-en","10":"pa_author_att-leonard-pouy-en","11":"pa_cover-hardcover","12":"pa_format-228-x-287-cm-en","13":"pa_isbn-9782376660934-en","14":"pa_language-eng","15":"pa_pages-224-2-en","16":"pa_published-2024-11-15-en","17":"pa_publisher-norma-en","19":"first","20":"instock","21":"sold-individually","22":"shipping-taxable","23":"purchasable","24":"product-type-simple"},"yoast_head":"<!-- This site is optimized with the Yoast SEO plugin v27.4 - https:\/\/yoast.com\/product\/yoast-seo-wordpress\/ -->\n<title>Paris, City of Pearls (L\u00e9onard Pouy) - book \/ album - Folio<\/title>\n<meta name=\"description\" content=\"Wejd\u017a i kup ksi\u0105\u017ck\u0119 Paris, City of Pearls autorstwa L\u00e9onard Pouy wydan\u0105 przez Norma (2024-11-15) w formacie 22,8 x 28,7 cm (ISBN: 9782376660934). Zapraszamy!\" \/>\n<meta name=\"robots\" content=\"index, follow, max-snippet:-1, max-image-preview:large, max-video-preview:-1\" \/>\n<link rel=\"canonical\" href=\"https:\/\/foliobooks.pl\/en\/shop\/paris-city-of-pearls\/\" \/>\n<meta property=\"og:locale\" content=\"en_US\" \/>\n<meta property=\"og:type\" content=\"article\" \/>\n<meta property=\"og:title\" content=\"Paris, City of Pearls (L\u00e9onard Pouy) - book \/ album - Folio\" \/>\n<meta property=\"og:description\" content=\"Wejd\u017a i kup ksi\u0105\u017ck\u0119 Paris, City of Pearls autorstwa L\u00e9onard Pouy wydan\u0105 przez Norma (2024-11-15) w formacie 22,8 x 28,7 cm (ISBN: 9782376660934). Zapraszamy!\" \/>\n<meta property=\"og:url\" content=\"https:\/\/foliobooks.pl\/en\/shop\/paris-city-of-pearls\/\" \/>\n<meta property=\"og:site_name\" content=\"Folio\" \/>\n<meta property=\"og:image\" content=\"https:\/\/foliobooks.pl\/wp-content\/uploads\/2025\/03\/9782376660934.png\" \/>\n\t<meta property=\"og:image:width\" content=\"570\" \/>\n\t<meta property=\"og:image:height\" content=\"708\" \/>\n\t<meta property=\"og:image:type\" content=\"image\/png\" \/>\n<meta name=\"twitter:card\" content=\"summary_large_image\" \/>\n<meta name=\"twitter:label1\" content=\"Est. reading time\" \/>\n\t<meta name=\"twitter:data1\" content=\"2 minutes\" \/>\n<script type=\"application\/ld+json\" class=\"yoast-schema-graph\">{\"@context\":\"https:\\\/\\\/schema.org\",\"@graph\":[{\"@type\":\"WebPage\",\"@id\":\"https:\\\/\\\/foliobooks.pl\\\/en\\\/shop\\\/paris-city-of-pearls\\\/\",\"url\":\"https:\\\/\\\/foliobooks.pl\\\/en\\\/shop\\\/paris-city-of-pearls\\\/\",\"name\":\"Paris, City of Pearls (L\u00e9onard Pouy) - book \\\/ album - Folio\",\"isPartOf\":{\"@id\":\"https:\\\/\\\/foliobooks.pl\\\/en\\\/#website\"},\"primaryImageOfPage\":{\"@id\":\"https:\\\/\\\/foliobooks.pl\\\/en\\\/shop\\\/paris-city-of-pearls\\\/#primaryimage\"},\"image\":{\"@id\":\"https:\\\/\\\/foliobooks.pl\\\/en\\\/shop\\\/paris-city-of-pearls\\\/#primaryimage\"},\"thumbnailUrl\":\"https:\\\/\\\/foliobooks.pl\\\/wp-content\\\/uploads\\\/2025\\\/03\\\/9782376660934.png\",\"datePublished\":\"2025-03-04T13:17:32+00:00\",\"description\":\"Wejd\u017a i kup ksi\u0105\u017ck\u0119 Paris, City of Pearls autorstwa L\u00e9onard Pouy wydan\u0105 przez Norma (2024-11-15) w formacie 22,8 x 28,7 cm (ISBN: 9782376660934). Zapraszamy!\",\"breadcrumb\":{\"@id\":\"https:\\\/\\\/foliobooks.pl\\\/en\\\/shop\\\/paris-city-of-pearls\\\/#breadcrumb\"},\"inLanguage\":\"en-US\",\"potentialAction\":[{\"@type\":\"ReadAction\",\"target\":[\"https:\\\/\\\/foliobooks.pl\\\/en\\\/shop\\\/paris-city-of-pearls\\\/\"]}]},{\"@type\":\"ImageObject\",\"inLanguage\":\"en-US\",\"@id\":\"https:\\\/\\\/foliobooks.pl\\\/en\\\/shop\\\/paris-city-of-pearls\\\/#primaryimage\",\"url\":\"https:\\\/\\\/foliobooks.pl\\\/wp-content\\\/uploads\\\/2025\\\/03\\\/9782376660934.png\",\"contentUrl\":\"https:\\\/\\\/foliobooks.pl\\\/wp-content\\\/uploads\\\/2025\\\/03\\\/9782376660934.png\",\"width\":570,\"height\":708},{\"@type\":\"BreadcrumbList\",\"@id\":\"https:\\\/\\\/foliobooks.pl\\\/en\\\/shop\\\/paris-city-of-pearls\\\/#breadcrumb\",\"itemListElement\":[{\"@type\":\"ListItem\",\"position\":1,\"name\":\"Strona g\u0142\u00f3wna\",\"item\":\"https:\\\/\\\/foliobooks.pl\\\/en\\\/\"},{\"@type\":\"ListItem\",\"position\":2,\"name\":\"Shop\",\"item\":\"https:\\\/\\\/foliobooks.pl\\\/en\\\/shop\\\/\"},{\"@type\":\"ListItem\",\"position\":3,\"name\":\"Paris, City of Pearls\"}]},{\"@type\":\"WebSite\",\"@id\":\"https:\\\/\\\/foliobooks.pl\\\/en\\\/#website\",\"url\":\"https:\\\/\\\/foliobooks.pl\\\/en\\\/\",\"name\":\"Folio\",\"description\":\"Ksi\u0119garnia internetowa\",\"potentialAction\":[{\"@type\":\"SearchAction\",\"target\":{\"@type\":\"EntryPoint\",\"urlTemplate\":\"https:\\\/\\\/foliobooks.pl\\\/en\\\/?s={search_term_string}\"},\"query-input\":{\"@type\":\"PropertyValueSpecification\",\"valueRequired\":true,\"valueName\":\"search_term_string\"}}],\"inLanguage\":\"en-US\"}]}<\/script>\n<!-- \/ Yoast SEO plugin. -->","yoast_head_json":{"title":"Paris, City of Pearls (L\u00e9onard Pouy) - book \/ album - Folio","description":"Wejd\u017a i kup ksi\u0105\u017ck\u0119 Paris, City of Pearls autorstwa L\u00e9onard Pouy wydan\u0105 przez Norma (2024-11-15) w formacie 22,8 x 28,7 cm (ISBN: 9782376660934). Zapraszamy!","robots":{"index":"index","follow":"follow","max-snippet":"max-snippet:-1","max-image-preview":"max-image-preview:large","max-video-preview":"max-video-preview:-1"},"canonical":"https:\/\/foliobooks.pl\/en\/shop\/paris-city-of-pearls\/","og_locale":"en_US","og_type":"article","og_title":"Paris, City of Pearls (L\u00e9onard Pouy) - book \/ album - Folio","og_description":"Wejd\u017a i kup ksi\u0105\u017ck\u0119 Paris, City of Pearls autorstwa L\u00e9onard Pouy wydan\u0105 przez Norma (2024-11-15) w formacie 22,8 x 28,7 cm (ISBN: 9782376660934). Zapraszamy!","og_url":"https:\/\/foliobooks.pl\/en\/shop\/paris-city-of-pearls\/","og_site_name":"Folio","og_image":[{"width":570,"height":708,"url":"https:\/\/foliobooks.pl\/wp-content\/uploads\/2025\/03\/9782376660934.png","type":"image\/png"}],"twitter_card":"summary_large_image","twitter_misc":{"Est. reading time":"2 minutes"},"schema":{"@context":"https:\/\/schema.org","@graph":[{"@type":"WebPage","@id":"https:\/\/foliobooks.pl\/en\/shop\/paris-city-of-pearls\/","url":"https:\/\/foliobooks.pl\/en\/shop\/paris-city-of-pearls\/","name":"Paris, City of Pearls (L\u00e9onard Pouy) - book \/ album - Folio","isPartOf":{"@id":"https:\/\/foliobooks.pl\/en\/#website"},"primaryImageOfPage":{"@id":"https:\/\/foliobooks.pl\/en\/shop\/paris-city-of-pearls\/#primaryimage"},"image":{"@id":"https:\/\/foliobooks.pl\/en\/shop\/paris-city-of-pearls\/#primaryimage"},"thumbnailUrl":"https:\/\/foliobooks.pl\/wp-content\/uploads\/2025\/03\/9782376660934.png","datePublished":"2025-03-04T13:17:32+00:00","description":"Wejd\u017a i kup ksi\u0105\u017ck\u0119 Paris, City of Pearls autorstwa L\u00e9onard Pouy wydan\u0105 przez Norma (2024-11-15) w formacie 22,8 x 28,7 cm (ISBN: 9782376660934). Zapraszamy!","breadcrumb":{"@id":"https:\/\/foliobooks.pl\/en\/shop\/paris-city-of-pearls\/#breadcrumb"},"inLanguage":"en-US","potentialAction":[{"@type":"ReadAction","target":["https:\/\/foliobooks.pl\/en\/shop\/paris-city-of-pearls\/"]}]},{"@type":"ImageObject","inLanguage":"en-US","@id":"https:\/\/foliobooks.pl\/en\/shop\/paris-city-of-pearls\/#primaryimage","url":"https:\/\/foliobooks.pl\/wp-content\/uploads\/2025\/03\/9782376660934.png","contentUrl":"https:\/\/foliobooks.pl\/wp-content\/uploads\/2025\/03\/9782376660934.png","width":570,"height":708},{"@type":"BreadcrumbList","@id":"https:\/\/foliobooks.pl\/en\/shop\/paris-city-of-pearls\/#breadcrumb","itemListElement":[{"@type":"ListItem","position":1,"name":"Strona g\u0142\u00f3wna","item":"https:\/\/foliobooks.pl\/en\/"},{"@type":"ListItem","position":2,"name":"Shop","item":"https:\/\/foliobooks.pl\/en\/shop\/"},{"@type":"ListItem","position":3,"name":"Paris, City of Pearls"}]},{"@type":"WebSite","@id":"https:\/\/foliobooks.pl\/en\/#website","url":"https:\/\/foliobooks.pl\/en\/","name":"Folio","description":"Ksi\u0119garnia internetowa","potentialAction":[{"@type":"SearchAction","target":{"@type":"EntryPoint","urlTemplate":"https:\/\/foliobooks.pl\/en\/?s={search_term_string}"},"query-input":{"@type":"PropertyValueSpecification","valueRequired":true,"valueName":"search_term_string"}}],"inLanguage":"en-US"}]}},"_links":{"self":[{"href":"https:\/\/foliobooks.pl\/en\/wp-json\/wp\/v2\/product\/105708","targetHints":{"allow":["GET"]}}],"collection":[{"href":"https:\/\/foliobooks.pl\/en\/wp-json\/wp\/v2\/product"}],"about":[{"href":"https:\/\/foliobooks.pl\/en\/wp-json\/wp\/v2\/types\/product"}],"replies":[{"embeddable":true,"href":"https:\/\/foliobooks.pl\/en\/wp-json\/wp\/v2\/comments?post=105708"}],"wp:featuredmedia":[{"embeddable":true,"href":"https:\/\/foliobooks.pl\/en\/wp-json\/wp\/v2\/media\/105707"}],"wp:attachment":[{"href":"https:\/\/foliobooks.pl\/en\/wp-json\/wp\/v2\/media?parent=105708"}],"wp:term":[{"taxonomy":"product_brand","embeddable":true,"href":"https:\/\/foliobooks.pl\/en\/wp-json\/wp\/v2\/product_brand?post=105708"},{"taxonomy":"product_cat","embeddable":true,"href":"https:\/\/foliobooks.pl\/en\/wp-json\/wp\/v2\/product_cat?post=105708"},{"taxonomy":"product_tag","embeddable":true,"href":"https:\/\/foliobooks.pl\/en\/wp-json\/wp\/v2\/product_tag?post=105708"}],"curies":[{"name":"wp","href":"https:\/\/api.w.org\/{rel}","templated":true}]}}