{"id":105687,"date":"2025-03-04T12:24:39","date_gmt":"2025-03-04T11:24:39","guid":{"rendered":"https:\/\/foliobooks.pl\/sklep\/monica-by-dolcegabbana\/"},"modified":"2025-08-19T14:34:35","modified_gmt":"2025-08-19T12:34:35","slug":"monica-by-dolcegabbana","status":"publish","type":"product","link":"https:\/\/foliobooks.pl\/en\/shop\/monica-by-dolcegabbana\/","title":{"rendered":"Monica by Dolce&#038;Gabbana"},"content":{"rendered":"<p><span class=\"a-text-bold\">For Dolce&amp;Gabbana, Monica Bellucci embodies the dream of la dolce vita. This book tells the story of a diva and her unique style.<\/span><\/p>\n<p>Monica Bellucci and Dolce&amp;Gabbana have an unbreakable bond. Their first meeting took place during a casting session for a fashion show, when it was love at first sight. Since then, the muse has continued to inspire the two designers, who are now paying their respects to her wholly Italian sensuality, beauty, and charisma in this volume. The unique style of the contemporary diva is presented in a large-format photo book, as a celebration of the career and beauty of the model, actress, and woman.<\/p>\n<p>Babeth Djian, editor of the French magazine\u00a0<span class=\"a-text-italic\">Num\u00e9ro<\/span>, has curated the art direction of the volume; Jean-Baptiste Mondino has created 12 wonderful portraits of Monica specifically for this project, which will be accompanied by the advertising campaigns, editorials, and most iconic shots in which she posed for the great masters of photography. Two previously unpublished interviews with Monica Bellucci and Domenico Dolce and Stefano Gabbana seal this indissoluble connection forever.<\/p>\n","protected":false},"excerpt":{"rendered":"<p>For Dolce&amp;Gabbana, Monica Bellucci embodies the dream of la dolce vita. This book tells the story of a diva and her unique style. Monica Bellucci and Dolce&amp;Gabbana have an unbreakable bond. Their first meeting took place during a casting session for a fashion show, when it was love at first sight. Since then, the muse&#8230;<\/p>\n","protected":false},"featured_media":105686,"comment_status":"closed","ping_status":"closed","template":"","meta":[],"product_brand":[],"product_cat":[13533,4519,4517],"product_tag":[6308],"class_list":{"0":"post-105687","1":"product","2":"type-product","3":"status-publish","4":"has-post-thumbnail","6":"product_cat-books","7":"product_cat-fashion-en-en","8":"product_cat-photography-en","9":"product_tag-actors","10":"pa_cover-hardcover","11":"pa_format-368-x-501-cm-en","12":"pa_isbn-9788891841728-en","13":"pa_language-eng","14":"pa_pages-320-en","15":"pa_published-2024-09-17-en","16":"pa_publisher-rizzoli-en","18":"first","19":"outofstock","20":"sold-individually","21":"shipping-taxable","22":"purchasable","23":"product-type-simple"},"yoast_head":"<!-- This site is optimized with the Yoast SEO plugin v27.6 - https:\/\/yoast.com\/product\/yoast-seo-wordpress\/ -->\n<title>Monica by Dolce&amp;Gabbana () - book \/ album - Folio<\/title>\n<meta name=\"description\" content=\"Wejd\u017a i kup ksi\u0105\u017ck\u0119 Monica by Dolce&amp;Gabbana autorstwa wydan\u0105 przez Rizzoli (2024-09-17) w formacie 36,8 x 50,1 cm (ISBN: 9788891841728). Zapraszamy!\" \/>\n<meta name=\"robots\" content=\"index, follow, max-snippet:-1, max-image-preview:large, max-video-preview:-1\" \/>\n<link rel=\"canonical\" href=\"https:\/\/foliobooks.pl\/en\/shop\/monica-by-dolcegabbana\/\" \/>\n<meta property=\"og:locale\" content=\"en_US\" \/>\n<meta property=\"og:type\" content=\"article\" \/>\n<meta property=\"og:title\" content=\"Monica by Dolce&amp;Gabbana () - book \/ album - Folio\" \/>\n<meta property=\"og:description\" content=\"Wejd\u017a i kup ksi\u0105\u017ck\u0119 Monica by Dolce&amp;Gabbana autorstwa wydan\u0105 przez Rizzoli (2024-09-17) w formacie 36,8 x 50,1 cm (ISBN: 9788891841728). Zapraszamy!\" \/>\n<meta property=\"og:url\" content=\"https:\/\/foliobooks.pl\/en\/shop\/monica-by-dolcegabbana\/\" \/>\n<meta property=\"og:site_name\" content=\"Folio\" \/>\n<meta property=\"article:modified_time\" content=\"2025-08-19T12:34:35+00:00\" \/>\n<meta property=\"og:image\" content=\"https:\/\/foliobooks.pl\/wp-content\/uploads\/2025\/03\/9788891841728.png\" \/>\n\t<meta property=\"og:image:width\" content=\"570\" \/>\n\t<meta property=\"og:image:height\" content=\"708\" \/>\n\t<meta property=\"og:image:type\" content=\"image\/png\" \/>\n<meta name=\"twitter:card\" content=\"summary_large_image\" \/>\n<meta name=\"twitter:label1\" content=\"Est. reading time\" \/>\n\t<meta name=\"twitter:data1\" content=\"2 minutes\" \/>\n<script type=\"application\/ld+json\" class=\"yoast-schema-graph\">{\"@context\":\"https:\\\/\\\/schema.org\",\"@graph\":[{\"@type\":\"WebPage\",\"@id\":\"https:\\\/\\\/foliobooks.pl\\\/en\\\/shop\\\/monica-by-dolcegabbana\\\/\",\"url\":\"https:\\\/\\\/foliobooks.pl\\\/en\\\/shop\\\/monica-by-dolcegabbana\\\/\",\"name\":\"Monica by Dolce&Gabbana () - book \\\/ album - Folio\",\"isPartOf\":{\"@id\":\"https:\\\/\\\/foliobooks.pl\\\/en\\\/#website\"},\"primaryImageOfPage\":{\"@id\":\"https:\\\/\\\/foliobooks.pl\\\/en\\\/shop\\\/monica-by-dolcegabbana\\\/#primaryimage\"},\"image\":{\"@id\":\"https:\\\/\\\/foliobooks.pl\\\/en\\\/shop\\\/monica-by-dolcegabbana\\\/#primaryimage\"},\"thumbnailUrl\":\"https:\\\/\\\/foliobooks.pl\\\/wp-content\\\/uploads\\\/2025\\\/03\\\/9788891841728.png\",\"datePublished\":\"2025-03-04T11:24:39+00:00\",\"dateModified\":\"2025-08-19T12:34:35+00:00\",\"description\":\"Wejd\u017a i kup ksi\u0105\u017ck\u0119 Monica by Dolce&Gabbana autorstwa wydan\u0105 przez Rizzoli (2024-09-17) w formacie 36,8 x 50,1 cm (ISBN: 9788891841728). Zapraszamy!\",\"breadcrumb\":{\"@id\":\"https:\\\/\\\/foliobooks.pl\\\/en\\\/shop\\\/monica-by-dolcegabbana\\\/#breadcrumb\"},\"inLanguage\":\"en-US\",\"potentialAction\":[{\"@type\":\"ReadAction\",\"target\":[\"https:\\\/\\\/foliobooks.pl\\\/en\\\/shop\\\/monica-by-dolcegabbana\\\/\"]}]},{\"@type\":\"ImageObject\",\"inLanguage\":\"en-US\",\"@id\":\"https:\\\/\\\/foliobooks.pl\\\/en\\\/shop\\\/monica-by-dolcegabbana\\\/#primaryimage\",\"url\":\"https:\\\/\\\/foliobooks.pl\\\/wp-content\\\/uploads\\\/2025\\\/03\\\/9788891841728.png\",\"contentUrl\":\"https:\\\/\\\/foliobooks.pl\\\/wp-content\\\/uploads\\\/2025\\\/03\\\/9788891841728.png\",\"width\":570,\"height\":708},{\"@type\":\"BreadcrumbList\",\"@id\":\"https:\\\/\\\/foliobooks.pl\\\/en\\\/shop\\\/monica-by-dolcegabbana\\\/#breadcrumb\",\"itemListElement\":[{\"@type\":\"ListItem\",\"position\":1,\"name\":\"Strona g\u0142\u00f3wna\",\"item\":\"https:\\\/\\\/foliobooks.pl\\\/en\\\/\"},{\"@type\":\"ListItem\",\"position\":2,\"name\":\"Shop\",\"item\":\"https:\\\/\\\/foliobooks.pl\\\/en\\\/shop\\\/\"},{\"@type\":\"ListItem\",\"position\":3,\"name\":\"Monica by Dolce&#038;Gabbana\"}]},{\"@type\":\"WebSite\",\"@id\":\"https:\\\/\\\/foliobooks.pl\\\/en\\\/#website\",\"url\":\"https:\\\/\\\/foliobooks.pl\\\/en\\\/\",\"name\":\"Folio\",\"description\":\"Ksi\u0119garnia internetowa\",\"potentialAction\":[{\"@type\":\"SearchAction\",\"target\":{\"@type\":\"EntryPoint\",\"urlTemplate\":\"https:\\\/\\\/foliobooks.pl\\\/en\\\/?s={search_term_string}\"},\"query-input\":{\"@type\":\"PropertyValueSpecification\",\"valueRequired\":true,\"valueName\":\"search_term_string\"}}],\"inLanguage\":\"en-US\"}]}<\/script>\n<!-- \/ Yoast SEO plugin. -->","yoast_head_json":{"title":"Monica by Dolce&Gabbana () - book \/ album - Folio","description":"Wejd\u017a i kup ksi\u0105\u017ck\u0119 Monica by Dolce&Gabbana autorstwa wydan\u0105 przez Rizzoli (2024-09-17) w formacie 36,8 x 50,1 cm (ISBN: 9788891841728). Zapraszamy!","robots":{"index":"index","follow":"follow","max-snippet":"max-snippet:-1","max-image-preview":"max-image-preview:large","max-video-preview":"max-video-preview:-1"},"canonical":"https:\/\/foliobooks.pl\/en\/shop\/monica-by-dolcegabbana\/","og_locale":"en_US","og_type":"article","og_title":"Monica by Dolce&Gabbana () - book \/ album - Folio","og_description":"Wejd\u017a i kup ksi\u0105\u017ck\u0119 Monica by Dolce&Gabbana autorstwa wydan\u0105 przez Rizzoli (2024-09-17) w formacie 36,8 x 50,1 cm (ISBN: 9788891841728). Zapraszamy!","og_url":"https:\/\/foliobooks.pl\/en\/shop\/monica-by-dolcegabbana\/","og_site_name":"Folio","article_modified_time":"2025-08-19T12:34:35+00:00","og_image":[{"width":570,"height":708,"url":"https:\/\/foliobooks.pl\/wp-content\/uploads\/2025\/03\/9788891841728.png","type":"image\/png"}],"twitter_card":"summary_large_image","twitter_misc":{"Est. reading time":"2 minutes"},"schema":{"@context":"https:\/\/schema.org","@graph":[{"@type":"WebPage","@id":"https:\/\/foliobooks.pl\/en\/shop\/monica-by-dolcegabbana\/","url":"https:\/\/foliobooks.pl\/en\/shop\/monica-by-dolcegabbana\/","name":"Monica by Dolce&Gabbana () - book \/ album - Folio","isPartOf":{"@id":"https:\/\/foliobooks.pl\/en\/#website"},"primaryImageOfPage":{"@id":"https:\/\/foliobooks.pl\/en\/shop\/monica-by-dolcegabbana\/#primaryimage"},"image":{"@id":"https:\/\/foliobooks.pl\/en\/shop\/monica-by-dolcegabbana\/#primaryimage"},"thumbnailUrl":"https:\/\/foliobooks.pl\/wp-content\/uploads\/2025\/03\/9788891841728.png","datePublished":"2025-03-04T11:24:39+00:00","dateModified":"2025-08-19T12:34:35+00:00","description":"Wejd\u017a i kup ksi\u0105\u017ck\u0119 Monica by Dolce&Gabbana autorstwa wydan\u0105 przez Rizzoli (2024-09-17) w formacie 36,8 x 50,1 cm (ISBN: 9788891841728). Zapraszamy!","breadcrumb":{"@id":"https:\/\/foliobooks.pl\/en\/shop\/monica-by-dolcegabbana\/#breadcrumb"},"inLanguage":"en-US","potentialAction":[{"@type":"ReadAction","target":["https:\/\/foliobooks.pl\/en\/shop\/monica-by-dolcegabbana\/"]}]},{"@type":"ImageObject","inLanguage":"en-US","@id":"https:\/\/foliobooks.pl\/en\/shop\/monica-by-dolcegabbana\/#primaryimage","url":"https:\/\/foliobooks.pl\/wp-content\/uploads\/2025\/03\/9788891841728.png","contentUrl":"https:\/\/foliobooks.pl\/wp-content\/uploads\/2025\/03\/9788891841728.png","width":570,"height":708},{"@type":"BreadcrumbList","@id":"https:\/\/foliobooks.pl\/en\/shop\/monica-by-dolcegabbana\/#breadcrumb","itemListElement":[{"@type":"ListItem","position":1,"name":"Strona g\u0142\u00f3wna","item":"https:\/\/foliobooks.pl\/en\/"},{"@type":"ListItem","position":2,"name":"Shop","item":"https:\/\/foliobooks.pl\/en\/shop\/"},{"@type":"ListItem","position":3,"name":"Monica by Dolce&#038;Gabbana"}]},{"@type":"WebSite","@id":"https:\/\/foliobooks.pl\/en\/#website","url":"https:\/\/foliobooks.pl\/en\/","name":"Folio","description":"Ksi\u0119garnia internetowa","potentialAction":[{"@type":"SearchAction","target":{"@type":"EntryPoint","urlTemplate":"https:\/\/foliobooks.pl\/en\/?s={search_term_string}"},"query-input":{"@type":"PropertyValueSpecification","valueRequired":true,"valueName":"search_term_string"}}],"inLanguage":"en-US"}]}},"_links":{"self":[{"href":"https:\/\/foliobooks.pl\/en\/wp-json\/wp\/v2\/product\/105687","targetHints":{"allow":["GET"]}}],"collection":[{"href":"https:\/\/foliobooks.pl\/en\/wp-json\/wp\/v2\/product"}],"about":[{"href":"https:\/\/foliobooks.pl\/en\/wp-json\/wp\/v2\/types\/product"}],"replies":[{"embeddable":true,"href":"https:\/\/foliobooks.pl\/en\/wp-json\/wp\/v2\/comments?post=105687"}],"wp:featuredmedia":[{"embeddable":true,"href":"https:\/\/foliobooks.pl\/en\/wp-json\/wp\/v2\/media\/105686"}],"wp:attachment":[{"href":"https:\/\/foliobooks.pl\/en\/wp-json\/wp\/v2\/media?parent=105687"}],"wp:term":[{"taxonomy":"product_brand","embeddable":true,"href":"https:\/\/foliobooks.pl\/en\/wp-json\/wp\/v2\/product_brand?post=105687"},{"taxonomy":"product_cat","embeddable":true,"href":"https:\/\/foliobooks.pl\/en\/wp-json\/wp\/v2\/product_cat?post=105687"},{"taxonomy":"product_tag","embeddable":true,"href":"https:\/\/foliobooks.pl\/en\/wp-json\/wp\/v2\/product_tag?post=105687"}],"curies":[{"name":"wp","href":"https:\/\/api.w.org\/{rel}","templated":true}]}}