{"id":105683,"date":"2025-03-04T12:16:37","date_gmt":"2025-03-04T11:16:37","guid":{"rendered":"https:\/\/foliobooks.pl\/sklep\/kyoto-serenity\/"},"modified":"2026-02-18T15:43:05","modified_gmt":"2026-02-18T14:43:05","slug":"kyoto-serenity","status":"publish","type":"product","link":"https:\/\/foliobooks.pl\/en\/shop\/kyoto-serenity\/","title":{"rendered":"Kyoto Serenity"},"content":{"rendered":"<p>A sense of calm permeates the city of Kyoto, situated in the western heart of the island of Honshu, in the Kansai region. From gardens to temples, from cherry blossom trees to wooden architecture, the natural beauty of Kyoto is always showcased. This tranquil identity is also reflected in the simplified approach to cuisine, which champions the pure flavor of top-quality ingredients.<\/p>\n<p>The lively spirit of Kyoto is best experienced during Gion Matsuri, one of Japan\u2019s largest festivals. The parades of elaborate floats, called yamaboko, are art exhibitions in motion, presenting the exquisite local craftwork. This same attention to detail can be seen in the Japanese approach to architecture and interior design. Where Kyoto\u2019s festivals are colorful and over the top, the ubiquitous design aesthetic is more restrained and simplified, allowing the quality of the materials to speak for themselves and offering a respite from buzzing life in the city.<\/p>\n<p>Through the pages of Kyoto Serenity, Japanese culture is on full display, exploring timehonored traditions such as geishas, tea ceremonies, and flower<\/p>\n","protected":false},"excerpt":{"rendered":"<p>A sense of calm permeates the city of Kyoto, situated in the western heart of the island of Honshu, in the Kansai region. From gardens to temples, from cherry blossom trees to wooden architecture, the natural beauty of Kyoto is always showcased. This tranquil identity is also reflected in the simplified approach to cuisine, which&#8230;<\/p>\n","protected":false},"featured_media":105668,"comment_status":"closed","ping_status":"closed","template":"","meta":[],"product_brand":[],"product_cat":[13533,4517],"product_tag":[156],"class_list":{"0":"post-105683","1":"product","2":"type-product","3":"status-publish","4":"has-post-thumbnail","6":"product_cat-books","7":"product_cat-photography-en","8":"product_tag-travel","9":"pa_author_att-francois-simon-en","10":"pa_cover-hardcover","11":"pa_format-254-x-304-cm-en","12":"pa_isbn-9781649803528-en","13":"pa_language-eng","14":"pa_pages-220-en-en","15":"pa_published-2024-01-09-en","16":"pa_publisher-assouline-en","18":"first","19":"outofstock","20":"sale","21":"sold-individually","22":"shipping-taxable","23":"purchasable","24":"product-type-simple"},"yoast_head":"<!-- This site is optimized with the Yoast SEO plugin v27.4 - https:\/\/yoast.com\/product\/yoast-seo-wordpress\/ -->\n<title>Kyoto Serenity (Francois Simon) - book \/ album - Folio<\/title>\n<meta name=\"description\" content=\"Wejd\u017a i kup ksi\u0105\u017ck\u0119 Kyoto Serenity autorstwa Francois Simon wydan\u0105 przez Assouline (2024-01-09) w formacie 25,4 x 30,4 cm (ISBN: 9781649803528). Zapraszamy!\" \/>\n<meta name=\"robots\" content=\"index, follow, max-snippet:-1, max-image-preview:large, max-video-preview:-1\" \/>\n<link rel=\"canonical\" href=\"https:\/\/foliobooks.pl\/en\/shop\/kyoto-serenity\/\" \/>\n<meta property=\"og:locale\" content=\"en_US\" \/>\n<meta property=\"og:type\" content=\"article\" \/>\n<meta property=\"og:title\" content=\"Kyoto Serenity (Francois Simon) - book \/ album - Folio\" \/>\n<meta property=\"og:description\" content=\"Wejd\u017a i kup ksi\u0105\u017ck\u0119 Kyoto Serenity autorstwa Francois Simon wydan\u0105 przez Assouline (2024-01-09) w formacie 25,4 x 30,4 cm (ISBN: 9781649803528). Zapraszamy!\" \/>\n<meta property=\"og:url\" content=\"https:\/\/foliobooks.pl\/en\/shop\/kyoto-serenity\/\" \/>\n<meta property=\"og:site_name\" content=\"Folio\" \/>\n<meta property=\"article:modified_time\" content=\"2026-02-18T14:43:05+00:00\" \/>\n<meta property=\"og:image\" content=\"https:\/\/foliobooks.pl\/wp-content\/uploads\/2025\/03\/9781649803528.png\" \/>\n\t<meta property=\"og:image:width\" content=\"570\" \/>\n\t<meta property=\"og:image:height\" content=\"708\" \/>\n\t<meta property=\"og:image:type\" content=\"image\/png\" \/>\n<meta name=\"twitter:card\" content=\"summary_large_image\" \/>\n<meta name=\"twitter:label1\" content=\"Est. reading time\" \/>\n\t<meta name=\"twitter:data1\" content=\"2 minutes\" \/>\n<script type=\"application\/ld+json\" class=\"yoast-schema-graph\">{\"@context\":\"https:\\\/\\\/schema.org\",\"@graph\":[{\"@type\":\"WebPage\",\"@id\":\"https:\\\/\\\/foliobooks.pl\\\/en\\\/shop\\\/kyoto-serenity\\\/\",\"url\":\"https:\\\/\\\/foliobooks.pl\\\/en\\\/shop\\\/kyoto-serenity\\\/\",\"name\":\"Kyoto Serenity (Francois Simon) - book \\\/ album - Folio\",\"isPartOf\":{\"@id\":\"https:\\\/\\\/foliobooks.pl\\\/en\\\/#website\"},\"primaryImageOfPage\":{\"@id\":\"https:\\\/\\\/foliobooks.pl\\\/en\\\/shop\\\/kyoto-serenity\\\/#primaryimage\"},\"image\":{\"@id\":\"https:\\\/\\\/foliobooks.pl\\\/en\\\/shop\\\/kyoto-serenity\\\/#primaryimage\"},\"thumbnailUrl\":\"https:\\\/\\\/foliobooks.pl\\\/wp-content\\\/uploads\\\/2025\\\/03\\\/9781649803528.png\",\"datePublished\":\"2025-03-04T11:16:37+00:00\",\"dateModified\":\"2026-02-18T14:43:05+00:00\",\"description\":\"Wejd\u017a i kup ksi\u0105\u017ck\u0119 Kyoto Serenity autorstwa Francois Simon wydan\u0105 przez Assouline (2024-01-09) w formacie 25,4 x 30,4 cm (ISBN: 9781649803528). Zapraszamy!\",\"breadcrumb\":{\"@id\":\"https:\\\/\\\/foliobooks.pl\\\/en\\\/shop\\\/kyoto-serenity\\\/#breadcrumb\"},\"inLanguage\":\"en-US\",\"potentialAction\":[{\"@type\":\"ReadAction\",\"target\":[\"https:\\\/\\\/foliobooks.pl\\\/en\\\/shop\\\/kyoto-serenity\\\/\"]}]},{\"@type\":\"ImageObject\",\"inLanguage\":\"en-US\",\"@id\":\"https:\\\/\\\/foliobooks.pl\\\/en\\\/shop\\\/kyoto-serenity\\\/#primaryimage\",\"url\":\"https:\\\/\\\/foliobooks.pl\\\/wp-content\\\/uploads\\\/2025\\\/03\\\/9781649803528.png\",\"contentUrl\":\"https:\\\/\\\/foliobooks.pl\\\/wp-content\\\/uploads\\\/2025\\\/03\\\/9781649803528.png\",\"width\":570,\"height\":708},{\"@type\":\"BreadcrumbList\",\"@id\":\"https:\\\/\\\/foliobooks.pl\\\/en\\\/shop\\\/kyoto-serenity\\\/#breadcrumb\",\"itemListElement\":[{\"@type\":\"ListItem\",\"position\":1,\"name\":\"Strona g\u0142\u00f3wna\",\"item\":\"https:\\\/\\\/foliobooks.pl\\\/en\\\/\"},{\"@type\":\"ListItem\",\"position\":2,\"name\":\"Shop\",\"item\":\"https:\\\/\\\/foliobooks.pl\\\/en\\\/shop\\\/\"},{\"@type\":\"ListItem\",\"position\":3,\"name\":\"Kyoto Serenity\"}]},{\"@type\":\"WebSite\",\"@id\":\"https:\\\/\\\/foliobooks.pl\\\/en\\\/#website\",\"url\":\"https:\\\/\\\/foliobooks.pl\\\/en\\\/\",\"name\":\"Folio\",\"description\":\"Ksi\u0119garnia internetowa\",\"potentialAction\":[{\"@type\":\"SearchAction\",\"target\":{\"@type\":\"EntryPoint\",\"urlTemplate\":\"https:\\\/\\\/foliobooks.pl\\\/en\\\/?s={search_term_string}\"},\"query-input\":{\"@type\":\"PropertyValueSpecification\",\"valueRequired\":true,\"valueName\":\"search_term_string\"}}],\"inLanguage\":\"en-US\"}]}<\/script>\n<!-- \/ Yoast SEO plugin. -->","yoast_head_json":{"title":"Kyoto Serenity (Francois Simon) - book \/ album - Folio","description":"Wejd\u017a i kup ksi\u0105\u017ck\u0119 Kyoto Serenity autorstwa Francois Simon wydan\u0105 przez Assouline (2024-01-09) w formacie 25,4 x 30,4 cm (ISBN: 9781649803528). Zapraszamy!","robots":{"index":"index","follow":"follow","max-snippet":"max-snippet:-1","max-image-preview":"max-image-preview:large","max-video-preview":"max-video-preview:-1"},"canonical":"https:\/\/foliobooks.pl\/en\/shop\/kyoto-serenity\/","og_locale":"en_US","og_type":"article","og_title":"Kyoto Serenity (Francois Simon) - book \/ album - Folio","og_description":"Wejd\u017a i kup ksi\u0105\u017ck\u0119 Kyoto Serenity autorstwa Francois Simon wydan\u0105 przez Assouline (2024-01-09) w formacie 25,4 x 30,4 cm (ISBN: 9781649803528). Zapraszamy!","og_url":"https:\/\/foliobooks.pl\/en\/shop\/kyoto-serenity\/","og_site_name":"Folio","article_modified_time":"2026-02-18T14:43:05+00:00","og_image":[{"width":570,"height":708,"url":"https:\/\/foliobooks.pl\/wp-content\/uploads\/2025\/03\/9781649803528.png","type":"image\/png"}],"twitter_card":"summary_large_image","twitter_misc":{"Est. reading time":"2 minutes"},"schema":{"@context":"https:\/\/schema.org","@graph":[{"@type":"WebPage","@id":"https:\/\/foliobooks.pl\/en\/shop\/kyoto-serenity\/","url":"https:\/\/foliobooks.pl\/en\/shop\/kyoto-serenity\/","name":"Kyoto Serenity (Francois Simon) - book \/ album - Folio","isPartOf":{"@id":"https:\/\/foliobooks.pl\/en\/#website"},"primaryImageOfPage":{"@id":"https:\/\/foliobooks.pl\/en\/shop\/kyoto-serenity\/#primaryimage"},"image":{"@id":"https:\/\/foliobooks.pl\/en\/shop\/kyoto-serenity\/#primaryimage"},"thumbnailUrl":"https:\/\/foliobooks.pl\/wp-content\/uploads\/2025\/03\/9781649803528.png","datePublished":"2025-03-04T11:16:37+00:00","dateModified":"2026-02-18T14:43:05+00:00","description":"Wejd\u017a i kup ksi\u0105\u017ck\u0119 Kyoto Serenity autorstwa Francois Simon wydan\u0105 przez Assouline (2024-01-09) w formacie 25,4 x 30,4 cm (ISBN: 9781649803528). Zapraszamy!","breadcrumb":{"@id":"https:\/\/foliobooks.pl\/en\/shop\/kyoto-serenity\/#breadcrumb"},"inLanguage":"en-US","potentialAction":[{"@type":"ReadAction","target":["https:\/\/foliobooks.pl\/en\/shop\/kyoto-serenity\/"]}]},{"@type":"ImageObject","inLanguage":"en-US","@id":"https:\/\/foliobooks.pl\/en\/shop\/kyoto-serenity\/#primaryimage","url":"https:\/\/foliobooks.pl\/wp-content\/uploads\/2025\/03\/9781649803528.png","contentUrl":"https:\/\/foliobooks.pl\/wp-content\/uploads\/2025\/03\/9781649803528.png","width":570,"height":708},{"@type":"BreadcrumbList","@id":"https:\/\/foliobooks.pl\/en\/shop\/kyoto-serenity\/#breadcrumb","itemListElement":[{"@type":"ListItem","position":1,"name":"Strona g\u0142\u00f3wna","item":"https:\/\/foliobooks.pl\/en\/"},{"@type":"ListItem","position":2,"name":"Shop","item":"https:\/\/foliobooks.pl\/en\/shop\/"},{"@type":"ListItem","position":3,"name":"Kyoto Serenity"}]},{"@type":"WebSite","@id":"https:\/\/foliobooks.pl\/en\/#website","url":"https:\/\/foliobooks.pl\/en\/","name":"Folio","description":"Ksi\u0119garnia internetowa","potentialAction":[{"@type":"SearchAction","target":{"@type":"EntryPoint","urlTemplate":"https:\/\/foliobooks.pl\/en\/?s={search_term_string}"},"query-input":{"@type":"PropertyValueSpecification","valueRequired":true,"valueName":"search_term_string"}}],"inLanguage":"en-US"}]}},"_links":{"self":[{"href":"https:\/\/foliobooks.pl\/en\/wp-json\/wp\/v2\/product\/105683","targetHints":{"allow":["GET"]}}],"collection":[{"href":"https:\/\/foliobooks.pl\/en\/wp-json\/wp\/v2\/product"}],"about":[{"href":"https:\/\/foliobooks.pl\/en\/wp-json\/wp\/v2\/types\/product"}],"replies":[{"embeddable":true,"href":"https:\/\/foliobooks.pl\/en\/wp-json\/wp\/v2\/comments?post=105683"}],"wp:featuredmedia":[{"embeddable":true,"href":"https:\/\/foliobooks.pl\/en\/wp-json\/wp\/v2\/media\/105668"}],"wp:attachment":[{"href":"https:\/\/foliobooks.pl\/en\/wp-json\/wp\/v2\/media?parent=105683"}],"wp:term":[{"taxonomy":"product_brand","embeddable":true,"href":"https:\/\/foliobooks.pl\/en\/wp-json\/wp\/v2\/product_brand?post=105683"},{"taxonomy":"product_cat","embeddable":true,"href":"https:\/\/foliobooks.pl\/en\/wp-json\/wp\/v2\/product_cat?post=105683"},{"taxonomy":"product_tag","embeddable":true,"href":"https:\/\/foliobooks.pl\/en\/wp-json\/wp\/v2\/product_tag?post=105683"}],"curies":[{"name":"wp","href":"https:\/\/api.w.org\/{rel}","templated":true}]}}