{"id":105664,"date":"2025-03-04T12:07:08","date_gmt":"2025-03-04T11:07:08","guid":{"rendered":"https:\/\/foliobooks.pl\/sklep\/italian-cars\/"},"modified":"2025-03-04T12:07:08","modified_gmt":"2025-03-04T11:07:08","slug":"italian-cars","status":"publish","type":"product","link":"https:\/\/foliobooks.pl\/en\/shop\/italian-cars\/","title":{"rendered":"Italian Cars"},"content":{"rendered":"<p><span class=\"a-text-bold\">This volume traces more than 150 years of Italian automotive history from the Maserati 3500GT, the Lamborghini Countach, and the Alfa Romeo 33 Stradale all the way up to the electrified supercars and new hypercars of our future, like the Pagani Utopia, Pininfarina Battista, and Estrema Fulminea.<\/span><\/p>\n<p>The automobile is one of the symbols of\u00a0<span class=\"a-text-italic\">Made in Italy<\/span>\u00a0around the world. Its success is the result of the genius and creativity of a select group of Italians, and a culture and history that has allowed the country to set the standard for good taste through great intuition and revolutionary creations. It is true that the automobile was born in Germany, but it was in Italy that the first internal combustion engine was invented, in 1853, thanks to Eugenio Barsanti and Felice Matteucci. This book tells the story of the Italian automobile through ever-changing conditions. The chapters follow a chronological format that reviews social, economic, and political factors, both in Italy and internationally, as well as the various eras of the Italian car and its development based on design generations and mechanical innovation.<\/p>\n","protected":false},"excerpt":{"rendered":"<p>This volume traces more than 150 years of Italian automotive history from the Maserati 3500GT, the Lamborghini Countach, and the Alfa Romeo 33 Stradale all the way up to the electrified supercars and new hypercars of our future, like the Pagani Utopia, Pininfarina Battista, and Estrema Fulminea. The automobile is one of the symbols of\u00a0Made&#8230;<\/p>\n","protected":false},"featured_media":105651,"comment_status":"closed","ping_status":"closed","template":"","meta":[],"product_brand":[],"product_cat":[13533,4520],"product_tag":[216],"class_list":{"0":"post-105664","1":"product","2":"type-product","3":"status-publish","4":"has-post-thumbnail","6":"product_cat-books","7":"product_cat-motorsport-en","8":"product_tag-cars-en","9":"pa_author_att-enzo-rizzo-en","10":"pa_cover-hardcover","11":"pa_format-271-x-309-cm-en","12":"pa_isbn-9788854420847-en","13":"pa_language-eng","14":"pa_published-2024-10-22-en","15":"pa_publisher-white-star-en","17":"first","18":"instock","19":"sold-individually","20":"shipping-taxable","21":"purchasable","22":"product-type-simple"},"yoast_head":"<!-- This site is optimized with the Yoast SEO plugin v27.4 - https:\/\/yoast.com\/product\/yoast-seo-wordpress\/ -->\n<title>Italian Cars (Enzo Rizzo) - book \/ album - Folio<\/title>\n<meta name=\"description\" content=\"Wejd\u017a i kup ksi\u0105\u017ck\u0119 Italian Cars autorstwa Enzo Rizzo wydan\u0105 przez White Star (2024-10-22) w formacie 27,1 x 30,9 cm (ISBN: 9788854420847). Zapraszamy!\" \/>\n<meta name=\"robots\" content=\"index, follow, max-snippet:-1, max-image-preview:large, max-video-preview:-1\" \/>\n<link rel=\"canonical\" href=\"https:\/\/foliobooks.pl\/en\/shop\/italian-cars\/\" \/>\n<meta property=\"og:locale\" content=\"en_US\" \/>\n<meta property=\"og:type\" content=\"article\" \/>\n<meta property=\"og:title\" content=\"Italian Cars (Enzo Rizzo) - book \/ album - Folio\" \/>\n<meta property=\"og:description\" content=\"Wejd\u017a i kup ksi\u0105\u017ck\u0119 Italian Cars autorstwa Enzo Rizzo wydan\u0105 przez White Star (2024-10-22) w formacie 27,1 x 30,9 cm (ISBN: 9788854420847). Zapraszamy!\" \/>\n<meta property=\"og:url\" content=\"https:\/\/foliobooks.pl\/en\/shop\/italian-cars\/\" \/>\n<meta property=\"og:site_name\" content=\"Folio\" \/>\n<meta property=\"og:image\" content=\"https:\/\/foliobooks.pl\/wp-content\/uploads\/2025\/03\/9788854420847.png\" \/>\n\t<meta property=\"og:image:width\" content=\"570\" \/>\n\t<meta property=\"og:image:height\" content=\"708\" \/>\n\t<meta property=\"og:image:type\" content=\"image\/png\" \/>\n<meta name=\"twitter:card\" content=\"summary_large_image\" \/>\n<meta name=\"twitter:label1\" content=\"Est. reading time\" \/>\n\t<meta name=\"twitter:data1\" content=\"2 minutes\" \/>\n<script type=\"application\/ld+json\" class=\"yoast-schema-graph\">{\"@context\":\"https:\\\/\\\/schema.org\",\"@graph\":[{\"@type\":\"WebPage\",\"@id\":\"https:\\\/\\\/foliobooks.pl\\\/en\\\/shop\\\/italian-cars\\\/\",\"url\":\"https:\\\/\\\/foliobooks.pl\\\/en\\\/shop\\\/italian-cars\\\/\",\"name\":\"Italian Cars (Enzo Rizzo) - book \\\/ album - Folio\",\"isPartOf\":{\"@id\":\"https:\\\/\\\/foliobooks.pl\\\/en\\\/#website\"},\"primaryImageOfPage\":{\"@id\":\"https:\\\/\\\/foliobooks.pl\\\/en\\\/shop\\\/italian-cars\\\/#primaryimage\"},\"image\":{\"@id\":\"https:\\\/\\\/foliobooks.pl\\\/en\\\/shop\\\/italian-cars\\\/#primaryimage\"},\"thumbnailUrl\":\"https:\\\/\\\/foliobooks.pl\\\/wp-content\\\/uploads\\\/2025\\\/03\\\/9788854420847.png\",\"datePublished\":\"2025-03-04T11:07:08+00:00\",\"description\":\"Wejd\u017a i kup ksi\u0105\u017ck\u0119 Italian Cars autorstwa Enzo Rizzo wydan\u0105 przez White Star (2024-10-22) w formacie 27,1 x 30,9 cm (ISBN: 9788854420847). Zapraszamy!\",\"breadcrumb\":{\"@id\":\"https:\\\/\\\/foliobooks.pl\\\/en\\\/shop\\\/italian-cars\\\/#breadcrumb\"},\"inLanguage\":\"en-US\",\"potentialAction\":[{\"@type\":\"ReadAction\",\"target\":[\"https:\\\/\\\/foliobooks.pl\\\/en\\\/shop\\\/italian-cars\\\/\"]}]},{\"@type\":\"ImageObject\",\"inLanguage\":\"en-US\",\"@id\":\"https:\\\/\\\/foliobooks.pl\\\/en\\\/shop\\\/italian-cars\\\/#primaryimage\",\"url\":\"https:\\\/\\\/foliobooks.pl\\\/wp-content\\\/uploads\\\/2025\\\/03\\\/9788854420847.png\",\"contentUrl\":\"https:\\\/\\\/foliobooks.pl\\\/wp-content\\\/uploads\\\/2025\\\/03\\\/9788854420847.png\",\"width\":570,\"height\":708},{\"@type\":\"BreadcrumbList\",\"@id\":\"https:\\\/\\\/foliobooks.pl\\\/en\\\/shop\\\/italian-cars\\\/#breadcrumb\",\"itemListElement\":[{\"@type\":\"ListItem\",\"position\":1,\"name\":\"Strona g\u0142\u00f3wna\",\"item\":\"https:\\\/\\\/foliobooks.pl\\\/en\\\/\"},{\"@type\":\"ListItem\",\"position\":2,\"name\":\"Shop\",\"item\":\"https:\\\/\\\/foliobooks.pl\\\/en\\\/shop\\\/\"},{\"@type\":\"ListItem\",\"position\":3,\"name\":\"Italian Cars\"}]},{\"@type\":\"WebSite\",\"@id\":\"https:\\\/\\\/foliobooks.pl\\\/en\\\/#website\",\"url\":\"https:\\\/\\\/foliobooks.pl\\\/en\\\/\",\"name\":\"Folio\",\"description\":\"Ksi\u0119garnia internetowa\",\"potentialAction\":[{\"@type\":\"SearchAction\",\"target\":{\"@type\":\"EntryPoint\",\"urlTemplate\":\"https:\\\/\\\/foliobooks.pl\\\/en\\\/?s={search_term_string}\"},\"query-input\":{\"@type\":\"PropertyValueSpecification\",\"valueRequired\":true,\"valueName\":\"search_term_string\"}}],\"inLanguage\":\"en-US\"}]}<\/script>\n<!-- \/ Yoast SEO plugin. -->","yoast_head_json":{"title":"Italian Cars (Enzo Rizzo) - book \/ album - Folio","description":"Wejd\u017a i kup ksi\u0105\u017ck\u0119 Italian Cars autorstwa Enzo Rizzo wydan\u0105 przez White Star (2024-10-22) w formacie 27,1 x 30,9 cm (ISBN: 9788854420847). Zapraszamy!","robots":{"index":"index","follow":"follow","max-snippet":"max-snippet:-1","max-image-preview":"max-image-preview:large","max-video-preview":"max-video-preview:-1"},"canonical":"https:\/\/foliobooks.pl\/en\/shop\/italian-cars\/","og_locale":"en_US","og_type":"article","og_title":"Italian Cars (Enzo Rizzo) - book \/ album - Folio","og_description":"Wejd\u017a i kup ksi\u0105\u017ck\u0119 Italian Cars autorstwa Enzo Rizzo wydan\u0105 przez White Star (2024-10-22) w formacie 27,1 x 30,9 cm (ISBN: 9788854420847). Zapraszamy!","og_url":"https:\/\/foliobooks.pl\/en\/shop\/italian-cars\/","og_site_name":"Folio","og_image":[{"width":570,"height":708,"url":"https:\/\/foliobooks.pl\/wp-content\/uploads\/2025\/03\/9788854420847.png","type":"image\/png"}],"twitter_card":"summary_large_image","twitter_misc":{"Est. reading time":"2 minutes"},"schema":{"@context":"https:\/\/schema.org","@graph":[{"@type":"WebPage","@id":"https:\/\/foliobooks.pl\/en\/shop\/italian-cars\/","url":"https:\/\/foliobooks.pl\/en\/shop\/italian-cars\/","name":"Italian Cars (Enzo Rizzo) - book \/ album - Folio","isPartOf":{"@id":"https:\/\/foliobooks.pl\/en\/#website"},"primaryImageOfPage":{"@id":"https:\/\/foliobooks.pl\/en\/shop\/italian-cars\/#primaryimage"},"image":{"@id":"https:\/\/foliobooks.pl\/en\/shop\/italian-cars\/#primaryimage"},"thumbnailUrl":"https:\/\/foliobooks.pl\/wp-content\/uploads\/2025\/03\/9788854420847.png","datePublished":"2025-03-04T11:07:08+00:00","description":"Wejd\u017a i kup ksi\u0105\u017ck\u0119 Italian Cars autorstwa Enzo Rizzo wydan\u0105 przez White Star (2024-10-22) w formacie 27,1 x 30,9 cm (ISBN: 9788854420847). Zapraszamy!","breadcrumb":{"@id":"https:\/\/foliobooks.pl\/en\/shop\/italian-cars\/#breadcrumb"},"inLanguage":"en-US","potentialAction":[{"@type":"ReadAction","target":["https:\/\/foliobooks.pl\/en\/shop\/italian-cars\/"]}]},{"@type":"ImageObject","inLanguage":"en-US","@id":"https:\/\/foliobooks.pl\/en\/shop\/italian-cars\/#primaryimage","url":"https:\/\/foliobooks.pl\/wp-content\/uploads\/2025\/03\/9788854420847.png","contentUrl":"https:\/\/foliobooks.pl\/wp-content\/uploads\/2025\/03\/9788854420847.png","width":570,"height":708},{"@type":"BreadcrumbList","@id":"https:\/\/foliobooks.pl\/en\/shop\/italian-cars\/#breadcrumb","itemListElement":[{"@type":"ListItem","position":1,"name":"Strona g\u0142\u00f3wna","item":"https:\/\/foliobooks.pl\/en\/"},{"@type":"ListItem","position":2,"name":"Shop","item":"https:\/\/foliobooks.pl\/en\/shop\/"},{"@type":"ListItem","position":3,"name":"Italian Cars"}]},{"@type":"WebSite","@id":"https:\/\/foliobooks.pl\/en\/#website","url":"https:\/\/foliobooks.pl\/en\/","name":"Folio","description":"Ksi\u0119garnia internetowa","potentialAction":[{"@type":"SearchAction","target":{"@type":"EntryPoint","urlTemplate":"https:\/\/foliobooks.pl\/en\/?s={search_term_string}"},"query-input":{"@type":"PropertyValueSpecification","valueRequired":true,"valueName":"search_term_string"}}],"inLanguage":"en-US"}]}},"_links":{"self":[{"href":"https:\/\/foliobooks.pl\/en\/wp-json\/wp\/v2\/product\/105664","targetHints":{"allow":["GET"]}}],"collection":[{"href":"https:\/\/foliobooks.pl\/en\/wp-json\/wp\/v2\/product"}],"about":[{"href":"https:\/\/foliobooks.pl\/en\/wp-json\/wp\/v2\/types\/product"}],"replies":[{"embeddable":true,"href":"https:\/\/foliobooks.pl\/en\/wp-json\/wp\/v2\/comments?post=105664"}],"wp:featuredmedia":[{"embeddable":true,"href":"https:\/\/foliobooks.pl\/en\/wp-json\/wp\/v2\/media\/105651"}],"wp:attachment":[{"href":"https:\/\/foliobooks.pl\/en\/wp-json\/wp\/v2\/media?parent=105664"}],"wp:term":[{"taxonomy":"product_brand","embeddable":true,"href":"https:\/\/foliobooks.pl\/en\/wp-json\/wp\/v2\/product_brand?post=105664"},{"taxonomy":"product_cat","embeddable":true,"href":"https:\/\/foliobooks.pl\/en\/wp-json\/wp\/v2\/product_cat?post=105664"},{"taxonomy":"product_tag","embeddable":true,"href":"https:\/\/foliobooks.pl\/en\/wp-json\/wp\/v2\/product_tag?post=105664"}],"curies":[{"name":"wp","href":"https:\/\/api.w.org\/{rel}","templated":true}]}}