{"id":105647,"date":"2025-03-04T11:54:11","date_gmt":"2025-03-04T10:54:11","guid":{"rendered":"https:\/\/foliobooks.pl\/sklep\/iconic-cars\/"},"modified":"2025-11-07T14:49:13","modified_gmt":"2025-11-07T13:49:13","slug":"iconic-cars","status":"publish","type":"product","link":"https:\/\/foliobooks.pl\/en\/shop\/iconic-cars\/","title":{"rendered":"Iconic Cars"},"content":{"rendered":"<p>Hypercars have been a source of dreams since the 1980s: exotic, blazing fast and priceless, extravagant and iconic. They have left an indelible impression on the retinas of a new generation of collectors, willing to pay a high price to get their hands on them. Photographer Kevin van Campenhout is one of the few who has been able to see all the models of this automotive elite up close, after a hunt that took him all over the world. The graphic quality of his photographs, which have a simple but unique signature, highlights their spectacular lines and vibrant colors in the world&#8217;s most beautiful landscapes or urban settings. He manages to be one of the few to gain access to track down and capture the rarest gems on four wheels. In this book, you will discover the secrets of the 25 most extraordinary and rare car-unicorns, iconic cars, photographed down to the smallest detail.<\/p>\n","protected":false},"excerpt":{"rendered":"<p>Hypercars have been a source of dreams since the 1980s: exotic, blazing fast and priceless, extravagant and iconic. They have left an indelible impression on the retinas of a new generation of collectors, willing to pay a high price to get their hands on them. Photographer Kevin van Campenhout is one of the few who&#8230;<\/p>\n","protected":false},"featured_media":105636,"comment_status":"closed","ping_status":"closed","template":"","meta":[],"product_brand":[],"product_cat":[13533,4520],"product_tag":[216],"class_list":{"0":"post-105647","1":"product","2":"type-product","3":"status-publish","4":"has-post-thumbnail","6":"product_cat-books","7":"product_cat-motorsport-en","8":"product_tag-cars-en","9":"pa_author_att-campenhout-kevin-van-en","10":"pa_cover-hardcover","11":"pa_format-246-x-327-cm-en","12":"pa_isbn-9789401411295-en","13":"pa_language-eng","14":"pa_pages-240-2-en","15":"pa_published-2024-08-06-en","16":"pa_publisher-lannoo-en","18":"first","19":"instock","20":"sold-individually","21":"shipping-taxable","22":"purchasable","23":"product-type-simple"},"yoast_head":"<!-- This site is optimized with the Yoast SEO plugin v27.5 - https:\/\/yoast.com\/product\/yoast-seo-wordpress\/ -->\n<title>Iconic Cars (Campenhout kevin Van) - book \/ album - Folio<\/title>\n<meta name=\"description\" content=\"Wejd\u017a i kup ksi\u0105\u017ck\u0119 Iconic Cars autorstwa Campenhout kevin Van wydan\u0105 przez Lannoo (2024-08-06) w formacie 24,6 x 32,7 cm (ISBN: 9789401411295). Zapraszamy!\" \/>\n<meta name=\"robots\" content=\"index, follow, max-snippet:-1, max-image-preview:large, max-video-preview:-1\" \/>\n<link rel=\"canonical\" href=\"https:\/\/foliobooks.pl\/en\/shop\/iconic-cars\/\" \/>\n<meta property=\"og:locale\" content=\"en_US\" \/>\n<meta property=\"og:type\" content=\"article\" \/>\n<meta property=\"og:title\" content=\"Iconic Cars (Campenhout kevin Van) - book \/ album - Folio\" \/>\n<meta property=\"og:description\" content=\"Wejd\u017a i kup ksi\u0105\u017ck\u0119 Iconic Cars autorstwa Campenhout kevin Van wydan\u0105 przez Lannoo (2024-08-06) w formacie 24,6 x 32,7 cm (ISBN: 9789401411295). Zapraszamy!\" \/>\n<meta property=\"og:url\" content=\"https:\/\/foliobooks.pl\/en\/shop\/iconic-cars\/\" \/>\n<meta property=\"og:site_name\" content=\"Folio\" \/>\n<meta property=\"article:modified_time\" content=\"2025-11-07T13:49:13+00:00\" \/>\n<meta property=\"og:image\" content=\"https:\/\/foliobooks.pl\/wp-content\/uploads\/2025\/03\/9789401411295.png\" \/>\n\t<meta property=\"og:image:width\" content=\"570\" \/>\n\t<meta property=\"og:image:height\" content=\"708\" \/>\n\t<meta property=\"og:image:type\" content=\"image\/png\" \/>\n<meta name=\"twitter:card\" content=\"summary_large_image\" \/>\n<meta name=\"twitter:label1\" content=\"Est. reading time\" \/>\n\t<meta name=\"twitter:data1\" content=\"2 minutes\" \/>\n<script type=\"application\/ld+json\" class=\"yoast-schema-graph\">{\"@context\":\"https:\\\/\\\/schema.org\",\"@graph\":[{\"@type\":\"WebPage\",\"@id\":\"https:\\\/\\\/foliobooks.pl\\\/en\\\/shop\\\/iconic-cars\\\/\",\"url\":\"https:\\\/\\\/foliobooks.pl\\\/en\\\/shop\\\/iconic-cars\\\/\",\"name\":\"Iconic Cars (Campenhout kevin Van) - book \\\/ album - Folio\",\"isPartOf\":{\"@id\":\"https:\\\/\\\/foliobooks.pl\\\/en\\\/#website\"},\"primaryImageOfPage\":{\"@id\":\"https:\\\/\\\/foliobooks.pl\\\/en\\\/shop\\\/iconic-cars\\\/#primaryimage\"},\"image\":{\"@id\":\"https:\\\/\\\/foliobooks.pl\\\/en\\\/shop\\\/iconic-cars\\\/#primaryimage\"},\"thumbnailUrl\":\"https:\\\/\\\/foliobooks.pl\\\/wp-content\\\/uploads\\\/2025\\\/03\\\/9789401411295.png\",\"datePublished\":\"2025-03-04T10:54:11+00:00\",\"dateModified\":\"2025-11-07T13:49:13+00:00\",\"description\":\"Wejd\u017a i kup ksi\u0105\u017ck\u0119 Iconic Cars autorstwa Campenhout kevin Van wydan\u0105 przez Lannoo (2024-08-06) w formacie 24,6 x 32,7 cm (ISBN: 9789401411295). Zapraszamy!\",\"breadcrumb\":{\"@id\":\"https:\\\/\\\/foliobooks.pl\\\/en\\\/shop\\\/iconic-cars\\\/#breadcrumb\"},\"inLanguage\":\"en-US\",\"potentialAction\":[{\"@type\":\"ReadAction\",\"target\":[\"https:\\\/\\\/foliobooks.pl\\\/en\\\/shop\\\/iconic-cars\\\/\"]}]},{\"@type\":\"ImageObject\",\"inLanguage\":\"en-US\",\"@id\":\"https:\\\/\\\/foliobooks.pl\\\/en\\\/shop\\\/iconic-cars\\\/#primaryimage\",\"url\":\"https:\\\/\\\/foliobooks.pl\\\/wp-content\\\/uploads\\\/2025\\\/03\\\/9789401411295.png\",\"contentUrl\":\"https:\\\/\\\/foliobooks.pl\\\/wp-content\\\/uploads\\\/2025\\\/03\\\/9789401411295.png\",\"width\":570,\"height\":708},{\"@type\":\"BreadcrumbList\",\"@id\":\"https:\\\/\\\/foliobooks.pl\\\/en\\\/shop\\\/iconic-cars\\\/#breadcrumb\",\"itemListElement\":[{\"@type\":\"ListItem\",\"position\":1,\"name\":\"Strona g\u0142\u00f3wna\",\"item\":\"https:\\\/\\\/foliobooks.pl\\\/en\\\/\"},{\"@type\":\"ListItem\",\"position\":2,\"name\":\"Shop\",\"item\":\"https:\\\/\\\/foliobooks.pl\\\/en\\\/shop\\\/\"},{\"@type\":\"ListItem\",\"position\":3,\"name\":\"Iconic Cars\"}]},{\"@type\":\"WebSite\",\"@id\":\"https:\\\/\\\/foliobooks.pl\\\/en\\\/#website\",\"url\":\"https:\\\/\\\/foliobooks.pl\\\/en\\\/\",\"name\":\"Folio\",\"description\":\"Ksi\u0119garnia internetowa\",\"potentialAction\":[{\"@type\":\"SearchAction\",\"target\":{\"@type\":\"EntryPoint\",\"urlTemplate\":\"https:\\\/\\\/foliobooks.pl\\\/en\\\/?s={search_term_string}\"},\"query-input\":{\"@type\":\"PropertyValueSpecification\",\"valueRequired\":true,\"valueName\":\"search_term_string\"}}],\"inLanguage\":\"en-US\"}]}<\/script>\n<!-- \/ Yoast SEO plugin. -->","yoast_head_json":{"title":"Iconic Cars (Campenhout kevin Van) - book \/ album - Folio","description":"Wejd\u017a i kup ksi\u0105\u017ck\u0119 Iconic Cars autorstwa Campenhout kevin Van wydan\u0105 przez Lannoo (2024-08-06) w formacie 24,6 x 32,7 cm (ISBN: 9789401411295). Zapraszamy!","robots":{"index":"index","follow":"follow","max-snippet":"max-snippet:-1","max-image-preview":"max-image-preview:large","max-video-preview":"max-video-preview:-1"},"canonical":"https:\/\/foliobooks.pl\/en\/shop\/iconic-cars\/","og_locale":"en_US","og_type":"article","og_title":"Iconic Cars (Campenhout kevin Van) - book \/ album - Folio","og_description":"Wejd\u017a i kup ksi\u0105\u017ck\u0119 Iconic Cars autorstwa Campenhout kevin Van wydan\u0105 przez Lannoo (2024-08-06) w formacie 24,6 x 32,7 cm (ISBN: 9789401411295). Zapraszamy!","og_url":"https:\/\/foliobooks.pl\/en\/shop\/iconic-cars\/","og_site_name":"Folio","article_modified_time":"2025-11-07T13:49:13+00:00","og_image":[{"width":570,"height":708,"url":"https:\/\/foliobooks.pl\/wp-content\/uploads\/2025\/03\/9789401411295.png","type":"image\/png"}],"twitter_card":"summary_large_image","twitter_misc":{"Est. reading time":"2 minutes"},"schema":{"@context":"https:\/\/schema.org","@graph":[{"@type":"WebPage","@id":"https:\/\/foliobooks.pl\/en\/shop\/iconic-cars\/","url":"https:\/\/foliobooks.pl\/en\/shop\/iconic-cars\/","name":"Iconic Cars (Campenhout kevin Van) - book \/ album - Folio","isPartOf":{"@id":"https:\/\/foliobooks.pl\/en\/#website"},"primaryImageOfPage":{"@id":"https:\/\/foliobooks.pl\/en\/shop\/iconic-cars\/#primaryimage"},"image":{"@id":"https:\/\/foliobooks.pl\/en\/shop\/iconic-cars\/#primaryimage"},"thumbnailUrl":"https:\/\/foliobooks.pl\/wp-content\/uploads\/2025\/03\/9789401411295.png","datePublished":"2025-03-04T10:54:11+00:00","dateModified":"2025-11-07T13:49:13+00:00","description":"Wejd\u017a i kup ksi\u0105\u017ck\u0119 Iconic Cars autorstwa Campenhout kevin Van wydan\u0105 przez Lannoo (2024-08-06) w formacie 24,6 x 32,7 cm (ISBN: 9789401411295). Zapraszamy!","breadcrumb":{"@id":"https:\/\/foliobooks.pl\/en\/shop\/iconic-cars\/#breadcrumb"},"inLanguage":"en-US","potentialAction":[{"@type":"ReadAction","target":["https:\/\/foliobooks.pl\/en\/shop\/iconic-cars\/"]}]},{"@type":"ImageObject","inLanguage":"en-US","@id":"https:\/\/foliobooks.pl\/en\/shop\/iconic-cars\/#primaryimage","url":"https:\/\/foliobooks.pl\/wp-content\/uploads\/2025\/03\/9789401411295.png","contentUrl":"https:\/\/foliobooks.pl\/wp-content\/uploads\/2025\/03\/9789401411295.png","width":570,"height":708},{"@type":"BreadcrumbList","@id":"https:\/\/foliobooks.pl\/en\/shop\/iconic-cars\/#breadcrumb","itemListElement":[{"@type":"ListItem","position":1,"name":"Strona g\u0142\u00f3wna","item":"https:\/\/foliobooks.pl\/en\/"},{"@type":"ListItem","position":2,"name":"Shop","item":"https:\/\/foliobooks.pl\/en\/shop\/"},{"@type":"ListItem","position":3,"name":"Iconic Cars"}]},{"@type":"WebSite","@id":"https:\/\/foliobooks.pl\/en\/#website","url":"https:\/\/foliobooks.pl\/en\/","name":"Folio","description":"Ksi\u0119garnia internetowa","potentialAction":[{"@type":"SearchAction","target":{"@type":"EntryPoint","urlTemplate":"https:\/\/foliobooks.pl\/en\/?s={search_term_string}"},"query-input":{"@type":"PropertyValueSpecification","valueRequired":true,"valueName":"search_term_string"}}],"inLanguage":"en-US"}]}},"_links":{"self":[{"href":"https:\/\/foliobooks.pl\/en\/wp-json\/wp\/v2\/product\/105647","targetHints":{"allow":["GET"]}}],"collection":[{"href":"https:\/\/foliobooks.pl\/en\/wp-json\/wp\/v2\/product"}],"about":[{"href":"https:\/\/foliobooks.pl\/en\/wp-json\/wp\/v2\/types\/product"}],"replies":[{"embeddable":true,"href":"https:\/\/foliobooks.pl\/en\/wp-json\/wp\/v2\/comments?post=105647"}],"wp:featuredmedia":[{"embeddable":true,"href":"https:\/\/foliobooks.pl\/en\/wp-json\/wp\/v2\/media\/105636"}],"wp:attachment":[{"href":"https:\/\/foliobooks.pl\/en\/wp-json\/wp\/v2\/media?parent=105647"}],"wp:term":[{"taxonomy":"product_brand","embeddable":true,"href":"https:\/\/foliobooks.pl\/en\/wp-json\/wp\/v2\/product_brand?post=105647"},{"taxonomy":"product_cat","embeddable":true,"href":"https:\/\/foliobooks.pl\/en\/wp-json\/wp\/v2\/product_cat?post=105647"},{"taxonomy":"product_tag","embeddable":true,"href":"https:\/\/foliobooks.pl\/en\/wp-json\/wp\/v2\/product_tag?post=105647"}],"curies":[{"name":"wp","href":"https:\/\/api.w.org\/{rel}","templated":true}]}}