{"id":105623,"date":"2025-03-04T11:26:34","date_gmt":"2025-03-04T10:26:34","guid":{"rendered":"https:\/\/foliobooks.pl\/sklep\/bangkok-spirit\/"},"modified":"2026-02-18T15:43:33","modified_gmt":"2026-02-18T14:43:33","slug":"bangkok-spirit","status":"publish","type":"product","link":"https:\/\/foliobooks.pl\/en\/shop\/bangkok-spirit\/","title":{"rendered":"Bangkok Spirit"},"content":{"rendered":"<p>One doesn\u2019t come to Bangkok for calm. Nor does one come for ultimate luxury experiences. Bangkok is a city for the explorer. Those looking for a contagious energy. Those looking to feel alive. The capital of Thailand is electric chaos, from the animated street-food vendors to traffic jams galore. The only balance for Bangkok\u2019s vibrant character is found in its spiritual dimension. Intricate Buddhist temples and monasteries offer momentary respite. Then it\u2019s back to the buzz of the city life.<\/p>\n<p>Bangkok is a place of abundance. Abundant in religious institutions, abundant in delicacies offered at the food markets, and abundant in places for an unforgettable night on the town. With Thailand\u2019s first skate company (Preduce Skateboards), Princess Sirivannavari\u2019s eponymous fashion label, and an avant-garde collaboration between Chef Gaggan Anand and Louis Vuitton, Bangkok is clearly abundant in its creative output as well. An intimate story of exploration recounted by author Simon Liberati is accompanied by dynamic images\u2015several of which have been provided by local photographers\u2015to present an invigorating portrait of Bangkok.<\/p>\n","protected":false},"excerpt":{"rendered":"<p>One doesn\u2019t come to Bangkok for calm. Nor does one come for ultimate luxury experiences. Bangkok is a city for the explorer. Those looking for a contagious energy. Those looking to feel alive. The capital of Thailand is electric chaos, from the animated street-food vendors to traffic jams galore. The only balance for Bangkok\u2019s vibrant&#8230;<\/p>\n","protected":false},"featured_media":105622,"comment_status":"closed","ping_status":"closed","template":"","meta":[],"product_brand":[],"product_cat":[13533,4517],"product_tag":[156],"class_list":{"0":"post-105623","1":"product","2":"type-product","3":"status-publish","4":"has-post-thumbnail","6":"product_cat-books","7":"product_cat-photography-en","8":"product_tag-travel","9":"pa_author_att-simon-liberati-en","10":"pa_cover-hardcover","11":"pa_format-25-x-33-cm-en","12":"pa_isbn-9781649803504-en","13":"pa_language-eng","14":"pa_pages-312-en-2","15":"pa_published-2024-12-13-en","16":"pa_publisher-assouline-en","18":"first","19":"outofstock","20":"sale","21":"sold-individually","22":"shipping-taxable","23":"purchasable","24":"product-type-simple"},"yoast_head":"<!-- This site is optimized with the Yoast SEO plugin v27.4 - https:\/\/yoast.com\/product\/yoast-seo-wordpress\/ -->\n<title>Bangkok Spirit (Simon Liberati) - book \/ album - Folio<\/title>\n<meta name=\"description\" content=\"Wejd\u017a i kup ksi\u0105\u017ck\u0119 Bangkok Spirit autorstwa Simon Liberati wydan\u0105 przez Assouline (2024-12-13) w formacie 25 x 33 cm (ISBN: 9781649803504). Zapraszamy!\" \/>\n<meta name=\"robots\" content=\"index, follow, max-snippet:-1, max-image-preview:large, max-video-preview:-1\" \/>\n<link rel=\"canonical\" href=\"https:\/\/foliobooks.pl\/en\/shop\/bangkok-spirit\/\" \/>\n<meta property=\"og:locale\" content=\"en_US\" \/>\n<meta property=\"og:type\" content=\"article\" \/>\n<meta property=\"og:title\" content=\"Bangkok Spirit (Simon Liberati) - book \/ album - Folio\" \/>\n<meta property=\"og:description\" content=\"Wejd\u017a i kup ksi\u0105\u017ck\u0119 Bangkok Spirit autorstwa Simon Liberati wydan\u0105 przez Assouline (2024-12-13) w formacie 25 x 33 cm (ISBN: 9781649803504). Zapraszamy!\" \/>\n<meta property=\"og:url\" content=\"https:\/\/foliobooks.pl\/en\/shop\/bangkok-spirit\/\" \/>\n<meta property=\"og:site_name\" content=\"Folio\" \/>\n<meta property=\"article:modified_time\" content=\"2026-02-18T14:43:33+00:00\" \/>\n<meta property=\"og:image\" content=\"https:\/\/foliobooks.pl\/wp-content\/uploads\/2025\/03\/9781649803504.png\" \/>\n\t<meta property=\"og:image:width\" content=\"570\" \/>\n\t<meta property=\"og:image:height\" content=\"708\" \/>\n\t<meta property=\"og:image:type\" content=\"image\/png\" \/>\n<meta name=\"twitter:card\" content=\"summary_large_image\" \/>\n<meta name=\"twitter:label1\" content=\"Est. reading time\" \/>\n\t<meta name=\"twitter:data1\" content=\"2 minutes\" \/>\n<script type=\"application\/ld+json\" class=\"yoast-schema-graph\">{\"@context\":\"https:\\\/\\\/schema.org\",\"@graph\":[{\"@type\":\"WebPage\",\"@id\":\"https:\\\/\\\/foliobooks.pl\\\/en\\\/shop\\\/bangkok-spirit\\\/\",\"url\":\"https:\\\/\\\/foliobooks.pl\\\/en\\\/shop\\\/bangkok-spirit\\\/\",\"name\":\"Bangkok Spirit (Simon Liberati) - book \\\/ album - Folio\",\"isPartOf\":{\"@id\":\"https:\\\/\\\/foliobooks.pl\\\/en\\\/#website\"},\"primaryImageOfPage\":{\"@id\":\"https:\\\/\\\/foliobooks.pl\\\/en\\\/shop\\\/bangkok-spirit\\\/#primaryimage\"},\"image\":{\"@id\":\"https:\\\/\\\/foliobooks.pl\\\/en\\\/shop\\\/bangkok-spirit\\\/#primaryimage\"},\"thumbnailUrl\":\"https:\\\/\\\/foliobooks.pl\\\/wp-content\\\/uploads\\\/2025\\\/03\\\/9781649803504.png\",\"datePublished\":\"2025-03-04T10:26:34+00:00\",\"dateModified\":\"2026-02-18T14:43:33+00:00\",\"description\":\"Wejd\u017a i kup ksi\u0105\u017ck\u0119 Bangkok Spirit autorstwa Simon Liberati wydan\u0105 przez Assouline (2024-12-13) w formacie 25 x 33 cm (ISBN: 9781649803504). Zapraszamy!\",\"breadcrumb\":{\"@id\":\"https:\\\/\\\/foliobooks.pl\\\/en\\\/shop\\\/bangkok-spirit\\\/#breadcrumb\"},\"inLanguage\":\"en-US\",\"potentialAction\":[{\"@type\":\"ReadAction\",\"target\":[\"https:\\\/\\\/foliobooks.pl\\\/en\\\/shop\\\/bangkok-spirit\\\/\"]}]},{\"@type\":\"ImageObject\",\"inLanguage\":\"en-US\",\"@id\":\"https:\\\/\\\/foliobooks.pl\\\/en\\\/shop\\\/bangkok-spirit\\\/#primaryimage\",\"url\":\"https:\\\/\\\/foliobooks.pl\\\/wp-content\\\/uploads\\\/2025\\\/03\\\/9781649803504.png\",\"contentUrl\":\"https:\\\/\\\/foliobooks.pl\\\/wp-content\\\/uploads\\\/2025\\\/03\\\/9781649803504.png\",\"width\":570,\"height\":708},{\"@type\":\"BreadcrumbList\",\"@id\":\"https:\\\/\\\/foliobooks.pl\\\/en\\\/shop\\\/bangkok-spirit\\\/#breadcrumb\",\"itemListElement\":[{\"@type\":\"ListItem\",\"position\":1,\"name\":\"Strona g\u0142\u00f3wna\",\"item\":\"https:\\\/\\\/foliobooks.pl\\\/en\\\/\"},{\"@type\":\"ListItem\",\"position\":2,\"name\":\"Shop\",\"item\":\"https:\\\/\\\/foliobooks.pl\\\/en\\\/shop\\\/\"},{\"@type\":\"ListItem\",\"position\":3,\"name\":\"Bangkok Spirit\"}]},{\"@type\":\"WebSite\",\"@id\":\"https:\\\/\\\/foliobooks.pl\\\/en\\\/#website\",\"url\":\"https:\\\/\\\/foliobooks.pl\\\/en\\\/\",\"name\":\"Folio\",\"description\":\"Ksi\u0119garnia internetowa\",\"potentialAction\":[{\"@type\":\"SearchAction\",\"target\":{\"@type\":\"EntryPoint\",\"urlTemplate\":\"https:\\\/\\\/foliobooks.pl\\\/en\\\/?s={search_term_string}\"},\"query-input\":{\"@type\":\"PropertyValueSpecification\",\"valueRequired\":true,\"valueName\":\"search_term_string\"}}],\"inLanguage\":\"en-US\"}]}<\/script>\n<!-- \/ Yoast SEO plugin. -->","yoast_head_json":{"title":"Bangkok Spirit (Simon Liberati) - book \/ album - Folio","description":"Wejd\u017a i kup ksi\u0105\u017ck\u0119 Bangkok Spirit autorstwa Simon Liberati wydan\u0105 przez Assouline (2024-12-13) w formacie 25 x 33 cm (ISBN: 9781649803504). Zapraszamy!","robots":{"index":"index","follow":"follow","max-snippet":"max-snippet:-1","max-image-preview":"max-image-preview:large","max-video-preview":"max-video-preview:-1"},"canonical":"https:\/\/foliobooks.pl\/en\/shop\/bangkok-spirit\/","og_locale":"en_US","og_type":"article","og_title":"Bangkok Spirit (Simon Liberati) - book \/ album - Folio","og_description":"Wejd\u017a i kup ksi\u0105\u017ck\u0119 Bangkok Spirit autorstwa Simon Liberati wydan\u0105 przez Assouline (2024-12-13) w formacie 25 x 33 cm (ISBN: 9781649803504). Zapraszamy!","og_url":"https:\/\/foliobooks.pl\/en\/shop\/bangkok-spirit\/","og_site_name":"Folio","article_modified_time":"2026-02-18T14:43:33+00:00","og_image":[{"width":570,"height":708,"url":"https:\/\/foliobooks.pl\/wp-content\/uploads\/2025\/03\/9781649803504.png","type":"image\/png"}],"twitter_card":"summary_large_image","twitter_misc":{"Est. reading time":"2 minutes"},"schema":{"@context":"https:\/\/schema.org","@graph":[{"@type":"WebPage","@id":"https:\/\/foliobooks.pl\/en\/shop\/bangkok-spirit\/","url":"https:\/\/foliobooks.pl\/en\/shop\/bangkok-spirit\/","name":"Bangkok Spirit (Simon Liberati) - book \/ album - Folio","isPartOf":{"@id":"https:\/\/foliobooks.pl\/en\/#website"},"primaryImageOfPage":{"@id":"https:\/\/foliobooks.pl\/en\/shop\/bangkok-spirit\/#primaryimage"},"image":{"@id":"https:\/\/foliobooks.pl\/en\/shop\/bangkok-spirit\/#primaryimage"},"thumbnailUrl":"https:\/\/foliobooks.pl\/wp-content\/uploads\/2025\/03\/9781649803504.png","datePublished":"2025-03-04T10:26:34+00:00","dateModified":"2026-02-18T14:43:33+00:00","description":"Wejd\u017a i kup ksi\u0105\u017ck\u0119 Bangkok Spirit autorstwa Simon Liberati wydan\u0105 przez Assouline (2024-12-13) w formacie 25 x 33 cm (ISBN: 9781649803504). Zapraszamy!","breadcrumb":{"@id":"https:\/\/foliobooks.pl\/en\/shop\/bangkok-spirit\/#breadcrumb"},"inLanguage":"en-US","potentialAction":[{"@type":"ReadAction","target":["https:\/\/foliobooks.pl\/en\/shop\/bangkok-spirit\/"]}]},{"@type":"ImageObject","inLanguage":"en-US","@id":"https:\/\/foliobooks.pl\/en\/shop\/bangkok-spirit\/#primaryimage","url":"https:\/\/foliobooks.pl\/wp-content\/uploads\/2025\/03\/9781649803504.png","contentUrl":"https:\/\/foliobooks.pl\/wp-content\/uploads\/2025\/03\/9781649803504.png","width":570,"height":708},{"@type":"BreadcrumbList","@id":"https:\/\/foliobooks.pl\/en\/shop\/bangkok-spirit\/#breadcrumb","itemListElement":[{"@type":"ListItem","position":1,"name":"Strona g\u0142\u00f3wna","item":"https:\/\/foliobooks.pl\/en\/"},{"@type":"ListItem","position":2,"name":"Shop","item":"https:\/\/foliobooks.pl\/en\/shop\/"},{"@type":"ListItem","position":3,"name":"Bangkok Spirit"}]},{"@type":"WebSite","@id":"https:\/\/foliobooks.pl\/en\/#website","url":"https:\/\/foliobooks.pl\/en\/","name":"Folio","description":"Ksi\u0119garnia internetowa","potentialAction":[{"@type":"SearchAction","target":{"@type":"EntryPoint","urlTemplate":"https:\/\/foliobooks.pl\/en\/?s={search_term_string}"},"query-input":{"@type":"PropertyValueSpecification","valueRequired":true,"valueName":"search_term_string"}}],"inLanguage":"en-US"}]}},"_links":{"self":[{"href":"https:\/\/foliobooks.pl\/en\/wp-json\/wp\/v2\/product\/105623","targetHints":{"allow":["GET"]}}],"collection":[{"href":"https:\/\/foliobooks.pl\/en\/wp-json\/wp\/v2\/product"}],"about":[{"href":"https:\/\/foliobooks.pl\/en\/wp-json\/wp\/v2\/types\/product"}],"replies":[{"embeddable":true,"href":"https:\/\/foliobooks.pl\/en\/wp-json\/wp\/v2\/comments?post=105623"}],"wp:featuredmedia":[{"embeddable":true,"href":"https:\/\/foliobooks.pl\/en\/wp-json\/wp\/v2\/media\/105622"}],"wp:attachment":[{"href":"https:\/\/foliobooks.pl\/en\/wp-json\/wp\/v2\/media?parent=105623"}],"wp:term":[{"taxonomy":"product_brand","embeddable":true,"href":"https:\/\/foliobooks.pl\/en\/wp-json\/wp\/v2\/product_brand?post=105623"},{"taxonomy":"product_cat","embeddable":true,"href":"https:\/\/foliobooks.pl\/en\/wp-json\/wp\/v2\/product_cat?post=105623"},{"taxonomy":"product_tag","embeddable":true,"href":"https:\/\/foliobooks.pl\/en\/wp-json\/wp\/v2\/product_tag?post=105623"}],"curies":[{"name":"wp","href":"https:\/\/api.w.org\/{rel}","templated":true}]}}