{"id":105618,"date":"2025-03-04T11:04:57","date_gmt":"2025-03-04T10:04:57","guid":{"rendered":"https:\/\/foliobooks.pl\/sklep\/absolutely-chanel\/"},"modified":"2025-10-27T11:57:15","modified_gmt":"2025-10-27T10:57:15","slug":"absolutely-chanel","status":"publish","type":"product","link":"https:\/\/foliobooks.pl\/en\/shop\/absolutely-chanel\/","title":{"rendered":"Absolutely Chanel"},"content":{"rendered":"<p>CHANEL is one of the best-known luxury brands in the world. Yet it remains the most mysterious of them all. From Paris and rue Cambon, CHANEL will forever be Gabrielle &#8211; a woman who revolutionized feminine elegance. Carefree and audacious, the designer turned simplicity into the height of luxury. Bold and unpredictable, the brand, now over<\/p>\n<p>100 years old, continues to astound with its one-of-a-kind fashion shows, iconic N\u00b05 perfume and 2.55 bag, exquisite jewellery and cutting-edge beauty products. By passing on its unparalleled expertise over time &#8211; from Gabrielle Chanel, to Karl Lagerfeld, to Virginie Viard &#8211; it has built its legend.<\/p>\n<p>With a wealth of beautiful images and fascinating inserts, including previously unpublished facsimile documents, this volume is an invitation into the sublime and eternal world of the House of CHANEL.<\/p>\n","protected":false},"excerpt":{"rendered":"<p>CHANEL is one of the best-known luxury brands in the world. Yet it remains the most mysterious of them all. From Paris and rue Cambon, CHANEL will forever be Gabrielle &#8211; a woman who revolutionized feminine elegance. Carefree and audacious, the designer turned simplicity into the height of luxury. Bold and unpredictable, the brand, now&#8230;<\/p>\n","protected":false},"featured_media":105609,"comment_status":"closed","ping_status":"closed","template":"","meta":[],"product_brand":[],"product_cat":[13533,4519],"product_tag":[6125],"class_list":{"0":"post-105618","1":"product","2":"type-product","3":"status-publish","4":"has-post-thumbnail","6":"product_cat-books","7":"product_cat-fashion-en-en","8":"product_tag-fashion","9":"pa_author_att-catherine-ormen-en","10":"pa_cover-hardcover","11":"pa_format-261-x-306-cm-en","12":"pa_isbn-9781529438239-en","13":"pa_language-eng","14":"pa_pages-128-en","15":"pa_published-2024-11-19-en","16":"pa_publisher-laurence-king-en","18":"first","19":"instock","20":"sold-individually","21":"shipping-taxable","22":"purchasable","23":"product-type-simple"},"yoast_head":"<!-- This site is optimized with the Yoast SEO plugin v27.4 - https:\/\/yoast.com\/product\/yoast-seo-wordpress\/ -->\n<title>Absolutely Chanel (Catherine \u00d6rmen) - book \/ album - Folio<\/title>\n<meta name=\"description\" content=\"Wejd\u017a i kup ksi\u0105\u017ck\u0119 Absolutely Chanel autorstwa Catherine \u00d6rmen wydan\u0105 przez LAURENCE KING (2024-11-19) w formacie 26,1 x 30,6 cm (ISBN: 9781529438239). Zapraszamy!\" \/>\n<meta name=\"robots\" content=\"index, follow, max-snippet:-1, max-image-preview:large, max-video-preview:-1\" \/>\n<link rel=\"canonical\" href=\"https:\/\/foliobooks.pl\/en\/shop\/absolutely-chanel\/\" \/>\n<meta property=\"og:locale\" content=\"en_US\" \/>\n<meta property=\"og:type\" content=\"article\" \/>\n<meta property=\"og:title\" content=\"Absolutely Chanel (Catherine \u00d6rmen) - book \/ album - Folio\" \/>\n<meta property=\"og:description\" content=\"Wejd\u017a i kup ksi\u0105\u017ck\u0119 Absolutely Chanel autorstwa Catherine \u00d6rmen wydan\u0105 przez LAURENCE KING (2024-11-19) w formacie 26,1 x 30,6 cm (ISBN: 9781529438239). Zapraszamy!\" \/>\n<meta property=\"og:url\" content=\"https:\/\/foliobooks.pl\/en\/shop\/absolutely-chanel\/\" \/>\n<meta property=\"og:site_name\" content=\"Folio\" \/>\n<meta property=\"article:modified_time\" content=\"2025-10-27T10:57:15+00:00\" \/>\n<meta property=\"og:image\" content=\"https:\/\/foliobooks.pl\/wp-content\/uploads\/2025\/03\/9781529438239.png\" \/>\n\t<meta property=\"og:image:width\" content=\"570\" \/>\n\t<meta property=\"og:image:height\" content=\"708\" \/>\n\t<meta property=\"og:image:type\" content=\"image\/png\" \/>\n<meta name=\"twitter:card\" content=\"summary_large_image\" \/>\n<meta name=\"twitter:label1\" content=\"Est. reading time\" \/>\n\t<meta name=\"twitter:data1\" content=\"1 minute\" \/>\n<script type=\"application\/ld+json\" class=\"yoast-schema-graph\">{\"@context\":\"https:\\\/\\\/schema.org\",\"@graph\":[{\"@type\":\"WebPage\",\"@id\":\"https:\\\/\\\/foliobooks.pl\\\/en\\\/shop\\\/absolutely-chanel\\\/\",\"url\":\"https:\\\/\\\/foliobooks.pl\\\/en\\\/shop\\\/absolutely-chanel\\\/\",\"name\":\"Absolutely Chanel (Catherine \u00d6rmen) - book \\\/ album - Folio\",\"isPartOf\":{\"@id\":\"https:\\\/\\\/foliobooks.pl\\\/en\\\/#website\"},\"primaryImageOfPage\":{\"@id\":\"https:\\\/\\\/foliobooks.pl\\\/en\\\/shop\\\/absolutely-chanel\\\/#primaryimage\"},\"image\":{\"@id\":\"https:\\\/\\\/foliobooks.pl\\\/en\\\/shop\\\/absolutely-chanel\\\/#primaryimage\"},\"thumbnailUrl\":\"https:\\\/\\\/foliobooks.pl\\\/wp-content\\\/uploads\\\/2025\\\/03\\\/9781529438239.png\",\"datePublished\":\"2025-03-04T10:04:57+00:00\",\"dateModified\":\"2025-10-27T10:57:15+00:00\",\"description\":\"Wejd\u017a i kup ksi\u0105\u017ck\u0119 Absolutely Chanel autorstwa Catherine \u00d6rmen wydan\u0105 przez LAURENCE KING (2024-11-19) w formacie 26,1 x 30,6 cm (ISBN: 9781529438239). Zapraszamy!\",\"breadcrumb\":{\"@id\":\"https:\\\/\\\/foliobooks.pl\\\/en\\\/shop\\\/absolutely-chanel\\\/#breadcrumb\"},\"inLanguage\":\"en-US\",\"potentialAction\":[{\"@type\":\"ReadAction\",\"target\":[\"https:\\\/\\\/foliobooks.pl\\\/en\\\/shop\\\/absolutely-chanel\\\/\"]}]},{\"@type\":\"ImageObject\",\"inLanguage\":\"en-US\",\"@id\":\"https:\\\/\\\/foliobooks.pl\\\/en\\\/shop\\\/absolutely-chanel\\\/#primaryimage\",\"url\":\"https:\\\/\\\/foliobooks.pl\\\/wp-content\\\/uploads\\\/2025\\\/03\\\/9781529438239.png\",\"contentUrl\":\"https:\\\/\\\/foliobooks.pl\\\/wp-content\\\/uploads\\\/2025\\\/03\\\/9781529438239.png\",\"width\":570,\"height\":708},{\"@type\":\"BreadcrumbList\",\"@id\":\"https:\\\/\\\/foliobooks.pl\\\/en\\\/shop\\\/absolutely-chanel\\\/#breadcrumb\",\"itemListElement\":[{\"@type\":\"ListItem\",\"position\":1,\"name\":\"Strona g\u0142\u00f3wna\",\"item\":\"https:\\\/\\\/foliobooks.pl\\\/en\\\/\"},{\"@type\":\"ListItem\",\"position\":2,\"name\":\"Shop\",\"item\":\"https:\\\/\\\/foliobooks.pl\\\/en\\\/shop\\\/\"},{\"@type\":\"ListItem\",\"position\":3,\"name\":\"Absolutely Chanel\"}]},{\"@type\":\"WebSite\",\"@id\":\"https:\\\/\\\/foliobooks.pl\\\/en\\\/#website\",\"url\":\"https:\\\/\\\/foliobooks.pl\\\/en\\\/\",\"name\":\"Folio\",\"description\":\"Ksi\u0119garnia internetowa\",\"potentialAction\":[{\"@type\":\"SearchAction\",\"target\":{\"@type\":\"EntryPoint\",\"urlTemplate\":\"https:\\\/\\\/foliobooks.pl\\\/en\\\/?s={search_term_string}\"},\"query-input\":{\"@type\":\"PropertyValueSpecification\",\"valueRequired\":true,\"valueName\":\"search_term_string\"}}],\"inLanguage\":\"en-US\"}]}<\/script>\n<!-- \/ Yoast SEO plugin. -->","yoast_head_json":{"title":"Absolutely Chanel (Catherine \u00d6rmen) - book \/ album - Folio","description":"Wejd\u017a i kup ksi\u0105\u017ck\u0119 Absolutely Chanel autorstwa Catherine \u00d6rmen wydan\u0105 przez LAURENCE KING (2024-11-19) w formacie 26,1 x 30,6 cm (ISBN: 9781529438239). Zapraszamy!","robots":{"index":"index","follow":"follow","max-snippet":"max-snippet:-1","max-image-preview":"max-image-preview:large","max-video-preview":"max-video-preview:-1"},"canonical":"https:\/\/foliobooks.pl\/en\/shop\/absolutely-chanel\/","og_locale":"en_US","og_type":"article","og_title":"Absolutely Chanel (Catherine \u00d6rmen) - book \/ album - Folio","og_description":"Wejd\u017a i kup ksi\u0105\u017ck\u0119 Absolutely Chanel autorstwa Catherine \u00d6rmen wydan\u0105 przez LAURENCE KING (2024-11-19) w formacie 26,1 x 30,6 cm (ISBN: 9781529438239). Zapraszamy!","og_url":"https:\/\/foliobooks.pl\/en\/shop\/absolutely-chanel\/","og_site_name":"Folio","article_modified_time":"2025-10-27T10:57:15+00:00","og_image":[{"width":570,"height":708,"url":"https:\/\/foliobooks.pl\/wp-content\/uploads\/2025\/03\/9781529438239.png","type":"image\/png"}],"twitter_card":"summary_large_image","twitter_misc":{"Est. reading time":"1 minute"},"schema":{"@context":"https:\/\/schema.org","@graph":[{"@type":"WebPage","@id":"https:\/\/foliobooks.pl\/en\/shop\/absolutely-chanel\/","url":"https:\/\/foliobooks.pl\/en\/shop\/absolutely-chanel\/","name":"Absolutely Chanel (Catherine \u00d6rmen) - book \/ album - Folio","isPartOf":{"@id":"https:\/\/foliobooks.pl\/en\/#website"},"primaryImageOfPage":{"@id":"https:\/\/foliobooks.pl\/en\/shop\/absolutely-chanel\/#primaryimage"},"image":{"@id":"https:\/\/foliobooks.pl\/en\/shop\/absolutely-chanel\/#primaryimage"},"thumbnailUrl":"https:\/\/foliobooks.pl\/wp-content\/uploads\/2025\/03\/9781529438239.png","datePublished":"2025-03-04T10:04:57+00:00","dateModified":"2025-10-27T10:57:15+00:00","description":"Wejd\u017a i kup ksi\u0105\u017ck\u0119 Absolutely Chanel autorstwa Catherine \u00d6rmen wydan\u0105 przez LAURENCE KING (2024-11-19) w formacie 26,1 x 30,6 cm (ISBN: 9781529438239). Zapraszamy!","breadcrumb":{"@id":"https:\/\/foliobooks.pl\/en\/shop\/absolutely-chanel\/#breadcrumb"},"inLanguage":"en-US","potentialAction":[{"@type":"ReadAction","target":["https:\/\/foliobooks.pl\/en\/shop\/absolutely-chanel\/"]}]},{"@type":"ImageObject","inLanguage":"en-US","@id":"https:\/\/foliobooks.pl\/en\/shop\/absolutely-chanel\/#primaryimage","url":"https:\/\/foliobooks.pl\/wp-content\/uploads\/2025\/03\/9781529438239.png","contentUrl":"https:\/\/foliobooks.pl\/wp-content\/uploads\/2025\/03\/9781529438239.png","width":570,"height":708},{"@type":"BreadcrumbList","@id":"https:\/\/foliobooks.pl\/en\/shop\/absolutely-chanel\/#breadcrumb","itemListElement":[{"@type":"ListItem","position":1,"name":"Strona g\u0142\u00f3wna","item":"https:\/\/foliobooks.pl\/en\/"},{"@type":"ListItem","position":2,"name":"Shop","item":"https:\/\/foliobooks.pl\/en\/shop\/"},{"@type":"ListItem","position":3,"name":"Absolutely Chanel"}]},{"@type":"WebSite","@id":"https:\/\/foliobooks.pl\/en\/#website","url":"https:\/\/foliobooks.pl\/en\/","name":"Folio","description":"Ksi\u0119garnia internetowa","potentialAction":[{"@type":"SearchAction","target":{"@type":"EntryPoint","urlTemplate":"https:\/\/foliobooks.pl\/en\/?s={search_term_string}"},"query-input":{"@type":"PropertyValueSpecification","valueRequired":true,"valueName":"search_term_string"}}],"inLanguage":"en-US"}]}},"_links":{"self":[{"href":"https:\/\/foliobooks.pl\/en\/wp-json\/wp\/v2\/product\/105618","targetHints":{"allow":["GET"]}}],"collection":[{"href":"https:\/\/foliobooks.pl\/en\/wp-json\/wp\/v2\/product"}],"about":[{"href":"https:\/\/foliobooks.pl\/en\/wp-json\/wp\/v2\/types\/product"}],"replies":[{"embeddable":true,"href":"https:\/\/foliobooks.pl\/en\/wp-json\/wp\/v2\/comments?post=105618"}],"wp:featuredmedia":[{"embeddable":true,"href":"https:\/\/foliobooks.pl\/en\/wp-json\/wp\/v2\/media\/105609"}],"wp:attachment":[{"href":"https:\/\/foliobooks.pl\/en\/wp-json\/wp\/v2\/media?parent=105618"}],"wp:term":[{"taxonomy":"product_brand","embeddable":true,"href":"https:\/\/foliobooks.pl\/en\/wp-json\/wp\/v2\/product_brand?post=105618"},{"taxonomy":"product_cat","embeddable":true,"href":"https:\/\/foliobooks.pl\/en\/wp-json\/wp\/v2\/product_cat?post=105618"},{"taxonomy":"product_tag","embeddable":true,"href":"https:\/\/foliobooks.pl\/en\/wp-json\/wp\/v2\/product_tag?post=105618"}],"curies":[{"name":"wp","href":"https:\/\/api.w.org\/{rel}","templated":true}]}}