{"id":10545,"date":"2015-11-02T14:44:58","date_gmt":"2015-11-02T13:44:58","guid":{"rendered":"http:\/\/foliobooks.pl\/en\/?post_type=product&#038;p=10545"},"modified":"2018-12-19T10:52:59","modified_gmt":"2018-12-19T09:52:59","slug":"the-james-bond-archives","status":"publish","type":"product","link":"https:\/\/foliobooks.pl\/en\/shop\/the-james-bond-archives\/","title":{"rendered":"The James Bond Archives"},"content":{"rendered":"<p>Bond, James Bond. Since Sean Connery uttered those immortal words in 1962, the most dashing secret agent in the history of cinema has been charming and thrilling audiences worldwide. This impeccably British character created by author Ian Fleming has starred in 24 EON-produced films, played by 6 different actors over five decades.<\/p>\n<p>In collaboration with EON Productions, this trade edition of The James Bond Archives includes all the same stunning imagery and behind-the-scenes knowledge as the original XL book, just with a smaller format and a softer price-tag. The result is an affordable, compact yet comprehensive record of every single Bond film ever made, beginning with Dr. No (1962) and ending with Spectre (2015).<\/p>\n<p>The wealth of on-set photos, unseen stills, set designs, storyboards, production memos, is supplemented by an oral history recounted by over 150 cast and crew members. From producers to stuntmen, directors to production designers, these personal narratives relate the true, inside story from the Bond sets, offering outstanding insight into the personalities and processes behind the most successful and longest-running film franchise in cinema history.<\/p>\n","protected":false},"excerpt":{"rendered":"<p>Bond, James Bond. Since Sean Connery uttered those immortal words in 1962, the most dashing secret agent in the history of cinema has been charming and thrilling audiences worldwide. This impeccably British character created by author Ian Fleming has starred in 24 EON-produced films, played by 6 different actors over five decades. In collaboration with&#8230;<\/p>\n","protected":false},"featured_media":10547,"comment_status":"closed","ping_status":"closed","template":"","meta":[],"product_brand":[],"product_cat":[4517,4521],"product_tag":[1273,1175,514,154,1676,1683,1066],"class_list":{"0":"post-10545","1":"product","2":"type-product","3":"status-publish","4":"has-post-thumbnail","6":"product_cat-photography-en","7":"product_cat-silva-rerum-en-en","8":"product_tag-cinema-en","9":"product_tag-iconic-photographs","10":"product_tag-men-en","11":"product_tag-monographs","12":"product_tag-movie-stars","13":"product_tag-pop-culture","14":"product_tag-portraits-en","15":"pa_author_att-paul-duncan-en","16":"pa_cover-hardcover","17":"pa_format-33-x-24-cm-en","18":"pa_isbn-9783836551830-en","19":"pa_language-eng","20":"pa_pages-624-en","21":"pa_published-2015-11-07-en","22":"pa_publisher-taschen-en-en","24":"first","25":"outofstock","26":"sold-individually","27":"shipping-taxable","28":"purchasable","29":"product-type-simple"},"yoast_head":"<!-- This site is optimized with the Yoast SEO plugin v27.5 - https:\/\/yoast.com\/product\/yoast-seo-wordpress\/ -->\n<title>The James Bond Archives (Paul Duncan) - book \/ album - Folio<\/title>\n<meta name=\"description\" content=\"Wejd\u017a i kup ksi\u0105\u017ck\u0119 The James Bond Archives autorstwa Paul Duncan wydan\u0105 przez TASCHEN (2015-11-07) w formacie 33 x 24 cm (ISBN: 9783836551830). Zapraszamy!\" \/>\n<meta name=\"robots\" content=\"index, follow, max-snippet:-1, max-image-preview:large, max-video-preview:-1\" \/>\n<link rel=\"canonical\" href=\"https:\/\/foliobooks.pl\/en\/shop\/the-james-bond-archives\/\" \/>\n<meta property=\"og:locale\" content=\"en_US\" \/>\n<meta property=\"og:type\" content=\"article\" \/>\n<meta property=\"og:title\" content=\"The James Bond Archives (Paul Duncan) - book \/ album - Folio\" \/>\n<meta property=\"og:description\" content=\"Wejd\u017a i kup ksi\u0105\u017ck\u0119 The James Bond Archives autorstwa Paul Duncan wydan\u0105 przez TASCHEN (2015-11-07) w formacie 33 x 24 cm (ISBN: 9783836551830). Zapraszamy!\" \/>\n<meta property=\"og:url\" content=\"https:\/\/foliobooks.pl\/en\/shop\/the-james-bond-archives\/\" \/>\n<meta property=\"og:site_name\" content=\"Folio\" \/>\n<meta property=\"article:modified_time\" content=\"2018-12-19T09:52:59+00:00\" \/>\n<meta property=\"og:image\" content=\"https:\/\/foliobooks.pl\/wp-content\/uploads\/2015\/11\/9783836521055.png\" \/>\n\t<meta property=\"og:image:width\" content=\"570\" \/>\n\t<meta property=\"og:image:height\" content=\"708\" \/>\n\t<meta property=\"og:image:type\" content=\"image\/png\" \/>\n<meta name=\"twitter:card\" content=\"summary_large_image\" \/>\n<meta name=\"twitter:label1\" content=\"Est. reading time\" \/>\n\t<meta name=\"twitter:data1\" content=\"1 minute\" \/>\n<script type=\"application\/ld+json\" class=\"yoast-schema-graph\">{\"@context\":\"https:\\\/\\\/schema.org\",\"@graph\":[{\"@type\":\"WebPage\",\"@id\":\"https:\\\/\\\/foliobooks.pl\\\/en\\\/shop\\\/the-james-bond-archives\\\/\",\"url\":\"https:\\\/\\\/foliobooks.pl\\\/en\\\/shop\\\/the-james-bond-archives\\\/\",\"name\":\"The James Bond Archives (Paul Duncan) - book \\\/ album - Folio\",\"isPartOf\":{\"@id\":\"https:\\\/\\\/foliobooks.pl\\\/en\\\/#website\"},\"primaryImageOfPage\":{\"@id\":\"https:\\\/\\\/foliobooks.pl\\\/en\\\/shop\\\/the-james-bond-archives\\\/#primaryimage\"},\"image\":{\"@id\":\"https:\\\/\\\/foliobooks.pl\\\/en\\\/shop\\\/the-james-bond-archives\\\/#primaryimage\"},\"thumbnailUrl\":\"https:\\\/\\\/foliobooks.pl\\\/wp-content\\\/uploads\\\/2015\\\/11\\\/9783836521055.png\",\"datePublished\":\"2015-11-02T13:44:58+00:00\",\"dateModified\":\"2018-12-19T09:52:59+00:00\",\"description\":\"Wejd\u017a i kup ksi\u0105\u017ck\u0119 The James Bond Archives autorstwa Paul Duncan wydan\u0105 przez TASCHEN (2015-11-07) w formacie 33 x 24 cm (ISBN: 9783836551830). Zapraszamy!\",\"breadcrumb\":{\"@id\":\"https:\\\/\\\/foliobooks.pl\\\/en\\\/shop\\\/the-james-bond-archives\\\/#breadcrumb\"},\"inLanguage\":\"en-US\",\"potentialAction\":[{\"@type\":\"ReadAction\",\"target\":[\"https:\\\/\\\/foliobooks.pl\\\/en\\\/shop\\\/the-james-bond-archives\\\/\"]}]},{\"@type\":\"ImageObject\",\"inLanguage\":\"en-US\",\"@id\":\"https:\\\/\\\/foliobooks.pl\\\/en\\\/shop\\\/the-james-bond-archives\\\/#primaryimage\",\"url\":\"https:\\\/\\\/foliobooks.pl\\\/wp-content\\\/uploads\\\/2015\\\/11\\\/9783836521055.png\",\"contentUrl\":\"https:\\\/\\\/foliobooks.pl\\\/wp-content\\\/uploads\\\/2015\\\/11\\\/9783836521055.png\",\"width\":570,\"height\":708},{\"@type\":\"BreadcrumbList\",\"@id\":\"https:\\\/\\\/foliobooks.pl\\\/en\\\/shop\\\/the-james-bond-archives\\\/#breadcrumb\",\"itemListElement\":[{\"@type\":\"ListItem\",\"position\":1,\"name\":\"Strona g\u0142\u00f3wna\",\"item\":\"https:\\\/\\\/foliobooks.pl\\\/en\\\/\"},{\"@type\":\"ListItem\",\"position\":2,\"name\":\"Shop\",\"item\":\"https:\\\/\\\/foliobooks.pl\\\/en\\\/shop\\\/\"},{\"@type\":\"ListItem\",\"position\":3,\"name\":\"The James Bond Archives\"}]},{\"@type\":\"WebSite\",\"@id\":\"https:\\\/\\\/foliobooks.pl\\\/en\\\/#website\",\"url\":\"https:\\\/\\\/foliobooks.pl\\\/en\\\/\",\"name\":\"Folio\",\"description\":\"Ksi\u0119garnia internetowa\",\"potentialAction\":[{\"@type\":\"SearchAction\",\"target\":{\"@type\":\"EntryPoint\",\"urlTemplate\":\"https:\\\/\\\/foliobooks.pl\\\/en\\\/?s={search_term_string}\"},\"query-input\":{\"@type\":\"PropertyValueSpecification\",\"valueRequired\":true,\"valueName\":\"search_term_string\"}}],\"inLanguage\":\"en-US\"}]}<\/script>\n<!-- \/ Yoast SEO plugin. -->","yoast_head_json":{"title":"The James Bond Archives (Paul Duncan) - book \/ album - Folio","description":"Wejd\u017a i kup ksi\u0105\u017ck\u0119 The James Bond Archives autorstwa Paul Duncan wydan\u0105 przez TASCHEN (2015-11-07) w formacie 33 x 24 cm (ISBN: 9783836551830). Zapraszamy!","robots":{"index":"index","follow":"follow","max-snippet":"max-snippet:-1","max-image-preview":"max-image-preview:large","max-video-preview":"max-video-preview:-1"},"canonical":"https:\/\/foliobooks.pl\/en\/shop\/the-james-bond-archives\/","og_locale":"en_US","og_type":"article","og_title":"The James Bond Archives (Paul Duncan) - book \/ album - Folio","og_description":"Wejd\u017a i kup ksi\u0105\u017ck\u0119 The James Bond Archives autorstwa Paul Duncan wydan\u0105 przez TASCHEN (2015-11-07) w formacie 33 x 24 cm (ISBN: 9783836551830). Zapraszamy!","og_url":"https:\/\/foliobooks.pl\/en\/shop\/the-james-bond-archives\/","og_site_name":"Folio","article_modified_time":"2018-12-19T09:52:59+00:00","og_image":[{"width":570,"height":708,"url":"https:\/\/foliobooks.pl\/wp-content\/uploads\/2015\/11\/9783836521055.png","type":"image\/png"}],"twitter_card":"summary_large_image","twitter_misc":{"Est. reading time":"1 minute"},"schema":{"@context":"https:\/\/schema.org","@graph":[{"@type":"WebPage","@id":"https:\/\/foliobooks.pl\/en\/shop\/the-james-bond-archives\/","url":"https:\/\/foliobooks.pl\/en\/shop\/the-james-bond-archives\/","name":"The James Bond Archives (Paul Duncan) - book \/ album - Folio","isPartOf":{"@id":"https:\/\/foliobooks.pl\/en\/#website"},"primaryImageOfPage":{"@id":"https:\/\/foliobooks.pl\/en\/shop\/the-james-bond-archives\/#primaryimage"},"image":{"@id":"https:\/\/foliobooks.pl\/en\/shop\/the-james-bond-archives\/#primaryimage"},"thumbnailUrl":"https:\/\/foliobooks.pl\/wp-content\/uploads\/2015\/11\/9783836521055.png","datePublished":"2015-11-02T13:44:58+00:00","dateModified":"2018-12-19T09:52:59+00:00","description":"Wejd\u017a i kup ksi\u0105\u017ck\u0119 The James Bond Archives autorstwa Paul Duncan wydan\u0105 przez TASCHEN (2015-11-07) w formacie 33 x 24 cm (ISBN: 9783836551830). Zapraszamy!","breadcrumb":{"@id":"https:\/\/foliobooks.pl\/en\/shop\/the-james-bond-archives\/#breadcrumb"},"inLanguage":"en-US","potentialAction":[{"@type":"ReadAction","target":["https:\/\/foliobooks.pl\/en\/shop\/the-james-bond-archives\/"]}]},{"@type":"ImageObject","inLanguage":"en-US","@id":"https:\/\/foliobooks.pl\/en\/shop\/the-james-bond-archives\/#primaryimage","url":"https:\/\/foliobooks.pl\/wp-content\/uploads\/2015\/11\/9783836521055.png","contentUrl":"https:\/\/foliobooks.pl\/wp-content\/uploads\/2015\/11\/9783836521055.png","width":570,"height":708},{"@type":"BreadcrumbList","@id":"https:\/\/foliobooks.pl\/en\/shop\/the-james-bond-archives\/#breadcrumb","itemListElement":[{"@type":"ListItem","position":1,"name":"Strona g\u0142\u00f3wna","item":"https:\/\/foliobooks.pl\/en\/"},{"@type":"ListItem","position":2,"name":"Shop","item":"https:\/\/foliobooks.pl\/en\/shop\/"},{"@type":"ListItem","position":3,"name":"The James Bond Archives"}]},{"@type":"WebSite","@id":"https:\/\/foliobooks.pl\/en\/#website","url":"https:\/\/foliobooks.pl\/en\/","name":"Folio","description":"Ksi\u0119garnia internetowa","potentialAction":[{"@type":"SearchAction","target":{"@type":"EntryPoint","urlTemplate":"https:\/\/foliobooks.pl\/en\/?s={search_term_string}"},"query-input":{"@type":"PropertyValueSpecification","valueRequired":true,"valueName":"search_term_string"}}],"inLanguage":"en-US"}]}},"_links":{"self":[{"href":"https:\/\/foliobooks.pl\/en\/wp-json\/wp\/v2\/product\/10545","targetHints":{"allow":["GET"]}}],"collection":[{"href":"https:\/\/foliobooks.pl\/en\/wp-json\/wp\/v2\/product"}],"about":[{"href":"https:\/\/foliobooks.pl\/en\/wp-json\/wp\/v2\/types\/product"}],"replies":[{"embeddable":true,"href":"https:\/\/foliobooks.pl\/en\/wp-json\/wp\/v2\/comments?post=10545"}],"wp:featuredmedia":[{"embeddable":true,"href":"https:\/\/foliobooks.pl\/en\/wp-json\/wp\/v2\/media\/10547"}],"wp:attachment":[{"href":"https:\/\/foliobooks.pl\/en\/wp-json\/wp\/v2\/media?parent=10545"}],"wp:term":[{"taxonomy":"product_brand","embeddable":true,"href":"https:\/\/foliobooks.pl\/en\/wp-json\/wp\/v2\/product_brand?post=10545"},{"taxonomy":"product_cat","embeddable":true,"href":"https:\/\/foliobooks.pl\/en\/wp-json\/wp\/v2\/product_cat?post=10545"},{"taxonomy":"product_tag","embeddable":true,"href":"https:\/\/foliobooks.pl\/en\/wp-json\/wp\/v2\/product_tag?post=10545"}],"curies":[{"name":"wp","href":"https:\/\/api.w.org\/{rel}","templated":true}]}}