{"id":10501,"date":"2015-10-29T14:56:45","date_gmt":"2015-10-29T13:56:45","guid":{"rendered":"http:\/\/foliobooks.pl\/en\/?post_type=product&#038;p=10501"},"modified":"2021-10-29T11:32:27","modified_gmt":"2021-10-29T09:32:27","slug":"italian-cooking-school-desserts","status":"publish","type":"product","link":"https:\/\/foliobooks.pl\/en\/shop\/italian-cooking-school-desserts\/","title":{"rendered":"Italian Cooking School. Desserts"},"content":{"rendered":"<p>75 fail-proof recipes for delicious desserts from the world&#8217;s most trusted and bestselling Italian cookbook series. Affordable and compact, it offers easy everyday recipes for busy people, on all budgets. Readers develop their cooking repertoire by learning how to make cookies and cakes, then advancing to pies and tarts. From Amaretti Biscuits to a Strawberry Custard Tart to a Chocolate and Hazelnut Cake, baking has never been this easy. Step-by-step instructions and photography guide readers through the cooking process and ensure success every time.<\/p>\n","protected":false},"excerpt":{"rendered":"<p>75 fail-proof recipes for delicious desserts from the world&#8217;s most trusted and bestselling Italian cookbook series. Affordable and compact, it offers easy everyday recipes for busy people, on all budgets. Readers develop their cooking repertoire by learning how to make cookies and cakes, then advancing to pies and tarts. From Amaretti Biscuits to a Strawberry&#8230;<\/p>\n","protected":false},"featured_media":10500,"comment_status":"closed","ping_status":"closed","template":"","meta":[],"product_brand":[],"product_cat":[4518],"product_tag":[1010,1875,1008],"class_list":{"0":"post-10501","1":"product","2":"type-product","3":"status-publish","4":"has-post-thumbnail","6":"product_cat-cookery-en","7":"product_tag-food-en","8":"product_tag-national-cuisines","9":"product_tag-recipes-en","10":"pa_author_att-the-silver-spoon-kitchen-en","11":"pa_cover-softcover","12":"pa_format-22-x-16-cm-en","13":"pa_isbn-9780714870038-en","14":"pa_language-eng","15":"pa_pages-176-en","16":"pa_published-2015-10-12-en","17":"pa_publisher-phaidon-en","19":"first","20":"instock","21":"sale","22":"sold-individually","23":"shipping-taxable","24":"purchasable","25":"product-type-simple"},"yoast_head":"<!-- This site is optimized with the Yoast SEO plugin v27.4 - https:\/\/yoast.com\/product\/yoast-seo-wordpress\/ -->\n<title>Italian Cooking School. Desserts (The Silver Spoon Kitchen) - book \/ album - Folio<\/title>\n<meta name=\"description\" content=\"Wejd\u017a i kup ksi\u0105\u017ck\u0119 Italian Cooking School. Desserts autorstwa The Silver Spoon Kitchen wydan\u0105 przez PHAIDON (2015-10-12) w formacie 22 x 16 cm (ISBN: 9780714870038). Zapraszamy!\" \/>\n<meta name=\"robots\" content=\"index, follow, max-snippet:-1, max-image-preview:large, max-video-preview:-1\" \/>\n<link rel=\"canonical\" href=\"https:\/\/foliobooks.pl\/en\/shop\/italian-cooking-school-desserts\/\" \/>\n<meta property=\"og:locale\" content=\"en_US\" \/>\n<meta property=\"og:type\" content=\"article\" \/>\n<meta property=\"og:title\" content=\"Italian Cooking School. Desserts (The Silver Spoon Kitchen) - book \/ album - Folio\" \/>\n<meta property=\"og:description\" content=\"Wejd\u017a i kup ksi\u0105\u017ck\u0119 Italian Cooking School. Desserts autorstwa The Silver Spoon Kitchen wydan\u0105 przez PHAIDON (2015-10-12) w formacie 22 x 16 cm (ISBN: 9780714870038). Zapraszamy!\" \/>\n<meta property=\"og:url\" content=\"https:\/\/foliobooks.pl\/en\/shop\/italian-cooking-school-desserts\/\" \/>\n<meta property=\"og:site_name\" content=\"Folio\" \/>\n<meta property=\"article:modified_time\" content=\"2021-10-29T09:32:27+00:00\" \/>\n<meta property=\"og:image\" content=\"https:\/\/foliobooks.pl\/wp-content\/uploads\/2015\/10\/9780714870038.png\" \/>\n\t<meta property=\"og:image:width\" content=\"570\" \/>\n\t<meta property=\"og:image:height\" content=\"708\" \/>\n\t<meta property=\"og:image:type\" content=\"image\/png\" \/>\n<meta name=\"twitter:card\" content=\"summary_large_image\" \/>\n<script type=\"application\/ld+json\" class=\"yoast-schema-graph\">{\"@context\":\"https:\\\/\\\/schema.org\",\"@graph\":[{\"@type\":\"WebPage\",\"@id\":\"https:\\\/\\\/foliobooks.pl\\\/en\\\/shop\\\/italian-cooking-school-desserts\\\/\",\"url\":\"https:\\\/\\\/foliobooks.pl\\\/en\\\/shop\\\/italian-cooking-school-desserts\\\/\",\"name\":\"Italian Cooking School. Desserts (The Silver Spoon Kitchen) - book \\\/ album - Folio\",\"isPartOf\":{\"@id\":\"https:\\\/\\\/foliobooks.pl\\\/en\\\/#website\"},\"primaryImageOfPage\":{\"@id\":\"https:\\\/\\\/foliobooks.pl\\\/en\\\/shop\\\/italian-cooking-school-desserts\\\/#primaryimage\"},\"image\":{\"@id\":\"https:\\\/\\\/foliobooks.pl\\\/en\\\/shop\\\/italian-cooking-school-desserts\\\/#primaryimage\"},\"thumbnailUrl\":\"https:\\\/\\\/foliobooks.pl\\\/wp-content\\\/uploads\\\/2015\\\/10\\\/9780714870038.png\",\"datePublished\":\"2015-10-29T13:56:45+00:00\",\"dateModified\":\"2021-10-29T09:32:27+00:00\",\"description\":\"Wejd\u017a i kup ksi\u0105\u017ck\u0119 Italian Cooking School. Desserts autorstwa The Silver Spoon Kitchen wydan\u0105 przez PHAIDON (2015-10-12) w formacie 22 x 16 cm (ISBN: 9780714870038). Zapraszamy!\",\"breadcrumb\":{\"@id\":\"https:\\\/\\\/foliobooks.pl\\\/en\\\/shop\\\/italian-cooking-school-desserts\\\/#breadcrumb\"},\"inLanguage\":\"en-US\",\"potentialAction\":[{\"@type\":\"ReadAction\",\"target\":[\"https:\\\/\\\/foliobooks.pl\\\/en\\\/shop\\\/italian-cooking-school-desserts\\\/\"]}]},{\"@type\":\"ImageObject\",\"inLanguage\":\"en-US\",\"@id\":\"https:\\\/\\\/foliobooks.pl\\\/en\\\/shop\\\/italian-cooking-school-desserts\\\/#primaryimage\",\"url\":\"https:\\\/\\\/foliobooks.pl\\\/wp-content\\\/uploads\\\/2015\\\/10\\\/9780714870038.png\",\"contentUrl\":\"https:\\\/\\\/foliobooks.pl\\\/wp-content\\\/uploads\\\/2015\\\/10\\\/9780714870038.png\",\"width\":570,\"height\":708},{\"@type\":\"BreadcrumbList\",\"@id\":\"https:\\\/\\\/foliobooks.pl\\\/en\\\/shop\\\/italian-cooking-school-desserts\\\/#breadcrumb\",\"itemListElement\":[{\"@type\":\"ListItem\",\"position\":1,\"name\":\"Strona g\u0142\u00f3wna\",\"item\":\"https:\\\/\\\/foliobooks.pl\\\/en\\\/\"},{\"@type\":\"ListItem\",\"position\":2,\"name\":\"Shop\",\"item\":\"https:\\\/\\\/foliobooks.pl\\\/en\\\/shop\\\/\"},{\"@type\":\"ListItem\",\"position\":3,\"name\":\"Italian Cooking School. Desserts\"}]},{\"@type\":\"WebSite\",\"@id\":\"https:\\\/\\\/foliobooks.pl\\\/en\\\/#website\",\"url\":\"https:\\\/\\\/foliobooks.pl\\\/en\\\/\",\"name\":\"Folio\",\"description\":\"Ksi\u0119garnia internetowa\",\"potentialAction\":[{\"@type\":\"SearchAction\",\"target\":{\"@type\":\"EntryPoint\",\"urlTemplate\":\"https:\\\/\\\/foliobooks.pl\\\/en\\\/?s={search_term_string}\"},\"query-input\":{\"@type\":\"PropertyValueSpecification\",\"valueRequired\":true,\"valueName\":\"search_term_string\"}}],\"inLanguage\":\"en-US\"}]}<\/script>\n<!-- \/ Yoast SEO plugin. -->","yoast_head_json":{"title":"Italian Cooking School. Desserts (The Silver Spoon Kitchen) - book \/ album - Folio","description":"Wejd\u017a i kup ksi\u0105\u017ck\u0119 Italian Cooking School. Desserts autorstwa The Silver Spoon Kitchen wydan\u0105 przez PHAIDON (2015-10-12) w formacie 22 x 16 cm (ISBN: 9780714870038). Zapraszamy!","robots":{"index":"index","follow":"follow","max-snippet":"max-snippet:-1","max-image-preview":"max-image-preview:large","max-video-preview":"max-video-preview:-1"},"canonical":"https:\/\/foliobooks.pl\/en\/shop\/italian-cooking-school-desserts\/","og_locale":"en_US","og_type":"article","og_title":"Italian Cooking School. Desserts (The Silver Spoon Kitchen) - book \/ album - Folio","og_description":"Wejd\u017a i kup ksi\u0105\u017ck\u0119 Italian Cooking School. Desserts autorstwa The Silver Spoon Kitchen wydan\u0105 przez PHAIDON (2015-10-12) w formacie 22 x 16 cm (ISBN: 9780714870038). Zapraszamy!","og_url":"https:\/\/foliobooks.pl\/en\/shop\/italian-cooking-school-desserts\/","og_site_name":"Folio","article_modified_time":"2021-10-29T09:32:27+00:00","og_image":[{"width":570,"height":708,"url":"https:\/\/foliobooks.pl\/wp-content\/uploads\/2015\/10\/9780714870038.png","type":"image\/png"}],"twitter_card":"summary_large_image","schema":{"@context":"https:\/\/schema.org","@graph":[{"@type":"WebPage","@id":"https:\/\/foliobooks.pl\/en\/shop\/italian-cooking-school-desserts\/","url":"https:\/\/foliobooks.pl\/en\/shop\/italian-cooking-school-desserts\/","name":"Italian Cooking School. Desserts (The Silver Spoon Kitchen) - book \/ album - Folio","isPartOf":{"@id":"https:\/\/foliobooks.pl\/en\/#website"},"primaryImageOfPage":{"@id":"https:\/\/foliobooks.pl\/en\/shop\/italian-cooking-school-desserts\/#primaryimage"},"image":{"@id":"https:\/\/foliobooks.pl\/en\/shop\/italian-cooking-school-desserts\/#primaryimage"},"thumbnailUrl":"https:\/\/foliobooks.pl\/wp-content\/uploads\/2015\/10\/9780714870038.png","datePublished":"2015-10-29T13:56:45+00:00","dateModified":"2021-10-29T09:32:27+00:00","description":"Wejd\u017a i kup ksi\u0105\u017ck\u0119 Italian Cooking School. Desserts autorstwa The Silver Spoon Kitchen wydan\u0105 przez PHAIDON (2015-10-12) w formacie 22 x 16 cm (ISBN: 9780714870038). Zapraszamy!","breadcrumb":{"@id":"https:\/\/foliobooks.pl\/en\/shop\/italian-cooking-school-desserts\/#breadcrumb"},"inLanguage":"en-US","potentialAction":[{"@type":"ReadAction","target":["https:\/\/foliobooks.pl\/en\/shop\/italian-cooking-school-desserts\/"]}]},{"@type":"ImageObject","inLanguage":"en-US","@id":"https:\/\/foliobooks.pl\/en\/shop\/italian-cooking-school-desserts\/#primaryimage","url":"https:\/\/foliobooks.pl\/wp-content\/uploads\/2015\/10\/9780714870038.png","contentUrl":"https:\/\/foliobooks.pl\/wp-content\/uploads\/2015\/10\/9780714870038.png","width":570,"height":708},{"@type":"BreadcrumbList","@id":"https:\/\/foliobooks.pl\/en\/shop\/italian-cooking-school-desserts\/#breadcrumb","itemListElement":[{"@type":"ListItem","position":1,"name":"Strona g\u0142\u00f3wna","item":"https:\/\/foliobooks.pl\/en\/"},{"@type":"ListItem","position":2,"name":"Shop","item":"https:\/\/foliobooks.pl\/en\/shop\/"},{"@type":"ListItem","position":3,"name":"Italian Cooking School. Desserts"}]},{"@type":"WebSite","@id":"https:\/\/foliobooks.pl\/en\/#website","url":"https:\/\/foliobooks.pl\/en\/","name":"Folio","description":"Ksi\u0119garnia internetowa","potentialAction":[{"@type":"SearchAction","target":{"@type":"EntryPoint","urlTemplate":"https:\/\/foliobooks.pl\/en\/?s={search_term_string}"},"query-input":{"@type":"PropertyValueSpecification","valueRequired":true,"valueName":"search_term_string"}}],"inLanguage":"en-US"}]}},"_links":{"self":[{"href":"https:\/\/foliobooks.pl\/en\/wp-json\/wp\/v2\/product\/10501","targetHints":{"allow":["GET"]}}],"collection":[{"href":"https:\/\/foliobooks.pl\/en\/wp-json\/wp\/v2\/product"}],"about":[{"href":"https:\/\/foliobooks.pl\/en\/wp-json\/wp\/v2\/types\/product"}],"replies":[{"embeddable":true,"href":"https:\/\/foliobooks.pl\/en\/wp-json\/wp\/v2\/comments?post=10501"}],"wp:featuredmedia":[{"embeddable":true,"href":"https:\/\/foliobooks.pl\/en\/wp-json\/wp\/v2\/media\/10500"}],"wp:attachment":[{"href":"https:\/\/foliobooks.pl\/en\/wp-json\/wp\/v2\/media?parent=10501"}],"wp:term":[{"taxonomy":"product_brand","embeddable":true,"href":"https:\/\/foliobooks.pl\/en\/wp-json\/wp\/v2\/product_brand?post=10501"},{"taxonomy":"product_cat","embeddable":true,"href":"https:\/\/foliobooks.pl\/en\/wp-json\/wp\/v2\/product_cat?post=10501"},{"taxonomy":"product_tag","embeddable":true,"href":"https:\/\/foliobooks.pl\/en\/wp-json\/wp\/v2\/product_tag?post=10501"}],"curies":[{"name":"wp","href":"https:\/\/api.w.org\/{rel}","templated":true}]}}