{"id":104800,"date":"2021-07-20T14:11:27","date_gmt":"2021-07-20T12:11:27","guid":{"rendered":"https:\/\/foliobooks.pl\/sklep\/tattoo-1730s-1970s-henk-schiffmachers-private-collection\/"},"modified":"2021-07-20T14:11:27","modified_gmt":"2021-07-20T12:11:27","slug":"tattoo-1730s-1970s-henk-schiffmachers-private-collection","status":"publish","type":"product","link":"https:\/\/foliobooks.pl\/en\/shop\/tattoo-1730s-1970s-henk-schiffmachers-private-collection\/","title":{"rendered":"TATTOO. 1730s-1970s. Henk Schiffmacher\u2019s Private Collection"},"content":{"rendered":"<p>Henk Schiffmacher\u2019s Private Collection of the Art and Its Makers, 1730s\u20131970s<br \/>\nOne part history book, one part art book, and one part fascinating memoir, this book is an overview of more than two centuries of tattoo history intermixed with an intimate look at the lives of tattoo artists, and the personal struggles and triumphs, occupational hazards, and artistic courage that have defined so much of this history.<\/p>\n<p>For the last forty years, Henk Schiffmacher has poured his heart and soul into his collection, amassing tattoo drawings, designs, photographs, and artifacts from around the world. Each of the book\u2019s five chapters features many never-before-seen highlights from this collection and includes lithographs, etchings, tattooing instruments, paintings, photographs, posters, shop signs, original drawings, and tattoo designs known in the business as flash, among them extremely rare vintage flash sheets from major players in early Western tattooing. The vastness and variety of tattooing around the world is chronicled in the book\u2019s 700+ images, including the indigenous tattooing of the M\u0101ori and South Pacific islanders, the ancient traditions of Asia, and the origins of old-school Western tattooing in Europe and the United States. The book also features a dozen original illustrations by Schiffmacher in his inimitable style, as well as a personal introduction describing Schiffmacher\u2019s own journey as both an artist and a collector that has shaped his view of the art\u2019s journey from the underground to the mainstream.<\/p>\n<p>Schiffmacher brings a fascinating perspective to tattoo history through his personal reflections and wild tales of adventure. In this book, we learn not only about the history of tattooing, but also about the adventures behind the making of one of the largest tattoo collections in the world, by a self-taught tattoo artist in love with the art and its innovators.<\/p>\n","protected":false},"excerpt":{"rendered":"<p>Henk Schiffmacher\u2019s Private Collection of the Art and Its Makers, 1730s\u20131970s One part history book, one part art book, and one part fascinating memoir, this book is an overview of more than two centuries of tattoo history intermixed with an intimate look at the lives of tattoo artists, and the personal struggles and triumphs, occupational&#8230;<\/p>\n","protected":false},"featured_media":55931,"comment_status":"closed","ping_status":"closed","template":"","meta":[],"product_brand":[],"product_cat":[4522,13533,4523,4525],"product_tag":[2253,4496],"class_list":{"0":"post-104800","1":"product","2":"type-product","3":"status-publish","4":"has-post-thumbnail","6":"product_cat-art-en","7":"product_cat-books","8":"product_cat-design-en-en","9":"product_cat-graphic-design","10":"product_tag-graphics","11":"product_tag-tattoos","12":"pa_author_att-henk-schiffmacher-en","13":"pa_author_att-noel-daniel-en","14":"pa_cover-hardcover","15":"pa_format-29-x-388-cm-en","16":"pa_isbn-9783836569354-en","17":"pa_language-eng-f-ger","18":"pa_pages-440-en","19":"pa_published-2021-05-01-en","20":"pa_publisher-taschen-en-en","22":"first","23":"instock","24":"sold-individually","25":"shipping-taxable","26":"purchasable","27":"product-type-simple"},"yoast_head":"<!-- This site is optimized with the Yoast SEO plugin v27.4 - https:\/\/yoast.com\/product\/yoast-seo-wordpress\/ -->\n<title>TATTOO. 1730s-1970s. Henk Schiffmacher\u2019s Private Collection (Henk Schiffmacher, Noel Daniel) - book \/ album - Folio<\/title>\n<meta name=\"description\" content=\"Wejd\u017a i kup ksi\u0105\u017ck\u0119 TATTOO. 1730s-1970s. Henk Schiffmacher\u2019s Private Collection autorstwa Henk Schiffmacher, Noel Daniel wydan\u0105 przez TASCHEN (2021-05-01) w formacie 29 x 38,8 cm (ISBN: 9783836569354). Zapraszamy!\" \/>\n<meta name=\"robots\" content=\"index, follow, max-snippet:-1, max-image-preview:large, max-video-preview:-1\" \/>\n<link rel=\"canonical\" href=\"https:\/\/foliobooks.pl\/en\/shop\/tattoo-1730s-1970s-henk-schiffmachers-private-collection\/\" \/>\n<meta property=\"og:locale\" content=\"en_US\" \/>\n<meta property=\"og:type\" content=\"article\" \/>\n<meta property=\"og:title\" content=\"TATTOO. 1730s-1970s. Henk Schiffmacher\u2019s Private Collection (Henk Schiffmacher, Noel Daniel) - book \/ album - Folio\" \/>\n<meta property=\"og:description\" content=\"Wejd\u017a i kup ksi\u0105\u017ck\u0119 TATTOO. 1730s-1970s. Henk Schiffmacher\u2019s Private Collection autorstwa Henk Schiffmacher, Noel Daniel wydan\u0105 przez TASCHEN (2021-05-01) w formacie 29 x 38,8 cm (ISBN: 9783836569354). Zapraszamy!\" \/>\n<meta property=\"og:url\" content=\"https:\/\/foliobooks.pl\/en\/shop\/tattoo-1730s-1970s-henk-schiffmachers-private-collection\/\" \/>\n<meta property=\"og:site_name\" content=\"Folio\" \/>\n<meta property=\"og:image\" content=\"https:\/\/foliobooks.pl\/wp-content\/uploads\/2021\/07\/9783836569354.png\" \/>\n\t<meta property=\"og:image:width\" content=\"570\" \/>\n\t<meta property=\"og:image:height\" content=\"708\" \/>\n\t<meta property=\"og:image:type\" content=\"image\/png\" \/>\n<meta name=\"twitter:card\" content=\"summary_large_image\" \/>\n<meta name=\"twitter:label1\" content=\"Est. reading time\" \/>\n\t<meta name=\"twitter:data1\" content=\"2 minutes\" \/>\n<script type=\"application\/ld+json\" class=\"yoast-schema-graph\">{\"@context\":\"https:\\\/\\\/schema.org\",\"@graph\":[{\"@type\":\"WebPage\",\"@id\":\"https:\\\/\\\/foliobooks.pl\\\/en\\\/shop\\\/tattoo-1730s-1970s-henk-schiffmachers-private-collection\\\/\",\"url\":\"https:\\\/\\\/foliobooks.pl\\\/en\\\/shop\\\/tattoo-1730s-1970s-henk-schiffmachers-private-collection\\\/\",\"name\":\"TATTOO. 1730s-1970s. Henk Schiffmacher\u2019s Private Collection (Henk Schiffmacher, Noel Daniel) - book \\\/ album - Folio\",\"isPartOf\":{\"@id\":\"https:\\\/\\\/foliobooks.pl\\\/en\\\/#website\"},\"primaryImageOfPage\":{\"@id\":\"https:\\\/\\\/foliobooks.pl\\\/en\\\/shop\\\/tattoo-1730s-1970s-henk-schiffmachers-private-collection\\\/#primaryimage\"},\"image\":{\"@id\":\"https:\\\/\\\/foliobooks.pl\\\/en\\\/shop\\\/tattoo-1730s-1970s-henk-schiffmachers-private-collection\\\/#primaryimage\"},\"thumbnailUrl\":\"https:\\\/\\\/foliobooks.pl\\\/wp-content\\\/uploads\\\/2021\\\/07\\\/9783836569354.png\",\"datePublished\":\"2021-07-20T12:11:27+00:00\",\"description\":\"Wejd\u017a i kup ksi\u0105\u017ck\u0119 TATTOO. 1730s-1970s. Henk Schiffmacher\u2019s Private Collection autorstwa Henk Schiffmacher, Noel Daniel wydan\u0105 przez TASCHEN (2021-05-01) w formacie 29 x 38,8 cm (ISBN: 9783836569354). Zapraszamy!\",\"breadcrumb\":{\"@id\":\"https:\\\/\\\/foliobooks.pl\\\/en\\\/shop\\\/tattoo-1730s-1970s-henk-schiffmachers-private-collection\\\/#breadcrumb\"},\"inLanguage\":\"en-US\",\"potentialAction\":[{\"@type\":\"ReadAction\",\"target\":[\"https:\\\/\\\/foliobooks.pl\\\/en\\\/shop\\\/tattoo-1730s-1970s-henk-schiffmachers-private-collection\\\/\"]}]},{\"@type\":\"ImageObject\",\"inLanguage\":\"en-US\",\"@id\":\"https:\\\/\\\/foliobooks.pl\\\/en\\\/shop\\\/tattoo-1730s-1970s-henk-schiffmachers-private-collection\\\/#primaryimage\",\"url\":\"https:\\\/\\\/foliobooks.pl\\\/wp-content\\\/uploads\\\/2021\\\/07\\\/9783836569354.png\",\"contentUrl\":\"https:\\\/\\\/foliobooks.pl\\\/wp-content\\\/uploads\\\/2021\\\/07\\\/9783836569354.png\",\"width\":570,\"height\":708},{\"@type\":\"BreadcrumbList\",\"@id\":\"https:\\\/\\\/foliobooks.pl\\\/en\\\/shop\\\/tattoo-1730s-1970s-henk-schiffmachers-private-collection\\\/#breadcrumb\",\"itemListElement\":[{\"@type\":\"ListItem\",\"position\":1,\"name\":\"Strona g\u0142\u00f3wna\",\"item\":\"https:\\\/\\\/foliobooks.pl\\\/en\\\/\"},{\"@type\":\"ListItem\",\"position\":2,\"name\":\"Shop\",\"item\":\"https:\\\/\\\/foliobooks.pl\\\/en\\\/shop\\\/\"},{\"@type\":\"ListItem\",\"position\":3,\"name\":\"TATTOO. 1730s-1970s. Henk Schiffmacher\u2019s Private Collection\"}]},{\"@type\":\"WebSite\",\"@id\":\"https:\\\/\\\/foliobooks.pl\\\/en\\\/#website\",\"url\":\"https:\\\/\\\/foliobooks.pl\\\/en\\\/\",\"name\":\"Folio\",\"description\":\"Ksi\u0119garnia internetowa\",\"potentialAction\":[{\"@type\":\"SearchAction\",\"target\":{\"@type\":\"EntryPoint\",\"urlTemplate\":\"https:\\\/\\\/foliobooks.pl\\\/en\\\/?s={search_term_string}\"},\"query-input\":{\"@type\":\"PropertyValueSpecification\",\"valueRequired\":true,\"valueName\":\"search_term_string\"}}],\"inLanguage\":\"en-US\"}]}<\/script>\n<!-- \/ Yoast SEO plugin. -->","yoast_head_json":{"title":"TATTOO. 1730s-1970s. Henk Schiffmacher\u2019s Private Collection (Henk Schiffmacher, Noel Daniel) - book \/ album - Folio","description":"Wejd\u017a i kup ksi\u0105\u017ck\u0119 TATTOO. 1730s-1970s. Henk Schiffmacher\u2019s Private Collection autorstwa Henk Schiffmacher, Noel Daniel wydan\u0105 przez TASCHEN (2021-05-01) w formacie 29 x 38,8 cm (ISBN: 9783836569354). Zapraszamy!","robots":{"index":"index","follow":"follow","max-snippet":"max-snippet:-1","max-image-preview":"max-image-preview:large","max-video-preview":"max-video-preview:-1"},"canonical":"https:\/\/foliobooks.pl\/en\/shop\/tattoo-1730s-1970s-henk-schiffmachers-private-collection\/","og_locale":"en_US","og_type":"article","og_title":"TATTOO. 1730s-1970s. Henk Schiffmacher\u2019s Private Collection (Henk Schiffmacher, Noel Daniel) - book \/ album - Folio","og_description":"Wejd\u017a i kup ksi\u0105\u017ck\u0119 TATTOO. 1730s-1970s. Henk Schiffmacher\u2019s Private Collection autorstwa Henk Schiffmacher, Noel Daniel wydan\u0105 przez TASCHEN (2021-05-01) w formacie 29 x 38,8 cm (ISBN: 9783836569354). Zapraszamy!","og_url":"https:\/\/foliobooks.pl\/en\/shop\/tattoo-1730s-1970s-henk-schiffmachers-private-collection\/","og_site_name":"Folio","og_image":[{"width":570,"height":708,"url":"https:\/\/foliobooks.pl\/wp-content\/uploads\/2021\/07\/9783836569354.png","type":"image\/png"}],"twitter_card":"summary_large_image","twitter_misc":{"Est. reading time":"2 minutes"},"schema":{"@context":"https:\/\/schema.org","@graph":[{"@type":"WebPage","@id":"https:\/\/foliobooks.pl\/en\/shop\/tattoo-1730s-1970s-henk-schiffmachers-private-collection\/","url":"https:\/\/foliobooks.pl\/en\/shop\/tattoo-1730s-1970s-henk-schiffmachers-private-collection\/","name":"TATTOO. 1730s-1970s. Henk Schiffmacher\u2019s Private Collection (Henk Schiffmacher, Noel Daniel) - book \/ album - Folio","isPartOf":{"@id":"https:\/\/foliobooks.pl\/en\/#website"},"primaryImageOfPage":{"@id":"https:\/\/foliobooks.pl\/en\/shop\/tattoo-1730s-1970s-henk-schiffmachers-private-collection\/#primaryimage"},"image":{"@id":"https:\/\/foliobooks.pl\/en\/shop\/tattoo-1730s-1970s-henk-schiffmachers-private-collection\/#primaryimage"},"thumbnailUrl":"https:\/\/foliobooks.pl\/wp-content\/uploads\/2021\/07\/9783836569354.png","datePublished":"2021-07-20T12:11:27+00:00","description":"Wejd\u017a i kup ksi\u0105\u017ck\u0119 TATTOO. 1730s-1970s. Henk Schiffmacher\u2019s Private Collection autorstwa Henk Schiffmacher, Noel Daniel wydan\u0105 przez TASCHEN (2021-05-01) w formacie 29 x 38,8 cm (ISBN: 9783836569354). Zapraszamy!","breadcrumb":{"@id":"https:\/\/foliobooks.pl\/en\/shop\/tattoo-1730s-1970s-henk-schiffmachers-private-collection\/#breadcrumb"},"inLanguage":"en-US","potentialAction":[{"@type":"ReadAction","target":["https:\/\/foliobooks.pl\/en\/shop\/tattoo-1730s-1970s-henk-schiffmachers-private-collection\/"]}]},{"@type":"ImageObject","inLanguage":"en-US","@id":"https:\/\/foliobooks.pl\/en\/shop\/tattoo-1730s-1970s-henk-schiffmachers-private-collection\/#primaryimage","url":"https:\/\/foliobooks.pl\/wp-content\/uploads\/2021\/07\/9783836569354.png","contentUrl":"https:\/\/foliobooks.pl\/wp-content\/uploads\/2021\/07\/9783836569354.png","width":570,"height":708},{"@type":"BreadcrumbList","@id":"https:\/\/foliobooks.pl\/en\/shop\/tattoo-1730s-1970s-henk-schiffmachers-private-collection\/#breadcrumb","itemListElement":[{"@type":"ListItem","position":1,"name":"Strona g\u0142\u00f3wna","item":"https:\/\/foliobooks.pl\/en\/"},{"@type":"ListItem","position":2,"name":"Shop","item":"https:\/\/foliobooks.pl\/en\/shop\/"},{"@type":"ListItem","position":3,"name":"TATTOO. 1730s-1970s. Henk Schiffmacher\u2019s Private Collection"}]},{"@type":"WebSite","@id":"https:\/\/foliobooks.pl\/en\/#website","url":"https:\/\/foliobooks.pl\/en\/","name":"Folio","description":"Ksi\u0119garnia internetowa","potentialAction":[{"@type":"SearchAction","target":{"@type":"EntryPoint","urlTemplate":"https:\/\/foliobooks.pl\/en\/?s={search_term_string}"},"query-input":{"@type":"PropertyValueSpecification","valueRequired":true,"valueName":"search_term_string"}}],"inLanguage":"en-US"}]}},"_links":{"self":[{"href":"https:\/\/foliobooks.pl\/en\/wp-json\/wp\/v2\/product\/104800","targetHints":{"allow":["GET"]}}],"collection":[{"href":"https:\/\/foliobooks.pl\/en\/wp-json\/wp\/v2\/product"}],"about":[{"href":"https:\/\/foliobooks.pl\/en\/wp-json\/wp\/v2\/types\/product"}],"replies":[{"embeddable":true,"href":"https:\/\/foliobooks.pl\/en\/wp-json\/wp\/v2\/comments?post=104800"}],"wp:featuredmedia":[{"embeddable":true,"href":"https:\/\/foliobooks.pl\/en\/wp-json\/wp\/v2\/media\/55931"}],"wp:attachment":[{"href":"https:\/\/foliobooks.pl\/en\/wp-json\/wp\/v2\/media?parent=104800"}],"wp:term":[{"taxonomy":"product_brand","embeddable":true,"href":"https:\/\/foliobooks.pl\/en\/wp-json\/wp\/v2\/product_brand?post=104800"},{"taxonomy":"product_cat","embeddable":true,"href":"https:\/\/foliobooks.pl\/en\/wp-json\/wp\/v2\/product_cat?post=104800"},{"taxonomy":"product_tag","embeddable":true,"href":"https:\/\/foliobooks.pl\/en\/wp-json\/wp\/v2\/product_tag?post=104800"}],"curies":[{"name":"wp","href":"https:\/\/api.w.org\/{rel}","templated":true}]}}