{"id":104799,"date":"2022-03-05T19:40:40","date_gmt":"2022-03-05T18:40:40","guid":{"rendered":"https:\/\/foliobooks.pl\/sklep\/ralph-gibson-nude\/"},"modified":"2025-12-02T15:25:55","modified_gmt":"2025-12-02T14:25:55","slug":"ralph-gibson-nude","status":"publish","type":"product","link":"https:\/\/foliobooks.pl\/en\/shop\/ralph-gibson-nude\/","title":{"rendered":"Ralph Gibson. Nude"},"content":{"rendered":"<p>The infinite subtlety of the female form<br \/>\nSensual and softly surreal, the nude photography of Ralph Gibson frames the female form both organically and graphically, referencing art history while also innovating in the arena of erotic imagery, at once summoning visceral sensation and calling out for tactile attention. Thumb through this exquisite tribute to the contours and curves of womanhood and experience the intimacy of the photographic lens.<\/p>\n<p>Reviving TASCHEN\u2019s sold-out Collector\u2019s Edition, this tribute gathers the best of Gibson\u2019s exquisite nudes alongside some of his most recent works in an accessible, revised format, complete with a fresh in-depth interview by Eric Fischl. Strikingly graphic, meticulously composed, and loaded with subtle provocations, the master photographer\u2019s mysterious, dreamlike images pay homage to greats such as Man Ray and Edward Weston, while continually pursuing new frontiers.<\/p>\n<p>&#8220;A photographer once said that beauty in women is endless. Perhaps it was I who said it. [&#8230;] I love photographing women and could say that the form of the female body is absolute and perfect.&#8221; \u2014Ralph Gibson<\/p>\n","protected":false},"excerpt":{"rendered":"<p>The infinite subtlety of the female form Sensual and softly surreal, the nude photography of Ralph Gibson frames the female form both organically and graphically, referencing art history while also innovating in the arena of erotic imagery, at once summoning visceral sensation and calling out for tactile attention. Thumb through this exquisite tribute to the&#8230;<\/p>\n","protected":false},"featured_media":62135,"comment_status":"closed","ping_status":"closed","template":"","meta":[],"product_brand":[],"product_cat":[13533,4517],"product_tag":[1710,6121,151],"class_list":{"0":"post-104799","1":"product","2":"type-product","3":"status-publish","4":"has-post-thumbnail","6":"product_cat-books","7":"product_cat-photography-en","8":"product_tag-models","9":"product_tag-photography","10":"product_tag-women","11":"pa_author_att-eric-fischl-en","12":"pa_cover-hardcover","13":"pa_format-237-x-316-cm-en","14":"pa_isbn-9783836568883-en","15":"pa_language-eng","16":"pa_pages-352-en","17":"pa_published-2021-05-23-en","18":"pa_publisher-taschen-en-en","20":"first","21":"outofstock","22":"sold-individually","23":"shipping-taxable","24":"purchasable","25":"product-type-simple"},"yoast_head":"<!-- This site is optimized with the Yoast SEO plugin v27.6 - https:\/\/yoast.com\/product\/yoast-seo-wordpress\/ -->\n<title>Ralph Gibson. Nude (Eric Fischl) - book \/ album - Folio<\/title>\n<meta name=\"description\" content=\"Wejd\u017a i kup ksi\u0105\u017ck\u0119 Ralph Gibson. Nude autorstwa Eric Fischl wydan\u0105 przez TASCHEN (2021-05-23) w formacie 23,7 x 31,6 cm (ISBN: 9783836568883). Zapraszamy!\" \/>\n<meta name=\"robots\" content=\"index, follow, max-snippet:-1, max-image-preview:large, max-video-preview:-1\" \/>\n<link rel=\"canonical\" href=\"https:\/\/foliobooks.pl\/en\/shop\/ralph-gibson-nude\/\" \/>\n<meta property=\"og:locale\" content=\"en_US\" \/>\n<meta property=\"og:type\" content=\"article\" \/>\n<meta property=\"og:title\" content=\"Ralph Gibson. Nude (Eric Fischl) - book \/ album - Folio\" \/>\n<meta property=\"og:description\" content=\"Wejd\u017a i kup ksi\u0105\u017ck\u0119 Ralph Gibson. Nude autorstwa Eric Fischl wydan\u0105 przez TASCHEN (2021-05-23) w formacie 23,7 x 31,6 cm (ISBN: 9783836568883). Zapraszamy!\" \/>\n<meta property=\"og:url\" content=\"https:\/\/foliobooks.pl\/en\/shop\/ralph-gibson-nude\/\" \/>\n<meta property=\"og:site_name\" content=\"Folio\" \/>\n<meta property=\"article:modified_time\" content=\"2025-12-02T14:25:55+00:00\" \/>\n<meta property=\"og:image\" content=\"https:\/\/foliobooks.pl\/wp-content\/uploads\/2022\/03\/9783836568883.png\" \/>\n\t<meta property=\"og:image:width\" content=\"570\" \/>\n\t<meta property=\"og:image:height\" content=\"708\" \/>\n\t<meta property=\"og:image:type\" content=\"image\/png\" \/>\n<meta name=\"twitter:card\" content=\"summary_large_image\" \/>\n<meta name=\"twitter:label1\" content=\"Est. reading time\" \/>\n\t<meta name=\"twitter:data1\" content=\"1 minute\" \/>\n<script type=\"application\/ld+json\" class=\"yoast-schema-graph\">{\"@context\":\"https:\\\/\\\/schema.org\",\"@graph\":[{\"@type\":\"WebPage\",\"@id\":\"https:\\\/\\\/foliobooks.pl\\\/en\\\/shop\\\/ralph-gibson-nude\\\/\",\"url\":\"https:\\\/\\\/foliobooks.pl\\\/en\\\/shop\\\/ralph-gibson-nude\\\/\",\"name\":\"Ralph Gibson. Nude (Eric Fischl) - book \\\/ album - Folio\",\"isPartOf\":{\"@id\":\"https:\\\/\\\/foliobooks.pl\\\/en\\\/#website\"},\"primaryImageOfPage\":{\"@id\":\"https:\\\/\\\/foliobooks.pl\\\/en\\\/shop\\\/ralph-gibson-nude\\\/#primaryimage\"},\"image\":{\"@id\":\"https:\\\/\\\/foliobooks.pl\\\/en\\\/shop\\\/ralph-gibson-nude\\\/#primaryimage\"},\"thumbnailUrl\":\"https:\\\/\\\/foliobooks.pl\\\/wp-content\\\/uploads\\\/2022\\\/03\\\/9783836568883.png\",\"datePublished\":\"2022-03-05T18:40:40+00:00\",\"dateModified\":\"2025-12-02T14:25:55+00:00\",\"description\":\"Wejd\u017a i kup ksi\u0105\u017ck\u0119 Ralph Gibson. Nude autorstwa Eric Fischl wydan\u0105 przez TASCHEN (2021-05-23) w formacie 23,7 x 31,6 cm (ISBN: 9783836568883). Zapraszamy!\",\"breadcrumb\":{\"@id\":\"https:\\\/\\\/foliobooks.pl\\\/en\\\/shop\\\/ralph-gibson-nude\\\/#breadcrumb\"},\"inLanguage\":\"en-US\",\"potentialAction\":[{\"@type\":\"ReadAction\",\"target\":[\"https:\\\/\\\/foliobooks.pl\\\/en\\\/shop\\\/ralph-gibson-nude\\\/\"]}]},{\"@type\":\"ImageObject\",\"inLanguage\":\"en-US\",\"@id\":\"https:\\\/\\\/foliobooks.pl\\\/en\\\/shop\\\/ralph-gibson-nude\\\/#primaryimage\",\"url\":\"https:\\\/\\\/foliobooks.pl\\\/wp-content\\\/uploads\\\/2022\\\/03\\\/9783836568883.png\",\"contentUrl\":\"https:\\\/\\\/foliobooks.pl\\\/wp-content\\\/uploads\\\/2022\\\/03\\\/9783836568883.png\",\"width\":570,\"height\":708},{\"@type\":\"BreadcrumbList\",\"@id\":\"https:\\\/\\\/foliobooks.pl\\\/en\\\/shop\\\/ralph-gibson-nude\\\/#breadcrumb\",\"itemListElement\":[{\"@type\":\"ListItem\",\"position\":1,\"name\":\"Strona g\u0142\u00f3wna\",\"item\":\"https:\\\/\\\/foliobooks.pl\\\/en\\\/\"},{\"@type\":\"ListItem\",\"position\":2,\"name\":\"Shop\",\"item\":\"https:\\\/\\\/foliobooks.pl\\\/en\\\/shop\\\/\"},{\"@type\":\"ListItem\",\"position\":3,\"name\":\"Ralph Gibson. Nude\"}]},{\"@type\":\"WebSite\",\"@id\":\"https:\\\/\\\/foliobooks.pl\\\/en\\\/#website\",\"url\":\"https:\\\/\\\/foliobooks.pl\\\/en\\\/\",\"name\":\"Folio\",\"description\":\"Ksi\u0119garnia internetowa\",\"potentialAction\":[{\"@type\":\"SearchAction\",\"target\":{\"@type\":\"EntryPoint\",\"urlTemplate\":\"https:\\\/\\\/foliobooks.pl\\\/en\\\/?s={search_term_string}\"},\"query-input\":{\"@type\":\"PropertyValueSpecification\",\"valueRequired\":true,\"valueName\":\"search_term_string\"}}],\"inLanguage\":\"en-US\"}]}<\/script>\n<!-- \/ Yoast SEO plugin. -->","yoast_head_json":{"title":"Ralph Gibson. Nude (Eric Fischl) - book \/ album - Folio","description":"Wejd\u017a i kup ksi\u0105\u017ck\u0119 Ralph Gibson. Nude autorstwa Eric Fischl wydan\u0105 przez TASCHEN (2021-05-23) w formacie 23,7 x 31,6 cm (ISBN: 9783836568883). Zapraszamy!","robots":{"index":"index","follow":"follow","max-snippet":"max-snippet:-1","max-image-preview":"max-image-preview:large","max-video-preview":"max-video-preview:-1"},"canonical":"https:\/\/foliobooks.pl\/en\/shop\/ralph-gibson-nude\/","og_locale":"en_US","og_type":"article","og_title":"Ralph Gibson. Nude (Eric Fischl) - book \/ album - Folio","og_description":"Wejd\u017a i kup ksi\u0105\u017ck\u0119 Ralph Gibson. Nude autorstwa Eric Fischl wydan\u0105 przez TASCHEN (2021-05-23) w formacie 23,7 x 31,6 cm (ISBN: 9783836568883). Zapraszamy!","og_url":"https:\/\/foliobooks.pl\/en\/shop\/ralph-gibson-nude\/","og_site_name":"Folio","article_modified_time":"2025-12-02T14:25:55+00:00","og_image":[{"width":570,"height":708,"url":"https:\/\/foliobooks.pl\/wp-content\/uploads\/2022\/03\/9783836568883.png","type":"image\/png"}],"twitter_card":"summary_large_image","twitter_misc":{"Est. reading time":"1 minute"},"schema":{"@context":"https:\/\/schema.org","@graph":[{"@type":"WebPage","@id":"https:\/\/foliobooks.pl\/en\/shop\/ralph-gibson-nude\/","url":"https:\/\/foliobooks.pl\/en\/shop\/ralph-gibson-nude\/","name":"Ralph Gibson. Nude (Eric Fischl) - book \/ album - Folio","isPartOf":{"@id":"https:\/\/foliobooks.pl\/en\/#website"},"primaryImageOfPage":{"@id":"https:\/\/foliobooks.pl\/en\/shop\/ralph-gibson-nude\/#primaryimage"},"image":{"@id":"https:\/\/foliobooks.pl\/en\/shop\/ralph-gibson-nude\/#primaryimage"},"thumbnailUrl":"https:\/\/foliobooks.pl\/wp-content\/uploads\/2022\/03\/9783836568883.png","datePublished":"2022-03-05T18:40:40+00:00","dateModified":"2025-12-02T14:25:55+00:00","description":"Wejd\u017a i kup ksi\u0105\u017ck\u0119 Ralph Gibson. Nude autorstwa Eric Fischl wydan\u0105 przez TASCHEN (2021-05-23) w formacie 23,7 x 31,6 cm (ISBN: 9783836568883). Zapraszamy!","breadcrumb":{"@id":"https:\/\/foliobooks.pl\/en\/shop\/ralph-gibson-nude\/#breadcrumb"},"inLanguage":"en-US","potentialAction":[{"@type":"ReadAction","target":["https:\/\/foliobooks.pl\/en\/shop\/ralph-gibson-nude\/"]}]},{"@type":"ImageObject","inLanguage":"en-US","@id":"https:\/\/foliobooks.pl\/en\/shop\/ralph-gibson-nude\/#primaryimage","url":"https:\/\/foliobooks.pl\/wp-content\/uploads\/2022\/03\/9783836568883.png","contentUrl":"https:\/\/foliobooks.pl\/wp-content\/uploads\/2022\/03\/9783836568883.png","width":570,"height":708},{"@type":"BreadcrumbList","@id":"https:\/\/foliobooks.pl\/en\/shop\/ralph-gibson-nude\/#breadcrumb","itemListElement":[{"@type":"ListItem","position":1,"name":"Strona g\u0142\u00f3wna","item":"https:\/\/foliobooks.pl\/en\/"},{"@type":"ListItem","position":2,"name":"Shop","item":"https:\/\/foliobooks.pl\/en\/shop\/"},{"@type":"ListItem","position":3,"name":"Ralph Gibson. Nude"}]},{"@type":"WebSite","@id":"https:\/\/foliobooks.pl\/en\/#website","url":"https:\/\/foliobooks.pl\/en\/","name":"Folio","description":"Ksi\u0119garnia internetowa","potentialAction":[{"@type":"SearchAction","target":{"@type":"EntryPoint","urlTemplate":"https:\/\/foliobooks.pl\/en\/?s={search_term_string}"},"query-input":{"@type":"PropertyValueSpecification","valueRequired":true,"valueName":"search_term_string"}}],"inLanguage":"en-US"}]}},"_links":{"self":[{"href":"https:\/\/foliobooks.pl\/en\/wp-json\/wp\/v2\/product\/104799","targetHints":{"allow":["GET"]}}],"collection":[{"href":"https:\/\/foliobooks.pl\/en\/wp-json\/wp\/v2\/product"}],"about":[{"href":"https:\/\/foliobooks.pl\/en\/wp-json\/wp\/v2\/types\/product"}],"replies":[{"embeddable":true,"href":"https:\/\/foliobooks.pl\/en\/wp-json\/wp\/v2\/comments?post=104799"}],"wp:featuredmedia":[{"embeddable":true,"href":"https:\/\/foliobooks.pl\/en\/wp-json\/wp\/v2\/media\/62135"}],"wp:attachment":[{"href":"https:\/\/foliobooks.pl\/en\/wp-json\/wp\/v2\/media?parent=104799"}],"wp:term":[{"taxonomy":"product_brand","embeddable":true,"href":"https:\/\/foliobooks.pl\/en\/wp-json\/wp\/v2\/product_brand?post=104799"},{"taxonomy":"product_cat","embeddable":true,"href":"https:\/\/foliobooks.pl\/en\/wp-json\/wp\/v2\/product_cat?post=104799"},{"taxonomy":"product_tag","embeddable":true,"href":"https:\/\/foliobooks.pl\/en\/wp-json\/wp\/v2\/product_tag?post=104799"}],"curies":[{"name":"wp","href":"https:\/\/api.w.org\/{rel}","templated":true}]}}