{"id":104797,"date":"2022-08-21T18:52:46","date_gmt":"2022-08-21T16:52:46","guid":{"rendered":"https:\/\/foliobooks.pl\/sklep\/the-asian-kitchen-65-recipes-for-popular-dishes\/"},"modified":"2022-08-21T18:52:46","modified_gmt":"2022-08-21T16:52:46","slug":"the-asian-kitchen-65-recipes-for-popular-dishes","status":"publish","type":"product","link":"https:\/\/foliobooks.pl\/en\/shop\/the-asian-kitchen-65-recipes-for-popular-dishes\/","title":{"rendered":"The Asian Kitchen. 65 Recipes for Popular Dishes"},"content":{"rendered":"<p>Fresh, tasty and bursting with nutritious ingredients and lively flavours, the food of South East and East Asia has never been more popular and is showcased here in 65 delicious recipes. Food from South East and East Asia is often thought of as some of the most exciting and enticing on the planet. Whether umami-rich with miso sauce, spiked with gently building layers of aromatic spices, or stuffed with fragrant herbs, chilli and garlic, each mouthful packs a big flavour punch. This collection of recipes, from creamy and aromatic to sizzling hot, takes its inspiration from the cuisines of the region and is a must for any lover of exciting food experiences. Whether you need inspiration for small bites and platters for sharing with drinks, or speedy weekday dishes, you&#8217;ll find the perfect recipe here. Try Spiced Fishcakes from Thailand; Vietnamese Summer Rolls; or a spicy Indonesian Fiery Beef Satay. Quick and easy recipes for soups and noodle bowls include Sunshine Laksa or a Chicken Pad Thai. For an even more substantial meal, try a Thai Green Cauli Curry, Sweet &amp; Sour Orange Chicken; or Citrus Ahi Tuna with Yuhu Dipping Sauce. Vibrant, fresh, healthy and often prepared in a flash, this style of food is the modern way to eat well every day and this essential collection of recipes provides all the inspiration you need.<\/p>\n","protected":false},"excerpt":{"rendered":"<p>Fresh, tasty and bursting with nutritious ingredients and lively flavours, the food of South East and East Asia has never been more popular and is showcased here in 65 delicious recipes. Food from South East and East Asia is often thought of as some of the most exciting and enticing on the planet. Whether umami-rich&#8230;<\/p>\n","protected":false},"featured_media":70967,"comment_status":"closed","ping_status":"closed","template":"","meta":[],"product_brand":[],"product_cat":[13533,4518],"product_tag":[11506,6135],"class_list":{"0":"post-104797","1":"product","2":"type-product","3":"status-publish","4":"has-post-thumbnail","6":"product_cat-books","7":"product_cat-cookery-en","8":"product_tag-asia-en","9":"product_tag-cookery","10":"pa_author_att-ryland-peters-small-en","11":"pa_cover-hardcover","12":"pa_format-17-x-21-cm-en","13":"pa_isbn-9781788794367-en","14":"pa_language-eng","15":"pa_pages-144-en","16":"pa_published-2022-05-10-en","17":"pa_publisher-ryland-peters-small-en","19":"first","20":"instock","21":"sold-individually","22":"shipping-taxable","23":"purchasable","24":"product-type-simple"},"yoast_head":"<!-- This site is optimized with the Yoast SEO plugin v27.4 - https:\/\/yoast.com\/product\/yoast-seo-wordpress\/ -->\n<title>The Asian Kitchen. 65 Recipes for Popular Dishes (Ryland Peters &amp; Small) - book \/ album - Folio<\/title>\n<meta name=\"description\" content=\"Wejd\u017a i kup ksi\u0105\u017ck\u0119 The Asian Kitchen. 65 Recipes for Popular Dishes autorstwa Ryland Peters &amp; Small wydan\u0105 przez Ryland Peters &amp; Small (2022-05-10) w formacie 17 x 21 cm (ISBN: 9781788794367). Zapraszamy!\" \/>\n<meta name=\"robots\" content=\"index, follow, max-snippet:-1, max-image-preview:large, max-video-preview:-1\" \/>\n<link rel=\"canonical\" href=\"https:\/\/foliobooks.pl\/en\/shop\/the-asian-kitchen-65-recipes-for-popular-dishes\/\" \/>\n<meta property=\"og:locale\" content=\"en_US\" \/>\n<meta property=\"og:type\" content=\"article\" \/>\n<meta property=\"og:title\" content=\"The Asian Kitchen. 65 Recipes for Popular Dishes (Ryland Peters &amp; Small) - book \/ album - Folio\" \/>\n<meta property=\"og:description\" content=\"Wejd\u017a i kup ksi\u0105\u017ck\u0119 The Asian Kitchen. 65 Recipes for Popular Dishes autorstwa Ryland Peters &amp; Small wydan\u0105 przez Ryland Peters &amp; Small (2022-05-10) w formacie 17 x 21 cm (ISBN: 9781788794367). Zapraszamy!\" \/>\n<meta property=\"og:url\" content=\"https:\/\/foliobooks.pl\/en\/shop\/the-asian-kitchen-65-recipes-for-popular-dishes\/\" \/>\n<meta property=\"og:site_name\" content=\"Folio\" \/>\n<meta property=\"og:image\" content=\"https:\/\/foliobooks.pl\/wp-content\/uploads\/2022\/08\/9781788794367.png\" \/>\n\t<meta property=\"og:image:width\" content=\"570\" \/>\n\t<meta property=\"og:image:height\" content=\"708\" \/>\n\t<meta property=\"og:image:type\" content=\"image\/png\" \/>\n<meta name=\"twitter:card\" content=\"summary_large_image\" \/>\n<meta name=\"twitter:label1\" content=\"Est. reading time\" \/>\n\t<meta name=\"twitter:data1\" content=\"2 minutes\" \/>\n<script type=\"application\/ld+json\" class=\"yoast-schema-graph\">{\"@context\":\"https:\\\/\\\/schema.org\",\"@graph\":[{\"@type\":\"WebPage\",\"@id\":\"https:\\\/\\\/foliobooks.pl\\\/en\\\/shop\\\/the-asian-kitchen-65-recipes-for-popular-dishes\\\/\",\"url\":\"https:\\\/\\\/foliobooks.pl\\\/en\\\/shop\\\/the-asian-kitchen-65-recipes-for-popular-dishes\\\/\",\"name\":\"The Asian Kitchen. 65 Recipes for Popular Dishes (Ryland Peters &amp; Small) - book \\\/ album - Folio\",\"isPartOf\":{\"@id\":\"https:\\\/\\\/foliobooks.pl\\\/en\\\/#website\"},\"primaryImageOfPage\":{\"@id\":\"https:\\\/\\\/foliobooks.pl\\\/en\\\/shop\\\/the-asian-kitchen-65-recipes-for-popular-dishes\\\/#primaryimage\"},\"image\":{\"@id\":\"https:\\\/\\\/foliobooks.pl\\\/en\\\/shop\\\/the-asian-kitchen-65-recipes-for-popular-dishes\\\/#primaryimage\"},\"thumbnailUrl\":\"https:\\\/\\\/foliobooks.pl\\\/wp-content\\\/uploads\\\/2022\\\/08\\\/9781788794367.png\",\"datePublished\":\"2022-08-21T16:52:46+00:00\",\"description\":\"Wejd\u017a i kup ksi\u0105\u017ck\u0119 The Asian Kitchen. 65 Recipes for Popular Dishes autorstwa Ryland Peters &amp; Small wydan\u0105 przez Ryland Peters &amp; Small (2022-05-10) w formacie 17 x 21 cm (ISBN: 9781788794367). Zapraszamy!\",\"breadcrumb\":{\"@id\":\"https:\\\/\\\/foliobooks.pl\\\/en\\\/shop\\\/the-asian-kitchen-65-recipes-for-popular-dishes\\\/#breadcrumb\"},\"inLanguage\":\"en-US\",\"potentialAction\":[{\"@type\":\"ReadAction\",\"target\":[\"https:\\\/\\\/foliobooks.pl\\\/en\\\/shop\\\/the-asian-kitchen-65-recipes-for-popular-dishes\\\/\"]}]},{\"@type\":\"ImageObject\",\"inLanguage\":\"en-US\",\"@id\":\"https:\\\/\\\/foliobooks.pl\\\/en\\\/shop\\\/the-asian-kitchen-65-recipes-for-popular-dishes\\\/#primaryimage\",\"url\":\"https:\\\/\\\/foliobooks.pl\\\/wp-content\\\/uploads\\\/2022\\\/08\\\/9781788794367.png\",\"contentUrl\":\"https:\\\/\\\/foliobooks.pl\\\/wp-content\\\/uploads\\\/2022\\\/08\\\/9781788794367.png\",\"width\":570,\"height\":708},{\"@type\":\"BreadcrumbList\",\"@id\":\"https:\\\/\\\/foliobooks.pl\\\/en\\\/shop\\\/the-asian-kitchen-65-recipes-for-popular-dishes\\\/#breadcrumb\",\"itemListElement\":[{\"@type\":\"ListItem\",\"position\":1,\"name\":\"Strona g\u0142\u00f3wna\",\"item\":\"https:\\\/\\\/foliobooks.pl\\\/en\\\/\"},{\"@type\":\"ListItem\",\"position\":2,\"name\":\"Shop\",\"item\":\"https:\\\/\\\/foliobooks.pl\\\/en\\\/shop\\\/\"},{\"@type\":\"ListItem\",\"position\":3,\"name\":\"The Asian Kitchen. 65 Recipes for Popular Dishes\"}]},{\"@type\":\"WebSite\",\"@id\":\"https:\\\/\\\/foliobooks.pl\\\/en\\\/#website\",\"url\":\"https:\\\/\\\/foliobooks.pl\\\/en\\\/\",\"name\":\"Folio\",\"description\":\"Ksi\u0119garnia internetowa\",\"potentialAction\":[{\"@type\":\"SearchAction\",\"target\":{\"@type\":\"EntryPoint\",\"urlTemplate\":\"https:\\\/\\\/foliobooks.pl\\\/en\\\/?s={search_term_string}\"},\"query-input\":{\"@type\":\"PropertyValueSpecification\",\"valueRequired\":true,\"valueName\":\"search_term_string\"}}],\"inLanguage\":\"en-US\"}]}<\/script>\n<!-- \/ Yoast SEO plugin. -->","yoast_head_json":{"title":"The Asian Kitchen. 65 Recipes for Popular Dishes (Ryland Peters &amp; Small) - book \/ album - Folio","description":"Wejd\u017a i kup ksi\u0105\u017ck\u0119 The Asian Kitchen. 65 Recipes for Popular Dishes autorstwa Ryland Peters &amp; Small wydan\u0105 przez Ryland Peters &amp; Small (2022-05-10) w formacie 17 x 21 cm (ISBN: 9781788794367). Zapraszamy!","robots":{"index":"index","follow":"follow","max-snippet":"max-snippet:-1","max-image-preview":"max-image-preview:large","max-video-preview":"max-video-preview:-1"},"canonical":"https:\/\/foliobooks.pl\/en\/shop\/the-asian-kitchen-65-recipes-for-popular-dishes\/","og_locale":"en_US","og_type":"article","og_title":"The Asian Kitchen. 65 Recipes for Popular Dishes (Ryland Peters &amp; Small) - book \/ album - Folio","og_description":"Wejd\u017a i kup ksi\u0105\u017ck\u0119 The Asian Kitchen. 65 Recipes for Popular Dishes autorstwa Ryland Peters &amp; Small wydan\u0105 przez Ryland Peters &amp; Small (2022-05-10) w formacie 17 x 21 cm (ISBN: 9781788794367). Zapraszamy!","og_url":"https:\/\/foliobooks.pl\/en\/shop\/the-asian-kitchen-65-recipes-for-popular-dishes\/","og_site_name":"Folio","og_image":[{"width":570,"height":708,"url":"https:\/\/foliobooks.pl\/wp-content\/uploads\/2022\/08\/9781788794367.png","type":"image\/png"}],"twitter_card":"summary_large_image","twitter_misc":{"Est. reading time":"2 minutes"},"schema":{"@context":"https:\/\/schema.org","@graph":[{"@type":"WebPage","@id":"https:\/\/foliobooks.pl\/en\/shop\/the-asian-kitchen-65-recipes-for-popular-dishes\/","url":"https:\/\/foliobooks.pl\/en\/shop\/the-asian-kitchen-65-recipes-for-popular-dishes\/","name":"The Asian Kitchen. 65 Recipes for Popular Dishes (Ryland Peters &amp; Small) - book \/ album - Folio","isPartOf":{"@id":"https:\/\/foliobooks.pl\/en\/#website"},"primaryImageOfPage":{"@id":"https:\/\/foliobooks.pl\/en\/shop\/the-asian-kitchen-65-recipes-for-popular-dishes\/#primaryimage"},"image":{"@id":"https:\/\/foliobooks.pl\/en\/shop\/the-asian-kitchen-65-recipes-for-popular-dishes\/#primaryimage"},"thumbnailUrl":"https:\/\/foliobooks.pl\/wp-content\/uploads\/2022\/08\/9781788794367.png","datePublished":"2022-08-21T16:52:46+00:00","description":"Wejd\u017a i kup ksi\u0105\u017ck\u0119 The Asian Kitchen. 65 Recipes for Popular Dishes autorstwa Ryland Peters &amp; Small wydan\u0105 przez Ryland Peters &amp; Small (2022-05-10) w formacie 17 x 21 cm (ISBN: 9781788794367). Zapraszamy!","breadcrumb":{"@id":"https:\/\/foliobooks.pl\/en\/shop\/the-asian-kitchen-65-recipes-for-popular-dishes\/#breadcrumb"},"inLanguage":"en-US","potentialAction":[{"@type":"ReadAction","target":["https:\/\/foliobooks.pl\/en\/shop\/the-asian-kitchen-65-recipes-for-popular-dishes\/"]}]},{"@type":"ImageObject","inLanguage":"en-US","@id":"https:\/\/foliobooks.pl\/en\/shop\/the-asian-kitchen-65-recipes-for-popular-dishes\/#primaryimage","url":"https:\/\/foliobooks.pl\/wp-content\/uploads\/2022\/08\/9781788794367.png","contentUrl":"https:\/\/foliobooks.pl\/wp-content\/uploads\/2022\/08\/9781788794367.png","width":570,"height":708},{"@type":"BreadcrumbList","@id":"https:\/\/foliobooks.pl\/en\/shop\/the-asian-kitchen-65-recipes-for-popular-dishes\/#breadcrumb","itemListElement":[{"@type":"ListItem","position":1,"name":"Strona g\u0142\u00f3wna","item":"https:\/\/foliobooks.pl\/en\/"},{"@type":"ListItem","position":2,"name":"Shop","item":"https:\/\/foliobooks.pl\/en\/shop\/"},{"@type":"ListItem","position":3,"name":"The Asian Kitchen. 65 Recipes for Popular Dishes"}]},{"@type":"WebSite","@id":"https:\/\/foliobooks.pl\/en\/#website","url":"https:\/\/foliobooks.pl\/en\/","name":"Folio","description":"Ksi\u0119garnia internetowa","potentialAction":[{"@type":"SearchAction","target":{"@type":"EntryPoint","urlTemplate":"https:\/\/foliobooks.pl\/en\/?s={search_term_string}"},"query-input":{"@type":"PropertyValueSpecification","valueRequired":true,"valueName":"search_term_string"}}],"inLanguage":"en-US"}]}},"_links":{"self":[{"href":"https:\/\/foliobooks.pl\/en\/wp-json\/wp\/v2\/product\/104797","targetHints":{"allow":["GET"]}}],"collection":[{"href":"https:\/\/foliobooks.pl\/en\/wp-json\/wp\/v2\/product"}],"about":[{"href":"https:\/\/foliobooks.pl\/en\/wp-json\/wp\/v2\/types\/product"}],"replies":[{"embeddable":true,"href":"https:\/\/foliobooks.pl\/en\/wp-json\/wp\/v2\/comments?post=104797"}],"wp:featuredmedia":[{"embeddable":true,"href":"https:\/\/foliobooks.pl\/en\/wp-json\/wp\/v2\/media\/70967"}],"wp:attachment":[{"href":"https:\/\/foliobooks.pl\/en\/wp-json\/wp\/v2\/media?parent=104797"}],"wp:term":[{"taxonomy":"product_brand","embeddable":true,"href":"https:\/\/foliobooks.pl\/en\/wp-json\/wp\/v2\/product_brand?post=104797"},{"taxonomy":"product_cat","embeddable":true,"href":"https:\/\/foliobooks.pl\/en\/wp-json\/wp\/v2\/product_cat?post=104797"},{"taxonomy":"product_tag","embeddable":true,"href":"https:\/\/foliobooks.pl\/en\/wp-json\/wp\/v2\/product_tag?post=104797"}],"curies":[{"name":"wp","href":"https:\/\/api.w.org\/{rel}","templated":true}]}}