{"id":104769,"date":"2024-12-30T15:21:23","date_gmt":"2024-12-30T14:21:23","guid":{"rendered":"https:\/\/foliobooks.pl\/sklep\/world-championship-cars-michael-schumacher\/"},"modified":"2026-04-27T13:43:24","modified_gmt":"2026-04-27T11:43:24","slug":"world-championship-cars-michael-schumacher","status":"publish","type":"product","link":"https:\/\/foliobooks.pl\/en\/shop\/world-championship-cars-michael-schumacher\/","title":{"rendered":"World Championship Cars. Michael Schumacher"},"content":{"rendered":"<p>Among the &#8220;relics&#8221; of past Formula 1 world championships, the winning cars occupy a very special position. Only when driver and car complement each other perfectly, when they form a kind of symbiosis, does an exceptional performance follow. And even if the driver has long since moved on, years and decades later, the cars remain as a symbol of the victory. The seven cars in which Michael Schumacher won his world championship titles between 1994 and 2004 bear witness to his development from champion to serial winner. They still document an extraordinary driver whose performance has never been surpassed. In exquisite studio photography, this volume shows the world champion cars, which are still surrounded by a special aura. In this book, Schumacher&#8217;s manager Sabine Kehm and motoring journalist Elmar Br\u00fcmmer take a closer look at the phenomenon that is Michael Schumacher &#8211; the driver, but also the person. With a foreword by seven-time world champion Lewis Hamilton.<\/p>\n","protected":false},"excerpt":{"rendered":"<p>Among the &#8220;relics&#8221; of past Formula 1 world championships, the winning cars occupy a very special position. Only when driver and car complement each other perfectly, when they form a kind of symbiosis, does an exceptional performance follow. And even if the driver has long since moved on, years and decades later, the cars remain&#8230;<\/p>\n","protected":false},"featured_media":104768,"comment_status":"closed","ping_status":"closed","template":"","meta":[],"product_brand":[],"product_cat":[13533,4520],"product_tag":[216],"class_list":{"0":"post-104769","1":"product","2":"type-product","3":"status-publish","4":"has-post-thumbnail","6":"product_cat-books","7":"product_cat-motorsport-en","8":"product_tag-cars-en","9":"pa_author_att-elmar-brummer-2-en","10":"pa_cover-hardcover","11":"pa_format-297-x-297-cm-en","12":"pa_isbn-9783667129734-en","13":"pa_language-eng","14":"pa_pages-288-2-en","15":"pa_published-2024-12-10-en","16":"pa_publisher-delius-klasing-co-en","18":"first","19":"instock","20":"sale","21":"sold-individually","22":"shipping-taxable","23":"purchasable","24":"product-type-simple"},"yoast_head":"<!-- This site is optimized with the Yoast SEO plugin v27.4 - https:\/\/yoast.com\/product\/yoast-seo-wordpress\/ -->\n<title>World Championship Cars. Michael Schumacher (Elmar Br\u00fcmmer) - book \/ album - Folio<\/title>\n<meta name=\"description\" content=\"Wejd\u017a i kup ksi\u0105\u017ck\u0119 World Championship Cars. Michael Schumacher autorstwa Elmar Br\u00fcmmer wydan\u0105 przez Delius, Klasing &amp; Co (2024-12-10) w formacie 29,7 x 29,7 cm (ISBN: 9783667129734). Zapraszamy!\" \/>\n<meta name=\"robots\" content=\"index, follow, max-snippet:-1, max-image-preview:large, max-video-preview:-1\" \/>\n<link rel=\"canonical\" href=\"https:\/\/foliobooks.pl\/en\/shop\/world-championship-cars-michael-schumacher\/\" \/>\n<meta property=\"og:locale\" content=\"en_US\" \/>\n<meta property=\"og:type\" content=\"article\" \/>\n<meta property=\"og:title\" content=\"World Championship Cars. Michael Schumacher (Elmar Br\u00fcmmer) - book \/ album - Folio\" \/>\n<meta property=\"og:description\" content=\"Wejd\u017a i kup ksi\u0105\u017ck\u0119 World Championship Cars. Michael Schumacher autorstwa Elmar Br\u00fcmmer wydan\u0105 przez Delius, Klasing &amp; Co (2024-12-10) w formacie 29,7 x 29,7 cm (ISBN: 9783667129734). Zapraszamy!\" \/>\n<meta property=\"og:url\" content=\"https:\/\/foliobooks.pl\/en\/shop\/world-championship-cars-michael-schumacher\/\" \/>\n<meta property=\"og:site_name\" content=\"Folio\" \/>\n<meta property=\"article:modified_time\" content=\"2026-04-27T11:43:24+00:00\" \/>\n<meta property=\"og:image\" content=\"https:\/\/foliobooks.pl\/wp-content\/uploads\/2024\/12\/9783667129734.png\" \/>\n\t<meta property=\"og:image:width\" content=\"570\" \/>\n\t<meta property=\"og:image:height\" content=\"708\" \/>\n\t<meta property=\"og:image:type\" content=\"image\/png\" \/>\n<meta name=\"twitter:card\" content=\"summary_large_image\" \/>\n<meta name=\"twitter:label1\" content=\"Est. reading time\" \/>\n\t<meta name=\"twitter:data1\" content=\"2 minutes\" \/>\n<script type=\"application\/ld+json\" class=\"yoast-schema-graph\">{\"@context\":\"https:\\\/\\\/schema.org\",\"@graph\":[{\"@type\":\"WebPage\",\"@id\":\"https:\\\/\\\/foliobooks.pl\\\/en\\\/shop\\\/world-championship-cars-michael-schumacher\\\/\",\"url\":\"https:\\\/\\\/foliobooks.pl\\\/en\\\/shop\\\/world-championship-cars-michael-schumacher\\\/\",\"name\":\"World Championship Cars. Michael Schumacher (Elmar Br\u00fcmmer) - book \\\/ album - Folio\",\"isPartOf\":{\"@id\":\"https:\\\/\\\/foliobooks.pl\\\/en\\\/#website\"},\"primaryImageOfPage\":{\"@id\":\"https:\\\/\\\/foliobooks.pl\\\/en\\\/shop\\\/world-championship-cars-michael-schumacher\\\/#primaryimage\"},\"image\":{\"@id\":\"https:\\\/\\\/foliobooks.pl\\\/en\\\/shop\\\/world-championship-cars-michael-schumacher\\\/#primaryimage\"},\"thumbnailUrl\":\"https:\\\/\\\/foliobooks.pl\\\/wp-content\\\/uploads\\\/2024\\\/12\\\/9783667129734.png\",\"datePublished\":\"2024-12-30T14:21:23+00:00\",\"dateModified\":\"2026-04-27T11:43:24+00:00\",\"description\":\"Wejd\u017a i kup ksi\u0105\u017ck\u0119 World Championship Cars. Michael Schumacher autorstwa Elmar Br\u00fcmmer wydan\u0105 przez Delius, Klasing &amp; Co (2024-12-10) w formacie 29,7 x 29,7 cm (ISBN: 9783667129734). Zapraszamy!\",\"breadcrumb\":{\"@id\":\"https:\\\/\\\/foliobooks.pl\\\/en\\\/shop\\\/world-championship-cars-michael-schumacher\\\/#breadcrumb\"},\"inLanguage\":\"en-US\",\"potentialAction\":[{\"@type\":\"ReadAction\",\"target\":[\"https:\\\/\\\/foliobooks.pl\\\/en\\\/shop\\\/world-championship-cars-michael-schumacher\\\/\"]}]},{\"@type\":\"ImageObject\",\"inLanguage\":\"en-US\",\"@id\":\"https:\\\/\\\/foliobooks.pl\\\/en\\\/shop\\\/world-championship-cars-michael-schumacher\\\/#primaryimage\",\"url\":\"https:\\\/\\\/foliobooks.pl\\\/wp-content\\\/uploads\\\/2024\\\/12\\\/9783667129734.png\",\"contentUrl\":\"https:\\\/\\\/foliobooks.pl\\\/wp-content\\\/uploads\\\/2024\\\/12\\\/9783667129734.png\",\"width\":570,\"height\":708},{\"@type\":\"BreadcrumbList\",\"@id\":\"https:\\\/\\\/foliobooks.pl\\\/en\\\/shop\\\/world-championship-cars-michael-schumacher\\\/#breadcrumb\",\"itemListElement\":[{\"@type\":\"ListItem\",\"position\":1,\"name\":\"Strona g\u0142\u00f3wna\",\"item\":\"https:\\\/\\\/foliobooks.pl\\\/en\\\/\"},{\"@type\":\"ListItem\",\"position\":2,\"name\":\"Shop\",\"item\":\"https:\\\/\\\/foliobooks.pl\\\/en\\\/shop\\\/\"},{\"@type\":\"ListItem\",\"position\":3,\"name\":\"World Championship Cars. Michael Schumacher\"}]},{\"@type\":\"WebSite\",\"@id\":\"https:\\\/\\\/foliobooks.pl\\\/en\\\/#website\",\"url\":\"https:\\\/\\\/foliobooks.pl\\\/en\\\/\",\"name\":\"Folio\",\"description\":\"Ksi\u0119garnia internetowa\",\"potentialAction\":[{\"@type\":\"SearchAction\",\"target\":{\"@type\":\"EntryPoint\",\"urlTemplate\":\"https:\\\/\\\/foliobooks.pl\\\/en\\\/?s={search_term_string}\"},\"query-input\":{\"@type\":\"PropertyValueSpecification\",\"valueRequired\":true,\"valueName\":\"search_term_string\"}}],\"inLanguage\":\"en-US\"}]}<\/script>\n<!-- \/ Yoast SEO plugin. -->","yoast_head_json":{"title":"World Championship Cars. Michael Schumacher (Elmar Br\u00fcmmer) - book \/ album - Folio","description":"Wejd\u017a i kup ksi\u0105\u017ck\u0119 World Championship Cars. Michael Schumacher autorstwa Elmar Br\u00fcmmer wydan\u0105 przez Delius, Klasing &amp; Co (2024-12-10) w formacie 29,7 x 29,7 cm (ISBN: 9783667129734). Zapraszamy!","robots":{"index":"index","follow":"follow","max-snippet":"max-snippet:-1","max-image-preview":"max-image-preview:large","max-video-preview":"max-video-preview:-1"},"canonical":"https:\/\/foliobooks.pl\/en\/shop\/world-championship-cars-michael-schumacher\/","og_locale":"en_US","og_type":"article","og_title":"World Championship Cars. Michael Schumacher (Elmar Br\u00fcmmer) - book \/ album - Folio","og_description":"Wejd\u017a i kup ksi\u0105\u017ck\u0119 World Championship Cars. Michael Schumacher autorstwa Elmar Br\u00fcmmer wydan\u0105 przez Delius, Klasing &amp; Co (2024-12-10) w formacie 29,7 x 29,7 cm (ISBN: 9783667129734). Zapraszamy!","og_url":"https:\/\/foliobooks.pl\/en\/shop\/world-championship-cars-michael-schumacher\/","og_site_name":"Folio","article_modified_time":"2026-04-27T11:43:24+00:00","og_image":[{"width":570,"height":708,"url":"https:\/\/foliobooks.pl\/wp-content\/uploads\/2024\/12\/9783667129734.png","type":"image\/png"}],"twitter_card":"summary_large_image","twitter_misc":{"Est. reading time":"2 minutes"},"schema":{"@context":"https:\/\/schema.org","@graph":[{"@type":"WebPage","@id":"https:\/\/foliobooks.pl\/en\/shop\/world-championship-cars-michael-schumacher\/","url":"https:\/\/foliobooks.pl\/en\/shop\/world-championship-cars-michael-schumacher\/","name":"World Championship Cars. Michael Schumacher (Elmar Br\u00fcmmer) - book \/ album - Folio","isPartOf":{"@id":"https:\/\/foliobooks.pl\/en\/#website"},"primaryImageOfPage":{"@id":"https:\/\/foliobooks.pl\/en\/shop\/world-championship-cars-michael-schumacher\/#primaryimage"},"image":{"@id":"https:\/\/foliobooks.pl\/en\/shop\/world-championship-cars-michael-schumacher\/#primaryimage"},"thumbnailUrl":"https:\/\/foliobooks.pl\/wp-content\/uploads\/2024\/12\/9783667129734.png","datePublished":"2024-12-30T14:21:23+00:00","dateModified":"2026-04-27T11:43:24+00:00","description":"Wejd\u017a i kup ksi\u0105\u017ck\u0119 World Championship Cars. Michael Schumacher autorstwa Elmar Br\u00fcmmer wydan\u0105 przez Delius, Klasing &amp; Co (2024-12-10) w formacie 29,7 x 29,7 cm (ISBN: 9783667129734). Zapraszamy!","breadcrumb":{"@id":"https:\/\/foliobooks.pl\/en\/shop\/world-championship-cars-michael-schumacher\/#breadcrumb"},"inLanguage":"en-US","potentialAction":[{"@type":"ReadAction","target":["https:\/\/foliobooks.pl\/en\/shop\/world-championship-cars-michael-schumacher\/"]}]},{"@type":"ImageObject","inLanguage":"en-US","@id":"https:\/\/foliobooks.pl\/en\/shop\/world-championship-cars-michael-schumacher\/#primaryimage","url":"https:\/\/foliobooks.pl\/wp-content\/uploads\/2024\/12\/9783667129734.png","contentUrl":"https:\/\/foliobooks.pl\/wp-content\/uploads\/2024\/12\/9783667129734.png","width":570,"height":708},{"@type":"BreadcrumbList","@id":"https:\/\/foliobooks.pl\/en\/shop\/world-championship-cars-michael-schumacher\/#breadcrumb","itemListElement":[{"@type":"ListItem","position":1,"name":"Strona g\u0142\u00f3wna","item":"https:\/\/foliobooks.pl\/en\/"},{"@type":"ListItem","position":2,"name":"Shop","item":"https:\/\/foliobooks.pl\/en\/shop\/"},{"@type":"ListItem","position":3,"name":"World Championship Cars. Michael Schumacher"}]},{"@type":"WebSite","@id":"https:\/\/foliobooks.pl\/en\/#website","url":"https:\/\/foliobooks.pl\/en\/","name":"Folio","description":"Ksi\u0119garnia internetowa","potentialAction":[{"@type":"SearchAction","target":{"@type":"EntryPoint","urlTemplate":"https:\/\/foliobooks.pl\/en\/?s={search_term_string}"},"query-input":{"@type":"PropertyValueSpecification","valueRequired":true,"valueName":"search_term_string"}}],"inLanguage":"en-US"}]}},"_links":{"self":[{"href":"https:\/\/foliobooks.pl\/en\/wp-json\/wp\/v2\/product\/104769","targetHints":{"allow":["GET"]}}],"collection":[{"href":"https:\/\/foliobooks.pl\/en\/wp-json\/wp\/v2\/product"}],"about":[{"href":"https:\/\/foliobooks.pl\/en\/wp-json\/wp\/v2\/types\/product"}],"replies":[{"embeddable":true,"href":"https:\/\/foliobooks.pl\/en\/wp-json\/wp\/v2\/comments?post=104769"}],"wp:featuredmedia":[{"embeddable":true,"href":"https:\/\/foliobooks.pl\/en\/wp-json\/wp\/v2\/media\/104768"}],"wp:attachment":[{"href":"https:\/\/foliobooks.pl\/en\/wp-json\/wp\/v2\/media?parent=104769"}],"wp:term":[{"taxonomy":"product_brand","embeddable":true,"href":"https:\/\/foliobooks.pl\/en\/wp-json\/wp\/v2\/product_brand?post=104769"},{"taxonomy":"product_cat","embeddable":true,"href":"https:\/\/foliobooks.pl\/en\/wp-json\/wp\/v2\/product_cat?post=104769"},{"taxonomy":"product_tag","embeddable":true,"href":"https:\/\/foliobooks.pl\/en\/wp-json\/wp\/v2\/product_tag?post=104769"}],"curies":[{"name":"wp","href":"https:\/\/api.w.org\/{rel}","templated":true}]}}