{"id":104764,"date":"2024-12-30T15:14:26","date_gmt":"2024-12-30T14:14:26","guid":{"rendered":"https:\/\/foliobooks.pl\/sklep\/wine-travel-italy\/"},"modified":"2026-02-18T14:58:19","modified_gmt":"2026-02-18T13:58:19","slug":"wine-travel-italy","status":"publish","type":"product","link":"https:\/\/foliobooks.pl\/en\/shop\/wine-travel-italy\/","title":{"rendered":"Wine &#038; Travel Italy"},"content":{"rendered":"<p>Italy\u2019s wines reflect its history and culture. Its winemaking traditions are richly nuanced, with thousands of small terroirs and vineyards whose varietals, appellations, and soils appear ever more colorfully varied the better you get to know them. Some of Italy\u2019s wines are legendary, whether it is a twenty-year-old Trebbiano d\u2019Abruzzo and its smoky minerality or a fifty-year-old Barolo or Brunello di Montalcino. Traveling the wine routes of Italy is never monotonous: each winegrowing region has its own flavors, its own light.<\/p>\n<p>In the company of world-renowned sommelier Enrico Bernardo, immerse yourself in the author\u2019s childhood home, in an enchanting voyage through the vineyards of Italy\u2019s diverse wine regions. Within the pages of Wine &amp; Travel Italy, you will find a tour of delightful experiences waiting at each stop, from iconic vintages to hidden treasures. Brace yourself for a sumptuous odyssey, where fine fining, luxurious stays, and the quest for the ultimate glass of wine unfold against the backdrop of Italy\u2019s mesmerizing landscapes.<\/p>\n<p>Part of Assouline\u2019s latest Wine &amp; Travel series, which explores emblematic destinations through the lens of wine tourism, this edition features an exhaustive list of the best Italian vineyards to discover and a helpful glossary while also providing a deep dive into the country\u2019s best and finest wineries.<\/p>\n","protected":false},"excerpt":{"rendered":"<p>Italy\u2019s wines reflect its history and culture. Its winemaking traditions are richly nuanced, with thousands of small terroirs and vineyards whose varietals, appellations, and soils appear ever more colorfully varied the better you get to know them. Some of Italy\u2019s wines are legendary, whether it is a twenty-year-old Trebbiano d\u2019Abruzzo and its smoky minerality or&#8230;<\/p>\n","protected":false},"featured_media":104745,"comment_status":"closed","ping_status":"closed","template":"","meta":[],"product_brand":[],"product_cat":[13533,4517],"product_tag":[7273,156,929],"class_list":{"0":"post-104764","1":"product","2":"type-product","3":"status-publish","4":"has-post-thumbnail","6":"product_cat-books","7":"product_cat-photography-en","8":"product_tag-alcohol-en","9":"product_tag-travel","10":"product_tag-wine-en","11":"pa_author_att-enrico-bernardo-en","12":"pa_cover-hardcover","13":"pa_format-25-x-33-cm-en","14":"pa_isbn-9781649804181-en","15":"pa_language-eng","16":"pa_pages-304-2-en","17":"pa_published-2024-10-01-en","18":"pa_publisher-assouline-en","20":"first","21":"outofstock","22":"sale","23":"sold-individually","24":"shipping-taxable","25":"purchasable","26":"product-type-simple"},"yoast_head":"<!-- This site is optimized with the Yoast SEO plugin v27.4 - https:\/\/yoast.com\/product\/yoast-seo-wordpress\/ -->\n<title>Wine &amp; Travel Italy (Enrico Bernardo) - book \/ album - Folio<\/title>\n<meta name=\"description\" content=\"Wejd\u017a i kup ksi\u0105\u017ck\u0119 Wine &amp; Travel Italy autorstwa Enrico Bernardo wydan\u0105 przez Assouline (2024-10-01) w formacie 25 x 33 cm (ISBN: 9781649804181). Zapraszamy!\" \/>\n<meta name=\"robots\" content=\"index, follow, max-snippet:-1, max-image-preview:large, max-video-preview:-1\" \/>\n<link rel=\"canonical\" href=\"https:\/\/foliobooks.pl\/en\/shop\/wine-travel-italy\/\" \/>\n<meta property=\"og:locale\" content=\"en_US\" \/>\n<meta property=\"og:type\" content=\"article\" \/>\n<meta property=\"og:title\" content=\"Wine &amp; Travel Italy (Enrico Bernardo) - book \/ album - Folio\" \/>\n<meta property=\"og:description\" content=\"Wejd\u017a i kup ksi\u0105\u017ck\u0119 Wine &amp; Travel Italy autorstwa Enrico Bernardo wydan\u0105 przez Assouline (2024-10-01) w formacie 25 x 33 cm (ISBN: 9781649804181). Zapraszamy!\" \/>\n<meta property=\"og:url\" content=\"https:\/\/foliobooks.pl\/en\/shop\/wine-travel-italy\/\" \/>\n<meta property=\"og:site_name\" content=\"Folio\" \/>\n<meta property=\"article:modified_time\" content=\"2026-02-18T13:58:19+00:00\" \/>\n<meta property=\"og:image\" content=\"https:\/\/foliobooks.pl\/wp-content\/uploads\/2024\/12\/9781649804181.png\" \/>\n\t<meta property=\"og:image:width\" content=\"570\" \/>\n\t<meta property=\"og:image:height\" content=\"708\" \/>\n\t<meta property=\"og:image:type\" content=\"image\/png\" \/>\n<meta name=\"twitter:card\" content=\"summary_large_image\" \/>\n<meta name=\"twitter:label1\" content=\"Est. reading time\" \/>\n\t<meta name=\"twitter:data1\" content=\"2 minutes\" \/>\n<script type=\"application\/ld+json\" class=\"yoast-schema-graph\">{\"@context\":\"https:\\\/\\\/schema.org\",\"@graph\":[{\"@type\":\"WebPage\",\"@id\":\"https:\\\/\\\/foliobooks.pl\\\/en\\\/shop\\\/wine-travel-italy\\\/\",\"url\":\"https:\\\/\\\/foliobooks.pl\\\/en\\\/shop\\\/wine-travel-italy\\\/\",\"name\":\"Wine & Travel Italy (Enrico Bernardo) - book \\\/ album - Folio\",\"isPartOf\":{\"@id\":\"https:\\\/\\\/foliobooks.pl\\\/en\\\/#website\"},\"primaryImageOfPage\":{\"@id\":\"https:\\\/\\\/foliobooks.pl\\\/en\\\/shop\\\/wine-travel-italy\\\/#primaryimage\"},\"image\":{\"@id\":\"https:\\\/\\\/foliobooks.pl\\\/en\\\/shop\\\/wine-travel-italy\\\/#primaryimage\"},\"thumbnailUrl\":\"https:\\\/\\\/foliobooks.pl\\\/wp-content\\\/uploads\\\/2024\\\/12\\\/9781649804181.png\",\"datePublished\":\"2024-12-30T14:14:26+00:00\",\"dateModified\":\"2026-02-18T13:58:19+00:00\",\"description\":\"Wejd\u017a i kup ksi\u0105\u017ck\u0119 Wine & Travel Italy autorstwa Enrico Bernardo wydan\u0105 przez Assouline (2024-10-01) w formacie 25 x 33 cm (ISBN: 9781649804181). Zapraszamy!\",\"breadcrumb\":{\"@id\":\"https:\\\/\\\/foliobooks.pl\\\/en\\\/shop\\\/wine-travel-italy\\\/#breadcrumb\"},\"inLanguage\":\"en-US\",\"potentialAction\":[{\"@type\":\"ReadAction\",\"target\":[\"https:\\\/\\\/foliobooks.pl\\\/en\\\/shop\\\/wine-travel-italy\\\/\"]}]},{\"@type\":\"ImageObject\",\"inLanguage\":\"en-US\",\"@id\":\"https:\\\/\\\/foliobooks.pl\\\/en\\\/shop\\\/wine-travel-italy\\\/#primaryimage\",\"url\":\"https:\\\/\\\/foliobooks.pl\\\/wp-content\\\/uploads\\\/2024\\\/12\\\/9781649804181.png\",\"contentUrl\":\"https:\\\/\\\/foliobooks.pl\\\/wp-content\\\/uploads\\\/2024\\\/12\\\/9781649804181.png\",\"width\":570,\"height\":708},{\"@type\":\"BreadcrumbList\",\"@id\":\"https:\\\/\\\/foliobooks.pl\\\/en\\\/shop\\\/wine-travel-italy\\\/#breadcrumb\",\"itemListElement\":[{\"@type\":\"ListItem\",\"position\":1,\"name\":\"Strona g\u0142\u00f3wna\",\"item\":\"https:\\\/\\\/foliobooks.pl\\\/en\\\/\"},{\"@type\":\"ListItem\",\"position\":2,\"name\":\"Shop\",\"item\":\"https:\\\/\\\/foliobooks.pl\\\/en\\\/shop\\\/\"},{\"@type\":\"ListItem\",\"position\":3,\"name\":\"Wine &#038; Travel Italy\"}]},{\"@type\":\"WebSite\",\"@id\":\"https:\\\/\\\/foliobooks.pl\\\/en\\\/#website\",\"url\":\"https:\\\/\\\/foliobooks.pl\\\/en\\\/\",\"name\":\"Folio\",\"description\":\"Ksi\u0119garnia internetowa\",\"potentialAction\":[{\"@type\":\"SearchAction\",\"target\":{\"@type\":\"EntryPoint\",\"urlTemplate\":\"https:\\\/\\\/foliobooks.pl\\\/en\\\/?s={search_term_string}\"},\"query-input\":{\"@type\":\"PropertyValueSpecification\",\"valueRequired\":true,\"valueName\":\"search_term_string\"}}],\"inLanguage\":\"en-US\"}]}<\/script>\n<!-- \/ Yoast SEO plugin. -->","yoast_head_json":{"title":"Wine & Travel Italy (Enrico Bernardo) - book \/ album - Folio","description":"Wejd\u017a i kup ksi\u0105\u017ck\u0119 Wine & Travel Italy autorstwa Enrico Bernardo wydan\u0105 przez Assouline (2024-10-01) w formacie 25 x 33 cm (ISBN: 9781649804181). Zapraszamy!","robots":{"index":"index","follow":"follow","max-snippet":"max-snippet:-1","max-image-preview":"max-image-preview:large","max-video-preview":"max-video-preview:-1"},"canonical":"https:\/\/foliobooks.pl\/en\/shop\/wine-travel-italy\/","og_locale":"en_US","og_type":"article","og_title":"Wine & Travel Italy (Enrico Bernardo) - book \/ album - Folio","og_description":"Wejd\u017a i kup ksi\u0105\u017ck\u0119 Wine & Travel Italy autorstwa Enrico Bernardo wydan\u0105 przez Assouline (2024-10-01) w formacie 25 x 33 cm (ISBN: 9781649804181). Zapraszamy!","og_url":"https:\/\/foliobooks.pl\/en\/shop\/wine-travel-italy\/","og_site_name":"Folio","article_modified_time":"2026-02-18T13:58:19+00:00","og_image":[{"width":570,"height":708,"url":"https:\/\/foliobooks.pl\/wp-content\/uploads\/2024\/12\/9781649804181.png","type":"image\/png"}],"twitter_card":"summary_large_image","twitter_misc":{"Est. reading time":"2 minutes"},"schema":{"@context":"https:\/\/schema.org","@graph":[{"@type":"WebPage","@id":"https:\/\/foliobooks.pl\/en\/shop\/wine-travel-italy\/","url":"https:\/\/foliobooks.pl\/en\/shop\/wine-travel-italy\/","name":"Wine & Travel Italy (Enrico Bernardo) - book \/ album - Folio","isPartOf":{"@id":"https:\/\/foliobooks.pl\/en\/#website"},"primaryImageOfPage":{"@id":"https:\/\/foliobooks.pl\/en\/shop\/wine-travel-italy\/#primaryimage"},"image":{"@id":"https:\/\/foliobooks.pl\/en\/shop\/wine-travel-italy\/#primaryimage"},"thumbnailUrl":"https:\/\/foliobooks.pl\/wp-content\/uploads\/2024\/12\/9781649804181.png","datePublished":"2024-12-30T14:14:26+00:00","dateModified":"2026-02-18T13:58:19+00:00","description":"Wejd\u017a i kup ksi\u0105\u017ck\u0119 Wine & Travel Italy autorstwa Enrico Bernardo wydan\u0105 przez Assouline (2024-10-01) w formacie 25 x 33 cm (ISBN: 9781649804181). Zapraszamy!","breadcrumb":{"@id":"https:\/\/foliobooks.pl\/en\/shop\/wine-travel-italy\/#breadcrumb"},"inLanguage":"en-US","potentialAction":[{"@type":"ReadAction","target":["https:\/\/foliobooks.pl\/en\/shop\/wine-travel-italy\/"]}]},{"@type":"ImageObject","inLanguage":"en-US","@id":"https:\/\/foliobooks.pl\/en\/shop\/wine-travel-italy\/#primaryimage","url":"https:\/\/foliobooks.pl\/wp-content\/uploads\/2024\/12\/9781649804181.png","contentUrl":"https:\/\/foliobooks.pl\/wp-content\/uploads\/2024\/12\/9781649804181.png","width":570,"height":708},{"@type":"BreadcrumbList","@id":"https:\/\/foliobooks.pl\/en\/shop\/wine-travel-italy\/#breadcrumb","itemListElement":[{"@type":"ListItem","position":1,"name":"Strona g\u0142\u00f3wna","item":"https:\/\/foliobooks.pl\/en\/"},{"@type":"ListItem","position":2,"name":"Shop","item":"https:\/\/foliobooks.pl\/en\/shop\/"},{"@type":"ListItem","position":3,"name":"Wine &#038; Travel Italy"}]},{"@type":"WebSite","@id":"https:\/\/foliobooks.pl\/en\/#website","url":"https:\/\/foliobooks.pl\/en\/","name":"Folio","description":"Ksi\u0119garnia internetowa","potentialAction":[{"@type":"SearchAction","target":{"@type":"EntryPoint","urlTemplate":"https:\/\/foliobooks.pl\/en\/?s={search_term_string}"},"query-input":{"@type":"PropertyValueSpecification","valueRequired":true,"valueName":"search_term_string"}}],"inLanguage":"en-US"}]}},"_links":{"self":[{"href":"https:\/\/foliobooks.pl\/en\/wp-json\/wp\/v2\/product\/104764","targetHints":{"allow":["GET"]}}],"collection":[{"href":"https:\/\/foliobooks.pl\/en\/wp-json\/wp\/v2\/product"}],"about":[{"href":"https:\/\/foliobooks.pl\/en\/wp-json\/wp\/v2\/types\/product"}],"replies":[{"embeddable":true,"href":"https:\/\/foliobooks.pl\/en\/wp-json\/wp\/v2\/comments?post=104764"}],"wp:featuredmedia":[{"embeddable":true,"href":"https:\/\/foliobooks.pl\/en\/wp-json\/wp\/v2\/media\/104745"}],"wp:attachment":[{"href":"https:\/\/foliobooks.pl\/en\/wp-json\/wp\/v2\/media?parent=104764"}],"wp:term":[{"taxonomy":"product_brand","embeddable":true,"href":"https:\/\/foliobooks.pl\/en\/wp-json\/wp\/v2\/product_brand?post=104764"},{"taxonomy":"product_cat","embeddable":true,"href":"https:\/\/foliobooks.pl\/en\/wp-json\/wp\/v2\/product_cat?post=104764"},{"taxonomy":"product_tag","embeddable":true,"href":"https:\/\/foliobooks.pl\/en\/wp-json\/wp\/v2\/product_tag?post=104764"}],"curies":[{"name":"wp","href":"https:\/\/api.w.org\/{rel}","templated":true}]}}