{"id":104639,"date":"2024-12-30T13:50:27","date_gmt":"2024-12-30T12:50:27","guid":{"rendered":"https:\/\/foliobooks.pl\/sklep\/riva-zauber-der-legende\/"},"modified":"2025-01-02T12:09:24","modified_gmt":"2025-01-02T11:09:24","slug":"riva-zauber-der-legende","status":"publish","type":"product","link":"https:\/\/foliobooks.pl\/en\/shop\/riva-zauber-der-legende\/","title":{"rendered":"Riva: Magic of the Legend"},"content":{"rendered":"<p>This book is entirely dedicated to the fascination of the Riva brand. From a brief look at Riva&#8217;s history, Carlo Riva&#8217;s ideas and ideals and an overview of the boats built up to 1969 to current developments and new technologies, the work offers a unique and unprecedented insight into the world of the luxury brand. Prominent Riva owners who have contributed significantly to media coverage are covered, as are the prestigious Riva clubs and events and the background to the expert restoration of the classic beauties. Large-format images with entertaining texts make this high-quality coffee table book a perfect gift for boat lovers and dreamers! Text in English and German.<\/p>\n","protected":false},"excerpt":{"rendered":"<p>This book is entirely dedicated to the fascination of the Riva brand. From a brief look at Riva&#8217;s history, Carlo Riva&#8217;s ideas and ideals and an overview of the boats built up to 1969 to current developments and new technologies, the work offers a unique and unprecedented insight into the world of the luxury brand&#8230;.<\/p>\n","protected":false},"featured_media":104626,"comment_status":"closed","ping_status":"closed","template":"","meta":[],"product_brand":[],"product_cat":[13533,4517],"product_tag":[12403],"class_list":{"0":"post-104639","1":"product","2":"type-product","3":"status-publish","4":"has-post-thumbnail","6":"product_cat-books","7":"product_cat-photography-en","8":"product_tag-sailing-en","9":"pa_author_att-torsten-moench-en","10":"pa_cover-hardcover","11":"pa_format-178-x-198-cm-en","12":"pa_isbn-9783667129703-en","13":"pa_language-eng-ger","14":"pa_pages-240-en","15":"pa_published-2024-11-21-en","16":"pa_publisher-delius-klasing-co-en","18":"first","19":"instock","20":"sold-individually","21":"shipping-taxable","22":"purchasable","23":"product-type-simple"},"yoast_head":"<!-- This site is optimized with the Yoast SEO plugin v27.4 - https:\/\/yoast.com\/product\/yoast-seo-wordpress\/ -->\n<title>Riva: Magic of the Legend (Torsten Moench) - book \/ album - Folio<\/title>\n<meta name=\"description\" content=\"Wejd\u017a i kup ksi\u0105\u017ck\u0119 Riva: Magic of the Legend autorstwa Torsten Moench wydan\u0105 przez Delius, Klasing &amp; Co (2024-11-21) w formacie 17,8 x 19,8 cm (ISBN: 9783667129703). Zapraszamy!\" \/>\n<meta name=\"robots\" content=\"index, follow, max-snippet:-1, max-image-preview:large, max-video-preview:-1\" \/>\n<link rel=\"canonical\" href=\"https:\/\/foliobooks.pl\/en\/shop\/riva-zauber-der-legende\/\" \/>\n<meta property=\"og:locale\" content=\"en_US\" \/>\n<meta property=\"og:type\" content=\"article\" \/>\n<meta property=\"og:title\" content=\"Riva: Magic of the Legend (Torsten Moench) - book \/ album - Folio\" \/>\n<meta property=\"og:description\" content=\"Wejd\u017a i kup ksi\u0105\u017ck\u0119 Riva: Magic of the Legend autorstwa Torsten Moench wydan\u0105 przez Delius, Klasing &amp; Co (2024-11-21) w formacie 17,8 x 19,8 cm (ISBN: 9783667129703). Zapraszamy!\" \/>\n<meta property=\"og:url\" content=\"https:\/\/foliobooks.pl\/en\/shop\/riva-zauber-der-legende\/\" \/>\n<meta property=\"og:site_name\" content=\"Folio\" \/>\n<meta property=\"article:modified_time\" content=\"2025-01-02T11:09:24+00:00\" \/>\n<meta property=\"og:image\" content=\"https:\/\/foliobooks.pl\/wp-content\/uploads\/2024\/12\/9783667129703.png\" \/>\n\t<meta property=\"og:image:width\" content=\"570\" \/>\n\t<meta property=\"og:image:height\" content=\"708\" \/>\n\t<meta property=\"og:image:type\" content=\"image\/png\" \/>\n<meta name=\"twitter:card\" content=\"summary_large_image\" \/>\n<meta name=\"twitter:label1\" content=\"Est. reading time\" \/>\n\t<meta name=\"twitter:data1\" content=\"1 minute\" \/>\n<script type=\"application\/ld+json\" class=\"yoast-schema-graph\">{\"@context\":\"https:\\\/\\\/schema.org\",\"@graph\":[{\"@type\":\"WebPage\",\"@id\":\"https:\\\/\\\/foliobooks.pl\\\/en\\\/shop\\\/riva-zauber-der-legende\\\/\",\"url\":\"https:\\\/\\\/foliobooks.pl\\\/en\\\/shop\\\/riva-zauber-der-legende\\\/\",\"name\":\"Riva: Magic of the Legend (Torsten Moench) - book \\\/ album - Folio\",\"isPartOf\":{\"@id\":\"https:\\\/\\\/foliobooks.pl\\\/en\\\/#website\"},\"primaryImageOfPage\":{\"@id\":\"https:\\\/\\\/foliobooks.pl\\\/en\\\/shop\\\/riva-zauber-der-legende\\\/#primaryimage\"},\"image\":{\"@id\":\"https:\\\/\\\/foliobooks.pl\\\/en\\\/shop\\\/riva-zauber-der-legende\\\/#primaryimage\"},\"thumbnailUrl\":\"https:\\\/\\\/foliobooks.pl\\\/wp-content\\\/uploads\\\/2024\\\/12\\\/9783667129703.png\",\"datePublished\":\"2024-12-30T12:50:27+00:00\",\"dateModified\":\"2025-01-02T11:09:24+00:00\",\"description\":\"Wejd\u017a i kup ksi\u0105\u017ck\u0119 Riva: Magic of the Legend autorstwa Torsten Moench wydan\u0105 przez Delius, Klasing &amp; Co (2024-11-21) w formacie 17,8 x 19,8 cm (ISBN: 9783667129703). Zapraszamy!\",\"breadcrumb\":{\"@id\":\"https:\\\/\\\/foliobooks.pl\\\/en\\\/shop\\\/riva-zauber-der-legende\\\/#breadcrumb\"},\"inLanguage\":\"en-US\",\"potentialAction\":[{\"@type\":\"ReadAction\",\"target\":[\"https:\\\/\\\/foliobooks.pl\\\/en\\\/shop\\\/riva-zauber-der-legende\\\/\"]}]},{\"@type\":\"ImageObject\",\"inLanguage\":\"en-US\",\"@id\":\"https:\\\/\\\/foliobooks.pl\\\/en\\\/shop\\\/riva-zauber-der-legende\\\/#primaryimage\",\"url\":\"https:\\\/\\\/foliobooks.pl\\\/wp-content\\\/uploads\\\/2024\\\/12\\\/9783667129703.png\",\"contentUrl\":\"https:\\\/\\\/foliobooks.pl\\\/wp-content\\\/uploads\\\/2024\\\/12\\\/9783667129703.png\",\"width\":570,\"height\":708},{\"@type\":\"BreadcrumbList\",\"@id\":\"https:\\\/\\\/foliobooks.pl\\\/en\\\/shop\\\/riva-zauber-der-legende\\\/#breadcrumb\",\"itemListElement\":[{\"@type\":\"ListItem\",\"position\":1,\"name\":\"Strona g\u0142\u00f3wna\",\"item\":\"https:\\\/\\\/foliobooks.pl\\\/en\\\/\"},{\"@type\":\"ListItem\",\"position\":2,\"name\":\"Shop\",\"item\":\"https:\\\/\\\/foliobooks.pl\\\/en\\\/shop\\\/\"},{\"@type\":\"ListItem\",\"position\":3,\"name\":\"Riva: Magic of the Legend\"}]},{\"@type\":\"WebSite\",\"@id\":\"https:\\\/\\\/foliobooks.pl\\\/en\\\/#website\",\"url\":\"https:\\\/\\\/foliobooks.pl\\\/en\\\/\",\"name\":\"Folio\",\"description\":\"Ksi\u0119garnia internetowa\",\"potentialAction\":[{\"@type\":\"SearchAction\",\"target\":{\"@type\":\"EntryPoint\",\"urlTemplate\":\"https:\\\/\\\/foliobooks.pl\\\/en\\\/?s={search_term_string}\"},\"query-input\":{\"@type\":\"PropertyValueSpecification\",\"valueRequired\":true,\"valueName\":\"search_term_string\"}}],\"inLanguage\":\"en-US\"}]}<\/script>\n<!-- \/ Yoast SEO plugin. -->","yoast_head_json":{"title":"Riva: Magic of the Legend (Torsten Moench) - book \/ album - Folio","description":"Wejd\u017a i kup ksi\u0105\u017ck\u0119 Riva: Magic of the Legend autorstwa Torsten Moench wydan\u0105 przez Delius, Klasing &amp; Co (2024-11-21) w formacie 17,8 x 19,8 cm (ISBN: 9783667129703). Zapraszamy!","robots":{"index":"index","follow":"follow","max-snippet":"max-snippet:-1","max-image-preview":"max-image-preview:large","max-video-preview":"max-video-preview:-1"},"canonical":"https:\/\/foliobooks.pl\/en\/shop\/riva-zauber-der-legende\/","og_locale":"en_US","og_type":"article","og_title":"Riva: Magic of the Legend (Torsten Moench) - book \/ album - Folio","og_description":"Wejd\u017a i kup ksi\u0105\u017ck\u0119 Riva: Magic of the Legend autorstwa Torsten Moench wydan\u0105 przez Delius, Klasing &amp; Co (2024-11-21) w formacie 17,8 x 19,8 cm (ISBN: 9783667129703). Zapraszamy!","og_url":"https:\/\/foliobooks.pl\/en\/shop\/riva-zauber-der-legende\/","og_site_name":"Folio","article_modified_time":"2025-01-02T11:09:24+00:00","og_image":[{"width":570,"height":708,"url":"https:\/\/foliobooks.pl\/wp-content\/uploads\/2024\/12\/9783667129703.png","type":"image\/png"}],"twitter_card":"summary_large_image","twitter_misc":{"Est. reading time":"1 minute"},"schema":{"@context":"https:\/\/schema.org","@graph":[{"@type":"WebPage","@id":"https:\/\/foliobooks.pl\/en\/shop\/riva-zauber-der-legende\/","url":"https:\/\/foliobooks.pl\/en\/shop\/riva-zauber-der-legende\/","name":"Riva: Magic of the Legend (Torsten Moench) - book \/ album - Folio","isPartOf":{"@id":"https:\/\/foliobooks.pl\/en\/#website"},"primaryImageOfPage":{"@id":"https:\/\/foliobooks.pl\/en\/shop\/riva-zauber-der-legende\/#primaryimage"},"image":{"@id":"https:\/\/foliobooks.pl\/en\/shop\/riva-zauber-der-legende\/#primaryimage"},"thumbnailUrl":"https:\/\/foliobooks.pl\/wp-content\/uploads\/2024\/12\/9783667129703.png","datePublished":"2024-12-30T12:50:27+00:00","dateModified":"2025-01-02T11:09:24+00:00","description":"Wejd\u017a i kup ksi\u0105\u017ck\u0119 Riva: Magic of the Legend autorstwa Torsten Moench wydan\u0105 przez Delius, Klasing &amp; Co (2024-11-21) w formacie 17,8 x 19,8 cm (ISBN: 9783667129703). Zapraszamy!","breadcrumb":{"@id":"https:\/\/foliobooks.pl\/en\/shop\/riva-zauber-der-legende\/#breadcrumb"},"inLanguage":"en-US","potentialAction":[{"@type":"ReadAction","target":["https:\/\/foliobooks.pl\/en\/shop\/riva-zauber-der-legende\/"]}]},{"@type":"ImageObject","inLanguage":"en-US","@id":"https:\/\/foliobooks.pl\/en\/shop\/riva-zauber-der-legende\/#primaryimage","url":"https:\/\/foliobooks.pl\/wp-content\/uploads\/2024\/12\/9783667129703.png","contentUrl":"https:\/\/foliobooks.pl\/wp-content\/uploads\/2024\/12\/9783667129703.png","width":570,"height":708},{"@type":"BreadcrumbList","@id":"https:\/\/foliobooks.pl\/en\/shop\/riva-zauber-der-legende\/#breadcrumb","itemListElement":[{"@type":"ListItem","position":1,"name":"Strona g\u0142\u00f3wna","item":"https:\/\/foliobooks.pl\/en\/"},{"@type":"ListItem","position":2,"name":"Shop","item":"https:\/\/foliobooks.pl\/en\/shop\/"},{"@type":"ListItem","position":3,"name":"Riva: Magic of the Legend"}]},{"@type":"WebSite","@id":"https:\/\/foliobooks.pl\/en\/#website","url":"https:\/\/foliobooks.pl\/en\/","name":"Folio","description":"Ksi\u0119garnia internetowa","potentialAction":[{"@type":"SearchAction","target":{"@type":"EntryPoint","urlTemplate":"https:\/\/foliobooks.pl\/en\/?s={search_term_string}"},"query-input":{"@type":"PropertyValueSpecification","valueRequired":true,"valueName":"search_term_string"}}],"inLanguage":"en-US"}]}},"_links":{"self":[{"href":"https:\/\/foliobooks.pl\/en\/wp-json\/wp\/v2\/product\/104639","targetHints":{"allow":["GET"]}}],"collection":[{"href":"https:\/\/foliobooks.pl\/en\/wp-json\/wp\/v2\/product"}],"about":[{"href":"https:\/\/foliobooks.pl\/en\/wp-json\/wp\/v2\/types\/product"}],"replies":[{"embeddable":true,"href":"https:\/\/foliobooks.pl\/en\/wp-json\/wp\/v2\/comments?post=104639"}],"wp:featuredmedia":[{"embeddable":true,"href":"https:\/\/foliobooks.pl\/en\/wp-json\/wp\/v2\/media\/104626"}],"wp:attachment":[{"href":"https:\/\/foliobooks.pl\/en\/wp-json\/wp\/v2\/media?parent=104639"}],"wp:term":[{"taxonomy":"product_brand","embeddable":true,"href":"https:\/\/foliobooks.pl\/en\/wp-json\/wp\/v2\/product_brand?post=104639"},{"taxonomy":"product_cat","embeddable":true,"href":"https:\/\/foliobooks.pl\/en\/wp-json\/wp\/v2\/product_cat?post=104639"},{"taxonomy":"product_tag","embeddable":true,"href":"https:\/\/foliobooks.pl\/en\/wp-json\/wp\/v2\/product_tag?post=104639"}],"curies":[{"name":"wp","href":"https:\/\/api.w.org\/{rel}","templated":true}]}}