{"id":104567,"date":"2024-12-30T12:58:53","date_gmt":"2024-12-30T11:58:53","guid":{"rendered":"https:\/\/foliobooks.pl\/sklep\/magnum-america-the-united-states\/"},"modified":"2026-04-27T13:36:14","modified_gmt":"2026-04-27T11:36:14","slug":"magnum-america-the-united-states","status":"publish","type":"product","link":"https:\/\/foliobooks.pl\/en\/shop\/magnum-america-the-united-states\/","title":{"rendered":"Magnum America. The United States"},"content":{"rendered":"<p>What is &#8220;America&#8221;? What does it look like? Where can it be found? What does &#8220;America&#8221; mean and for whom? This ambitious publication does not attempt to present a comprehensive photographic history of the United States but uses the stories and photographs in the Magnum Archive to offer potential answers to those questions. In doing so, it presents a compelling visual portrait of the USA, past and present, as it stands once again at a crossroads of history.<\/p>\n<p>Magnum America is arranged into decade-by-decade chapters from the 1940s to the present day. Each chapter includes individual &#8220;Moments&#8221; capturing that decade; deeper views through &#8220;Collective Portfolios&#8221; where multiple Magnum photographers documented a major historic event; and long-form, story-led individual portfolios that examine issues, peoples, and events as portrayed by Magnum photographers. Commentaries and texts appear throughout and there are innovative metadata visualizations based on the Magnum archives, highlighting the multiple voices and perspectives that define both Magnum and the United States.<\/p>\n<p>The book looks beyond the fifty states to invite us to consider the concept of &#8220;America as Empire,&#8221; with military and political adventures and misadventures abroad, including Vietnam, Iraq, and Afghanistan, as well as soft power and &#8220;America&#8221; as a cultural export.<\/p>\n<p>Breathtaking in scope and abundant with the photographic riches and intelligent, insightful authorship for which Magnum&#8217;s photographers are renowned, as well as texts by Professor Laura Wexler alongside other contributing writers, Magnum America is a vital contribution to the documentation of contemporary American history and a future classic.<\/p>\n","protected":false},"excerpt":{"rendered":"<p>What is &#8220;America&#8221;? What does it look like? Where can it be found? What does &#8220;America&#8221; mean and for whom? This ambitious publication does not attempt to present a comprehensive photographic history of the United States but uses the stories and photographs in the Magnum Archive to offer potential answers to those questions. In doing&#8230;<\/p>\n","protected":false},"featured_media":104548,"comment_status":"closed","ping_status":"closed","template":"","meta":[],"product_brand":[],"product_cat":[13533,4517],"product_tag":[10664,6121],"class_list":{"0":"post-104567","1":"product","2":"type-product","3":"status-publish","4":"has-post-thumbnail","6":"product_cat-books","7":"product_cat-photography-en","8":"product_tag-america-en","9":"product_tag-photography","10":"pa_author_att-laura-wexler-en","11":"pa_cover-hardcover","12":"pa_format-288-x-347-cm-en","13":"pa_isbn-9780500544563-en","14":"pa_language-eng","15":"pa_pages-464-en","16":"pa_published-2024-10-29-en","17":"pa_publisher-thames-hudson-en","19":"first","20":"instock","21":"sale","22":"sold-individually","23":"shipping-taxable","24":"purchasable","25":"product-type-simple"},"yoast_head":"<!-- This site is optimized with the Yoast SEO plugin v27.5 - https:\/\/yoast.com\/product\/yoast-seo-wordpress\/ -->\n<title>Magnum America. The United States (Laura Wexler) - book \/ album - Folio<\/title>\n<meta name=\"description\" content=\"Wejd\u017a i kup ksi\u0105\u017ck\u0119 Magnum America. The United States autorstwa Laura Wexler wydan\u0105 przez Thames &amp; Hudson (2024-10-29) w formacie 28,8 x 34,7 cm (ISBN: 9780500544563). Zapraszamy!\" \/>\n<meta name=\"robots\" content=\"index, follow, max-snippet:-1, max-image-preview:large, max-video-preview:-1\" \/>\n<link rel=\"canonical\" href=\"https:\/\/foliobooks.pl\/en\/shop\/magnum-america-the-united-states\/\" \/>\n<meta property=\"og:locale\" content=\"en_US\" \/>\n<meta property=\"og:type\" content=\"article\" \/>\n<meta property=\"og:title\" content=\"Magnum America. The United States (Laura Wexler) - book \/ album - Folio\" \/>\n<meta property=\"og:description\" content=\"Wejd\u017a i kup ksi\u0105\u017ck\u0119 Magnum America. The United States autorstwa Laura Wexler wydan\u0105 przez Thames &amp; Hudson (2024-10-29) w formacie 28,8 x 34,7 cm (ISBN: 9780500544563). Zapraszamy!\" \/>\n<meta property=\"og:url\" content=\"https:\/\/foliobooks.pl\/en\/shop\/magnum-america-the-united-states\/\" \/>\n<meta property=\"og:site_name\" content=\"Folio\" \/>\n<meta property=\"article:modified_time\" content=\"2026-04-27T11:36:14+00:00\" \/>\n<meta property=\"og:image\" content=\"https:\/\/foliobooks.pl\/wp-content\/uploads\/2024\/12\/9780500544563.png\" \/>\n\t<meta property=\"og:image:width\" content=\"570\" \/>\n\t<meta property=\"og:image:height\" content=\"708\" \/>\n\t<meta property=\"og:image:type\" content=\"image\/png\" \/>\n<meta name=\"twitter:card\" content=\"summary_large_image\" \/>\n<meta name=\"twitter:label1\" content=\"Est. reading time\" \/>\n\t<meta name=\"twitter:data1\" content=\"2 minutes\" \/>\n<script type=\"application\/ld+json\" class=\"yoast-schema-graph\">{\"@context\":\"https:\\\/\\\/schema.org\",\"@graph\":[{\"@type\":\"WebPage\",\"@id\":\"https:\\\/\\\/foliobooks.pl\\\/en\\\/shop\\\/magnum-america-the-united-states\\\/\",\"url\":\"https:\\\/\\\/foliobooks.pl\\\/en\\\/shop\\\/magnum-america-the-united-states\\\/\",\"name\":\"Magnum America. The United States (Laura Wexler) - book \\\/ album - Folio\",\"isPartOf\":{\"@id\":\"https:\\\/\\\/foliobooks.pl\\\/en\\\/#website\"},\"primaryImageOfPage\":{\"@id\":\"https:\\\/\\\/foliobooks.pl\\\/en\\\/shop\\\/magnum-america-the-united-states\\\/#primaryimage\"},\"image\":{\"@id\":\"https:\\\/\\\/foliobooks.pl\\\/en\\\/shop\\\/magnum-america-the-united-states\\\/#primaryimage\"},\"thumbnailUrl\":\"https:\\\/\\\/foliobooks.pl\\\/wp-content\\\/uploads\\\/2024\\\/12\\\/9780500544563.png\",\"datePublished\":\"2024-12-30T11:58:53+00:00\",\"dateModified\":\"2026-04-27T11:36:14+00:00\",\"description\":\"Wejd\u017a i kup ksi\u0105\u017ck\u0119 Magnum America. The United States autorstwa Laura Wexler wydan\u0105 przez Thames &amp; Hudson (2024-10-29) w formacie 28,8 x 34,7 cm (ISBN: 9780500544563). Zapraszamy!\",\"breadcrumb\":{\"@id\":\"https:\\\/\\\/foliobooks.pl\\\/en\\\/shop\\\/magnum-america-the-united-states\\\/#breadcrumb\"},\"inLanguage\":\"en-US\",\"potentialAction\":[{\"@type\":\"ReadAction\",\"target\":[\"https:\\\/\\\/foliobooks.pl\\\/en\\\/shop\\\/magnum-america-the-united-states\\\/\"]}]},{\"@type\":\"ImageObject\",\"inLanguage\":\"en-US\",\"@id\":\"https:\\\/\\\/foliobooks.pl\\\/en\\\/shop\\\/magnum-america-the-united-states\\\/#primaryimage\",\"url\":\"https:\\\/\\\/foliobooks.pl\\\/wp-content\\\/uploads\\\/2024\\\/12\\\/9780500544563.png\",\"contentUrl\":\"https:\\\/\\\/foliobooks.pl\\\/wp-content\\\/uploads\\\/2024\\\/12\\\/9780500544563.png\",\"width\":570,\"height\":708},{\"@type\":\"BreadcrumbList\",\"@id\":\"https:\\\/\\\/foliobooks.pl\\\/en\\\/shop\\\/magnum-america-the-united-states\\\/#breadcrumb\",\"itemListElement\":[{\"@type\":\"ListItem\",\"position\":1,\"name\":\"Strona g\u0142\u00f3wna\",\"item\":\"https:\\\/\\\/foliobooks.pl\\\/en\\\/\"},{\"@type\":\"ListItem\",\"position\":2,\"name\":\"Shop\",\"item\":\"https:\\\/\\\/foliobooks.pl\\\/en\\\/shop\\\/\"},{\"@type\":\"ListItem\",\"position\":3,\"name\":\"Magnum America. The United States\"}]},{\"@type\":\"WebSite\",\"@id\":\"https:\\\/\\\/foliobooks.pl\\\/en\\\/#website\",\"url\":\"https:\\\/\\\/foliobooks.pl\\\/en\\\/\",\"name\":\"Folio\",\"description\":\"Ksi\u0119garnia internetowa\",\"potentialAction\":[{\"@type\":\"SearchAction\",\"target\":{\"@type\":\"EntryPoint\",\"urlTemplate\":\"https:\\\/\\\/foliobooks.pl\\\/en\\\/?s={search_term_string}\"},\"query-input\":{\"@type\":\"PropertyValueSpecification\",\"valueRequired\":true,\"valueName\":\"search_term_string\"}}],\"inLanguage\":\"en-US\"}]}<\/script>\n<!-- \/ Yoast SEO plugin. -->","yoast_head_json":{"title":"Magnum America. The United States (Laura Wexler) - book \/ album - Folio","description":"Wejd\u017a i kup ksi\u0105\u017ck\u0119 Magnum America. The United States autorstwa Laura Wexler wydan\u0105 przez Thames &amp; Hudson (2024-10-29) w formacie 28,8 x 34,7 cm (ISBN: 9780500544563). Zapraszamy!","robots":{"index":"index","follow":"follow","max-snippet":"max-snippet:-1","max-image-preview":"max-image-preview:large","max-video-preview":"max-video-preview:-1"},"canonical":"https:\/\/foliobooks.pl\/en\/shop\/magnum-america-the-united-states\/","og_locale":"en_US","og_type":"article","og_title":"Magnum America. The United States (Laura Wexler) - book \/ album - Folio","og_description":"Wejd\u017a i kup ksi\u0105\u017ck\u0119 Magnum America. The United States autorstwa Laura Wexler wydan\u0105 przez Thames &amp; Hudson (2024-10-29) w formacie 28,8 x 34,7 cm (ISBN: 9780500544563). Zapraszamy!","og_url":"https:\/\/foliobooks.pl\/en\/shop\/magnum-america-the-united-states\/","og_site_name":"Folio","article_modified_time":"2026-04-27T11:36:14+00:00","og_image":[{"width":570,"height":708,"url":"https:\/\/foliobooks.pl\/wp-content\/uploads\/2024\/12\/9780500544563.png","type":"image\/png"}],"twitter_card":"summary_large_image","twitter_misc":{"Est. reading time":"2 minutes"},"schema":{"@context":"https:\/\/schema.org","@graph":[{"@type":"WebPage","@id":"https:\/\/foliobooks.pl\/en\/shop\/magnum-america-the-united-states\/","url":"https:\/\/foliobooks.pl\/en\/shop\/magnum-america-the-united-states\/","name":"Magnum America. The United States (Laura Wexler) - book \/ album - Folio","isPartOf":{"@id":"https:\/\/foliobooks.pl\/en\/#website"},"primaryImageOfPage":{"@id":"https:\/\/foliobooks.pl\/en\/shop\/magnum-america-the-united-states\/#primaryimage"},"image":{"@id":"https:\/\/foliobooks.pl\/en\/shop\/magnum-america-the-united-states\/#primaryimage"},"thumbnailUrl":"https:\/\/foliobooks.pl\/wp-content\/uploads\/2024\/12\/9780500544563.png","datePublished":"2024-12-30T11:58:53+00:00","dateModified":"2026-04-27T11:36:14+00:00","description":"Wejd\u017a i kup ksi\u0105\u017ck\u0119 Magnum America. The United States autorstwa Laura Wexler wydan\u0105 przez Thames &amp; Hudson (2024-10-29) w formacie 28,8 x 34,7 cm (ISBN: 9780500544563). Zapraszamy!","breadcrumb":{"@id":"https:\/\/foliobooks.pl\/en\/shop\/magnum-america-the-united-states\/#breadcrumb"},"inLanguage":"en-US","potentialAction":[{"@type":"ReadAction","target":["https:\/\/foliobooks.pl\/en\/shop\/magnum-america-the-united-states\/"]}]},{"@type":"ImageObject","inLanguage":"en-US","@id":"https:\/\/foliobooks.pl\/en\/shop\/magnum-america-the-united-states\/#primaryimage","url":"https:\/\/foliobooks.pl\/wp-content\/uploads\/2024\/12\/9780500544563.png","contentUrl":"https:\/\/foliobooks.pl\/wp-content\/uploads\/2024\/12\/9780500544563.png","width":570,"height":708},{"@type":"BreadcrumbList","@id":"https:\/\/foliobooks.pl\/en\/shop\/magnum-america-the-united-states\/#breadcrumb","itemListElement":[{"@type":"ListItem","position":1,"name":"Strona g\u0142\u00f3wna","item":"https:\/\/foliobooks.pl\/en\/"},{"@type":"ListItem","position":2,"name":"Shop","item":"https:\/\/foliobooks.pl\/en\/shop\/"},{"@type":"ListItem","position":3,"name":"Magnum America. The United States"}]},{"@type":"WebSite","@id":"https:\/\/foliobooks.pl\/en\/#website","url":"https:\/\/foliobooks.pl\/en\/","name":"Folio","description":"Ksi\u0119garnia internetowa","potentialAction":[{"@type":"SearchAction","target":{"@type":"EntryPoint","urlTemplate":"https:\/\/foliobooks.pl\/en\/?s={search_term_string}"},"query-input":{"@type":"PropertyValueSpecification","valueRequired":true,"valueName":"search_term_string"}}],"inLanguage":"en-US"}]}},"_links":{"self":[{"href":"https:\/\/foliobooks.pl\/en\/wp-json\/wp\/v2\/product\/104567","targetHints":{"allow":["GET"]}}],"collection":[{"href":"https:\/\/foliobooks.pl\/en\/wp-json\/wp\/v2\/product"}],"about":[{"href":"https:\/\/foliobooks.pl\/en\/wp-json\/wp\/v2\/types\/product"}],"replies":[{"embeddable":true,"href":"https:\/\/foliobooks.pl\/en\/wp-json\/wp\/v2\/comments?post=104567"}],"wp:featuredmedia":[{"embeddable":true,"href":"https:\/\/foliobooks.pl\/en\/wp-json\/wp\/v2\/media\/104548"}],"wp:attachment":[{"href":"https:\/\/foliobooks.pl\/en\/wp-json\/wp\/v2\/media?parent=104567"}],"wp:term":[{"taxonomy":"product_brand","embeddable":true,"href":"https:\/\/foliobooks.pl\/en\/wp-json\/wp\/v2\/product_brand?post=104567"},{"taxonomy":"product_cat","embeddable":true,"href":"https:\/\/foliobooks.pl\/en\/wp-json\/wp\/v2\/product_cat?post=104567"},{"taxonomy":"product_tag","embeddable":true,"href":"https:\/\/foliobooks.pl\/en\/wp-json\/wp\/v2\/product_tag?post=104567"}],"curies":[{"name":"wp","href":"https:\/\/api.w.org\/{rel}","templated":true}]}}