{"id":104544,"date":"2024-12-30T12:40:39","date_gmt":"2024-12-30T11:40:39","guid":{"rendered":"https:\/\/foliobooks.pl\/sklep\/madrid-chic\/"},"modified":"2025-03-12T14:26:40","modified_gmt":"2025-03-12T13:26:40","slug":"madrid-chic","status":"publish","type":"product","link":"https:\/\/foliobooks.pl\/en\/shop\/madrid-chic\/","title":{"rendered":"Madrid Chic"},"content":{"rendered":"<p>Assouline\u2019s latest addition to the Chic Series takes the readers to the capital of Spain for an intimate look at this welcoming metropolis. With Madrid expert Cristina Carrillo de Albornoz as your guide, the who\u2019s who of the city have opened their doors to offer a peek into their daily lives. The golden light that seems to blanket the city in warmth is impeccably captured through the lens of Oliver Pilcher and his original photography for this book. A celebration of cultural expression, gastronomy, and architecture, Madrid Chic invites readers to explore the vibrancy of the Spanish way of life.<\/p>\n<p>Poetic accounts from Ernest Hemingway, Antonio Machado and Pablo Neruda are intermixed with insights from the prominent locals of today, such as Baroness Carmen Thyssen-Bornemisza, Elena Foster, Sheila Loewe, and Pedro Almod\u00f3var. Artworks by Vel\u00e1zquez and Goya are placed in conversation with creations by contemporary artists such as Jaume Plensa, Arturo Berned and Oscar Marin\u00e9. From the great aristocracy like the Duke of Alba to the best young artists such as Sandra Rojo Pic\u00f3n, Madrid Chic takes readers on a journey through the city\u2019s most captivating places, immersing them in its vibrant spirit and renewed energy.<\/p>\n","protected":false},"excerpt":{"rendered":"<p>Assouline\u2019s latest addition to the Chic Series takes the readers to the capital of Spain for an intimate look at this welcoming metropolis. With Madrid expert Cristina Carrillo de Albornoz as your guide, the who\u2019s who of the city have opened their doors to offer a peek into their daily lives. The golden light that&#8230;<\/p>\n","protected":false},"featured_media":104527,"comment_status":"closed","ping_status":"closed","template":"","meta":[],"product_brand":[],"product_cat":[13533,4517],"product_tag":[6143,12608],"class_list":{"0":"post-104544","1":"product","2":"type-product","3":"status-publish","4":"has-post-thumbnail","6":"product_cat-books","7":"product_cat-photography-en","8":"product_tag-city","9":"product_tag-spain-en","10":"pa_author_att-cristina-carrillo-de-albornoz-en","11":"pa_author_att-oliver-pilcher-en","12":"pa_cover-hardcover","13":"pa_format-25-x-33-cm-en","14":"pa_isbn-9781649804266-en","15":"pa_language-eng","16":"pa_pages-304-en-2","17":"pa_published-2024-10-01-en","18":"pa_publisher-assouline-en","20":"first","21":"outofstock","22":"sold-individually","23":"shipping-taxable","24":"purchasable","25":"product-type-simple"},"yoast_head":"<!-- This site is optimized with the Yoast SEO plugin v27.4 - https:\/\/yoast.com\/product\/yoast-seo-wordpress\/ -->\n<title>Madrid Chic (Cristina Carrillo de Albornoz, Oliver Pilcher) - book \/ album - Folio<\/title>\n<meta name=\"description\" content=\"Wejd\u017a i kup ksi\u0105\u017ck\u0119 Madrid Chic autorstwa Cristina Carrillo de Albornoz, Oliver Pilcher wydan\u0105 przez Assouline (2024-10-01) w formacie 25 x 33 cm (ISBN: 9781649804266). Zapraszamy!\" \/>\n<meta name=\"robots\" content=\"index, follow, max-snippet:-1, max-image-preview:large, max-video-preview:-1\" \/>\n<link rel=\"canonical\" href=\"https:\/\/foliobooks.pl\/en\/shop\/madrid-chic\/\" \/>\n<meta property=\"og:locale\" content=\"en_US\" \/>\n<meta property=\"og:type\" content=\"article\" \/>\n<meta property=\"og:title\" content=\"Madrid Chic (Cristina Carrillo de Albornoz, Oliver Pilcher) - book \/ album - Folio\" \/>\n<meta property=\"og:description\" content=\"Wejd\u017a i kup ksi\u0105\u017ck\u0119 Madrid Chic autorstwa Cristina Carrillo de Albornoz, Oliver Pilcher wydan\u0105 przez Assouline (2024-10-01) w formacie 25 x 33 cm (ISBN: 9781649804266). Zapraszamy!\" \/>\n<meta property=\"og:url\" content=\"https:\/\/foliobooks.pl\/en\/shop\/madrid-chic\/\" \/>\n<meta property=\"og:site_name\" content=\"Folio\" \/>\n<meta property=\"article:modified_time\" content=\"2025-03-12T13:26:40+00:00\" \/>\n<meta property=\"og:image\" content=\"https:\/\/foliobooks.pl\/wp-content\/uploads\/2024\/12\/9781649804266.png\" \/>\n\t<meta property=\"og:image:width\" content=\"570\" \/>\n\t<meta property=\"og:image:height\" content=\"708\" \/>\n\t<meta property=\"og:image:type\" content=\"image\/png\" \/>\n<meta name=\"twitter:card\" content=\"summary_large_image\" \/>\n<meta name=\"twitter:label1\" content=\"Est. reading time\" \/>\n\t<meta name=\"twitter:data1\" content=\"2 minutes\" \/>\n<script type=\"application\/ld+json\" class=\"yoast-schema-graph\">{\"@context\":\"https:\\\/\\\/schema.org\",\"@graph\":[{\"@type\":\"WebPage\",\"@id\":\"https:\\\/\\\/foliobooks.pl\\\/en\\\/shop\\\/madrid-chic\\\/\",\"url\":\"https:\\\/\\\/foliobooks.pl\\\/en\\\/shop\\\/madrid-chic\\\/\",\"name\":\"Madrid Chic (Cristina Carrillo de Albornoz, Oliver Pilcher) - book \\\/ album - Folio\",\"isPartOf\":{\"@id\":\"https:\\\/\\\/foliobooks.pl\\\/en\\\/#website\"},\"primaryImageOfPage\":{\"@id\":\"https:\\\/\\\/foliobooks.pl\\\/en\\\/shop\\\/madrid-chic\\\/#primaryimage\"},\"image\":{\"@id\":\"https:\\\/\\\/foliobooks.pl\\\/en\\\/shop\\\/madrid-chic\\\/#primaryimage\"},\"thumbnailUrl\":\"https:\\\/\\\/foliobooks.pl\\\/wp-content\\\/uploads\\\/2024\\\/12\\\/9781649804266.png\",\"datePublished\":\"2024-12-30T11:40:39+00:00\",\"dateModified\":\"2025-03-12T13:26:40+00:00\",\"description\":\"Wejd\u017a i kup ksi\u0105\u017ck\u0119 Madrid Chic autorstwa Cristina Carrillo de Albornoz, Oliver Pilcher wydan\u0105 przez Assouline (2024-10-01) w formacie 25 x 33 cm (ISBN: 9781649804266). Zapraszamy!\",\"breadcrumb\":{\"@id\":\"https:\\\/\\\/foliobooks.pl\\\/en\\\/shop\\\/madrid-chic\\\/#breadcrumb\"},\"inLanguage\":\"en-US\",\"potentialAction\":[{\"@type\":\"ReadAction\",\"target\":[\"https:\\\/\\\/foliobooks.pl\\\/en\\\/shop\\\/madrid-chic\\\/\"]}]},{\"@type\":\"ImageObject\",\"inLanguage\":\"en-US\",\"@id\":\"https:\\\/\\\/foliobooks.pl\\\/en\\\/shop\\\/madrid-chic\\\/#primaryimage\",\"url\":\"https:\\\/\\\/foliobooks.pl\\\/wp-content\\\/uploads\\\/2024\\\/12\\\/9781649804266.png\",\"contentUrl\":\"https:\\\/\\\/foliobooks.pl\\\/wp-content\\\/uploads\\\/2024\\\/12\\\/9781649804266.png\",\"width\":570,\"height\":708},{\"@type\":\"BreadcrumbList\",\"@id\":\"https:\\\/\\\/foliobooks.pl\\\/en\\\/shop\\\/madrid-chic\\\/#breadcrumb\",\"itemListElement\":[{\"@type\":\"ListItem\",\"position\":1,\"name\":\"Strona g\u0142\u00f3wna\",\"item\":\"https:\\\/\\\/foliobooks.pl\\\/en\\\/\"},{\"@type\":\"ListItem\",\"position\":2,\"name\":\"Shop\",\"item\":\"https:\\\/\\\/foliobooks.pl\\\/en\\\/shop\\\/\"},{\"@type\":\"ListItem\",\"position\":3,\"name\":\"Madrid Chic\"}]},{\"@type\":\"WebSite\",\"@id\":\"https:\\\/\\\/foliobooks.pl\\\/en\\\/#website\",\"url\":\"https:\\\/\\\/foliobooks.pl\\\/en\\\/\",\"name\":\"Folio\",\"description\":\"Ksi\u0119garnia internetowa\",\"potentialAction\":[{\"@type\":\"SearchAction\",\"target\":{\"@type\":\"EntryPoint\",\"urlTemplate\":\"https:\\\/\\\/foliobooks.pl\\\/en\\\/?s={search_term_string}\"},\"query-input\":{\"@type\":\"PropertyValueSpecification\",\"valueRequired\":true,\"valueName\":\"search_term_string\"}}],\"inLanguage\":\"en-US\"}]}<\/script>\n<!-- \/ Yoast SEO plugin. -->","yoast_head_json":{"title":"Madrid Chic (Cristina Carrillo de Albornoz, Oliver Pilcher) - book \/ album - Folio","description":"Wejd\u017a i kup ksi\u0105\u017ck\u0119 Madrid Chic autorstwa Cristina Carrillo de Albornoz, Oliver Pilcher wydan\u0105 przez Assouline (2024-10-01) w formacie 25 x 33 cm (ISBN: 9781649804266). Zapraszamy!","robots":{"index":"index","follow":"follow","max-snippet":"max-snippet:-1","max-image-preview":"max-image-preview:large","max-video-preview":"max-video-preview:-1"},"canonical":"https:\/\/foliobooks.pl\/en\/shop\/madrid-chic\/","og_locale":"en_US","og_type":"article","og_title":"Madrid Chic (Cristina Carrillo de Albornoz, Oliver Pilcher) - book \/ album - Folio","og_description":"Wejd\u017a i kup ksi\u0105\u017ck\u0119 Madrid Chic autorstwa Cristina Carrillo de Albornoz, Oliver Pilcher wydan\u0105 przez Assouline (2024-10-01) w formacie 25 x 33 cm (ISBN: 9781649804266). Zapraszamy!","og_url":"https:\/\/foliobooks.pl\/en\/shop\/madrid-chic\/","og_site_name":"Folio","article_modified_time":"2025-03-12T13:26:40+00:00","og_image":[{"width":570,"height":708,"url":"https:\/\/foliobooks.pl\/wp-content\/uploads\/2024\/12\/9781649804266.png","type":"image\/png"}],"twitter_card":"summary_large_image","twitter_misc":{"Est. reading time":"2 minutes"},"schema":{"@context":"https:\/\/schema.org","@graph":[{"@type":"WebPage","@id":"https:\/\/foliobooks.pl\/en\/shop\/madrid-chic\/","url":"https:\/\/foliobooks.pl\/en\/shop\/madrid-chic\/","name":"Madrid Chic (Cristina Carrillo de Albornoz, Oliver Pilcher) - book \/ album - Folio","isPartOf":{"@id":"https:\/\/foliobooks.pl\/en\/#website"},"primaryImageOfPage":{"@id":"https:\/\/foliobooks.pl\/en\/shop\/madrid-chic\/#primaryimage"},"image":{"@id":"https:\/\/foliobooks.pl\/en\/shop\/madrid-chic\/#primaryimage"},"thumbnailUrl":"https:\/\/foliobooks.pl\/wp-content\/uploads\/2024\/12\/9781649804266.png","datePublished":"2024-12-30T11:40:39+00:00","dateModified":"2025-03-12T13:26:40+00:00","description":"Wejd\u017a i kup ksi\u0105\u017ck\u0119 Madrid Chic autorstwa Cristina Carrillo de Albornoz, Oliver Pilcher wydan\u0105 przez Assouline (2024-10-01) w formacie 25 x 33 cm (ISBN: 9781649804266). Zapraszamy!","breadcrumb":{"@id":"https:\/\/foliobooks.pl\/en\/shop\/madrid-chic\/#breadcrumb"},"inLanguage":"en-US","potentialAction":[{"@type":"ReadAction","target":["https:\/\/foliobooks.pl\/en\/shop\/madrid-chic\/"]}]},{"@type":"ImageObject","inLanguage":"en-US","@id":"https:\/\/foliobooks.pl\/en\/shop\/madrid-chic\/#primaryimage","url":"https:\/\/foliobooks.pl\/wp-content\/uploads\/2024\/12\/9781649804266.png","contentUrl":"https:\/\/foliobooks.pl\/wp-content\/uploads\/2024\/12\/9781649804266.png","width":570,"height":708},{"@type":"BreadcrumbList","@id":"https:\/\/foliobooks.pl\/en\/shop\/madrid-chic\/#breadcrumb","itemListElement":[{"@type":"ListItem","position":1,"name":"Strona g\u0142\u00f3wna","item":"https:\/\/foliobooks.pl\/en\/"},{"@type":"ListItem","position":2,"name":"Shop","item":"https:\/\/foliobooks.pl\/en\/shop\/"},{"@type":"ListItem","position":3,"name":"Madrid Chic"}]},{"@type":"WebSite","@id":"https:\/\/foliobooks.pl\/en\/#website","url":"https:\/\/foliobooks.pl\/en\/","name":"Folio","description":"Ksi\u0119garnia internetowa","potentialAction":[{"@type":"SearchAction","target":{"@type":"EntryPoint","urlTemplate":"https:\/\/foliobooks.pl\/en\/?s={search_term_string}"},"query-input":{"@type":"PropertyValueSpecification","valueRequired":true,"valueName":"search_term_string"}}],"inLanguage":"en-US"}]}},"_links":{"self":[{"href":"https:\/\/foliobooks.pl\/en\/wp-json\/wp\/v2\/product\/104544","targetHints":{"allow":["GET"]}}],"collection":[{"href":"https:\/\/foliobooks.pl\/en\/wp-json\/wp\/v2\/product"}],"about":[{"href":"https:\/\/foliobooks.pl\/en\/wp-json\/wp\/v2\/types\/product"}],"replies":[{"embeddable":true,"href":"https:\/\/foliobooks.pl\/en\/wp-json\/wp\/v2\/comments?post=104544"}],"wp:featuredmedia":[{"embeddable":true,"href":"https:\/\/foliobooks.pl\/en\/wp-json\/wp\/v2\/media\/104527"}],"wp:attachment":[{"href":"https:\/\/foliobooks.pl\/en\/wp-json\/wp\/v2\/media?parent=104544"}],"wp:term":[{"taxonomy":"product_brand","embeddable":true,"href":"https:\/\/foliobooks.pl\/en\/wp-json\/wp\/v2\/product_brand?post=104544"},{"taxonomy":"product_cat","embeddable":true,"href":"https:\/\/foliobooks.pl\/en\/wp-json\/wp\/v2\/product_cat?post=104544"},{"taxonomy":"product_tag","embeddable":true,"href":"https:\/\/foliobooks.pl\/en\/wp-json\/wp\/v2\/product_tag?post=104544"}],"curies":[{"name":"wp","href":"https:\/\/api.w.org\/{rel}","templated":true}]}}