{"id":104361,"date":"2024-12-27T13:12:35","date_gmt":"2024-12-27T12:12:35","guid":{"rendered":"https:\/\/foliobooks.pl\/sklep\/annie-leibovitz-at-work-revised-edition\/"},"modified":"2024-12-27T13:12:35","modified_gmt":"2024-12-27T12:12:35","slug":"annie-leibovitz-at-work-revised-edition","status":"publish","type":"product","link":"https:\/\/foliobooks.pl\/en\/shop\/annie-leibovitz-at-work-revised-edition\/","title":{"rendered":"Annie Leibovitz at Work. Revised Edition"},"content":{"rendered":"<p>Annie Leibovitz, our most celebrated living photographer, explains how her pictures are made, in this updated edition of her classic text<\/p>\n<p>In this newly revised edition of her seminal work, Leibovitz addresses young photographers and readers interested in what photographers do, but any reader interested in contemporary history will be fascinated by her account of one of the richest bodies of work in the photographic canon.<\/p>\n<p>The subjects include photojournalism, studio work, photographing dancers and athletes, working with writers, and making the transition from shooting with film to working with digital cameras.<\/p>\n<p>Originally published in 2008 and then updated and reissued in 2018, this revised and updated edition brings Leibovitz&#8217;s bestselling book up to date, showcasing some of her most recent work.<\/p>\n<p>The photographs discussed include: portraits of the Rolling Stones, John Lennon and Yoko Ono, Meryl Streep, Keith Haring, Joan Didion, Mikhail Baryshnikov, Patti Smith, William S. Burroughs, Rihanna, Agnes Martin, HRH Queen Elizabeth II, and Barack Obama.<\/p>\n","protected":false},"excerpt":{"rendered":"<p>Annie Leibovitz, our most celebrated living photographer, explains how her pictures are made, in this updated edition of her classic text In this newly revised edition of her seminal work, Leibovitz addresses young photographers and readers interested in what photographers do, but any reader interested in contemporary history will be fascinated by her account of&#8230;<\/p>\n","protected":false},"featured_media":104346,"comment_status":"closed","ping_status":"closed","template":"","meta":[],"product_brand":[],"product_cat":[13533,4517],"product_tag":[6121],"class_list":{"0":"post-104361","1":"product","2":"type-product","3":"status-publish","4":"has-post-thumbnail","6":"product_cat-books","7":"product_cat-photography-en","8":"product_tag-photography","9":"pa_author_att-annie-leibovitz-en","10":"pa_cover-hardcover","11":"pa_format-188-x-243-cm-en","12":"pa_isbn-9781838668204-en","13":"pa_language-eng","14":"pa_pages-268-en","15":"pa_published-2024-05-23-en","16":"pa_publisher-phaidon-en","18":"first","19":"outofstock","20":"sold-individually","21":"shipping-taxable","22":"purchasable","23":"product-type-simple"},"yoast_head":"<!-- This site is optimized with the Yoast SEO plugin v27.4 - https:\/\/yoast.com\/product\/yoast-seo-wordpress\/ -->\n<title>Annie Leibovitz at Work. Revised Edition (Annie Leibovitz) - book \/ album - Folio<\/title>\n<meta name=\"description\" content=\"Wejd\u017a i kup ksi\u0105\u017ck\u0119 Annie Leibovitz at Work. Revised Edition autorstwa Annie Leibovitz wydan\u0105 przez PHAIDON (2024-05-23) w formacie 18,8 x 24,3 cm (ISBN: 9781838668204). Zapraszamy!\" \/>\n<meta name=\"robots\" content=\"index, follow, max-snippet:-1, max-image-preview:large, max-video-preview:-1\" \/>\n<link rel=\"canonical\" href=\"https:\/\/foliobooks.pl\/en\/shop\/annie-leibovitz-at-work-revised-edition\/\" \/>\n<meta property=\"og:locale\" content=\"en_US\" \/>\n<meta property=\"og:type\" content=\"article\" \/>\n<meta property=\"og:title\" content=\"Annie Leibovitz at Work. Revised Edition (Annie Leibovitz) - book \/ album - Folio\" \/>\n<meta property=\"og:description\" content=\"Wejd\u017a i kup ksi\u0105\u017ck\u0119 Annie Leibovitz at Work. Revised Edition autorstwa Annie Leibovitz wydan\u0105 przez PHAIDON (2024-05-23) w formacie 18,8 x 24,3 cm (ISBN: 9781838668204). Zapraszamy!\" \/>\n<meta property=\"og:url\" content=\"https:\/\/foliobooks.pl\/en\/shop\/annie-leibovitz-at-work-revised-edition\/\" \/>\n<meta property=\"og:site_name\" content=\"Folio\" \/>\n<meta property=\"og:image\" content=\"https:\/\/foliobooks.pl\/wp-content\/uploads\/2024\/12\/9781838668204.png\" \/>\n\t<meta property=\"og:image:width\" content=\"570\" \/>\n\t<meta property=\"og:image:height\" content=\"708\" \/>\n\t<meta property=\"og:image:type\" content=\"image\/png\" \/>\n<meta name=\"twitter:card\" content=\"summary_large_image\" \/>\n<meta name=\"twitter:label1\" content=\"Est. reading time\" \/>\n\t<meta name=\"twitter:data1\" content=\"2 minutes\" \/>\n<script type=\"application\/ld+json\" class=\"yoast-schema-graph\">{\"@context\":\"https:\\\/\\\/schema.org\",\"@graph\":[{\"@type\":\"WebPage\",\"@id\":\"https:\\\/\\\/foliobooks.pl\\\/en\\\/shop\\\/annie-leibovitz-at-work-revised-edition\\\/\",\"url\":\"https:\\\/\\\/foliobooks.pl\\\/en\\\/shop\\\/annie-leibovitz-at-work-revised-edition\\\/\",\"name\":\"Annie Leibovitz at Work. Revised Edition (Annie Leibovitz) - book \\\/ album - Folio\",\"isPartOf\":{\"@id\":\"https:\\\/\\\/foliobooks.pl\\\/en\\\/#website\"},\"primaryImageOfPage\":{\"@id\":\"https:\\\/\\\/foliobooks.pl\\\/en\\\/shop\\\/annie-leibovitz-at-work-revised-edition\\\/#primaryimage\"},\"image\":{\"@id\":\"https:\\\/\\\/foliobooks.pl\\\/en\\\/shop\\\/annie-leibovitz-at-work-revised-edition\\\/#primaryimage\"},\"thumbnailUrl\":\"https:\\\/\\\/foliobooks.pl\\\/wp-content\\\/uploads\\\/2024\\\/12\\\/9781838668204.png\",\"datePublished\":\"2024-12-27T12:12:35+00:00\",\"description\":\"Wejd\u017a i kup ksi\u0105\u017ck\u0119 Annie Leibovitz at Work. Revised Edition autorstwa Annie Leibovitz wydan\u0105 przez PHAIDON (2024-05-23) w formacie 18,8 x 24,3 cm (ISBN: 9781838668204). Zapraszamy!\",\"breadcrumb\":{\"@id\":\"https:\\\/\\\/foliobooks.pl\\\/en\\\/shop\\\/annie-leibovitz-at-work-revised-edition\\\/#breadcrumb\"},\"inLanguage\":\"en-US\",\"potentialAction\":[{\"@type\":\"ReadAction\",\"target\":[\"https:\\\/\\\/foliobooks.pl\\\/en\\\/shop\\\/annie-leibovitz-at-work-revised-edition\\\/\"]}]},{\"@type\":\"ImageObject\",\"inLanguage\":\"en-US\",\"@id\":\"https:\\\/\\\/foliobooks.pl\\\/en\\\/shop\\\/annie-leibovitz-at-work-revised-edition\\\/#primaryimage\",\"url\":\"https:\\\/\\\/foliobooks.pl\\\/wp-content\\\/uploads\\\/2024\\\/12\\\/9781838668204.png\",\"contentUrl\":\"https:\\\/\\\/foliobooks.pl\\\/wp-content\\\/uploads\\\/2024\\\/12\\\/9781838668204.png\",\"width\":570,\"height\":708},{\"@type\":\"BreadcrumbList\",\"@id\":\"https:\\\/\\\/foliobooks.pl\\\/en\\\/shop\\\/annie-leibovitz-at-work-revised-edition\\\/#breadcrumb\",\"itemListElement\":[{\"@type\":\"ListItem\",\"position\":1,\"name\":\"Strona g\u0142\u00f3wna\",\"item\":\"https:\\\/\\\/foliobooks.pl\\\/en\\\/\"},{\"@type\":\"ListItem\",\"position\":2,\"name\":\"Shop\",\"item\":\"https:\\\/\\\/foliobooks.pl\\\/en\\\/shop\\\/\"},{\"@type\":\"ListItem\",\"position\":3,\"name\":\"Annie Leibovitz at Work. Revised Edition\"}]},{\"@type\":\"WebSite\",\"@id\":\"https:\\\/\\\/foliobooks.pl\\\/en\\\/#website\",\"url\":\"https:\\\/\\\/foliobooks.pl\\\/en\\\/\",\"name\":\"Folio\",\"description\":\"Ksi\u0119garnia internetowa\",\"potentialAction\":[{\"@type\":\"SearchAction\",\"target\":{\"@type\":\"EntryPoint\",\"urlTemplate\":\"https:\\\/\\\/foliobooks.pl\\\/en\\\/?s={search_term_string}\"},\"query-input\":{\"@type\":\"PropertyValueSpecification\",\"valueRequired\":true,\"valueName\":\"search_term_string\"}}],\"inLanguage\":\"en-US\"}]}<\/script>\n<!-- \/ Yoast SEO plugin. -->","yoast_head_json":{"title":"Annie Leibovitz at Work. Revised Edition (Annie Leibovitz) - book \/ album - Folio","description":"Wejd\u017a i kup ksi\u0105\u017ck\u0119 Annie Leibovitz at Work. Revised Edition autorstwa Annie Leibovitz wydan\u0105 przez PHAIDON (2024-05-23) w formacie 18,8 x 24,3 cm (ISBN: 9781838668204). Zapraszamy!","robots":{"index":"index","follow":"follow","max-snippet":"max-snippet:-1","max-image-preview":"max-image-preview:large","max-video-preview":"max-video-preview:-1"},"canonical":"https:\/\/foliobooks.pl\/en\/shop\/annie-leibovitz-at-work-revised-edition\/","og_locale":"en_US","og_type":"article","og_title":"Annie Leibovitz at Work. Revised Edition (Annie Leibovitz) - book \/ album - Folio","og_description":"Wejd\u017a i kup ksi\u0105\u017ck\u0119 Annie Leibovitz at Work. Revised Edition autorstwa Annie Leibovitz wydan\u0105 przez PHAIDON (2024-05-23) w formacie 18,8 x 24,3 cm (ISBN: 9781838668204). Zapraszamy!","og_url":"https:\/\/foliobooks.pl\/en\/shop\/annie-leibovitz-at-work-revised-edition\/","og_site_name":"Folio","og_image":[{"width":570,"height":708,"url":"https:\/\/foliobooks.pl\/wp-content\/uploads\/2024\/12\/9781838668204.png","type":"image\/png"}],"twitter_card":"summary_large_image","twitter_misc":{"Est. reading time":"2 minutes"},"schema":{"@context":"https:\/\/schema.org","@graph":[{"@type":"WebPage","@id":"https:\/\/foliobooks.pl\/en\/shop\/annie-leibovitz-at-work-revised-edition\/","url":"https:\/\/foliobooks.pl\/en\/shop\/annie-leibovitz-at-work-revised-edition\/","name":"Annie Leibovitz at Work. Revised Edition (Annie Leibovitz) - book \/ album - Folio","isPartOf":{"@id":"https:\/\/foliobooks.pl\/en\/#website"},"primaryImageOfPage":{"@id":"https:\/\/foliobooks.pl\/en\/shop\/annie-leibovitz-at-work-revised-edition\/#primaryimage"},"image":{"@id":"https:\/\/foliobooks.pl\/en\/shop\/annie-leibovitz-at-work-revised-edition\/#primaryimage"},"thumbnailUrl":"https:\/\/foliobooks.pl\/wp-content\/uploads\/2024\/12\/9781838668204.png","datePublished":"2024-12-27T12:12:35+00:00","description":"Wejd\u017a i kup ksi\u0105\u017ck\u0119 Annie Leibovitz at Work. Revised Edition autorstwa Annie Leibovitz wydan\u0105 przez PHAIDON (2024-05-23) w formacie 18,8 x 24,3 cm (ISBN: 9781838668204). Zapraszamy!","breadcrumb":{"@id":"https:\/\/foliobooks.pl\/en\/shop\/annie-leibovitz-at-work-revised-edition\/#breadcrumb"},"inLanguage":"en-US","potentialAction":[{"@type":"ReadAction","target":["https:\/\/foliobooks.pl\/en\/shop\/annie-leibovitz-at-work-revised-edition\/"]}]},{"@type":"ImageObject","inLanguage":"en-US","@id":"https:\/\/foliobooks.pl\/en\/shop\/annie-leibovitz-at-work-revised-edition\/#primaryimage","url":"https:\/\/foliobooks.pl\/wp-content\/uploads\/2024\/12\/9781838668204.png","contentUrl":"https:\/\/foliobooks.pl\/wp-content\/uploads\/2024\/12\/9781838668204.png","width":570,"height":708},{"@type":"BreadcrumbList","@id":"https:\/\/foliobooks.pl\/en\/shop\/annie-leibovitz-at-work-revised-edition\/#breadcrumb","itemListElement":[{"@type":"ListItem","position":1,"name":"Strona g\u0142\u00f3wna","item":"https:\/\/foliobooks.pl\/en\/"},{"@type":"ListItem","position":2,"name":"Shop","item":"https:\/\/foliobooks.pl\/en\/shop\/"},{"@type":"ListItem","position":3,"name":"Annie Leibovitz at Work. Revised Edition"}]},{"@type":"WebSite","@id":"https:\/\/foliobooks.pl\/en\/#website","url":"https:\/\/foliobooks.pl\/en\/","name":"Folio","description":"Ksi\u0119garnia internetowa","potentialAction":[{"@type":"SearchAction","target":{"@type":"EntryPoint","urlTemplate":"https:\/\/foliobooks.pl\/en\/?s={search_term_string}"},"query-input":{"@type":"PropertyValueSpecification","valueRequired":true,"valueName":"search_term_string"}}],"inLanguage":"en-US"}]}},"_links":{"self":[{"href":"https:\/\/foliobooks.pl\/en\/wp-json\/wp\/v2\/product\/104361","targetHints":{"allow":["GET"]}}],"collection":[{"href":"https:\/\/foliobooks.pl\/en\/wp-json\/wp\/v2\/product"}],"about":[{"href":"https:\/\/foliobooks.pl\/en\/wp-json\/wp\/v2\/types\/product"}],"replies":[{"embeddable":true,"href":"https:\/\/foliobooks.pl\/en\/wp-json\/wp\/v2\/comments?post=104361"}],"wp:featuredmedia":[{"embeddable":true,"href":"https:\/\/foliobooks.pl\/en\/wp-json\/wp\/v2\/media\/104346"}],"wp:attachment":[{"href":"https:\/\/foliobooks.pl\/en\/wp-json\/wp\/v2\/media?parent=104361"}],"wp:term":[{"taxonomy":"product_brand","embeddable":true,"href":"https:\/\/foliobooks.pl\/en\/wp-json\/wp\/v2\/product_brand?post=104361"},{"taxonomy":"product_cat","embeddable":true,"href":"https:\/\/foliobooks.pl\/en\/wp-json\/wp\/v2\/product_cat?post=104361"},{"taxonomy":"product_tag","embeddable":true,"href":"https:\/\/foliobooks.pl\/en\/wp-json\/wp\/v2\/product_tag?post=104361"}],"curies":[{"name":"wp","href":"https:\/\/api.w.org\/{rel}","templated":true}]}}