{"id":104233,"date":"2024-12-19T16:00:41","date_gmt":"2024-12-19T15:00:41","guid":{"rendered":"https:\/\/foliobooks.pl\/sklep\/worlds-best-art-design-hotels\/"},"modified":"2025-07-01T18:17:04","modified_gmt":"2025-07-01T16:17:04","slug":"worlds-best-art-design-hotels","status":"publish","type":"product","link":"https:\/\/foliobooks.pl\/en\/shop\/worlds-best-art-design-hotels\/","title":{"rendered":"World&#8217;s Best Art &#038; Design Hotels"},"content":{"rendered":"<p>FOR CENTURIES, ART, DESIGN, AND ARCHITECTURE have been used to transform, illuminate, preserve, and make sense of the world in which we live. Art and design, much like travel, are acts of discovery, invitations where influence, healing and enchantment are all possible. And as we travel, these art forms connect us to the unknown, deepening our comprehension and appreciation of the places and people we visit. The 28 hotels featured in this book creatively embrace art in its many forms to provide authentic reflections and experiences for every guest. Art &amp; Design Hotels is dedicated to the influence, discovery, and power of art and design, as we travel&#8211;bon voyage<\/p>\n","protected":false},"excerpt":{"rendered":"<p>FOR CENTURIES, ART, DESIGN, AND ARCHITECTURE have been used to transform, illuminate, preserve, and make sense of the world in which we live. Art and design, much like travel, are acts of discovery, invitations where influence, healing and enchantment are all possible. And as we travel, these art forms connect us to the unknown, deepening&#8230;<\/p>\n","protected":false},"featured_media":104224,"comment_status":"closed","ping_status":"closed","template":"","meta":[],"product_brand":[],"product_cat":[4516,13533],"product_tag":[6124,10854],"class_list":{"0":"post-104233","1":"product","2":"type-product","3":"status-publish","4":"has-post-thumbnail","6":"product_cat-architecture-en","7":"product_cat-books","8":"product_tag-architecture-en","9":"product_tag-hotels-en","10":"pa_author_att-corynne-pless-en","11":"pa_cover-hardcover","12":"pa_format-257-x-337-cm-en","13":"pa_isbn-9789401497626-en","14":"pa_language-eng","15":"pa_pages-256-en-en","16":"pa_published-2024-05-15-en","17":"pa_publisher-lannoo-en","19":"first","20":"instock","21":"sold-individually","22":"shipping-taxable","23":"purchasable","24":"product-type-simple"},"yoast_head":"<!-- This site is optimized with the Yoast SEO plugin v27.4 - https:\/\/yoast.com\/product\/yoast-seo-wordpress\/ -->\n<title>World&#039;s Best Art &amp; Design Hotels (Corynne Pless) - book \/ album - Folio<\/title>\n<meta name=\"description\" content=\"Wejd\u017a i kup ksi\u0105\u017ck\u0119 World&#039;s Best Art &amp; Design Hotels autorstwa Corynne Pless wydan\u0105 przez Lannoo (2024-05-15) w formacie 25,7 x 33,7 cm (ISBN: 9789401497626). Zapraszamy!\" \/>\n<meta name=\"robots\" content=\"index, follow, max-snippet:-1, max-image-preview:large, max-video-preview:-1\" \/>\n<link rel=\"canonical\" href=\"https:\/\/foliobooks.pl\/en\/shop\/worlds-best-art-design-hotels\/\" \/>\n<meta property=\"og:locale\" content=\"en_US\" \/>\n<meta property=\"og:type\" content=\"article\" \/>\n<meta property=\"og:title\" content=\"World&#039;s Best Art &amp; Design Hotels (Corynne Pless) - book \/ album - Folio\" \/>\n<meta property=\"og:description\" content=\"Wejd\u017a i kup ksi\u0105\u017ck\u0119 World&#039;s Best Art &amp; Design Hotels autorstwa Corynne Pless wydan\u0105 przez Lannoo (2024-05-15) w formacie 25,7 x 33,7 cm (ISBN: 9789401497626). Zapraszamy!\" \/>\n<meta property=\"og:url\" content=\"https:\/\/foliobooks.pl\/en\/shop\/worlds-best-art-design-hotels\/\" \/>\n<meta property=\"og:site_name\" content=\"Folio\" \/>\n<meta property=\"article:modified_time\" content=\"2025-07-01T16:17:04+00:00\" \/>\n<meta property=\"og:image\" content=\"https:\/\/foliobooks.pl\/wp-content\/uploads\/2024\/12\/9789401497626.png\" \/>\n\t<meta property=\"og:image:width\" content=\"570\" \/>\n\t<meta property=\"og:image:height\" content=\"708\" \/>\n\t<meta property=\"og:image:type\" content=\"image\/png\" \/>\n<meta name=\"twitter:card\" content=\"summary_large_image\" \/>\n<meta name=\"twitter:label1\" content=\"Est. reading time\" \/>\n\t<meta name=\"twitter:data1\" content=\"1 minute\" \/>\n<script type=\"application\/ld+json\" class=\"yoast-schema-graph\">{\"@context\":\"https:\\\/\\\/schema.org\",\"@graph\":[{\"@type\":\"WebPage\",\"@id\":\"https:\\\/\\\/foliobooks.pl\\\/en\\\/shop\\\/worlds-best-art-design-hotels\\\/\",\"url\":\"https:\\\/\\\/foliobooks.pl\\\/en\\\/shop\\\/worlds-best-art-design-hotels\\\/\",\"name\":\"World's Best Art & Design Hotels (Corynne Pless) - book \\\/ album - Folio\",\"isPartOf\":{\"@id\":\"https:\\\/\\\/foliobooks.pl\\\/en\\\/#website\"},\"primaryImageOfPage\":{\"@id\":\"https:\\\/\\\/foliobooks.pl\\\/en\\\/shop\\\/worlds-best-art-design-hotels\\\/#primaryimage\"},\"image\":{\"@id\":\"https:\\\/\\\/foliobooks.pl\\\/en\\\/shop\\\/worlds-best-art-design-hotels\\\/#primaryimage\"},\"thumbnailUrl\":\"https:\\\/\\\/foliobooks.pl\\\/wp-content\\\/uploads\\\/2024\\\/12\\\/9789401497626.png\",\"datePublished\":\"2024-12-19T15:00:41+00:00\",\"dateModified\":\"2025-07-01T16:17:04+00:00\",\"description\":\"Wejd\u017a i kup ksi\u0105\u017ck\u0119 World's Best Art & Design Hotels autorstwa Corynne Pless wydan\u0105 przez Lannoo (2024-05-15) w formacie 25,7 x 33,7 cm (ISBN: 9789401497626). Zapraszamy!\",\"breadcrumb\":{\"@id\":\"https:\\\/\\\/foliobooks.pl\\\/en\\\/shop\\\/worlds-best-art-design-hotels\\\/#breadcrumb\"},\"inLanguage\":\"en-US\",\"potentialAction\":[{\"@type\":\"ReadAction\",\"target\":[\"https:\\\/\\\/foliobooks.pl\\\/en\\\/shop\\\/worlds-best-art-design-hotels\\\/\"]}]},{\"@type\":\"ImageObject\",\"inLanguage\":\"en-US\",\"@id\":\"https:\\\/\\\/foliobooks.pl\\\/en\\\/shop\\\/worlds-best-art-design-hotels\\\/#primaryimage\",\"url\":\"https:\\\/\\\/foliobooks.pl\\\/wp-content\\\/uploads\\\/2024\\\/12\\\/9789401497626.png\",\"contentUrl\":\"https:\\\/\\\/foliobooks.pl\\\/wp-content\\\/uploads\\\/2024\\\/12\\\/9789401497626.png\",\"width\":570,\"height\":708},{\"@type\":\"BreadcrumbList\",\"@id\":\"https:\\\/\\\/foliobooks.pl\\\/en\\\/shop\\\/worlds-best-art-design-hotels\\\/#breadcrumb\",\"itemListElement\":[{\"@type\":\"ListItem\",\"position\":1,\"name\":\"Strona g\u0142\u00f3wna\",\"item\":\"https:\\\/\\\/foliobooks.pl\\\/en\\\/\"},{\"@type\":\"ListItem\",\"position\":2,\"name\":\"Shop\",\"item\":\"https:\\\/\\\/foliobooks.pl\\\/en\\\/shop\\\/\"},{\"@type\":\"ListItem\",\"position\":3,\"name\":\"World&#8217;s Best Art &#038; Design Hotels\"}]},{\"@type\":\"WebSite\",\"@id\":\"https:\\\/\\\/foliobooks.pl\\\/en\\\/#website\",\"url\":\"https:\\\/\\\/foliobooks.pl\\\/en\\\/\",\"name\":\"Folio\",\"description\":\"Ksi\u0119garnia internetowa\",\"potentialAction\":[{\"@type\":\"SearchAction\",\"target\":{\"@type\":\"EntryPoint\",\"urlTemplate\":\"https:\\\/\\\/foliobooks.pl\\\/en\\\/?s={search_term_string}\"},\"query-input\":{\"@type\":\"PropertyValueSpecification\",\"valueRequired\":true,\"valueName\":\"search_term_string\"}}],\"inLanguage\":\"en-US\"}]}<\/script>\n<!-- \/ Yoast SEO plugin. -->","yoast_head_json":{"title":"World's Best Art & Design Hotels (Corynne Pless) - book \/ album - Folio","description":"Wejd\u017a i kup ksi\u0105\u017ck\u0119 World's Best Art & Design Hotels autorstwa Corynne Pless wydan\u0105 przez Lannoo (2024-05-15) w formacie 25,7 x 33,7 cm (ISBN: 9789401497626). Zapraszamy!","robots":{"index":"index","follow":"follow","max-snippet":"max-snippet:-1","max-image-preview":"max-image-preview:large","max-video-preview":"max-video-preview:-1"},"canonical":"https:\/\/foliobooks.pl\/en\/shop\/worlds-best-art-design-hotels\/","og_locale":"en_US","og_type":"article","og_title":"World's Best Art & Design Hotels (Corynne Pless) - book \/ album - Folio","og_description":"Wejd\u017a i kup ksi\u0105\u017ck\u0119 World's Best Art & Design Hotels autorstwa Corynne Pless wydan\u0105 przez Lannoo (2024-05-15) w formacie 25,7 x 33,7 cm (ISBN: 9789401497626). Zapraszamy!","og_url":"https:\/\/foliobooks.pl\/en\/shop\/worlds-best-art-design-hotels\/","og_site_name":"Folio","article_modified_time":"2025-07-01T16:17:04+00:00","og_image":[{"width":570,"height":708,"url":"https:\/\/foliobooks.pl\/wp-content\/uploads\/2024\/12\/9789401497626.png","type":"image\/png"}],"twitter_card":"summary_large_image","twitter_misc":{"Est. reading time":"1 minute"},"schema":{"@context":"https:\/\/schema.org","@graph":[{"@type":"WebPage","@id":"https:\/\/foliobooks.pl\/en\/shop\/worlds-best-art-design-hotels\/","url":"https:\/\/foliobooks.pl\/en\/shop\/worlds-best-art-design-hotels\/","name":"World's Best Art & Design Hotels (Corynne Pless) - book \/ album - Folio","isPartOf":{"@id":"https:\/\/foliobooks.pl\/en\/#website"},"primaryImageOfPage":{"@id":"https:\/\/foliobooks.pl\/en\/shop\/worlds-best-art-design-hotels\/#primaryimage"},"image":{"@id":"https:\/\/foliobooks.pl\/en\/shop\/worlds-best-art-design-hotels\/#primaryimage"},"thumbnailUrl":"https:\/\/foliobooks.pl\/wp-content\/uploads\/2024\/12\/9789401497626.png","datePublished":"2024-12-19T15:00:41+00:00","dateModified":"2025-07-01T16:17:04+00:00","description":"Wejd\u017a i kup ksi\u0105\u017ck\u0119 World's Best Art & Design Hotels autorstwa Corynne Pless wydan\u0105 przez Lannoo (2024-05-15) w formacie 25,7 x 33,7 cm (ISBN: 9789401497626). Zapraszamy!","breadcrumb":{"@id":"https:\/\/foliobooks.pl\/en\/shop\/worlds-best-art-design-hotels\/#breadcrumb"},"inLanguage":"en-US","potentialAction":[{"@type":"ReadAction","target":["https:\/\/foliobooks.pl\/en\/shop\/worlds-best-art-design-hotels\/"]}]},{"@type":"ImageObject","inLanguage":"en-US","@id":"https:\/\/foliobooks.pl\/en\/shop\/worlds-best-art-design-hotels\/#primaryimage","url":"https:\/\/foliobooks.pl\/wp-content\/uploads\/2024\/12\/9789401497626.png","contentUrl":"https:\/\/foliobooks.pl\/wp-content\/uploads\/2024\/12\/9789401497626.png","width":570,"height":708},{"@type":"BreadcrumbList","@id":"https:\/\/foliobooks.pl\/en\/shop\/worlds-best-art-design-hotels\/#breadcrumb","itemListElement":[{"@type":"ListItem","position":1,"name":"Strona g\u0142\u00f3wna","item":"https:\/\/foliobooks.pl\/en\/"},{"@type":"ListItem","position":2,"name":"Shop","item":"https:\/\/foliobooks.pl\/en\/shop\/"},{"@type":"ListItem","position":3,"name":"World&#8217;s Best Art &#038; Design Hotels"}]},{"@type":"WebSite","@id":"https:\/\/foliobooks.pl\/en\/#website","url":"https:\/\/foliobooks.pl\/en\/","name":"Folio","description":"Ksi\u0119garnia internetowa","potentialAction":[{"@type":"SearchAction","target":{"@type":"EntryPoint","urlTemplate":"https:\/\/foliobooks.pl\/en\/?s={search_term_string}"},"query-input":{"@type":"PropertyValueSpecification","valueRequired":true,"valueName":"search_term_string"}}],"inLanguage":"en-US"}]}},"_links":{"self":[{"href":"https:\/\/foliobooks.pl\/en\/wp-json\/wp\/v2\/product\/104233","targetHints":{"allow":["GET"]}}],"collection":[{"href":"https:\/\/foliobooks.pl\/en\/wp-json\/wp\/v2\/product"}],"about":[{"href":"https:\/\/foliobooks.pl\/en\/wp-json\/wp\/v2\/types\/product"}],"replies":[{"embeddable":true,"href":"https:\/\/foliobooks.pl\/en\/wp-json\/wp\/v2\/comments?post=104233"}],"wp:featuredmedia":[{"embeddable":true,"href":"https:\/\/foliobooks.pl\/en\/wp-json\/wp\/v2\/media\/104224"}],"wp:attachment":[{"href":"https:\/\/foliobooks.pl\/en\/wp-json\/wp\/v2\/media?parent=104233"}],"wp:term":[{"taxonomy":"product_brand","embeddable":true,"href":"https:\/\/foliobooks.pl\/en\/wp-json\/wp\/v2\/product_brand?post=104233"},{"taxonomy":"product_cat","embeddable":true,"href":"https:\/\/foliobooks.pl\/en\/wp-json\/wp\/v2\/product_cat?post=104233"},{"taxonomy":"product_tag","embeddable":true,"href":"https:\/\/foliobooks.pl\/en\/wp-json\/wp\/v2\/product_tag?post=104233"}],"curies":[{"name":"wp","href":"https:\/\/api.w.org\/{rel}","templated":true}]}}