{"id":104180,"date":"2024-12-19T15:36:02","date_gmt":"2024-12-19T14:36:02","guid":{"rendered":"https:\/\/foliobooks.pl\/sklep\/story-of-perfume\/"},"modified":"2026-04-27T13:15:28","modified_gmt":"2026-04-27T11:15:28","slug":"story-of-perfume","status":"publish","type":"product","link":"https:\/\/foliobooks.pl\/en\/shop\/story-of-perfume\/","title":{"rendered":"Story of Perfume"},"content":{"rendered":"<p>Light, floral, exotic or heady, perfume can be both a precious ally for self-care or the ultimate weapon of seduction. From its origins in ancient times to today&#8217;s colossal cosmetic industry, the story of perfume is rich and enticing.<\/p>\n<p>What parts of the world do fragrances come from? Who invented them and what are their main ingredients? How did perfume cross from the sacred to the profane? Who were the first great perfumers? What role has the fashion industry played in the history of perfume? How do you become a successful &#8216;nose&#8217;? What stories lie behind iconic perfumes such as Chanel&#8217;s N\u00b05, CK One, or Jean Paul Gaultier&#8217;s Le M\u00e2le?<\/p>\n<p>Lavishly illustrated with archival documents from the most beautiful fragrance brands,\u00a0<span class=\"a-text-italic\">The Story of Perfume<\/span>\u00a0transports its readers into a precious and mesmerizing world. It is the perfect gift for special occasions and a must-have for all perfume lovers.<\/p>\n","protected":false},"excerpt":{"rendered":"<p>Light, floral, exotic or heady, perfume can be both a precious ally for self-care or the ultimate weapon of seduction. From its origins in ancient times to today&#8217;s colossal cosmetic industry, the story of perfume is rich and enticing. What parts of the world do fragrances come from? Who invented them and what are their&#8230;<\/p>\n","protected":false},"featured_media":104169,"comment_status":"closed","ping_status":"closed","template":"","meta":[],"product_brand":[],"product_cat":[13533,4519],"product_tag":[6125,1034],"class_list":{"0":"post-104180","1":"product","2":"type-product","3":"status-publish","4":"has-post-thumbnail","6":"product_cat-books","7":"product_cat-fashion-en-en","8":"product_tag-fashion","9":"product_tag-perfumes-en","10":"pa_author_att-elisabeth-de-feydeau-en","11":"pa_cover-hardcover","12":"pa_format-236-x-287-cm-en","13":"pa_isbn-9781529432299-en","14":"pa_language-eng","15":"pa_pages-160-en-en","16":"pa_published-2024-08-20-en","17":"pa_publisher-laurence-king-en","19":"first","20":"instock","21":"sale","22":"sold-individually","23":"shipping-taxable","24":"purchasable","25":"product-type-simple"},"yoast_head":"<!-- This site is optimized with the Yoast SEO plugin v27.5 - https:\/\/yoast.com\/product\/yoast-seo-wordpress\/ -->\n<title>Story of Perfume (\u00c9lisabeth de Feydeau) - book \/ album - Folio<\/title>\n<meta name=\"description\" content=\"Wejd\u017a i kup ksi\u0105\u017ck\u0119 Story of Perfume autorstwa \u00c9lisabeth de Feydeau wydan\u0105 przez LAURENCE KING (2024-08-20) w formacie 23,6 x 28,7 cm (ISBN: 9781529432299). Zapraszamy!\" \/>\n<meta name=\"robots\" content=\"index, follow, max-snippet:-1, max-image-preview:large, max-video-preview:-1\" \/>\n<link rel=\"canonical\" href=\"https:\/\/foliobooks.pl\/en\/shop\/story-of-perfume\/\" \/>\n<meta property=\"og:locale\" content=\"en_US\" \/>\n<meta property=\"og:type\" content=\"article\" \/>\n<meta property=\"og:title\" content=\"Story of Perfume (\u00c9lisabeth de Feydeau) - book \/ album - Folio\" \/>\n<meta property=\"og:description\" content=\"Wejd\u017a i kup ksi\u0105\u017ck\u0119 Story of Perfume autorstwa \u00c9lisabeth de Feydeau wydan\u0105 przez LAURENCE KING (2024-08-20) w formacie 23,6 x 28,7 cm (ISBN: 9781529432299). Zapraszamy!\" \/>\n<meta property=\"og:url\" content=\"https:\/\/foliobooks.pl\/en\/shop\/story-of-perfume\/\" \/>\n<meta property=\"og:site_name\" content=\"Folio\" \/>\n<meta property=\"article:modified_time\" content=\"2026-04-27T11:15:28+00:00\" \/>\n<meta property=\"og:image\" content=\"https:\/\/foliobooks.pl\/wp-content\/uploads\/2024\/12\/9781529432299.png\" \/>\n\t<meta property=\"og:image:width\" content=\"570\" \/>\n\t<meta property=\"og:image:height\" content=\"708\" \/>\n\t<meta property=\"og:image:type\" content=\"image\/png\" \/>\n<meta name=\"twitter:card\" content=\"summary_large_image\" \/>\n<meta name=\"twitter:label1\" content=\"Est. reading time\" \/>\n\t<meta name=\"twitter:data1\" content=\"2 minutes\" \/>\n<script type=\"application\/ld+json\" class=\"yoast-schema-graph\">{\"@context\":\"https:\\\/\\\/schema.org\",\"@graph\":[{\"@type\":\"WebPage\",\"@id\":\"https:\\\/\\\/foliobooks.pl\\\/en\\\/shop\\\/story-of-perfume\\\/\",\"url\":\"https:\\\/\\\/foliobooks.pl\\\/en\\\/shop\\\/story-of-perfume\\\/\",\"name\":\"Story of Perfume (\u00c9lisabeth de Feydeau) - book \\\/ album - Folio\",\"isPartOf\":{\"@id\":\"https:\\\/\\\/foliobooks.pl\\\/en\\\/#website\"},\"primaryImageOfPage\":{\"@id\":\"https:\\\/\\\/foliobooks.pl\\\/en\\\/shop\\\/story-of-perfume\\\/#primaryimage\"},\"image\":{\"@id\":\"https:\\\/\\\/foliobooks.pl\\\/en\\\/shop\\\/story-of-perfume\\\/#primaryimage\"},\"thumbnailUrl\":\"https:\\\/\\\/foliobooks.pl\\\/wp-content\\\/uploads\\\/2024\\\/12\\\/9781529432299.png\",\"datePublished\":\"2024-12-19T14:36:02+00:00\",\"dateModified\":\"2026-04-27T11:15:28+00:00\",\"description\":\"Wejd\u017a i kup ksi\u0105\u017ck\u0119 Story of Perfume autorstwa \u00c9lisabeth de Feydeau wydan\u0105 przez LAURENCE KING (2024-08-20) w formacie 23,6 x 28,7 cm (ISBN: 9781529432299). Zapraszamy!\",\"breadcrumb\":{\"@id\":\"https:\\\/\\\/foliobooks.pl\\\/en\\\/shop\\\/story-of-perfume\\\/#breadcrumb\"},\"inLanguage\":\"en-US\",\"potentialAction\":[{\"@type\":\"ReadAction\",\"target\":[\"https:\\\/\\\/foliobooks.pl\\\/en\\\/shop\\\/story-of-perfume\\\/\"]}]},{\"@type\":\"ImageObject\",\"inLanguage\":\"en-US\",\"@id\":\"https:\\\/\\\/foliobooks.pl\\\/en\\\/shop\\\/story-of-perfume\\\/#primaryimage\",\"url\":\"https:\\\/\\\/foliobooks.pl\\\/wp-content\\\/uploads\\\/2024\\\/12\\\/9781529432299.png\",\"contentUrl\":\"https:\\\/\\\/foliobooks.pl\\\/wp-content\\\/uploads\\\/2024\\\/12\\\/9781529432299.png\",\"width\":570,\"height\":708},{\"@type\":\"BreadcrumbList\",\"@id\":\"https:\\\/\\\/foliobooks.pl\\\/en\\\/shop\\\/story-of-perfume\\\/#breadcrumb\",\"itemListElement\":[{\"@type\":\"ListItem\",\"position\":1,\"name\":\"Strona g\u0142\u00f3wna\",\"item\":\"https:\\\/\\\/foliobooks.pl\\\/en\\\/\"},{\"@type\":\"ListItem\",\"position\":2,\"name\":\"Shop\",\"item\":\"https:\\\/\\\/foliobooks.pl\\\/en\\\/shop\\\/\"},{\"@type\":\"ListItem\",\"position\":3,\"name\":\"Story of Perfume\"}]},{\"@type\":\"WebSite\",\"@id\":\"https:\\\/\\\/foliobooks.pl\\\/en\\\/#website\",\"url\":\"https:\\\/\\\/foliobooks.pl\\\/en\\\/\",\"name\":\"Folio\",\"description\":\"Ksi\u0119garnia internetowa\",\"potentialAction\":[{\"@type\":\"SearchAction\",\"target\":{\"@type\":\"EntryPoint\",\"urlTemplate\":\"https:\\\/\\\/foliobooks.pl\\\/en\\\/?s={search_term_string}\"},\"query-input\":{\"@type\":\"PropertyValueSpecification\",\"valueRequired\":true,\"valueName\":\"search_term_string\"}}],\"inLanguage\":\"en-US\"}]}<\/script>\n<!-- \/ Yoast SEO plugin. -->","yoast_head_json":{"title":"Story of Perfume (\u00c9lisabeth de Feydeau) - book \/ album - Folio","description":"Wejd\u017a i kup ksi\u0105\u017ck\u0119 Story of Perfume autorstwa \u00c9lisabeth de Feydeau wydan\u0105 przez LAURENCE KING (2024-08-20) w formacie 23,6 x 28,7 cm (ISBN: 9781529432299). Zapraszamy!","robots":{"index":"index","follow":"follow","max-snippet":"max-snippet:-1","max-image-preview":"max-image-preview:large","max-video-preview":"max-video-preview:-1"},"canonical":"https:\/\/foliobooks.pl\/en\/shop\/story-of-perfume\/","og_locale":"en_US","og_type":"article","og_title":"Story of Perfume (\u00c9lisabeth de Feydeau) - book \/ album - Folio","og_description":"Wejd\u017a i kup ksi\u0105\u017ck\u0119 Story of Perfume autorstwa \u00c9lisabeth de Feydeau wydan\u0105 przez LAURENCE KING (2024-08-20) w formacie 23,6 x 28,7 cm (ISBN: 9781529432299). Zapraszamy!","og_url":"https:\/\/foliobooks.pl\/en\/shop\/story-of-perfume\/","og_site_name":"Folio","article_modified_time":"2026-04-27T11:15:28+00:00","og_image":[{"width":570,"height":708,"url":"https:\/\/foliobooks.pl\/wp-content\/uploads\/2024\/12\/9781529432299.png","type":"image\/png"}],"twitter_card":"summary_large_image","twitter_misc":{"Est. reading time":"2 minutes"},"schema":{"@context":"https:\/\/schema.org","@graph":[{"@type":"WebPage","@id":"https:\/\/foliobooks.pl\/en\/shop\/story-of-perfume\/","url":"https:\/\/foliobooks.pl\/en\/shop\/story-of-perfume\/","name":"Story of Perfume (\u00c9lisabeth de Feydeau) - book \/ album - Folio","isPartOf":{"@id":"https:\/\/foliobooks.pl\/en\/#website"},"primaryImageOfPage":{"@id":"https:\/\/foliobooks.pl\/en\/shop\/story-of-perfume\/#primaryimage"},"image":{"@id":"https:\/\/foliobooks.pl\/en\/shop\/story-of-perfume\/#primaryimage"},"thumbnailUrl":"https:\/\/foliobooks.pl\/wp-content\/uploads\/2024\/12\/9781529432299.png","datePublished":"2024-12-19T14:36:02+00:00","dateModified":"2026-04-27T11:15:28+00:00","description":"Wejd\u017a i kup ksi\u0105\u017ck\u0119 Story of Perfume autorstwa \u00c9lisabeth de Feydeau wydan\u0105 przez LAURENCE KING (2024-08-20) w formacie 23,6 x 28,7 cm (ISBN: 9781529432299). Zapraszamy!","breadcrumb":{"@id":"https:\/\/foliobooks.pl\/en\/shop\/story-of-perfume\/#breadcrumb"},"inLanguage":"en-US","potentialAction":[{"@type":"ReadAction","target":["https:\/\/foliobooks.pl\/en\/shop\/story-of-perfume\/"]}]},{"@type":"ImageObject","inLanguage":"en-US","@id":"https:\/\/foliobooks.pl\/en\/shop\/story-of-perfume\/#primaryimage","url":"https:\/\/foliobooks.pl\/wp-content\/uploads\/2024\/12\/9781529432299.png","contentUrl":"https:\/\/foliobooks.pl\/wp-content\/uploads\/2024\/12\/9781529432299.png","width":570,"height":708},{"@type":"BreadcrumbList","@id":"https:\/\/foliobooks.pl\/en\/shop\/story-of-perfume\/#breadcrumb","itemListElement":[{"@type":"ListItem","position":1,"name":"Strona g\u0142\u00f3wna","item":"https:\/\/foliobooks.pl\/en\/"},{"@type":"ListItem","position":2,"name":"Shop","item":"https:\/\/foliobooks.pl\/en\/shop\/"},{"@type":"ListItem","position":3,"name":"Story of Perfume"}]},{"@type":"WebSite","@id":"https:\/\/foliobooks.pl\/en\/#website","url":"https:\/\/foliobooks.pl\/en\/","name":"Folio","description":"Ksi\u0119garnia internetowa","potentialAction":[{"@type":"SearchAction","target":{"@type":"EntryPoint","urlTemplate":"https:\/\/foliobooks.pl\/en\/?s={search_term_string}"},"query-input":{"@type":"PropertyValueSpecification","valueRequired":true,"valueName":"search_term_string"}}],"inLanguage":"en-US"}]}},"_links":{"self":[{"href":"https:\/\/foliobooks.pl\/en\/wp-json\/wp\/v2\/product\/104180","targetHints":{"allow":["GET"]}}],"collection":[{"href":"https:\/\/foliobooks.pl\/en\/wp-json\/wp\/v2\/product"}],"about":[{"href":"https:\/\/foliobooks.pl\/en\/wp-json\/wp\/v2\/types\/product"}],"replies":[{"embeddable":true,"href":"https:\/\/foliobooks.pl\/en\/wp-json\/wp\/v2\/comments?post=104180"}],"wp:featuredmedia":[{"embeddable":true,"href":"https:\/\/foliobooks.pl\/en\/wp-json\/wp\/v2\/media\/104169"}],"wp:attachment":[{"href":"https:\/\/foliobooks.pl\/en\/wp-json\/wp\/v2\/media?parent=104180"}],"wp:term":[{"taxonomy":"product_brand","embeddable":true,"href":"https:\/\/foliobooks.pl\/en\/wp-json\/wp\/v2\/product_brand?post=104180"},{"taxonomy":"product_cat","embeddable":true,"href":"https:\/\/foliobooks.pl\/en\/wp-json\/wp\/v2\/product_cat?post=104180"},{"taxonomy":"product_tag","embeddable":true,"href":"https:\/\/foliobooks.pl\/en\/wp-json\/wp\/v2\/product_tag?post=104180"}],"curies":[{"name":"wp","href":"https:\/\/api.w.org\/{rel}","templated":true}]}}