{"id":104161,"date":"2024-12-19T15:21:41","date_gmt":"2024-12-19T14:21:41","guid":{"rendered":"https:\/\/foliobooks.pl\/sklep\/sacro-visions-by-dolce-gabbana\/"},"modified":"2024-12-19T15:21:41","modified_gmt":"2024-12-19T14:21:41","slug":"sacro-visions-by-dolce-gabbana","status":"publish","type":"product","link":"https:\/\/foliobooks.pl\/en\/shop\/sacro-visions-by-dolce-gabbana\/","title":{"rendered":"Sacro. Visions by Dolce &#038; Gabbana"},"content":{"rendered":"<p>Devotion, understood as pure, all-encompassing love that only wants to give without asking for anything in return, is one of the founding values of Dolce &amp; Gabbana.<\/p>\n<p>At Dolce &amp; Gabbana the concept of \u201cdevotion\u201d is part of the very idea of work: it is as if something mystical is hidden behind every sketch, embroidery, and stitch. The fashion house\u2019s most iconic bag is intentionally called Devotion precisely to pay homage to this feeling. A strongly sacred component accompanies many of the brand\u2019s sartorial creations, accessories, and jewelry, which draw on the evocations of Sicilian popular culture mixed with a high degree of religiosity. And while the sacred heart, the saints, the Madonna, the rosary, and the cross are some of the most recurrent themes and elements in the collections, processions, funerals, masses, and the figures of bishops, popes, and religious devotees continue to represent a constant source of inspiration. In addition to the advertising campaigns, the most iconic images of the collections, and numerous shots portraying religious holidays in Sicily, the book will be enriched with many photos taken specifically for this publication by important Italian photographers under the direct guidance of Domenico Dolce on the set.<\/p>\n","protected":false},"excerpt":{"rendered":"<p>Devotion, understood as pure, all-encompassing love that only wants to give without asking for anything in return, is one of the founding values of Dolce &amp; Gabbana. At Dolce &amp; Gabbana the concept of \u201cdevotion\u201d is part of the very idea of work: it is as if something mystical is hidden behind every sketch, embroidery,&#8230;<\/p>\n","protected":false},"featured_media":104160,"comment_status":"closed","ping_status":"closed","template":"","meta":[],"product_brand":[],"product_cat":[13533,4519],"product_tag":[6125],"class_list":{"0":"post-104161","1":"product","2":"type-product","3":"status-publish","4":"has-post-thumbnail","6":"product_cat-books","7":"product_cat-fashion-en-en","8":"product_tag-fashion","9":"pa_author_att-thomas-persson-en","10":"pa_cover-hardcover","11":"pa_format-233-x-242-cm-en","12":"pa_isbn-9788891840653-en","13":"pa_language-eng","14":"pa_pages-408-en","15":"pa_published-2024-07-02-en","16":"pa_publisher-rizzoli-en","18":"first","19":"outofstock","20":"sold-individually","21":"shipping-taxable","22":"purchasable","23":"product-type-simple"},"yoast_head":"<!-- This site is optimized with the Yoast SEO plugin v27.6 - https:\/\/yoast.com\/product\/yoast-seo-wordpress\/ -->\n<title>Sacro. Visions by Dolce &amp; Gabbana (Thomas Persson) - book \/ album - Folio<\/title>\n<meta name=\"description\" content=\"Wejd\u017a i kup ksi\u0105\u017ck\u0119 Sacro. Visions by Dolce &amp; Gabbana autorstwa Thomas Persson wydan\u0105 przez Rizzoli (2024-07-02) w formacie 23,3 x 24,2 cm (ISBN: 9788891840653). Zapraszamy!\" \/>\n<meta name=\"robots\" content=\"index, follow, max-snippet:-1, max-image-preview:large, max-video-preview:-1\" \/>\n<link rel=\"canonical\" href=\"https:\/\/foliobooks.pl\/en\/shop\/sacro-visions-by-dolce-gabbana\/\" \/>\n<meta property=\"og:locale\" content=\"en_US\" \/>\n<meta property=\"og:type\" content=\"article\" \/>\n<meta property=\"og:title\" content=\"Sacro. Visions by Dolce &amp; Gabbana (Thomas Persson) - book \/ album - Folio\" \/>\n<meta property=\"og:description\" content=\"Wejd\u017a i kup ksi\u0105\u017ck\u0119 Sacro. Visions by Dolce &amp; Gabbana autorstwa Thomas Persson wydan\u0105 przez Rizzoli (2024-07-02) w formacie 23,3 x 24,2 cm (ISBN: 9788891840653). Zapraszamy!\" \/>\n<meta property=\"og:url\" content=\"https:\/\/foliobooks.pl\/en\/shop\/sacro-visions-by-dolce-gabbana\/\" \/>\n<meta property=\"og:site_name\" content=\"Folio\" \/>\n<meta property=\"og:image\" content=\"https:\/\/foliobooks.pl\/wp-content\/uploads\/2024\/12\/9788891840653.png\" \/>\n\t<meta property=\"og:image:width\" content=\"570\" \/>\n\t<meta property=\"og:image:height\" content=\"708\" \/>\n\t<meta property=\"og:image:type\" content=\"image\/png\" \/>\n<meta name=\"twitter:card\" content=\"summary_large_image\" \/>\n<meta name=\"twitter:label1\" content=\"Est. reading time\" \/>\n\t<meta name=\"twitter:data1\" content=\"2 minutes\" \/>\n<script type=\"application\/ld+json\" class=\"yoast-schema-graph\">{\"@context\":\"https:\\\/\\\/schema.org\",\"@graph\":[{\"@type\":\"WebPage\",\"@id\":\"https:\\\/\\\/foliobooks.pl\\\/en\\\/shop\\\/sacro-visions-by-dolce-gabbana\\\/\",\"url\":\"https:\\\/\\\/foliobooks.pl\\\/en\\\/shop\\\/sacro-visions-by-dolce-gabbana\\\/\",\"name\":\"Sacro. Visions by Dolce & Gabbana (Thomas Persson) - book \\\/ album - Folio\",\"isPartOf\":{\"@id\":\"https:\\\/\\\/foliobooks.pl\\\/en\\\/#website\"},\"primaryImageOfPage\":{\"@id\":\"https:\\\/\\\/foliobooks.pl\\\/en\\\/shop\\\/sacro-visions-by-dolce-gabbana\\\/#primaryimage\"},\"image\":{\"@id\":\"https:\\\/\\\/foliobooks.pl\\\/en\\\/shop\\\/sacro-visions-by-dolce-gabbana\\\/#primaryimage\"},\"thumbnailUrl\":\"https:\\\/\\\/foliobooks.pl\\\/wp-content\\\/uploads\\\/2024\\\/12\\\/9788891840653.png\",\"datePublished\":\"2024-12-19T14:21:41+00:00\",\"description\":\"Wejd\u017a i kup ksi\u0105\u017ck\u0119 Sacro. Visions by Dolce & Gabbana autorstwa Thomas Persson wydan\u0105 przez Rizzoli (2024-07-02) w formacie 23,3 x 24,2 cm (ISBN: 9788891840653). Zapraszamy!\",\"breadcrumb\":{\"@id\":\"https:\\\/\\\/foliobooks.pl\\\/en\\\/shop\\\/sacro-visions-by-dolce-gabbana\\\/#breadcrumb\"},\"inLanguage\":\"en-US\",\"potentialAction\":[{\"@type\":\"ReadAction\",\"target\":[\"https:\\\/\\\/foliobooks.pl\\\/en\\\/shop\\\/sacro-visions-by-dolce-gabbana\\\/\"]}]},{\"@type\":\"ImageObject\",\"inLanguage\":\"en-US\",\"@id\":\"https:\\\/\\\/foliobooks.pl\\\/en\\\/shop\\\/sacro-visions-by-dolce-gabbana\\\/#primaryimage\",\"url\":\"https:\\\/\\\/foliobooks.pl\\\/wp-content\\\/uploads\\\/2024\\\/12\\\/9788891840653.png\",\"contentUrl\":\"https:\\\/\\\/foliobooks.pl\\\/wp-content\\\/uploads\\\/2024\\\/12\\\/9788891840653.png\",\"width\":570,\"height\":708},{\"@type\":\"BreadcrumbList\",\"@id\":\"https:\\\/\\\/foliobooks.pl\\\/en\\\/shop\\\/sacro-visions-by-dolce-gabbana\\\/#breadcrumb\",\"itemListElement\":[{\"@type\":\"ListItem\",\"position\":1,\"name\":\"Strona g\u0142\u00f3wna\",\"item\":\"https:\\\/\\\/foliobooks.pl\\\/en\\\/\"},{\"@type\":\"ListItem\",\"position\":2,\"name\":\"Shop\",\"item\":\"https:\\\/\\\/foliobooks.pl\\\/en\\\/shop\\\/\"},{\"@type\":\"ListItem\",\"position\":3,\"name\":\"Sacro. Visions by Dolce &#038; Gabbana\"}]},{\"@type\":\"WebSite\",\"@id\":\"https:\\\/\\\/foliobooks.pl\\\/en\\\/#website\",\"url\":\"https:\\\/\\\/foliobooks.pl\\\/en\\\/\",\"name\":\"Folio\",\"description\":\"Ksi\u0119garnia internetowa\",\"potentialAction\":[{\"@type\":\"SearchAction\",\"target\":{\"@type\":\"EntryPoint\",\"urlTemplate\":\"https:\\\/\\\/foliobooks.pl\\\/en\\\/?s={search_term_string}\"},\"query-input\":{\"@type\":\"PropertyValueSpecification\",\"valueRequired\":true,\"valueName\":\"search_term_string\"}}],\"inLanguage\":\"en-US\"}]}<\/script>\n<!-- \/ Yoast SEO plugin. -->","yoast_head_json":{"title":"Sacro. Visions by Dolce & Gabbana (Thomas Persson) - book \/ album - Folio","description":"Wejd\u017a i kup ksi\u0105\u017ck\u0119 Sacro. Visions by Dolce & Gabbana autorstwa Thomas Persson wydan\u0105 przez Rizzoli (2024-07-02) w formacie 23,3 x 24,2 cm (ISBN: 9788891840653). Zapraszamy!","robots":{"index":"index","follow":"follow","max-snippet":"max-snippet:-1","max-image-preview":"max-image-preview:large","max-video-preview":"max-video-preview:-1"},"canonical":"https:\/\/foliobooks.pl\/en\/shop\/sacro-visions-by-dolce-gabbana\/","og_locale":"en_US","og_type":"article","og_title":"Sacro. Visions by Dolce & Gabbana (Thomas Persson) - book \/ album - Folio","og_description":"Wejd\u017a i kup ksi\u0105\u017ck\u0119 Sacro. Visions by Dolce & Gabbana autorstwa Thomas Persson wydan\u0105 przez Rizzoli (2024-07-02) w formacie 23,3 x 24,2 cm (ISBN: 9788891840653). Zapraszamy!","og_url":"https:\/\/foliobooks.pl\/en\/shop\/sacro-visions-by-dolce-gabbana\/","og_site_name":"Folio","og_image":[{"width":570,"height":708,"url":"https:\/\/foliobooks.pl\/wp-content\/uploads\/2024\/12\/9788891840653.png","type":"image\/png"}],"twitter_card":"summary_large_image","twitter_misc":{"Est. reading time":"2 minutes"},"schema":{"@context":"https:\/\/schema.org","@graph":[{"@type":"WebPage","@id":"https:\/\/foliobooks.pl\/en\/shop\/sacro-visions-by-dolce-gabbana\/","url":"https:\/\/foliobooks.pl\/en\/shop\/sacro-visions-by-dolce-gabbana\/","name":"Sacro. Visions by Dolce & Gabbana (Thomas Persson) - book \/ album - Folio","isPartOf":{"@id":"https:\/\/foliobooks.pl\/en\/#website"},"primaryImageOfPage":{"@id":"https:\/\/foliobooks.pl\/en\/shop\/sacro-visions-by-dolce-gabbana\/#primaryimage"},"image":{"@id":"https:\/\/foliobooks.pl\/en\/shop\/sacro-visions-by-dolce-gabbana\/#primaryimage"},"thumbnailUrl":"https:\/\/foliobooks.pl\/wp-content\/uploads\/2024\/12\/9788891840653.png","datePublished":"2024-12-19T14:21:41+00:00","description":"Wejd\u017a i kup ksi\u0105\u017ck\u0119 Sacro. Visions by Dolce & Gabbana autorstwa Thomas Persson wydan\u0105 przez Rizzoli (2024-07-02) w formacie 23,3 x 24,2 cm (ISBN: 9788891840653). Zapraszamy!","breadcrumb":{"@id":"https:\/\/foliobooks.pl\/en\/shop\/sacro-visions-by-dolce-gabbana\/#breadcrumb"},"inLanguage":"en-US","potentialAction":[{"@type":"ReadAction","target":["https:\/\/foliobooks.pl\/en\/shop\/sacro-visions-by-dolce-gabbana\/"]}]},{"@type":"ImageObject","inLanguage":"en-US","@id":"https:\/\/foliobooks.pl\/en\/shop\/sacro-visions-by-dolce-gabbana\/#primaryimage","url":"https:\/\/foliobooks.pl\/wp-content\/uploads\/2024\/12\/9788891840653.png","contentUrl":"https:\/\/foliobooks.pl\/wp-content\/uploads\/2024\/12\/9788891840653.png","width":570,"height":708},{"@type":"BreadcrumbList","@id":"https:\/\/foliobooks.pl\/en\/shop\/sacro-visions-by-dolce-gabbana\/#breadcrumb","itemListElement":[{"@type":"ListItem","position":1,"name":"Strona g\u0142\u00f3wna","item":"https:\/\/foliobooks.pl\/en\/"},{"@type":"ListItem","position":2,"name":"Shop","item":"https:\/\/foliobooks.pl\/en\/shop\/"},{"@type":"ListItem","position":3,"name":"Sacro. Visions by Dolce &#038; Gabbana"}]},{"@type":"WebSite","@id":"https:\/\/foliobooks.pl\/en\/#website","url":"https:\/\/foliobooks.pl\/en\/","name":"Folio","description":"Ksi\u0119garnia internetowa","potentialAction":[{"@type":"SearchAction","target":{"@type":"EntryPoint","urlTemplate":"https:\/\/foliobooks.pl\/en\/?s={search_term_string}"},"query-input":{"@type":"PropertyValueSpecification","valueRequired":true,"valueName":"search_term_string"}}],"inLanguage":"en-US"}]}},"_links":{"self":[{"href":"https:\/\/foliobooks.pl\/en\/wp-json\/wp\/v2\/product\/104161","targetHints":{"allow":["GET"]}}],"collection":[{"href":"https:\/\/foliobooks.pl\/en\/wp-json\/wp\/v2\/product"}],"about":[{"href":"https:\/\/foliobooks.pl\/en\/wp-json\/wp\/v2\/types\/product"}],"replies":[{"embeddable":true,"href":"https:\/\/foliobooks.pl\/en\/wp-json\/wp\/v2\/comments?post=104161"}],"wp:featuredmedia":[{"embeddable":true,"href":"https:\/\/foliobooks.pl\/en\/wp-json\/wp\/v2\/media\/104160"}],"wp:attachment":[{"href":"https:\/\/foliobooks.pl\/en\/wp-json\/wp\/v2\/media?parent=104161"}],"wp:term":[{"taxonomy":"product_brand","embeddable":true,"href":"https:\/\/foliobooks.pl\/en\/wp-json\/wp\/v2\/product_brand?post=104161"},{"taxonomy":"product_cat","embeddable":true,"href":"https:\/\/foliobooks.pl\/en\/wp-json\/wp\/v2\/product_cat?post=104161"},{"taxonomy":"product_tag","embeddable":true,"href":"https:\/\/foliobooks.pl\/en\/wp-json\/wp\/v2\/product_tag?post=104161"}],"curies":[{"name":"wp","href":"https:\/\/api.w.org\/{rel}","templated":true}]}}