{"id":104070,"date":"2024-12-19T10:39:18","date_gmt":"2024-12-19T09:39:18","guid":{"rendered":"https:\/\/foliobooks.pl\/sklep\/madame-gres-couture-paris\/"},"modified":"2026-02-26T16:49:26","modified_gmt":"2026-02-26T15:49:26","slug":"madame-gres-couture-paris","status":"publish","type":"product","link":"https:\/\/foliobooks.pl\/en\/shop\/madame-gres-couture-paris\/","title":{"rendered":"Madame Gr\u00e8s Couture Paris"},"content":{"rendered":"<p><span class=\"a-text-bold\">The definitive monograph on iconic Parisian designer Madame Gr\u00e8s, seen by her peers as the tutelary genius of French haute couture.<\/span><\/p>\n<p>Renowned for her signature draping and innovative asymmetrical dresses, Madame Gr\u00e8s (1903\u20131993) was one of the leading fashion designers of twentieth-century Paris. Formally trained as a sculptor, her complex yet delicate haute couture designs evoke ancient statuary and exude a timeless elegance.<\/p>\n<p>Known as a designer\u2019s designer, Madame Gr\u00e8s\u2019s prime was between the 1930s and 1950s, but she also saw a comeback in the 1970s, with Yves Saint Laurent and Issey Miyake advocating for her work. A pioneer of sophisticated minimalism and of the attention and respect for the female body, she has had a lasting effect on haute couture. Her creations have inspired many of fashion\u2019s most illustrious designers including Crist\u00f3bal Balenciaga, Azzedine Ala\u00efa, Yohji Yamamoto, and Haider Ackermann, and 1990s pioneers of contemporary minimalism Calvin Klein and Jil Sander. Her legacy continues to inspire new generations to design clothes that enhance the movement of the body without compromises.<\/p>\n<p>In this book, readers discover the couture work of Madame Gr\u00e8s, which was beloved by an array of fashionable women including Marlene Dietrich, Princess Grace of Monaco, Jackie Kennedy, the Duchess of Windsor, and Edith Piaf. Edited by celebrated fashion historian Olivier Saillard, this volume notably features stunning shots of Madame Gr\u00e8s dresses displayed as works of art in the exclusive settings of the Bourdelle Museum and the SCAD FASH Museum in Atlanta.<\/p>\n","protected":false},"excerpt":{"rendered":"<p>The definitive monograph on iconic Parisian designer Madame Gr\u00e8s, seen by her peers as the tutelary genius of French haute couture. Renowned for her signature draping and innovative asymmetrical dresses, Madame Gr\u00e8s (1903\u20131993) was one of the leading fashion designers of twentieth-century Paris. Formally trained as a sculptor, her complex yet delicate haute couture designs&#8230;<\/p>\n","protected":false},"featured_media":104055,"comment_status":"closed","ping_status":"closed","template":"","meta":[],"product_brand":[],"product_cat":[13533,4523,4519,4525,4526],"product_tag":[4524,6125],"class_list":{"0":"post-104070","1":"product","2":"type-product","3":"status-publish","4":"has-post-thumbnail","6":"product_cat-books","7":"product_cat-design-en-en","8":"product_cat-fashion-en-en","9":"product_cat-graphic-design","10":"product_cat-industrial-design","11":"product_tag-design-en-en","12":"product_tag-fashion","13":"pa_author_att-olivier-saillard-en","14":"pa_cover-hardcover","15":"pa_format-265-x-315-cm-en","16":"pa_isbn-9780847838820-en","17":"pa_language-eng","18":"pa_pages-128-en","19":"pa_published-2024-09-17-en","20":"pa_publisher-rizzoli-en","22":"first","23":"instock","24":"sold-individually","25":"shipping-taxable","26":"purchasable","27":"product-type-simple"},"yoast_head":"<!-- This site is optimized with the Yoast SEO plugin v27.4 - https:\/\/yoast.com\/product\/yoast-seo-wordpress\/ -->\n<title>Madame Gr\u00e8s Couture Paris (Olivier Saillard) - book \/ album - Folio<\/title>\n<meta name=\"description\" content=\"Wejd\u017a i kup ksi\u0105\u017ck\u0119 Madame Gr\u00e8s Couture Paris autorstwa Olivier Saillard wydan\u0105 przez Rizzoli (2024-09-17) w formacie 26,5 x 31,5 cm (ISBN: 9780847838820). Zapraszamy!\" \/>\n<meta name=\"robots\" content=\"index, follow, max-snippet:-1, max-image-preview:large, max-video-preview:-1\" \/>\n<link rel=\"canonical\" href=\"https:\/\/foliobooks.pl\/en\/shop\/madame-gres-couture-paris\/\" \/>\n<meta property=\"og:locale\" content=\"en_US\" \/>\n<meta property=\"og:type\" content=\"article\" \/>\n<meta property=\"og:title\" content=\"Madame Gr\u00e8s Couture Paris (Olivier Saillard) - book \/ album - Folio\" \/>\n<meta property=\"og:description\" content=\"Wejd\u017a i kup ksi\u0105\u017ck\u0119 Madame Gr\u00e8s Couture Paris autorstwa Olivier Saillard wydan\u0105 przez Rizzoli (2024-09-17) w formacie 26,5 x 31,5 cm (ISBN: 9780847838820). Zapraszamy!\" \/>\n<meta property=\"og:url\" content=\"https:\/\/foliobooks.pl\/en\/shop\/madame-gres-couture-paris\/\" \/>\n<meta property=\"og:site_name\" content=\"Folio\" \/>\n<meta property=\"article:modified_time\" content=\"2026-02-26T15:49:26+00:00\" \/>\n<meta property=\"og:image\" content=\"https:\/\/foliobooks.pl\/wp-content\/uploads\/2024\/12\/9780847838820.png\" \/>\n\t<meta property=\"og:image:width\" content=\"570\" \/>\n\t<meta property=\"og:image:height\" content=\"708\" \/>\n\t<meta property=\"og:image:type\" content=\"image\/png\" \/>\n<meta name=\"twitter:card\" content=\"summary_large_image\" \/>\n<meta name=\"twitter:label1\" content=\"Est. reading time\" \/>\n\t<meta name=\"twitter:data1\" content=\"2 minutes\" \/>\n<script type=\"application\/ld+json\" class=\"yoast-schema-graph\">{\"@context\":\"https:\\\/\\\/schema.org\",\"@graph\":[{\"@type\":\"WebPage\",\"@id\":\"https:\\\/\\\/foliobooks.pl\\\/en\\\/shop\\\/madame-gres-couture-paris\\\/\",\"url\":\"https:\\\/\\\/foliobooks.pl\\\/en\\\/shop\\\/madame-gres-couture-paris\\\/\",\"name\":\"Madame Gr\u00e8s Couture Paris (Olivier Saillard) - book \\\/ album - Folio\",\"isPartOf\":{\"@id\":\"https:\\\/\\\/foliobooks.pl\\\/en\\\/#website\"},\"primaryImageOfPage\":{\"@id\":\"https:\\\/\\\/foliobooks.pl\\\/en\\\/shop\\\/madame-gres-couture-paris\\\/#primaryimage\"},\"image\":{\"@id\":\"https:\\\/\\\/foliobooks.pl\\\/en\\\/shop\\\/madame-gres-couture-paris\\\/#primaryimage\"},\"thumbnailUrl\":\"https:\\\/\\\/foliobooks.pl\\\/wp-content\\\/uploads\\\/2024\\\/12\\\/9780847838820.png\",\"datePublished\":\"2024-12-19T09:39:18+00:00\",\"dateModified\":\"2026-02-26T15:49:26+00:00\",\"description\":\"Wejd\u017a i kup ksi\u0105\u017ck\u0119 Madame Gr\u00e8s Couture Paris autorstwa Olivier Saillard wydan\u0105 przez Rizzoli (2024-09-17) w formacie 26,5 x 31,5 cm (ISBN: 9780847838820). Zapraszamy!\",\"breadcrumb\":{\"@id\":\"https:\\\/\\\/foliobooks.pl\\\/en\\\/shop\\\/madame-gres-couture-paris\\\/#breadcrumb\"},\"inLanguage\":\"en-US\",\"potentialAction\":[{\"@type\":\"ReadAction\",\"target\":[\"https:\\\/\\\/foliobooks.pl\\\/en\\\/shop\\\/madame-gres-couture-paris\\\/\"]}]},{\"@type\":\"ImageObject\",\"inLanguage\":\"en-US\",\"@id\":\"https:\\\/\\\/foliobooks.pl\\\/en\\\/shop\\\/madame-gres-couture-paris\\\/#primaryimage\",\"url\":\"https:\\\/\\\/foliobooks.pl\\\/wp-content\\\/uploads\\\/2024\\\/12\\\/9780847838820.png\",\"contentUrl\":\"https:\\\/\\\/foliobooks.pl\\\/wp-content\\\/uploads\\\/2024\\\/12\\\/9780847838820.png\",\"width\":570,\"height\":708},{\"@type\":\"BreadcrumbList\",\"@id\":\"https:\\\/\\\/foliobooks.pl\\\/en\\\/shop\\\/madame-gres-couture-paris\\\/#breadcrumb\",\"itemListElement\":[{\"@type\":\"ListItem\",\"position\":1,\"name\":\"Strona g\u0142\u00f3wna\",\"item\":\"https:\\\/\\\/foliobooks.pl\\\/en\\\/\"},{\"@type\":\"ListItem\",\"position\":2,\"name\":\"Shop\",\"item\":\"https:\\\/\\\/foliobooks.pl\\\/en\\\/shop\\\/\"},{\"@type\":\"ListItem\",\"position\":3,\"name\":\"Madame Gr\u00e8s Couture Paris\"}]},{\"@type\":\"WebSite\",\"@id\":\"https:\\\/\\\/foliobooks.pl\\\/en\\\/#website\",\"url\":\"https:\\\/\\\/foliobooks.pl\\\/en\\\/\",\"name\":\"Folio\",\"description\":\"Ksi\u0119garnia internetowa\",\"potentialAction\":[{\"@type\":\"SearchAction\",\"target\":{\"@type\":\"EntryPoint\",\"urlTemplate\":\"https:\\\/\\\/foliobooks.pl\\\/en\\\/?s={search_term_string}\"},\"query-input\":{\"@type\":\"PropertyValueSpecification\",\"valueRequired\":true,\"valueName\":\"search_term_string\"}}],\"inLanguage\":\"en-US\"}]}<\/script>\n<!-- \/ Yoast SEO plugin. -->","yoast_head_json":{"title":"Madame Gr\u00e8s Couture Paris (Olivier Saillard) - book \/ album - Folio","description":"Wejd\u017a i kup ksi\u0105\u017ck\u0119 Madame Gr\u00e8s Couture Paris autorstwa Olivier Saillard wydan\u0105 przez Rizzoli (2024-09-17) w formacie 26,5 x 31,5 cm (ISBN: 9780847838820). Zapraszamy!","robots":{"index":"index","follow":"follow","max-snippet":"max-snippet:-1","max-image-preview":"max-image-preview:large","max-video-preview":"max-video-preview:-1"},"canonical":"https:\/\/foliobooks.pl\/en\/shop\/madame-gres-couture-paris\/","og_locale":"en_US","og_type":"article","og_title":"Madame Gr\u00e8s Couture Paris (Olivier Saillard) - book \/ album - Folio","og_description":"Wejd\u017a i kup ksi\u0105\u017ck\u0119 Madame Gr\u00e8s Couture Paris autorstwa Olivier Saillard wydan\u0105 przez Rizzoli (2024-09-17) w formacie 26,5 x 31,5 cm (ISBN: 9780847838820). Zapraszamy!","og_url":"https:\/\/foliobooks.pl\/en\/shop\/madame-gres-couture-paris\/","og_site_name":"Folio","article_modified_time":"2026-02-26T15:49:26+00:00","og_image":[{"width":570,"height":708,"url":"https:\/\/foliobooks.pl\/wp-content\/uploads\/2024\/12\/9780847838820.png","type":"image\/png"}],"twitter_card":"summary_large_image","twitter_misc":{"Est. reading time":"2 minutes"},"schema":{"@context":"https:\/\/schema.org","@graph":[{"@type":"WebPage","@id":"https:\/\/foliobooks.pl\/en\/shop\/madame-gres-couture-paris\/","url":"https:\/\/foliobooks.pl\/en\/shop\/madame-gres-couture-paris\/","name":"Madame Gr\u00e8s Couture Paris (Olivier Saillard) - book \/ album - Folio","isPartOf":{"@id":"https:\/\/foliobooks.pl\/en\/#website"},"primaryImageOfPage":{"@id":"https:\/\/foliobooks.pl\/en\/shop\/madame-gres-couture-paris\/#primaryimage"},"image":{"@id":"https:\/\/foliobooks.pl\/en\/shop\/madame-gres-couture-paris\/#primaryimage"},"thumbnailUrl":"https:\/\/foliobooks.pl\/wp-content\/uploads\/2024\/12\/9780847838820.png","datePublished":"2024-12-19T09:39:18+00:00","dateModified":"2026-02-26T15:49:26+00:00","description":"Wejd\u017a i kup ksi\u0105\u017ck\u0119 Madame Gr\u00e8s Couture Paris autorstwa Olivier Saillard wydan\u0105 przez Rizzoli (2024-09-17) w formacie 26,5 x 31,5 cm (ISBN: 9780847838820). Zapraszamy!","breadcrumb":{"@id":"https:\/\/foliobooks.pl\/en\/shop\/madame-gres-couture-paris\/#breadcrumb"},"inLanguage":"en-US","potentialAction":[{"@type":"ReadAction","target":["https:\/\/foliobooks.pl\/en\/shop\/madame-gres-couture-paris\/"]}]},{"@type":"ImageObject","inLanguage":"en-US","@id":"https:\/\/foliobooks.pl\/en\/shop\/madame-gres-couture-paris\/#primaryimage","url":"https:\/\/foliobooks.pl\/wp-content\/uploads\/2024\/12\/9780847838820.png","contentUrl":"https:\/\/foliobooks.pl\/wp-content\/uploads\/2024\/12\/9780847838820.png","width":570,"height":708},{"@type":"BreadcrumbList","@id":"https:\/\/foliobooks.pl\/en\/shop\/madame-gres-couture-paris\/#breadcrumb","itemListElement":[{"@type":"ListItem","position":1,"name":"Strona g\u0142\u00f3wna","item":"https:\/\/foliobooks.pl\/en\/"},{"@type":"ListItem","position":2,"name":"Shop","item":"https:\/\/foliobooks.pl\/en\/shop\/"},{"@type":"ListItem","position":3,"name":"Madame Gr\u00e8s Couture Paris"}]},{"@type":"WebSite","@id":"https:\/\/foliobooks.pl\/en\/#website","url":"https:\/\/foliobooks.pl\/en\/","name":"Folio","description":"Ksi\u0119garnia internetowa","potentialAction":[{"@type":"SearchAction","target":{"@type":"EntryPoint","urlTemplate":"https:\/\/foliobooks.pl\/en\/?s={search_term_string}"},"query-input":{"@type":"PropertyValueSpecification","valueRequired":true,"valueName":"search_term_string"}}],"inLanguage":"en-US"}]}},"_links":{"self":[{"href":"https:\/\/foliobooks.pl\/en\/wp-json\/wp\/v2\/product\/104070","targetHints":{"allow":["GET"]}}],"collection":[{"href":"https:\/\/foliobooks.pl\/en\/wp-json\/wp\/v2\/product"}],"about":[{"href":"https:\/\/foliobooks.pl\/en\/wp-json\/wp\/v2\/types\/product"}],"replies":[{"embeddable":true,"href":"https:\/\/foliobooks.pl\/en\/wp-json\/wp\/v2\/comments?post=104070"}],"wp:featuredmedia":[{"embeddable":true,"href":"https:\/\/foliobooks.pl\/en\/wp-json\/wp\/v2\/media\/104055"}],"wp:attachment":[{"href":"https:\/\/foliobooks.pl\/en\/wp-json\/wp\/v2\/media?parent=104070"}],"wp:term":[{"taxonomy":"product_brand","embeddable":true,"href":"https:\/\/foliobooks.pl\/en\/wp-json\/wp\/v2\/product_brand?post=104070"},{"taxonomy":"product_cat","embeddable":true,"href":"https:\/\/foliobooks.pl\/en\/wp-json\/wp\/v2\/product_cat?post=104070"},{"taxonomy":"product_tag","embeddable":true,"href":"https:\/\/foliobooks.pl\/en\/wp-json\/wp\/v2\/product_tag?post=104070"}],"curies":[{"name":"wp","href":"https:\/\/api.w.org\/{rel}","templated":true}]}}