{"id":104051,"date":"2024-12-19T10:08:52","date_gmt":"2024-12-19T09:08:52","guid":{"rendered":"https:\/\/foliobooks.pl\/sklep\/little-guides-to-style-the-classics\/"},"modified":"2024-12-19T10:08:52","modified_gmt":"2024-12-19T09:08:52","slug":"little-guides-to-style-the-classics","status":"publish","type":"product","link":"https:\/\/foliobooks.pl\/en\/shop\/little-guides-to-style-the-classics\/","title":{"rendered":"Little Guides to Style. The Classics"},"content":{"rendered":"<p>Exploring four designers who exemplify elegance and high couture, the Little Books of Fashion follow these brands from their creation, moving through their style evolutions, the key looks that define them and their impact on the fashion landscape today. Featuring over four hundred exquisite images and text by bestselling fashion writers, these definitive guides to luxury style are the perfect gift set for any fashion lover.<\/p>\n","protected":false},"excerpt":{"rendered":"<p>Exploring four designers who exemplify elegance and high couture, the Little Books of Fashion follow these brands from their creation, moving through their style evolutions, the key looks that define them and their impact on the fashion landscape today. Featuring over four hundred exquisite images and text by bestselling fashion writers, these definitive guides to&#8230;<\/p>\n","protected":false},"featured_media":104042,"comment_status":"closed","ping_status":"closed","template":"","meta":[],"product_brand":[],"product_cat":[13533,4519],"product_tag":[6125],"class_list":{"0":"post-104051","1":"product","2":"type-product","3":"status-publish","4":"has-post-thumbnail","6":"product_cat-books","7":"product_cat-fashion-en-en","8":"product_tag-fashion","9":"pa_author_att-darla-jane-gilroy-en","10":"pa_cover-hardcover","11":"pa_format-136-x-198-cm-en","12":"pa_isbn-9781802798661-en","13":"pa_language-eng","14":"pa_pages-640-en","15":"pa_published-2024-09-17-en","16":"pa_publisher-headline-en","18":"first","19":"instock","20":"sold-individually","21":"shipping-taxable","22":"purchasable","23":"product-type-simple"},"yoast_head":"<!-- This site is optimized with the Yoast SEO plugin v27.4 - https:\/\/yoast.com\/product\/yoast-seo-wordpress\/ -->\n<title>Little Guides to Style. The Classics (Darla-Jane Gilroy) - book \/ album - Folio<\/title>\n<meta name=\"description\" content=\"Wejd\u017a i kup ksi\u0105\u017ck\u0119 Little Guides to Style. The Classics autorstwa Darla-Jane Gilroy wydan\u0105 przez Headline (2024-09-17) w formacie 13,6 x 19,8 cm (ISBN: 9781802798661). Zapraszamy!\" \/>\n<meta name=\"robots\" content=\"index, follow, max-snippet:-1, max-image-preview:large, max-video-preview:-1\" \/>\n<link rel=\"canonical\" href=\"https:\/\/foliobooks.pl\/en\/shop\/little-guides-to-style-the-classics\/\" \/>\n<meta property=\"og:locale\" content=\"en_US\" \/>\n<meta property=\"og:type\" content=\"article\" \/>\n<meta property=\"og:title\" content=\"Little Guides to Style. The Classics (Darla-Jane Gilroy) - book \/ album - Folio\" \/>\n<meta property=\"og:description\" content=\"Wejd\u017a i kup ksi\u0105\u017ck\u0119 Little Guides to Style. The Classics autorstwa Darla-Jane Gilroy wydan\u0105 przez Headline (2024-09-17) w formacie 13,6 x 19,8 cm (ISBN: 9781802798661). Zapraszamy!\" \/>\n<meta property=\"og:url\" content=\"https:\/\/foliobooks.pl\/en\/shop\/little-guides-to-style-the-classics\/\" \/>\n<meta property=\"og:site_name\" content=\"Folio\" \/>\n<meta property=\"og:image\" content=\"https:\/\/foliobooks.pl\/wp-content\/uploads\/2024\/12\/9781802798661.png\" \/>\n\t<meta property=\"og:image:width\" content=\"570\" \/>\n\t<meta property=\"og:image:height\" content=\"708\" \/>\n\t<meta property=\"og:image:type\" content=\"image\/png\" \/>\n<meta name=\"twitter:card\" content=\"summary_large_image\" \/>\n<meta name=\"twitter:label1\" content=\"Est. reading time\" \/>\n\t<meta name=\"twitter:data1\" content=\"1 minute\" \/>\n<script type=\"application\/ld+json\" class=\"yoast-schema-graph\">{\"@context\":\"https:\\\/\\\/schema.org\",\"@graph\":[{\"@type\":\"WebPage\",\"@id\":\"https:\\\/\\\/foliobooks.pl\\\/en\\\/shop\\\/little-guides-to-style-the-classics\\\/\",\"url\":\"https:\\\/\\\/foliobooks.pl\\\/en\\\/shop\\\/little-guides-to-style-the-classics\\\/\",\"name\":\"Little Guides to Style. The Classics (Darla-Jane Gilroy) - book \\\/ album - Folio\",\"isPartOf\":{\"@id\":\"https:\\\/\\\/foliobooks.pl\\\/en\\\/#website\"},\"primaryImageOfPage\":{\"@id\":\"https:\\\/\\\/foliobooks.pl\\\/en\\\/shop\\\/little-guides-to-style-the-classics\\\/#primaryimage\"},\"image\":{\"@id\":\"https:\\\/\\\/foliobooks.pl\\\/en\\\/shop\\\/little-guides-to-style-the-classics\\\/#primaryimage\"},\"thumbnailUrl\":\"https:\\\/\\\/foliobooks.pl\\\/wp-content\\\/uploads\\\/2024\\\/12\\\/9781802798661.png\",\"datePublished\":\"2024-12-19T09:08:52+00:00\",\"description\":\"Wejd\u017a i kup ksi\u0105\u017ck\u0119 Little Guides to Style. The Classics autorstwa Darla-Jane Gilroy wydan\u0105 przez Headline (2024-09-17) w formacie 13,6 x 19,8 cm (ISBN: 9781802798661). Zapraszamy!\",\"breadcrumb\":{\"@id\":\"https:\\\/\\\/foliobooks.pl\\\/en\\\/shop\\\/little-guides-to-style-the-classics\\\/#breadcrumb\"},\"inLanguage\":\"en-US\",\"potentialAction\":[{\"@type\":\"ReadAction\",\"target\":[\"https:\\\/\\\/foliobooks.pl\\\/en\\\/shop\\\/little-guides-to-style-the-classics\\\/\"]}]},{\"@type\":\"ImageObject\",\"inLanguage\":\"en-US\",\"@id\":\"https:\\\/\\\/foliobooks.pl\\\/en\\\/shop\\\/little-guides-to-style-the-classics\\\/#primaryimage\",\"url\":\"https:\\\/\\\/foliobooks.pl\\\/wp-content\\\/uploads\\\/2024\\\/12\\\/9781802798661.png\",\"contentUrl\":\"https:\\\/\\\/foliobooks.pl\\\/wp-content\\\/uploads\\\/2024\\\/12\\\/9781802798661.png\",\"width\":570,\"height\":708},{\"@type\":\"BreadcrumbList\",\"@id\":\"https:\\\/\\\/foliobooks.pl\\\/en\\\/shop\\\/little-guides-to-style-the-classics\\\/#breadcrumb\",\"itemListElement\":[{\"@type\":\"ListItem\",\"position\":1,\"name\":\"Strona g\u0142\u00f3wna\",\"item\":\"https:\\\/\\\/foliobooks.pl\\\/en\\\/\"},{\"@type\":\"ListItem\",\"position\":2,\"name\":\"Shop\",\"item\":\"https:\\\/\\\/foliobooks.pl\\\/en\\\/shop\\\/\"},{\"@type\":\"ListItem\",\"position\":3,\"name\":\"Little Guides to Style. The Classics\"}]},{\"@type\":\"WebSite\",\"@id\":\"https:\\\/\\\/foliobooks.pl\\\/en\\\/#website\",\"url\":\"https:\\\/\\\/foliobooks.pl\\\/en\\\/\",\"name\":\"Folio\",\"description\":\"Ksi\u0119garnia internetowa\",\"potentialAction\":[{\"@type\":\"SearchAction\",\"target\":{\"@type\":\"EntryPoint\",\"urlTemplate\":\"https:\\\/\\\/foliobooks.pl\\\/en\\\/?s={search_term_string}\"},\"query-input\":{\"@type\":\"PropertyValueSpecification\",\"valueRequired\":true,\"valueName\":\"search_term_string\"}}],\"inLanguage\":\"en-US\"}]}<\/script>\n<!-- \/ Yoast SEO plugin. -->","yoast_head_json":{"title":"Little Guides to Style. The Classics (Darla-Jane Gilroy) - book \/ album - Folio","description":"Wejd\u017a i kup ksi\u0105\u017ck\u0119 Little Guides to Style. The Classics autorstwa Darla-Jane Gilroy wydan\u0105 przez Headline (2024-09-17) w formacie 13,6 x 19,8 cm (ISBN: 9781802798661). Zapraszamy!","robots":{"index":"index","follow":"follow","max-snippet":"max-snippet:-1","max-image-preview":"max-image-preview:large","max-video-preview":"max-video-preview:-1"},"canonical":"https:\/\/foliobooks.pl\/en\/shop\/little-guides-to-style-the-classics\/","og_locale":"en_US","og_type":"article","og_title":"Little Guides to Style. The Classics (Darla-Jane Gilroy) - book \/ album - Folio","og_description":"Wejd\u017a i kup ksi\u0105\u017ck\u0119 Little Guides to Style. The Classics autorstwa Darla-Jane Gilroy wydan\u0105 przez Headline (2024-09-17) w formacie 13,6 x 19,8 cm (ISBN: 9781802798661). Zapraszamy!","og_url":"https:\/\/foliobooks.pl\/en\/shop\/little-guides-to-style-the-classics\/","og_site_name":"Folio","og_image":[{"width":570,"height":708,"url":"https:\/\/foliobooks.pl\/wp-content\/uploads\/2024\/12\/9781802798661.png","type":"image\/png"}],"twitter_card":"summary_large_image","twitter_misc":{"Est. reading time":"1 minute"},"schema":{"@context":"https:\/\/schema.org","@graph":[{"@type":"WebPage","@id":"https:\/\/foliobooks.pl\/en\/shop\/little-guides-to-style-the-classics\/","url":"https:\/\/foliobooks.pl\/en\/shop\/little-guides-to-style-the-classics\/","name":"Little Guides to Style. The Classics (Darla-Jane Gilroy) - book \/ album - Folio","isPartOf":{"@id":"https:\/\/foliobooks.pl\/en\/#website"},"primaryImageOfPage":{"@id":"https:\/\/foliobooks.pl\/en\/shop\/little-guides-to-style-the-classics\/#primaryimage"},"image":{"@id":"https:\/\/foliobooks.pl\/en\/shop\/little-guides-to-style-the-classics\/#primaryimage"},"thumbnailUrl":"https:\/\/foliobooks.pl\/wp-content\/uploads\/2024\/12\/9781802798661.png","datePublished":"2024-12-19T09:08:52+00:00","description":"Wejd\u017a i kup ksi\u0105\u017ck\u0119 Little Guides to Style. The Classics autorstwa Darla-Jane Gilroy wydan\u0105 przez Headline (2024-09-17) w formacie 13,6 x 19,8 cm (ISBN: 9781802798661). Zapraszamy!","breadcrumb":{"@id":"https:\/\/foliobooks.pl\/en\/shop\/little-guides-to-style-the-classics\/#breadcrumb"},"inLanguage":"en-US","potentialAction":[{"@type":"ReadAction","target":["https:\/\/foliobooks.pl\/en\/shop\/little-guides-to-style-the-classics\/"]}]},{"@type":"ImageObject","inLanguage":"en-US","@id":"https:\/\/foliobooks.pl\/en\/shop\/little-guides-to-style-the-classics\/#primaryimage","url":"https:\/\/foliobooks.pl\/wp-content\/uploads\/2024\/12\/9781802798661.png","contentUrl":"https:\/\/foliobooks.pl\/wp-content\/uploads\/2024\/12\/9781802798661.png","width":570,"height":708},{"@type":"BreadcrumbList","@id":"https:\/\/foliobooks.pl\/en\/shop\/little-guides-to-style-the-classics\/#breadcrumb","itemListElement":[{"@type":"ListItem","position":1,"name":"Strona g\u0142\u00f3wna","item":"https:\/\/foliobooks.pl\/en\/"},{"@type":"ListItem","position":2,"name":"Shop","item":"https:\/\/foliobooks.pl\/en\/shop\/"},{"@type":"ListItem","position":3,"name":"Little Guides to Style. The Classics"}]},{"@type":"WebSite","@id":"https:\/\/foliobooks.pl\/en\/#website","url":"https:\/\/foliobooks.pl\/en\/","name":"Folio","description":"Ksi\u0119garnia internetowa","potentialAction":[{"@type":"SearchAction","target":{"@type":"EntryPoint","urlTemplate":"https:\/\/foliobooks.pl\/en\/?s={search_term_string}"},"query-input":{"@type":"PropertyValueSpecification","valueRequired":true,"valueName":"search_term_string"}}],"inLanguage":"en-US"}]}},"_links":{"self":[{"href":"https:\/\/foliobooks.pl\/en\/wp-json\/wp\/v2\/product\/104051","targetHints":{"allow":["GET"]}}],"collection":[{"href":"https:\/\/foliobooks.pl\/en\/wp-json\/wp\/v2\/product"}],"about":[{"href":"https:\/\/foliobooks.pl\/en\/wp-json\/wp\/v2\/types\/product"}],"replies":[{"embeddable":true,"href":"https:\/\/foliobooks.pl\/en\/wp-json\/wp\/v2\/comments?post=104051"}],"wp:featuredmedia":[{"embeddable":true,"href":"https:\/\/foliobooks.pl\/en\/wp-json\/wp\/v2\/media\/104042"}],"wp:attachment":[{"href":"https:\/\/foliobooks.pl\/en\/wp-json\/wp\/v2\/media?parent=104051"}],"wp:term":[{"taxonomy":"product_brand","embeddable":true,"href":"https:\/\/foliobooks.pl\/en\/wp-json\/wp\/v2\/product_brand?post=104051"},{"taxonomy":"product_cat","embeddable":true,"href":"https:\/\/foliobooks.pl\/en\/wp-json\/wp\/v2\/product_cat?post=104051"},{"taxonomy":"product_tag","embeddable":true,"href":"https:\/\/foliobooks.pl\/en\/wp-json\/wp\/v2\/product_tag?post=104051"}],"curies":[{"name":"wp","href":"https:\/\/api.w.org\/{rel}","templated":true}]}}