{"id":103988,"date":"2024-12-18T19:56:28","date_gmt":"2024-12-18T18:56:28","guid":{"rendered":"https:\/\/foliobooks.pl\/sklep\/handbag-book-400-designer-bags-that-changed-fashion\/"},"modified":"2024-12-18T19:56:28","modified_gmt":"2024-12-18T18:56:28","slug":"handbag-book-400-designer-bags-that-changed-fashion","status":"publish","type":"product","link":"https:\/\/foliobooks.pl\/en\/shop\/handbag-book-400-designer-bags-that-changed-fashion\/","title":{"rendered":"Handbag Book. 400 Designer Bags That Changed Fashion"},"content":{"rendered":"<p>A luxe and definitive guide to 400 luxury handbags by the world&#8217;s leading fashion designers and couture houses<br \/>\nLuxury handbags account for almost a third of global luxury sales alone, and are both an aspiration and addiction for many. From Herm\u00e9s&#8217;s priceless Birkin bag to Chanel&#8217;s coveted flap bags that have been prevalent since the 1950s, to Fendi&#8217;s instantly recognizable Baguette bag, it is no surprise why these incredible purses are often considered symbols of luxury and status due to their high-quality craftsmanship.<\/p>\n<p>The Handbag Bookis a look back at 400 of the most famous handbags designed by the greatest names in fashion. With stunning spreads, photographs of the handbags, and introductory text for each style, it is the authority on high-end fashion. In addition, this tome also includes backgrounds on the designers, stories of how certain styles became cemented into the fashion lexicon, tips on how to identify a counterfeit, a look at the increasing popularity of second-hand bags, and even behind-the-scenes looks into how these handbags are made.<\/p>\n","protected":false},"excerpt":{"rendered":"<p>A luxe and definitive guide to 400 luxury handbags by the world&#8217;s leading fashion designers and couture houses Luxury handbags account for almost a third of global luxury sales alone, and are both an aspiration and addiction for many. From Herm\u00e9s&#8217;s priceless Birkin bag to Chanel&#8217;s coveted flap bags that have been prevalent since the&#8230;<\/p>\n","protected":false},"featured_media":103973,"comment_status":"closed","ping_status":"closed","template":"","meta":[],"product_brand":[],"product_cat":[13533,4519],"product_tag":[6125],"class_list":{"0":"post-103988","1":"product","2":"type-product","3":"status-publish","4":"has-post-thumbnail","6":"product_cat-books","7":"product_cat-fashion-en-en","8":"product_tag-fashion","9":"pa_author_att-sophie-gachet-en","10":"pa_cover-hardcover","11":"pa_format-217-x-293-cm-en","12":"pa_isbn-9781419778193-en","13":"pa_language-eng","14":"pa_pages-480-en","15":"pa_published-2024-10-07-en","16":"pa_publisher-abrams-en","18":"first","19":"outofstock","20":"sold-individually","21":"shipping-taxable","22":"purchasable","23":"product-type-simple"},"yoast_head":"<!-- This site is optimized with the Yoast SEO plugin v27.4 - https:\/\/yoast.com\/product\/yoast-seo-wordpress\/ -->\n<title>Handbag Book. 400 Designer Bags That Changed Fashion (Sophie Gachet) - book \/ album - Folio<\/title>\n<meta name=\"description\" content=\"Wejd\u017a i kup ksi\u0105\u017ck\u0119 Handbag Book. 400 Designer Bags That Changed Fashion autorstwa Sophie Gachet wydan\u0105 przez ABRAMS (2024-10-07) w formacie 21,7 x 29,3 cm (ISBN: 9781419778193). Zapraszamy!\" \/>\n<meta name=\"robots\" content=\"index, follow, max-snippet:-1, max-image-preview:large, max-video-preview:-1\" \/>\n<link rel=\"canonical\" href=\"https:\/\/foliobooks.pl\/en\/shop\/handbag-book-400-designer-bags-that-changed-fashion\/\" \/>\n<meta property=\"og:locale\" content=\"en_US\" \/>\n<meta property=\"og:type\" content=\"article\" \/>\n<meta property=\"og:title\" content=\"Handbag Book. 400 Designer Bags That Changed Fashion (Sophie Gachet) - book \/ album - Folio\" \/>\n<meta property=\"og:description\" content=\"Wejd\u017a i kup ksi\u0105\u017ck\u0119 Handbag Book. 400 Designer Bags That Changed Fashion autorstwa Sophie Gachet wydan\u0105 przez ABRAMS (2024-10-07) w formacie 21,7 x 29,3 cm (ISBN: 9781419778193). Zapraszamy!\" \/>\n<meta property=\"og:url\" content=\"https:\/\/foliobooks.pl\/en\/shop\/handbag-book-400-designer-bags-that-changed-fashion\/\" \/>\n<meta property=\"og:site_name\" content=\"Folio\" \/>\n<meta property=\"og:image\" content=\"https:\/\/foliobooks.pl\/wp-content\/uploads\/2024\/12\/9781419778193.png\" \/>\n\t<meta property=\"og:image:width\" content=\"570\" \/>\n\t<meta property=\"og:image:height\" content=\"708\" \/>\n\t<meta property=\"og:image:type\" content=\"image\/png\" \/>\n<meta name=\"twitter:card\" content=\"summary_large_image\" \/>\n<meta name=\"twitter:label1\" content=\"Est. reading time\" \/>\n\t<meta name=\"twitter:data1\" content=\"2 minutes\" \/>\n<script type=\"application\/ld+json\" class=\"yoast-schema-graph\">{\"@context\":\"https:\\\/\\\/schema.org\",\"@graph\":[{\"@type\":\"WebPage\",\"@id\":\"https:\\\/\\\/foliobooks.pl\\\/en\\\/shop\\\/handbag-book-400-designer-bags-that-changed-fashion\\\/\",\"url\":\"https:\\\/\\\/foliobooks.pl\\\/en\\\/shop\\\/handbag-book-400-designer-bags-that-changed-fashion\\\/\",\"name\":\"Handbag Book. 400 Designer Bags That Changed Fashion (Sophie Gachet) - book \\\/ album - Folio\",\"isPartOf\":{\"@id\":\"https:\\\/\\\/foliobooks.pl\\\/en\\\/#website\"},\"primaryImageOfPage\":{\"@id\":\"https:\\\/\\\/foliobooks.pl\\\/en\\\/shop\\\/handbag-book-400-designer-bags-that-changed-fashion\\\/#primaryimage\"},\"image\":{\"@id\":\"https:\\\/\\\/foliobooks.pl\\\/en\\\/shop\\\/handbag-book-400-designer-bags-that-changed-fashion\\\/#primaryimage\"},\"thumbnailUrl\":\"https:\\\/\\\/foliobooks.pl\\\/wp-content\\\/uploads\\\/2024\\\/12\\\/9781419778193.png\",\"datePublished\":\"2024-12-18T18:56:28+00:00\",\"description\":\"Wejd\u017a i kup ksi\u0105\u017ck\u0119 Handbag Book. 400 Designer Bags That Changed Fashion autorstwa Sophie Gachet wydan\u0105 przez ABRAMS (2024-10-07) w formacie 21,7 x 29,3 cm (ISBN: 9781419778193). Zapraszamy!\",\"breadcrumb\":{\"@id\":\"https:\\\/\\\/foliobooks.pl\\\/en\\\/shop\\\/handbag-book-400-designer-bags-that-changed-fashion\\\/#breadcrumb\"},\"inLanguage\":\"en-US\",\"potentialAction\":[{\"@type\":\"ReadAction\",\"target\":[\"https:\\\/\\\/foliobooks.pl\\\/en\\\/shop\\\/handbag-book-400-designer-bags-that-changed-fashion\\\/\"]}]},{\"@type\":\"ImageObject\",\"inLanguage\":\"en-US\",\"@id\":\"https:\\\/\\\/foliobooks.pl\\\/en\\\/shop\\\/handbag-book-400-designer-bags-that-changed-fashion\\\/#primaryimage\",\"url\":\"https:\\\/\\\/foliobooks.pl\\\/wp-content\\\/uploads\\\/2024\\\/12\\\/9781419778193.png\",\"contentUrl\":\"https:\\\/\\\/foliobooks.pl\\\/wp-content\\\/uploads\\\/2024\\\/12\\\/9781419778193.png\",\"width\":570,\"height\":708},{\"@type\":\"BreadcrumbList\",\"@id\":\"https:\\\/\\\/foliobooks.pl\\\/en\\\/shop\\\/handbag-book-400-designer-bags-that-changed-fashion\\\/#breadcrumb\",\"itemListElement\":[{\"@type\":\"ListItem\",\"position\":1,\"name\":\"Strona g\u0142\u00f3wna\",\"item\":\"https:\\\/\\\/foliobooks.pl\\\/en\\\/\"},{\"@type\":\"ListItem\",\"position\":2,\"name\":\"Shop\",\"item\":\"https:\\\/\\\/foliobooks.pl\\\/en\\\/shop\\\/\"},{\"@type\":\"ListItem\",\"position\":3,\"name\":\"Handbag Book. 400 Designer Bags That Changed Fashion\"}]},{\"@type\":\"WebSite\",\"@id\":\"https:\\\/\\\/foliobooks.pl\\\/en\\\/#website\",\"url\":\"https:\\\/\\\/foliobooks.pl\\\/en\\\/\",\"name\":\"Folio\",\"description\":\"Ksi\u0119garnia internetowa\",\"potentialAction\":[{\"@type\":\"SearchAction\",\"target\":{\"@type\":\"EntryPoint\",\"urlTemplate\":\"https:\\\/\\\/foliobooks.pl\\\/en\\\/?s={search_term_string}\"},\"query-input\":{\"@type\":\"PropertyValueSpecification\",\"valueRequired\":true,\"valueName\":\"search_term_string\"}}],\"inLanguage\":\"en-US\"}]}<\/script>\n<!-- \/ Yoast SEO plugin. -->","yoast_head_json":{"title":"Handbag Book. 400 Designer Bags That Changed Fashion (Sophie Gachet) - book \/ album - Folio","description":"Wejd\u017a i kup ksi\u0105\u017ck\u0119 Handbag Book. 400 Designer Bags That Changed Fashion autorstwa Sophie Gachet wydan\u0105 przez ABRAMS (2024-10-07) w formacie 21,7 x 29,3 cm (ISBN: 9781419778193). Zapraszamy!","robots":{"index":"index","follow":"follow","max-snippet":"max-snippet:-1","max-image-preview":"max-image-preview:large","max-video-preview":"max-video-preview:-1"},"canonical":"https:\/\/foliobooks.pl\/en\/shop\/handbag-book-400-designer-bags-that-changed-fashion\/","og_locale":"en_US","og_type":"article","og_title":"Handbag Book. 400 Designer Bags That Changed Fashion (Sophie Gachet) - book \/ album - Folio","og_description":"Wejd\u017a i kup ksi\u0105\u017ck\u0119 Handbag Book. 400 Designer Bags That Changed Fashion autorstwa Sophie Gachet wydan\u0105 przez ABRAMS (2024-10-07) w formacie 21,7 x 29,3 cm (ISBN: 9781419778193). Zapraszamy!","og_url":"https:\/\/foliobooks.pl\/en\/shop\/handbag-book-400-designer-bags-that-changed-fashion\/","og_site_name":"Folio","og_image":[{"width":570,"height":708,"url":"https:\/\/foliobooks.pl\/wp-content\/uploads\/2024\/12\/9781419778193.png","type":"image\/png"}],"twitter_card":"summary_large_image","twitter_misc":{"Est. reading time":"2 minutes"},"schema":{"@context":"https:\/\/schema.org","@graph":[{"@type":"WebPage","@id":"https:\/\/foliobooks.pl\/en\/shop\/handbag-book-400-designer-bags-that-changed-fashion\/","url":"https:\/\/foliobooks.pl\/en\/shop\/handbag-book-400-designer-bags-that-changed-fashion\/","name":"Handbag Book. 400 Designer Bags That Changed Fashion (Sophie Gachet) - book \/ album - Folio","isPartOf":{"@id":"https:\/\/foliobooks.pl\/en\/#website"},"primaryImageOfPage":{"@id":"https:\/\/foliobooks.pl\/en\/shop\/handbag-book-400-designer-bags-that-changed-fashion\/#primaryimage"},"image":{"@id":"https:\/\/foliobooks.pl\/en\/shop\/handbag-book-400-designer-bags-that-changed-fashion\/#primaryimage"},"thumbnailUrl":"https:\/\/foliobooks.pl\/wp-content\/uploads\/2024\/12\/9781419778193.png","datePublished":"2024-12-18T18:56:28+00:00","description":"Wejd\u017a i kup ksi\u0105\u017ck\u0119 Handbag Book. 400 Designer Bags That Changed Fashion autorstwa Sophie Gachet wydan\u0105 przez ABRAMS (2024-10-07) w formacie 21,7 x 29,3 cm (ISBN: 9781419778193). Zapraszamy!","breadcrumb":{"@id":"https:\/\/foliobooks.pl\/en\/shop\/handbag-book-400-designer-bags-that-changed-fashion\/#breadcrumb"},"inLanguage":"en-US","potentialAction":[{"@type":"ReadAction","target":["https:\/\/foliobooks.pl\/en\/shop\/handbag-book-400-designer-bags-that-changed-fashion\/"]}]},{"@type":"ImageObject","inLanguage":"en-US","@id":"https:\/\/foliobooks.pl\/en\/shop\/handbag-book-400-designer-bags-that-changed-fashion\/#primaryimage","url":"https:\/\/foliobooks.pl\/wp-content\/uploads\/2024\/12\/9781419778193.png","contentUrl":"https:\/\/foliobooks.pl\/wp-content\/uploads\/2024\/12\/9781419778193.png","width":570,"height":708},{"@type":"BreadcrumbList","@id":"https:\/\/foliobooks.pl\/en\/shop\/handbag-book-400-designer-bags-that-changed-fashion\/#breadcrumb","itemListElement":[{"@type":"ListItem","position":1,"name":"Strona g\u0142\u00f3wna","item":"https:\/\/foliobooks.pl\/en\/"},{"@type":"ListItem","position":2,"name":"Shop","item":"https:\/\/foliobooks.pl\/en\/shop\/"},{"@type":"ListItem","position":3,"name":"Handbag Book. 400 Designer Bags That Changed Fashion"}]},{"@type":"WebSite","@id":"https:\/\/foliobooks.pl\/en\/#website","url":"https:\/\/foliobooks.pl\/en\/","name":"Folio","description":"Ksi\u0119garnia internetowa","potentialAction":[{"@type":"SearchAction","target":{"@type":"EntryPoint","urlTemplate":"https:\/\/foliobooks.pl\/en\/?s={search_term_string}"},"query-input":{"@type":"PropertyValueSpecification","valueRequired":true,"valueName":"search_term_string"}}],"inLanguage":"en-US"}]}},"_links":{"self":[{"href":"https:\/\/foliobooks.pl\/en\/wp-json\/wp\/v2\/product\/103988","targetHints":{"allow":["GET"]}}],"collection":[{"href":"https:\/\/foliobooks.pl\/en\/wp-json\/wp\/v2\/product"}],"about":[{"href":"https:\/\/foliobooks.pl\/en\/wp-json\/wp\/v2\/types\/product"}],"replies":[{"embeddable":true,"href":"https:\/\/foliobooks.pl\/en\/wp-json\/wp\/v2\/comments?post=103988"}],"wp:featuredmedia":[{"embeddable":true,"href":"https:\/\/foliobooks.pl\/en\/wp-json\/wp\/v2\/media\/103973"}],"wp:attachment":[{"href":"https:\/\/foliobooks.pl\/en\/wp-json\/wp\/v2\/media?parent=103988"}],"wp:term":[{"taxonomy":"product_brand","embeddable":true,"href":"https:\/\/foliobooks.pl\/en\/wp-json\/wp\/v2\/product_brand?post=103988"},{"taxonomy":"product_cat","embeddable":true,"href":"https:\/\/foliobooks.pl\/en\/wp-json\/wp\/v2\/product_cat?post=103988"},{"taxonomy":"product_tag","embeddable":true,"href":"https:\/\/foliobooks.pl\/en\/wp-json\/wp\/v2\/product_tag?post=103988"}],"curies":[{"name":"wp","href":"https:\/\/api.w.org\/{rel}","templated":true}]}}