{"id":103960,"date":"2024-12-18T18:39:28","date_gmt":"2024-12-18T17:39:28","guid":{"rendered":"https:\/\/foliobooks.pl\/sklep\/gucci-the-fashion-icons\/"},"modified":"2024-12-18T18:39:28","modified_gmt":"2024-12-18T17:39:28","slug":"gucci-the-fashion-icons","status":"publish","type":"product","link":"https:\/\/foliobooks.pl\/en\/shop\/gucci-the-fashion-icons\/","title":{"rendered":"Gucci. The Fashion Icons"},"content":{"rendered":"<p><span class=\"a-text-bold\">Founded in Florence, Italy, as a luggage brand and equestrian outfitter in 1921, Gucci has evolved into one of the world&#8217;s most celebrated fashion houses &#8211; synonymous with classic design, elegance, luxury and quality.<\/span><\/p>\n<p>Casa de Gucci &#8211; beloved by the great, the good and the uber glamorous &#8211; boasts an instantly recognizable signature style all of its own.<\/p>\n<p>This book, beautifully illustrated with images of some of the world&#8217;s iconic fashion items, charts the story of Gucci&#8217;s origins and how the brand overcame family in-fighting, scandal and even murder to become the influential, innovative haute couture power house it is today.<\/p>\n","protected":false},"excerpt":{"rendered":"<p>Founded in Florence, Italy, as a luggage brand and equestrian outfitter in 1921, Gucci has evolved into one of the world&#8217;s most celebrated fashion houses &#8211; synonymous with classic design, elegance, luxury and quality. Casa de Gucci &#8211; beloved by the great, the good and the uber glamorous &#8211; boasts an instantly recognizable signature style&#8230;<\/p>\n","protected":false},"featured_media":103953,"comment_status":"closed","ping_status":"closed","template":"","meta":[],"product_brand":[],"product_cat":[13533,4519],"product_tag":[6125],"class_list":{"0":"post-103960","1":"product","2":"type-product","3":"status-publish","4":"has-post-thumbnail","6":"product_cat-books","7":"product_cat-fashion-en-en","8":"product_tag-fashion","9":"pa_author_att-alison-james-en","10":"pa_cover-hardcover","11":"pa_format-209-x-266-cm-en","12":"pa_isbn-9781915343475-en","13":"pa_language-eng","14":"pa_pages-144-en","15":"pa_published-2024-11-01-en","16":"pa_publisher-sona-books-en","18":"first","19":"instock","20":"sold-individually","21":"shipping-taxable","22":"purchasable","23":"product-type-simple"},"yoast_head":"<!-- This site is optimized with the Yoast SEO plugin v27.4 - https:\/\/yoast.com\/product\/yoast-seo-wordpress\/ -->\n<title>Gucci. The Fashion Icons (Alison James) - book \/ album - Folio<\/title>\n<meta name=\"description\" content=\"Wejd\u017a i kup ksi\u0105\u017ck\u0119 Gucci. The Fashion Icons autorstwa Alison James wydan\u0105 przez Sona Books (2024-11-01) w formacie 20,9 x 26,6 cm (ISBN: 9781915343475). Zapraszamy!\" \/>\n<meta name=\"robots\" content=\"index, follow, max-snippet:-1, max-image-preview:large, max-video-preview:-1\" \/>\n<link rel=\"canonical\" href=\"https:\/\/foliobooks.pl\/en\/shop\/gucci-the-fashion-icons\/\" \/>\n<meta property=\"og:locale\" content=\"en_US\" \/>\n<meta property=\"og:type\" content=\"article\" \/>\n<meta property=\"og:title\" content=\"Gucci. The Fashion Icons (Alison James) - book \/ album - Folio\" \/>\n<meta property=\"og:description\" content=\"Wejd\u017a i kup ksi\u0105\u017ck\u0119 Gucci. The Fashion Icons autorstwa Alison James wydan\u0105 przez Sona Books (2024-11-01) w formacie 20,9 x 26,6 cm (ISBN: 9781915343475). Zapraszamy!\" \/>\n<meta property=\"og:url\" content=\"https:\/\/foliobooks.pl\/en\/shop\/gucci-the-fashion-icons\/\" \/>\n<meta property=\"og:site_name\" content=\"Folio\" \/>\n<meta property=\"og:image\" content=\"https:\/\/foliobooks.pl\/wp-content\/uploads\/2024\/12\/9781915343475.png\" \/>\n\t<meta property=\"og:image:width\" content=\"570\" \/>\n\t<meta property=\"og:image:height\" content=\"708\" \/>\n\t<meta property=\"og:image:type\" content=\"image\/png\" \/>\n<meta name=\"twitter:card\" content=\"summary_large_image\" \/>\n<meta name=\"twitter:label1\" content=\"Est. reading time\" \/>\n\t<meta name=\"twitter:data1\" content=\"1 minute\" \/>\n<script type=\"application\/ld+json\" class=\"yoast-schema-graph\">{\"@context\":\"https:\\\/\\\/schema.org\",\"@graph\":[{\"@type\":\"WebPage\",\"@id\":\"https:\\\/\\\/foliobooks.pl\\\/en\\\/shop\\\/gucci-the-fashion-icons\\\/\",\"url\":\"https:\\\/\\\/foliobooks.pl\\\/en\\\/shop\\\/gucci-the-fashion-icons\\\/\",\"name\":\"Gucci. The Fashion Icons (Alison James) - book \\\/ album - Folio\",\"isPartOf\":{\"@id\":\"https:\\\/\\\/foliobooks.pl\\\/en\\\/#website\"},\"primaryImageOfPage\":{\"@id\":\"https:\\\/\\\/foliobooks.pl\\\/en\\\/shop\\\/gucci-the-fashion-icons\\\/#primaryimage\"},\"image\":{\"@id\":\"https:\\\/\\\/foliobooks.pl\\\/en\\\/shop\\\/gucci-the-fashion-icons\\\/#primaryimage\"},\"thumbnailUrl\":\"https:\\\/\\\/foliobooks.pl\\\/wp-content\\\/uploads\\\/2024\\\/12\\\/9781915343475.png\",\"datePublished\":\"2024-12-18T17:39:28+00:00\",\"description\":\"Wejd\u017a i kup ksi\u0105\u017ck\u0119 Gucci. The Fashion Icons autorstwa Alison James wydan\u0105 przez Sona Books (2024-11-01) w formacie 20,9 x 26,6 cm (ISBN: 9781915343475). Zapraszamy!\",\"breadcrumb\":{\"@id\":\"https:\\\/\\\/foliobooks.pl\\\/en\\\/shop\\\/gucci-the-fashion-icons\\\/#breadcrumb\"},\"inLanguage\":\"en-US\",\"potentialAction\":[{\"@type\":\"ReadAction\",\"target\":[\"https:\\\/\\\/foliobooks.pl\\\/en\\\/shop\\\/gucci-the-fashion-icons\\\/\"]}]},{\"@type\":\"ImageObject\",\"inLanguage\":\"en-US\",\"@id\":\"https:\\\/\\\/foliobooks.pl\\\/en\\\/shop\\\/gucci-the-fashion-icons\\\/#primaryimage\",\"url\":\"https:\\\/\\\/foliobooks.pl\\\/wp-content\\\/uploads\\\/2024\\\/12\\\/9781915343475.png\",\"contentUrl\":\"https:\\\/\\\/foliobooks.pl\\\/wp-content\\\/uploads\\\/2024\\\/12\\\/9781915343475.png\",\"width\":570,\"height\":708},{\"@type\":\"BreadcrumbList\",\"@id\":\"https:\\\/\\\/foliobooks.pl\\\/en\\\/shop\\\/gucci-the-fashion-icons\\\/#breadcrumb\",\"itemListElement\":[{\"@type\":\"ListItem\",\"position\":1,\"name\":\"Strona g\u0142\u00f3wna\",\"item\":\"https:\\\/\\\/foliobooks.pl\\\/en\\\/\"},{\"@type\":\"ListItem\",\"position\":2,\"name\":\"Shop\",\"item\":\"https:\\\/\\\/foliobooks.pl\\\/en\\\/shop\\\/\"},{\"@type\":\"ListItem\",\"position\":3,\"name\":\"Gucci. The Fashion Icons\"}]},{\"@type\":\"WebSite\",\"@id\":\"https:\\\/\\\/foliobooks.pl\\\/en\\\/#website\",\"url\":\"https:\\\/\\\/foliobooks.pl\\\/en\\\/\",\"name\":\"Folio\",\"description\":\"Ksi\u0119garnia internetowa\",\"potentialAction\":[{\"@type\":\"SearchAction\",\"target\":{\"@type\":\"EntryPoint\",\"urlTemplate\":\"https:\\\/\\\/foliobooks.pl\\\/en\\\/?s={search_term_string}\"},\"query-input\":{\"@type\":\"PropertyValueSpecification\",\"valueRequired\":true,\"valueName\":\"search_term_string\"}}],\"inLanguage\":\"en-US\"}]}<\/script>\n<!-- \/ Yoast SEO plugin. -->","yoast_head_json":{"title":"Gucci. The Fashion Icons (Alison James) - book \/ album - Folio","description":"Wejd\u017a i kup ksi\u0105\u017ck\u0119 Gucci. The Fashion Icons autorstwa Alison James wydan\u0105 przez Sona Books (2024-11-01) w formacie 20,9 x 26,6 cm (ISBN: 9781915343475). Zapraszamy!","robots":{"index":"index","follow":"follow","max-snippet":"max-snippet:-1","max-image-preview":"max-image-preview:large","max-video-preview":"max-video-preview:-1"},"canonical":"https:\/\/foliobooks.pl\/en\/shop\/gucci-the-fashion-icons\/","og_locale":"en_US","og_type":"article","og_title":"Gucci. The Fashion Icons (Alison James) - book \/ album - Folio","og_description":"Wejd\u017a i kup ksi\u0105\u017ck\u0119 Gucci. The Fashion Icons autorstwa Alison James wydan\u0105 przez Sona Books (2024-11-01) w formacie 20,9 x 26,6 cm (ISBN: 9781915343475). Zapraszamy!","og_url":"https:\/\/foliobooks.pl\/en\/shop\/gucci-the-fashion-icons\/","og_site_name":"Folio","og_image":[{"width":570,"height":708,"url":"https:\/\/foliobooks.pl\/wp-content\/uploads\/2024\/12\/9781915343475.png","type":"image\/png"}],"twitter_card":"summary_large_image","twitter_misc":{"Est. reading time":"1 minute"},"schema":{"@context":"https:\/\/schema.org","@graph":[{"@type":"WebPage","@id":"https:\/\/foliobooks.pl\/en\/shop\/gucci-the-fashion-icons\/","url":"https:\/\/foliobooks.pl\/en\/shop\/gucci-the-fashion-icons\/","name":"Gucci. The Fashion Icons (Alison James) - book \/ album - Folio","isPartOf":{"@id":"https:\/\/foliobooks.pl\/en\/#website"},"primaryImageOfPage":{"@id":"https:\/\/foliobooks.pl\/en\/shop\/gucci-the-fashion-icons\/#primaryimage"},"image":{"@id":"https:\/\/foliobooks.pl\/en\/shop\/gucci-the-fashion-icons\/#primaryimage"},"thumbnailUrl":"https:\/\/foliobooks.pl\/wp-content\/uploads\/2024\/12\/9781915343475.png","datePublished":"2024-12-18T17:39:28+00:00","description":"Wejd\u017a i kup ksi\u0105\u017ck\u0119 Gucci. The Fashion Icons autorstwa Alison James wydan\u0105 przez Sona Books (2024-11-01) w formacie 20,9 x 26,6 cm (ISBN: 9781915343475). Zapraszamy!","breadcrumb":{"@id":"https:\/\/foliobooks.pl\/en\/shop\/gucci-the-fashion-icons\/#breadcrumb"},"inLanguage":"en-US","potentialAction":[{"@type":"ReadAction","target":["https:\/\/foliobooks.pl\/en\/shop\/gucci-the-fashion-icons\/"]}]},{"@type":"ImageObject","inLanguage":"en-US","@id":"https:\/\/foliobooks.pl\/en\/shop\/gucci-the-fashion-icons\/#primaryimage","url":"https:\/\/foliobooks.pl\/wp-content\/uploads\/2024\/12\/9781915343475.png","contentUrl":"https:\/\/foliobooks.pl\/wp-content\/uploads\/2024\/12\/9781915343475.png","width":570,"height":708},{"@type":"BreadcrumbList","@id":"https:\/\/foliobooks.pl\/en\/shop\/gucci-the-fashion-icons\/#breadcrumb","itemListElement":[{"@type":"ListItem","position":1,"name":"Strona g\u0142\u00f3wna","item":"https:\/\/foliobooks.pl\/en\/"},{"@type":"ListItem","position":2,"name":"Shop","item":"https:\/\/foliobooks.pl\/en\/shop\/"},{"@type":"ListItem","position":3,"name":"Gucci. The Fashion Icons"}]},{"@type":"WebSite","@id":"https:\/\/foliobooks.pl\/en\/#website","url":"https:\/\/foliobooks.pl\/en\/","name":"Folio","description":"Ksi\u0119garnia internetowa","potentialAction":[{"@type":"SearchAction","target":{"@type":"EntryPoint","urlTemplate":"https:\/\/foliobooks.pl\/en\/?s={search_term_string}"},"query-input":{"@type":"PropertyValueSpecification","valueRequired":true,"valueName":"search_term_string"}}],"inLanguage":"en-US"}]}},"_links":{"self":[{"href":"https:\/\/foliobooks.pl\/en\/wp-json\/wp\/v2\/product\/103960","targetHints":{"allow":["GET"]}}],"collection":[{"href":"https:\/\/foliobooks.pl\/en\/wp-json\/wp\/v2\/product"}],"about":[{"href":"https:\/\/foliobooks.pl\/en\/wp-json\/wp\/v2\/types\/product"}],"replies":[{"embeddable":true,"href":"https:\/\/foliobooks.pl\/en\/wp-json\/wp\/v2\/comments?post=103960"}],"wp:featuredmedia":[{"embeddable":true,"href":"https:\/\/foliobooks.pl\/en\/wp-json\/wp\/v2\/media\/103953"}],"wp:attachment":[{"href":"https:\/\/foliobooks.pl\/en\/wp-json\/wp\/v2\/media?parent=103960"}],"wp:term":[{"taxonomy":"product_brand","embeddable":true,"href":"https:\/\/foliobooks.pl\/en\/wp-json\/wp\/v2\/product_brand?post=103960"},{"taxonomy":"product_cat","embeddable":true,"href":"https:\/\/foliobooks.pl\/en\/wp-json\/wp\/v2\/product_cat?post=103960"},{"taxonomy":"product_tag","embeddable":true,"href":"https:\/\/foliobooks.pl\/en\/wp-json\/wp\/v2\/product_tag?post=103960"}],"curies":[{"name":"wp","href":"https:\/\/api.w.org\/{rel}","templated":true}]}}