{"id":103915,"date":"2024-12-18T16:45:48","date_gmt":"2024-12-18T15:45:48","guid":{"rendered":"https:\/\/foliobooks.pl\/sklep\/exceptional-watches\/"},"modified":"2024-12-18T16:45:48","modified_gmt":"2024-12-18T15:45:48","slug":"exceptional-watches","status":"publish","type":"product","link":"https:\/\/foliobooks.pl\/en\/shop\/exceptional-watches\/","title":{"rendered":"Exceptional Watches"},"content":{"rendered":"<p>Travel through time with this beautifully photographed history of 90 iconic watches<br \/>\n&#8220;Behind a watch there are often hidden stories. Stories of those who made it and those who wore it. From the watchmaker to the diver, from the astronaut to the collector, from father to son &#8211; from buyer to thief even &#8211; a watch does not age. As it is handed on and, as it travels, from the Joux valley in Switzerland to the salesroom, from the depths of the ocean to the moon, and from the pages of a catalogue to those of this book, a watch only gains in substance.&#8221;<\/p>\n<p>From mechanical watches to chronographs, quartz watches to divers&#8217;, Exceptional Watches will transport you through time, uncovering the histories behind the most coveted watch models. Collector Cl\u00e9ment Mazarian of Collection Personelle tells the stories of 90 era-defining watches from the early 1900s up to the present day, each one meticulously catalogued and accompanied by a stunning image from celebrated photographer Henry Leutwyler. Illustrated technical pages clearly explain the mechanics of these timepieces, while profiles of the watches give readers insight into their cultural histories. Exceptional Watches is a treasure trove for collectors and enthusiasts alike.<\/p>\n","protected":false},"excerpt":{"rendered":"<p>Travel through time with this beautifully photographed history of 90 iconic watches &#8220;Behind a watch there are often hidden stories. Stories of those who made it and those who wore it. From the watchmaker to the diver, from the astronaut to the collector, from father to son &#8211; from buyer to thief even &#8211; a&#8230;<\/p>\n","protected":false},"featured_media":103904,"comment_status":"closed","ping_status":"closed","template":"","meta":[],"product_brand":[],"product_cat":[13533,4519],"product_tag":[12010],"class_list":{"0":"post-103915","1":"product","2":"type-product","3":"status-publish","4":"has-post-thumbnail","6":"product_cat-books","7":"product_cat-fashion-en-en","8":"product_tag-watches-en","9":"pa_author_att-clement-mazarian-en","10":"pa_format-203-x-292-cm-en","11":"pa_isbn-9781784729448-en","12":"pa_language-eng","13":"pa_pages-232-en","14":"pa_published-2014-10-15-en","15":"pa_publisher-octopus-publishing-en","17":"first","18":"instock","19":"sold-individually","20":"shipping-taxable","21":"purchasable","22":"product-type-simple"},"yoast_head":"<!-- This site is optimized with the Yoast SEO plugin v27.4 - https:\/\/yoast.com\/product\/yoast-seo-wordpress\/ -->\n<title>Exceptional Watches (Cl\u00e9ment Mazarian) - book \/ album - Folio<\/title>\n<meta name=\"description\" content=\"Wejd\u017a i kup ksi\u0105\u017ck\u0119 Exceptional Watches autorstwa Cl\u00e9ment Mazarian wydan\u0105 przez Octopus Publishing (2014-10-15) w formacie 20,3 x 29,2 cm (ISBN: 9781784729448). Zapraszamy!\" \/>\n<meta name=\"robots\" content=\"index, follow, max-snippet:-1, max-image-preview:large, max-video-preview:-1\" \/>\n<link rel=\"canonical\" href=\"https:\/\/foliobooks.pl\/en\/shop\/exceptional-watches\/\" \/>\n<meta property=\"og:locale\" content=\"en_US\" \/>\n<meta property=\"og:type\" content=\"article\" \/>\n<meta property=\"og:title\" content=\"Exceptional Watches (Cl\u00e9ment Mazarian) - book \/ album - Folio\" \/>\n<meta property=\"og:description\" content=\"Wejd\u017a i kup ksi\u0105\u017ck\u0119 Exceptional Watches autorstwa Cl\u00e9ment Mazarian wydan\u0105 przez Octopus Publishing (2014-10-15) w formacie 20,3 x 29,2 cm (ISBN: 9781784729448). Zapraszamy!\" \/>\n<meta property=\"og:url\" content=\"https:\/\/foliobooks.pl\/en\/shop\/exceptional-watches\/\" \/>\n<meta property=\"og:site_name\" content=\"Folio\" \/>\n<meta property=\"og:image\" content=\"https:\/\/foliobooks.pl\/wp-content\/uploads\/2024\/12\/9781784729448.png\" \/>\n\t<meta property=\"og:image:width\" content=\"570\" \/>\n\t<meta property=\"og:image:height\" content=\"708\" \/>\n\t<meta property=\"og:image:type\" content=\"image\/png\" \/>\n<meta name=\"twitter:card\" content=\"summary_large_image\" \/>\n<meta name=\"twitter:label1\" content=\"Est. reading time\" \/>\n\t<meta name=\"twitter:data1\" content=\"2 minutes\" \/>\n<script type=\"application\/ld+json\" class=\"yoast-schema-graph\">{\"@context\":\"https:\\\/\\\/schema.org\",\"@graph\":[{\"@type\":\"WebPage\",\"@id\":\"https:\\\/\\\/foliobooks.pl\\\/en\\\/shop\\\/exceptional-watches\\\/\",\"url\":\"https:\\\/\\\/foliobooks.pl\\\/en\\\/shop\\\/exceptional-watches\\\/\",\"name\":\"Exceptional Watches (Cl\u00e9ment Mazarian) - book \\\/ album - Folio\",\"isPartOf\":{\"@id\":\"https:\\\/\\\/foliobooks.pl\\\/en\\\/#website\"},\"primaryImageOfPage\":{\"@id\":\"https:\\\/\\\/foliobooks.pl\\\/en\\\/shop\\\/exceptional-watches\\\/#primaryimage\"},\"image\":{\"@id\":\"https:\\\/\\\/foliobooks.pl\\\/en\\\/shop\\\/exceptional-watches\\\/#primaryimage\"},\"thumbnailUrl\":\"https:\\\/\\\/foliobooks.pl\\\/wp-content\\\/uploads\\\/2024\\\/12\\\/9781784729448.png\",\"datePublished\":\"2024-12-18T15:45:48+00:00\",\"description\":\"Wejd\u017a i kup ksi\u0105\u017ck\u0119 Exceptional Watches autorstwa Cl\u00e9ment Mazarian wydan\u0105 przez Octopus Publishing (2014-10-15) w formacie 20,3 x 29,2 cm (ISBN: 9781784729448). Zapraszamy!\",\"breadcrumb\":{\"@id\":\"https:\\\/\\\/foliobooks.pl\\\/en\\\/shop\\\/exceptional-watches\\\/#breadcrumb\"},\"inLanguage\":\"en-US\",\"potentialAction\":[{\"@type\":\"ReadAction\",\"target\":[\"https:\\\/\\\/foliobooks.pl\\\/en\\\/shop\\\/exceptional-watches\\\/\"]}]},{\"@type\":\"ImageObject\",\"inLanguage\":\"en-US\",\"@id\":\"https:\\\/\\\/foliobooks.pl\\\/en\\\/shop\\\/exceptional-watches\\\/#primaryimage\",\"url\":\"https:\\\/\\\/foliobooks.pl\\\/wp-content\\\/uploads\\\/2024\\\/12\\\/9781784729448.png\",\"contentUrl\":\"https:\\\/\\\/foliobooks.pl\\\/wp-content\\\/uploads\\\/2024\\\/12\\\/9781784729448.png\",\"width\":570,\"height\":708},{\"@type\":\"BreadcrumbList\",\"@id\":\"https:\\\/\\\/foliobooks.pl\\\/en\\\/shop\\\/exceptional-watches\\\/#breadcrumb\",\"itemListElement\":[{\"@type\":\"ListItem\",\"position\":1,\"name\":\"Strona g\u0142\u00f3wna\",\"item\":\"https:\\\/\\\/foliobooks.pl\\\/en\\\/\"},{\"@type\":\"ListItem\",\"position\":2,\"name\":\"Shop\",\"item\":\"https:\\\/\\\/foliobooks.pl\\\/en\\\/shop\\\/\"},{\"@type\":\"ListItem\",\"position\":3,\"name\":\"Exceptional Watches\"}]},{\"@type\":\"WebSite\",\"@id\":\"https:\\\/\\\/foliobooks.pl\\\/en\\\/#website\",\"url\":\"https:\\\/\\\/foliobooks.pl\\\/en\\\/\",\"name\":\"Folio\",\"description\":\"Ksi\u0119garnia internetowa\",\"potentialAction\":[{\"@type\":\"SearchAction\",\"target\":{\"@type\":\"EntryPoint\",\"urlTemplate\":\"https:\\\/\\\/foliobooks.pl\\\/en\\\/?s={search_term_string}\"},\"query-input\":{\"@type\":\"PropertyValueSpecification\",\"valueRequired\":true,\"valueName\":\"search_term_string\"}}],\"inLanguage\":\"en-US\"}]}<\/script>\n<!-- \/ Yoast SEO plugin. -->","yoast_head_json":{"title":"Exceptional Watches (Cl\u00e9ment Mazarian) - book \/ album - Folio","description":"Wejd\u017a i kup ksi\u0105\u017ck\u0119 Exceptional Watches autorstwa Cl\u00e9ment Mazarian wydan\u0105 przez Octopus Publishing (2014-10-15) w formacie 20,3 x 29,2 cm (ISBN: 9781784729448). Zapraszamy!","robots":{"index":"index","follow":"follow","max-snippet":"max-snippet:-1","max-image-preview":"max-image-preview:large","max-video-preview":"max-video-preview:-1"},"canonical":"https:\/\/foliobooks.pl\/en\/shop\/exceptional-watches\/","og_locale":"en_US","og_type":"article","og_title":"Exceptional Watches (Cl\u00e9ment Mazarian) - book \/ album - Folio","og_description":"Wejd\u017a i kup ksi\u0105\u017ck\u0119 Exceptional Watches autorstwa Cl\u00e9ment Mazarian wydan\u0105 przez Octopus Publishing (2014-10-15) w formacie 20,3 x 29,2 cm (ISBN: 9781784729448). Zapraszamy!","og_url":"https:\/\/foliobooks.pl\/en\/shop\/exceptional-watches\/","og_site_name":"Folio","og_image":[{"width":570,"height":708,"url":"https:\/\/foliobooks.pl\/wp-content\/uploads\/2024\/12\/9781784729448.png","type":"image\/png"}],"twitter_card":"summary_large_image","twitter_misc":{"Est. reading time":"2 minutes"},"schema":{"@context":"https:\/\/schema.org","@graph":[{"@type":"WebPage","@id":"https:\/\/foliobooks.pl\/en\/shop\/exceptional-watches\/","url":"https:\/\/foliobooks.pl\/en\/shop\/exceptional-watches\/","name":"Exceptional Watches (Cl\u00e9ment Mazarian) - book \/ album - Folio","isPartOf":{"@id":"https:\/\/foliobooks.pl\/en\/#website"},"primaryImageOfPage":{"@id":"https:\/\/foliobooks.pl\/en\/shop\/exceptional-watches\/#primaryimage"},"image":{"@id":"https:\/\/foliobooks.pl\/en\/shop\/exceptional-watches\/#primaryimage"},"thumbnailUrl":"https:\/\/foliobooks.pl\/wp-content\/uploads\/2024\/12\/9781784729448.png","datePublished":"2024-12-18T15:45:48+00:00","description":"Wejd\u017a i kup ksi\u0105\u017ck\u0119 Exceptional Watches autorstwa Cl\u00e9ment Mazarian wydan\u0105 przez Octopus Publishing (2014-10-15) w formacie 20,3 x 29,2 cm (ISBN: 9781784729448). Zapraszamy!","breadcrumb":{"@id":"https:\/\/foliobooks.pl\/en\/shop\/exceptional-watches\/#breadcrumb"},"inLanguage":"en-US","potentialAction":[{"@type":"ReadAction","target":["https:\/\/foliobooks.pl\/en\/shop\/exceptional-watches\/"]}]},{"@type":"ImageObject","inLanguage":"en-US","@id":"https:\/\/foliobooks.pl\/en\/shop\/exceptional-watches\/#primaryimage","url":"https:\/\/foliobooks.pl\/wp-content\/uploads\/2024\/12\/9781784729448.png","contentUrl":"https:\/\/foliobooks.pl\/wp-content\/uploads\/2024\/12\/9781784729448.png","width":570,"height":708},{"@type":"BreadcrumbList","@id":"https:\/\/foliobooks.pl\/en\/shop\/exceptional-watches\/#breadcrumb","itemListElement":[{"@type":"ListItem","position":1,"name":"Strona g\u0142\u00f3wna","item":"https:\/\/foliobooks.pl\/en\/"},{"@type":"ListItem","position":2,"name":"Shop","item":"https:\/\/foliobooks.pl\/en\/shop\/"},{"@type":"ListItem","position":3,"name":"Exceptional Watches"}]},{"@type":"WebSite","@id":"https:\/\/foliobooks.pl\/en\/#website","url":"https:\/\/foliobooks.pl\/en\/","name":"Folio","description":"Ksi\u0119garnia internetowa","potentialAction":[{"@type":"SearchAction","target":{"@type":"EntryPoint","urlTemplate":"https:\/\/foliobooks.pl\/en\/?s={search_term_string}"},"query-input":{"@type":"PropertyValueSpecification","valueRequired":true,"valueName":"search_term_string"}}],"inLanguage":"en-US"}]}},"_links":{"self":[{"href":"https:\/\/foliobooks.pl\/en\/wp-json\/wp\/v2\/product\/103915","targetHints":{"allow":["GET"]}}],"collection":[{"href":"https:\/\/foliobooks.pl\/en\/wp-json\/wp\/v2\/product"}],"about":[{"href":"https:\/\/foliobooks.pl\/en\/wp-json\/wp\/v2\/types\/product"}],"replies":[{"embeddable":true,"href":"https:\/\/foliobooks.pl\/en\/wp-json\/wp\/v2\/comments?post=103915"}],"wp:featuredmedia":[{"embeddable":true,"href":"https:\/\/foliobooks.pl\/en\/wp-json\/wp\/v2\/media\/103904"}],"wp:attachment":[{"href":"https:\/\/foliobooks.pl\/en\/wp-json\/wp\/v2\/media?parent=103915"}],"wp:term":[{"taxonomy":"product_brand","embeddable":true,"href":"https:\/\/foliobooks.pl\/en\/wp-json\/wp\/v2\/product_brand?post=103915"},{"taxonomy":"product_cat","embeddable":true,"href":"https:\/\/foliobooks.pl\/en\/wp-json\/wp\/v2\/product_cat?post=103915"},{"taxonomy":"product_tag","embeddable":true,"href":"https:\/\/foliobooks.pl\/en\/wp-json\/wp\/v2\/product_tag?post=103915"}],"curies":[{"name":"wp","href":"https:\/\/api.w.org\/{rel}","templated":true}]}}