{"id":103900,"date":"2024-12-18T16:14:30","date_gmt":"2024-12-18T15:14:30","guid":{"rendered":"https:\/\/foliobooks.pl\/sklep\/disco-music-movies-and-mania-under-the-mirror-ball\/"},"modified":"2024-12-18T16:50:11","modified_gmt":"2024-12-18T15:50:11","slug":"disco-music-movies-and-mania-under-the-mirror-ball","status":"publish","type":"product","link":"https:\/\/foliobooks.pl\/en\/shop\/disco-music-movies-and-mania-under-the-mirror-ball\/","title":{"rendered":"Disco: Music, Movies, and Mania under the Mirror Ball"},"content":{"rendered":"<p>This dazzling volume shines new light on the songs, styles, and enduring pop culture impact of the 1970s musical genre that emerged from Black and Latin queer culture to take the world by storm.<\/p>\n<p>Half a century after the drug-fueled, DJ-driven, glamour-drenched musical phenomenon of disco was born at a New York City loft party, disco\u2019s musical and fashion influences live on in popular culture.<\/p>\n<p>This is a frolicking, entertaining, yet serious tribute to the overlooked art form of disco, which has never been given its proper due, nor taken its true place in the historic struggle for LGBTQ+, gender, and racial equality.<\/p>\n<p>Painting a vivid portrait of this provocative era, DeCaro explores the cultural importance of disco and how the music and dance that originated in queer Black and Latin clubs of the day became a mainstream phenomenon, changing our culture along the way.<\/p>\n<p>With glamorous photos from disco\u2019s heyday up through today, DeCaro examines disco\u2019s pervasive influence on pop culture over the last fifty years\u2014exploring disco in film and television as well as in fashion and interior design.<\/p>\n<p>Through entertaining texts\u2014as well as interviews with artists and celebrities of the era, such as Donna Summer and Grace Jones, among others\u2014this book champions the diverse origins of disco while celebrating its influence on today\u2019s groundbreaking artists such as Lady Gaga, Duo Lipa, and Miley Cyrus. A must for all lovers of music, style, and pop culture.<\/p>\n","protected":false},"excerpt":{"rendered":"<p>This dazzling volume shines new light on the songs, styles, and enduring pop culture impact of the 1970s musical genre that emerged from Black and Latin queer culture to take the world by storm. Half a century after the drug-fueled, DJ-driven, glamour-drenched musical phenomenon of disco was born at a New York City loft party,&#8230;<\/p>\n","protected":false},"featured_media":103887,"comment_status":"closed","ping_status":"closed","template":"","meta":[],"product_brand":[],"product_cat":[4522,13533,4519,4517],"product_tag":[1102],"class_list":{"0":"post-103900","1":"product","2":"type-product","3":"status-publish","4":"has-post-thumbnail","6":"product_cat-art-en","7":"product_cat-books","8":"product_cat-fashion-en-en","9":"product_cat-photography-en","10":"product_tag-music-en","11":"pa_author_att-frank-decaro-en","12":"pa_cover-hardcover","13":"pa_format-224-x-286-cm-en","14":"pa_isbn-9780847899616-en","15":"pa_language-eng","16":"pa_pages-240-en","17":"pa_published-2024-09-17-en","18":"pa_publisher-rizzoli-en","20":"first","21":"outofstock","22":"sold-individually","23":"shipping-taxable","24":"purchasable","25":"product-type-simple"},"yoast_head":"<!-- This site is optimized with the Yoast SEO plugin v27.5 - https:\/\/yoast.com\/product\/yoast-seo-wordpress\/ -->\n<title>Disco: Music, Movies, and Mania under the Mirror Ball (Frank Decaro) - book \/ album - Folio<\/title>\n<meta name=\"description\" content=\"Wejd\u017a i kup ksi\u0105\u017ck\u0119 Disco: Music, Movies, and Mania under the Mirror Ball autorstwa Frank Decaro wydan\u0105 przez Rizzoli (2024-09-17) w formacie 22,4 x 28,6 cm (ISBN: 9780847899616). Zapraszamy!\" \/>\n<meta name=\"robots\" content=\"index, follow, max-snippet:-1, max-image-preview:large, max-video-preview:-1\" \/>\n<link rel=\"canonical\" href=\"https:\/\/foliobooks.pl\/en\/shop\/disco-music-movies-and-mania-under-the-mirror-ball\/\" \/>\n<meta property=\"og:locale\" content=\"en_US\" \/>\n<meta property=\"og:type\" content=\"article\" \/>\n<meta property=\"og:title\" content=\"Disco: Music, Movies, and Mania under the Mirror Ball (Frank Decaro) - book \/ album - Folio\" \/>\n<meta property=\"og:description\" content=\"Wejd\u017a i kup ksi\u0105\u017ck\u0119 Disco: Music, Movies, and Mania under the Mirror Ball autorstwa Frank Decaro wydan\u0105 przez Rizzoli (2024-09-17) w formacie 22,4 x 28,6 cm (ISBN: 9780847899616). Zapraszamy!\" \/>\n<meta property=\"og:url\" content=\"https:\/\/foliobooks.pl\/en\/shop\/disco-music-movies-and-mania-under-the-mirror-ball\/\" \/>\n<meta property=\"og:site_name\" content=\"Folio\" \/>\n<meta property=\"article:modified_time\" content=\"2024-12-18T15:50:11+00:00\" \/>\n<meta property=\"og:image\" content=\"https:\/\/foliobooks.pl\/wp-content\/uploads\/2024\/12\/9780847899616.png\" \/>\n\t<meta property=\"og:image:width\" content=\"570\" \/>\n\t<meta property=\"og:image:height\" content=\"708\" \/>\n\t<meta property=\"og:image:type\" content=\"image\/png\" \/>\n<meta name=\"twitter:card\" content=\"summary_large_image\" \/>\n<meta name=\"twitter:label1\" content=\"Est. reading time\" \/>\n\t<meta name=\"twitter:data1\" content=\"2 minutes\" \/>\n<script type=\"application\/ld+json\" class=\"yoast-schema-graph\">{\"@context\":\"https:\\\/\\\/schema.org\",\"@graph\":[{\"@type\":\"WebPage\",\"@id\":\"https:\\\/\\\/foliobooks.pl\\\/en\\\/shop\\\/disco-music-movies-and-mania-under-the-mirror-ball\\\/\",\"url\":\"https:\\\/\\\/foliobooks.pl\\\/en\\\/shop\\\/disco-music-movies-and-mania-under-the-mirror-ball\\\/\",\"name\":\"Disco: Music, Movies, and Mania under the Mirror Ball (Frank Decaro) - book \\\/ album - Folio\",\"isPartOf\":{\"@id\":\"https:\\\/\\\/foliobooks.pl\\\/en\\\/#website\"},\"primaryImageOfPage\":{\"@id\":\"https:\\\/\\\/foliobooks.pl\\\/en\\\/shop\\\/disco-music-movies-and-mania-under-the-mirror-ball\\\/#primaryimage\"},\"image\":{\"@id\":\"https:\\\/\\\/foliobooks.pl\\\/en\\\/shop\\\/disco-music-movies-and-mania-under-the-mirror-ball\\\/#primaryimage\"},\"thumbnailUrl\":\"https:\\\/\\\/foliobooks.pl\\\/wp-content\\\/uploads\\\/2024\\\/12\\\/9780847899616.png\",\"datePublished\":\"2024-12-18T15:14:30+00:00\",\"dateModified\":\"2024-12-18T15:50:11+00:00\",\"description\":\"Wejd\u017a i kup ksi\u0105\u017ck\u0119 Disco: Music, Movies, and Mania under the Mirror Ball autorstwa Frank Decaro wydan\u0105 przez Rizzoli (2024-09-17) w formacie 22,4 x 28,6 cm (ISBN: 9780847899616). Zapraszamy!\",\"breadcrumb\":{\"@id\":\"https:\\\/\\\/foliobooks.pl\\\/en\\\/shop\\\/disco-music-movies-and-mania-under-the-mirror-ball\\\/#breadcrumb\"},\"inLanguage\":\"en-US\",\"potentialAction\":[{\"@type\":\"ReadAction\",\"target\":[\"https:\\\/\\\/foliobooks.pl\\\/en\\\/shop\\\/disco-music-movies-and-mania-under-the-mirror-ball\\\/\"]}]},{\"@type\":\"ImageObject\",\"inLanguage\":\"en-US\",\"@id\":\"https:\\\/\\\/foliobooks.pl\\\/en\\\/shop\\\/disco-music-movies-and-mania-under-the-mirror-ball\\\/#primaryimage\",\"url\":\"https:\\\/\\\/foliobooks.pl\\\/wp-content\\\/uploads\\\/2024\\\/12\\\/9780847899616.png\",\"contentUrl\":\"https:\\\/\\\/foliobooks.pl\\\/wp-content\\\/uploads\\\/2024\\\/12\\\/9780847899616.png\",\"width\":570,\"height\":708},{\"@type\":\"BreadcrumbList\",\"@id\":\"https:\\\/\\\/foliobooks.pl\\\/en\\\/shop\\\/disco-music-movies-and-mania-under-the-mirror-ball\\\/#breadcrumb\",\"itemListElement\":[{\"@type\":\"ListItem\",\"position\":1,\"name\":\"Strona g\u0142\u00f3wna\",\"item\":\"https:\\\/\\\/foliobooks.pl\\\/en\\\/\"},{\"@type\":\"ListItem\",\"position\":2,\"name\":\"Shop\",\"item\":\"https:\\\/\\\/foliobooks.pl\\\/en\\\/shop\\\/\"},{\"@type\":\"ListItem\",\"position\":3,\"name\":\"Disco: Music, Movies, and Mania under the Mirror Ball\"}]},{\"@type\":\"WebSite\",\"@id\":\"https:\\\/\\\/foliobooks.pl\\\/en\\\/#website\",\"url\":\"https:\\\/\\\/foliobooks.pl\\\/en\\\/\",\"name\":\"Folio\",\"description\":\"Ksi\u0119garnia internetowa\",\"potentialAction\":[{\"@type\":\"SearchAction\",\"target\":{\"@type\":\"EntryPoint\",\"urlTemplate\":\"https:\\\/\\\/foliobooks.pl\\\/en\\\/?s={search_term_string}\"},\"query-input\":{\"@type\":\"PropertyValueSpecification\",\"valueRequired\":true,\"valueName\":\"search_term_string\"}}],\"inLanguage\":\"en-US\"}]}<\/script>\n<!-- \/ Yoast SEO plugin. -->","yoast_head_json":{"title":"Disco: Music, Movies, and Mania under the Mirror Ball (Frank Decaro) - book \/ album - Folio","description":"Wejd\u017a i kup ksi\u0105\u017ck\u0119 Disco: Music, Movies, and Mania under the Mirror Ball autorstwa Frank Decaro wydan\u0105 przez Rizzoli (2024-09-17) w formacie 22,4 x 28,6 cm (ISBN: 9780847899616). Zapraszamy!","robots":{"index":"index","follow":"follow","max-snippet":"max-snippet:-1","max-image-preview":"max-image-preview:large","max-video-preview":"max-video-preview:-1"},"canonical":"https:\/\/foliobooks.pl\/en\/shop\/disco-music-movies-and-mania-under-the-mirror-ball\/","og_locale":"en_US","og_type":"article","og_title":"Disco: Music, Movies, and Mania under the Mirror Ball (Frank Decaro) - book \/ album - Folio","og_description":"Wejd\u017a i kup ksi\u0105\u017ck\u0119 Disco: Music, Movies, and Mania under the Mirror Ball autorstwa Frank Decaro wydan\u0105 przez Rizzoli (2024-09-17) w formacie 22,4 x 28,6 cm (ISBN: 9780847899616). Zapraszamy!","og_url":"https:\/\/foliobooks.pl\/en\/shop\/disco-music-movies-and-mania-under-the-mirror-ball\/","og_site_name":"Folio","article_modified_time":"2024-12-18T15:50:11+00:00","og_image":[{"width":570,"height":708,"url":"https:\/\/foliobooks.pl\/wp-content\/uploads\/2024\/12\/9780847899616.png","type":"image\/png"}],"twitter_card":"summary_large_image","twitter_misc":{"Est. reading time":"2 minutes"},"schema":{"@context":"https:\/\/schema.org","@graph":[{"@type":"WebPage","@id":"https:\/\/foliobooks.pl\/en\/shop\/disco-music-movies-and-mania-under-the-mirror-ball\/","url":"https:\/\/foliobooks.pl\/en\/shop\/disco-music-movies-and-mania-under-the-mirror-ball\/","name":"Disco: Music, Movies, and Mania under the Mirror Ball (Frank Decaro) - book \/ album - Folio","isPartOf":{"@id":"https:\/\/foliobooks.pl\/en\/#website"},"primaryImageOfPage":{"@id":"https:\/\/foliobooks.pl\/en\/shop\/disco-music-movies-and-mania-under-the-mirror-ball\/#primaryimage"},"image":{"@id":"https:\/\/foliobooks.pl\/en\/shop\/disco-music-movies-and-mania-under-the-mirror-ball\/#primaryimage"},"thumbnailUrl":"https:\/\/foliobooks.pl\/wp-content\/uploads\/2024\/12\/9780847899616.png","datePublished":"2024-12-18T15:14:30+00:00","dateModified":"2024-12-18T15:50:11+00:00","description":"Wejd\u017a i kup ksi\u0105\u017ck\u0119 Disco: Music, Movies, and Mania under the Mirror Ball autorstwa Frank Decaro wydan\u0105 przez Rizzoli (2024-09-17) w formacie 22,4 x 28,6 cm (ISBN: 9780847899616). Zapraszamy!","breadcrumb":{"@id":"https:\/\/foliobooks.pl\/en\/shop\/disco-music-movies-and-mania-under-the-mirror-ball\/#breadcrumb"},"inLanguage":"en-US","potentialAction":[{"@type":"ReadAction","target":["https:\/\/foliobooks.pl\/en\/shop\/disco-music-movies-and-mania-under-the-mirror-ball\/"]}]},{"@type":"ImageObject","inLanguage":"en-US","@id":"https:\/\/foliobooks.pl\/en\/shop\/disco-music-movies-and-mania-under-the-mirror-ball\/#primaryimage","url":"https:\/\/foliobooks.pl\/wp-content\/uploads\/2024\/12\/9780847899616.png","contentUrl":"https:\/\/foliobooks.pl\/wp-content\/uploads\/2024\/12\/9780847899616.png","width":570,"height":708},{"@type":"BreadcrumbList","@id":"https:\/\/foliobooks.pl\/en\/shop\/disco-music-movies-and-mania-under-the-mirror-ball\/#breadcrumb","itemListElement":[{"@type":"ListItem","position":1,"name":"Strona g\u0142\u00f3wna","item":"https:\/\/foliobooks.pl\/en\/"},{"@type":"ListItem","position":2,"name":"Shop","item":"https:\/\/foliobooks.pl\/en\/shop\/"},{"@type":"ListItem","position":3,"name":"Disco: Music, Movies, and Mania under the Mirror Ball"}]},{"@type":"WebSite","@id":"https:\/\/foliobooks.pl\/en\/#website","url":"https:\/\/foliobooks.pl\/en\/","name":"Folio","description":"Ksi\u0119garnia internetowa","potentialAction":[{"@type":"SearchAction","target":{"@type":"EntryPoint","urlTemplate":"https:\/\/foliobooks.pl\/en\/?s={search_term_string}"},"query-input":{"@type":"PropertyValueSpecification","valueRequired":true,"valueName":"search_term_string"}}],"inLanguage":"en-US"}]}},"_links":{"self":[{"href":"https:\/\/foliobooks.pl\/en\/wp-json\/wp\/v2\/product\/103900","targetHints":{"allow":["GET"]}}],"collection":[{"href":"https:\/\/foliobooks.pl\/en\/wp-json\/wp\/v2\/product"}],"about":[{"href":"https:\/\/foliobooks.pl\/en\/wp-json\/wp\/v2\/types\/product"}],"replies":[{"embeddable":true,"href":"https:\/\/foliobooks.pl\/en\/wp-json\/wp\/v2\/comments?post=103900"}],"wp:featuredmedia":[{"embeddable":true,"href":"https:\/\/foliobooks.pl\/en\/wp-json\/wp\/v2\/media\/103887"}],"wp:attachment":[{"href":"https:\/\/foliobooks.pl\/en\/wp-json\/wp\/v2\/media?parent=103900"}],"wp:term":[{"taxonomy":"product_brand","embeddable":true,"href":"https:\/\/foliobooks.pl\/en\/wp-json\/wp\/v2\/product_brand?post=103900"},{"taxonomy":"product_cat","embeddable":true,"href":"https:\/\/foliobooks.pl\/en\/wp-json\/wp\/v2\/product_cat?post=103900"},{"taxonomy":"product_tag","embeddable":true,"href":"https:\/\/foliobooks.pl\/en\/wp-json\/wp\/v2\/product_tag?post=103900"}],"curies":[{"name":"wp","href":"https:\/\/api.w.org\/{rel}","templated":true}]}}