{"id":103785,"date":"2024-12-17T12:55:15","date_gmt":"2024-12-17T11:55:15","guid":{"rendered":"https:\/\/foliobooks.pl\/sklep\/atlas-of-mid-century-modern-masterpieces\/"},"modified":"2026-05-07T18:54:00","modified_gmt":"2026-05-07T16:54:00","slug":"atlas-of-mid-century-modern-masterpieces","status":"publish","type":"product","link":"https:\/\/foliobooks.pl\/en\/shop\/atlas-of-mid-century-modern-masterpieces\/","title":{"rendered":"Atlas of mid-century modern masterpieces"},"content":{"rendered":"<p>An innovative and original survey of the best Mid-Century Modern architecture from around the world<\/p>\n<p>Featuring 450 of the very best works of Mid-Century Modern architecture from every continent, the Atlas of Mid-Century Modern Masterpieces showcases how the architects of the time harnessed the post-war boom and increasing globalization to create forward-thinking designs on a grander scale.<\/p>\n<p>From embassies and office blocks to entertainments spaces and transport hubs, glamorous designs by such icons as Arne Jacobsen, Mies, Le Corbusier, Eero Saarinen, Alvar Aalto, Marcel Breuer, Frank Lloyd-Wright, and Oscar Niemeyer are each illustrated with stunning photography.<\/p>\n<p>This stylish hardcover book showcases buildings from every continent, from classic North American skyscrapers and European masterpieces to modest churches in Africa, and iconic swimming pools in Australia and is a must-have for all design and architecture aficionados.<\/p>\n","protected":false},"excerpt":{"rendered":"<p>An innovative and original survey of the best Mid-Century Modern architecture from around the world Featuring 450 of the very best works of Mid-Century Modern architecture from every continent, the Atlas of Mid-Century Modern Masterpieces showcases how the architects of the time harnessed the post-war boom and increasing globalization to create forward-thinking designs on a&#8230;<\/p>\n","protected":false},"featured_media":103770,"comment_status":"closed","ping_status":"closed","template":"","meta":[],"product_brand":[],"product_cat":[4516,13533],"product_tag":[6124,6567],"class_list":{"0":"post-103785","1":"product","2":"type-product","3":"status-publish","4":"has-post-thumbnail","6":"product_cat-architecture-en","7":"product_cat-books","8":"product_tag-architecture-en","9":"product_tag-contemporary-architecture-en","10":"pa_author_att-dominic-bradbury-en-2","11":"pa_cover-hardcover","12":"pa_format-248-x-348-cm-en","13":"pa_isbn-9781838666934-en","14":"pa_language-eng","15":"pa_pages-440-en","16":"pa_published-2024-09-10-en","17":"pa_publisher-phaidon-en","19":"first","20":"instock","21":"sold-individually","22":"shipping-taxable","23":"purchasable","24":"product-type-simple"},"yoast_head":"<!-- This site is optimized with the Yoast SEO plugin v27.5 - https:\/\/yoast.com\/product\/yoast-seo-wordpress\/ -->\n<title>Atlas of mid-century modern masterpieces (Dominic Bradbury) - book \/ album - Folio<\/title>\n<meta name=\"description\" content=\"Wejd\u017a i kup ksi\u0105\u017ck\u0119 Atlas of mid-century modern masterpieces autorstwa Dominic Bradbury wydan\u0105 przez PHAIDON (2024-09-10) w formacie 24,8 x 34,8 cm (ISBN: 9781838666934). Zapraszamy!\" \/>\n<meta name=\"robots\" content=\"index, follow, max-snippet:-1, max-image-preview:large, max-video-preview:-1\" \/>\n<link rel=\"canonical\" href=\"https:\/\/foliobooks.pl\/en\/shop\/atlas-of-mid-century-modern-masterpieces\/\" \/>\n<meta property=\"og:locale\" content=\"en_US\" \/>\n<meta property=\"og:type\" content=\"article\" \/>\n<meta property=\"og:title\" content=\"Atlas of mid-century modern masterpieces (Dominic Bradbury) - book \/ album - Folio\" \/>\n<meta property=\"og:description\" content=\"Wejd\u017a i kup ksi\u0105\u017ck\u0119 Atlas of mid-century modern masterpieces autorstwa Dominic Bradbury wydan\u0105 przez PHAIDON (2024-09-10) w formacie 24,8 x 34,8 cm (ISBN: 9781838666934). Zapraszamy!\" \/>\n<meta property=\"og:url\" content=\"https:\/\/foliobooks.pl\/en\/shop\/atlas-of-mid-century-modern-masterpieces\/\" \/>\n<meta property=\"og:site_name\" content=\"Folio\" \/>\n<meta property=\"article:modified_time\" content=\"2026-05-07T16:54:00+00:00\" \/>\n<meta property=\"og:image\" content=\"https:\/\/foliobooks.pl\/wp-content\/uploads\/2024\/12\/9781838666934.png\" \/>\n\t<meta property=\"og:image:width\" content=\"570\" \/>\n\t<meta property=\"og:image:height\" content=\"708\" \/>\n\t<meta property=\"og:image:type\" content=\"image\/png\" \/>\n<meta name=\"twitter:card\" content=\"summary_large_image\" \/>\n<meta name=\"twitter:label1\" content=\"Est. reading time\" \/>\n\t<meta name=\"twitter:data1\" content=\"2 minutes\" \/>\n<script type=\"application\/ld+json\" class=\"yoast-schema-graph\">{\"@context\":\"https:\\\/\\\/schema.org\",\"@graph\":[{\"@type\":\"WebPage\",\"@id\":\"https:\\\/\\\/foliobooks.pl\\\/en\\\/shop\\\/atlas-of-mid-century-modern-masterpieces\\\/\",\"url\":\"https:\\\/\\\/foliobooks.pl\\\/en\\\/shop\\\/atlas-of-mid-century-modern-masterpieces\\\/\",\"name\":\"Atlas of mid-century modern masterpieces (Dominic Bradbury) - book \\\/ album - Folio\",\"isPartOf\":{\"@id\":\"https:\\\/\\\/foliobooks.pl\\\/en\\\/#website\"},\"primaryImageOfPage\":{\"@id\":\"https:\\\/\\\/foliobooks.pl\\\/en\\\/shop\\\/atlas-of-mid-century-modern-masterpieces\\\/#primaryimage\"},\"image\":{\"@id\":\"https:\\\/\\\/foliobooks.pl\\\/en\\\/shop\\\/atlas-of-mid-century-modern-masterpieces\\\/#primaryimage\"},\"thumbnailUrl\":\"https:\\\/\\\/foliobooks.pl\\\/wp-content\\\/uploads\\\/2024\\\/12\\\/9781838666934.png\",\"datePublished\":\"2024-12-17T11:55:15+00:00\",\"dateModified\":\"2026-05-07T16:54:00+00:00\",\"description\":\"Wejd\u017a i kup ksi\u0105\u017ck\u0119 Atlas of mid-century modern masterpieces autorstwa Dominic Bradbury wydan\u0105 przez PHAIDON (2024-09-10) w formacie 24,8 x 34,8 cm (ISBN: 9781838666934). Zapraszamy!\",\"breadcrumb\":{\"@id\":\"https:\\\/\\\/foliobooks.pl\\\/en\\\/shop\\\/atlas-of-mid-century-modern-masterpieces\\\/#breadcrumb\"},\"inLanguage\":\"en-US\",\"potentialAction\":[{\"@type\":\"ReadAction\",\"target\":[\"https:\\\/\\\/foliobooks.pl\\\/en\\\/shop\\\/atlas-of-mid-century-modern-masterpieces\\\/\"]}]},{\"@type\":\"ImageObject\",\"inLanguage\":\"en-US\",\"@id\":\"https:\\\/\\\/foliobooks.pl\\\/en\\\/shop\\\/atlas-of-mid-century-modern-masterpieces\\\/#primaryimage\",\"url\":\"https:\\\/\\\/foliobooks.pl\\\/wp-content\\\/uploads\\\/2024\\\/12\\\/9781838666934.png\",\"contentUrl\":\"https:\\\/\\\/foliobooks.pl\\\/wp-content\\\/uploads\\\/2024\\\/12\\\/9781838666934.png\",\"width\":570,\"height\":708},{\"@type\":\"BreadcrumbList\",\"@id\":\"https:\\\/\\\/foliobooks.pl\\\/en\\\/shop\\\/atlas-of-mid-century-modern-masterpieces\\\/#breadcrumb\",\"itemListElement\":[{\"@type\":\"ListItem\",\"position\":1,\"name\":\"Strona g\u0142\u00f3wna\",\"item\":\"https:\\\/\\\/foliobooks.pl\\\/en\\\/\"},{\"@type\":\"ListItem\",\"position\":2,\"name\":\"Shop\",\"item\":\"https:\\\/\\\/foliobooks.pl\\\/en\\\/shop\\\/\"},{\"@type\":\"ListItem\",\"position\":3,\"name\":\"Atlas of mid-century modern masterpieces\"}]},{\"@type\":\"WebSite\",\"@id\":\"https:\\\/\\\/foliobooks.pl\\\/en\\\/#website\",\"url\":\"https:\\\/\\\/foliobooks.pl\\\/en\\\/\",\"name\":\"Folio\",\"description\":\"Ksi\u0119garnia internetowa\",\"potentialAction\":[{\"@type\":\"SearchAction\",\"target\":{\"@type\":\"EntryPoint\",\"urlTemplate\":\"https:\\\/\\\/foliobooks.pl\\\/en\\\/?s={search_term_string}\"},\"query-input\":{\"@type\":\"PropertyValueSpecification\",\"valueRequired\":true,\"valueName\":\"search_term_string\"}}],\"inLanguage\":\"en-US\"}]}<\/script>\n<!-- \/ Yoast SEO plugin. -->","yoast_head_json":{"title":"Atlas of mid-century modern masterpieces (Dominic Bradbury) - book \/ album - Folio","description":"Wejd\u017a i kup ksi\u0105\u017ck\u0119 Atlas of mid-century modern masterpieces autorstwa Dominic Bradbury wydan\u0105 przez PHAIDON (2024-09-10) w formacie 24,8 x 34,8 cm (ISBN: 9781838666934). Zapraszamy!","robots":{"index":"index","follow":"follow","max-snippet":"max-snippet:-1","max-image-preview":"max-image-preview:large","max-video-preview":"max-video-preview:-1"},"canonical":"https:\/\/foliobooks.pl\/en\/shop\/atlas-of-mid-century-modern-masterpieces\/","og_locale":"en_US","og_type":"article","og_title":"Atlas of mid-century modern masterpieces (Dominic Bradbury) - book \/ album - Folio","og_description":"Wejd\u017a i kup ksi\u0105\u017ck\u0119 Atlas of mid-century modern masterpieces autorstwa Dominic Bradbury wydan\u0105 przez PHAIDON (2024-09-10) w formacie 24,8 x 34,8 cm (ISBN: 9781838666934). Zapraszamy!","og_url":"https:\/\/foliobooks.pl\/en\/shop\/atlas-of-mid-century-modern-masterpieces\/","og_site_name":"Folio","article_modified_time":"2026-05-07T16:54:00+00:00","og_image":[{"width":570,"height":708,"url":"https:\/\/foliobooks.pl\/wp-content\/uploads\/2024\/12\/9781838666934.png","type":"image\/png"}],"twitter_card":"summary_large_image","twitter_misc":{"Est. reading time":"2 minutes"},"schema":{"@context":"https:\/\/schema.org","@graph":[{"@type":"WebPage","@id":"https:\/\/foliobooks.pl\/en\/shop\/atlas-of-mid-century-modern-masterpieces\/","url":"https:\/\/foliobooks.pl\/en\/shop\/atlas-of-mid-century-modern-masterpieces\/","name":"Atlas of mid-century modern masterpieces (Dominic Bradbury) - book \/ album - Folio","isPartOf":{"@id":"https:\/\/foliobooks.pl\/en\/#website"},"primaryImageOfPage":{"@id":"https:\/\/foliobooks.pl\/en\/shop\/atlas-of-mid-century-modern-masterpieces\/#primaryimage"},"image":{"@id":"https:\/\/foliobooks.pl\/en\/shop\/atlas-of-mid-century-modern-masterpieces\/#primaryimage"},"thumbnailUrl":"https:\/\/foliobooks.pl\/wp-content\/uploads\/2024\/12\/9781838666934.png","datePublished":"2024-12-17T11:55:15+00:00","dateModified":"2026-05-07T16:54:00+00:00","description":"Wejd\u017a i kup ksi\u0105\u017ck\u0119 Atlas of mid-century modern masterpieces autorstwa Dominic Bradbury wydan\u0105 przez PHAIDON (2024-09-10) w formacie 24,8 x 34,8 cm (ISBN: 9781838666934). Zapraszamy!","breadcrumb":{"@id":"https:\/\/foliobooks.pl\/en\/shop\/atlas-of-mid-century-modern-masterpieces\/#breadcrumb"},"inLanguage":"en-US","potentialAction":[{"@type":"ReadAction","target":["https:\/\/foliobooks.pl\/en\/shop\/atlas-of-mid-century-modern-masterpieces\/"]}]},{"@type":"ImageObject","inLanguage":"en-US","@id":"https:\/\/foliobooks.pl\/en\/shop\/atlas-of-mid-century-modern-masterpieces\/#primaryimage","url":"https:\/\/foliobooks.pl\/wp-content\/uploads\/2024\/12\/9781838666934.png","contentUrl":"https:\/\/foliobooks.pl\/wp-content\/uploads\/2024\/12\/9781838666934.png","width":570,"height":708},{"@type":"BreadcrumbList","@id":"https:\/\/foliobooks.pl\/en\/shop\/atlas-of-mid-century-modern-masterpieces\/#breadcrumb","itemListElement":[{"@type":"ListItem","position":1,"name":"Strona g\u0142\u00f3wna","item":"https:\/\/foliobooks.pl\/en\/"},{"@type":"ListItem","position":2,"name":"Shop","item":"https:\/\/foliobooks.pl\/en\/shop\/"},{"@type":"ListItem","position":3,"name":"Atlas of mid-century modern masterpieces"}]},{"@type":"WebSite","@id":"https:\/\/foliobooks.pl\/en\/#website","url":"https:\/\/foliobooks.pl\/en\/","name":"Folio","description":"Ksi\u0119garnia internetowa","potentialAction":[{"@type":"SearchAction","target":{"@type":"EntryPoint","urlTemplate":"https:\/\/foliobooks.pl\/en\/?s={search_term_string}"},"query-input":{"@type":"PropertyValueSpecification","valueRequired":true,"valueName":"search_term_string"}}],"inLanguage":"en-US"}]}},"_links":{"self":[{"href":"https:\/\/foliobooks.pl\/en\/wp-json\/wp\/v2\/product\/103785","targetHints":{"allow":["GET"]}}],"collection":[{"href":"https:\/\/foliobooks.pl\/en\/wp-json\/wp\/v2\/product"}],"about":[{"href":"https:\/\/foliobooks.pl\/en\/wp-json\/wp\/v2\/types\/product"}],"replies":[{"embeddable":true,"href":"https:\/\/foliobooks.pl\/en\/wp-json\/wp\/v2\/comments?post=103785"}],"wp:featuredmedia":[{"embeddable":true,"href":"https:\/\/foliobooks.pl\/en\/wp-json\/wp\/v2\/media\/103770"}],"wp:attachment":[{"href":"https:\/\/foliobooks.pl\/en\/wp-json\/wp\/v2\/media?parent=103785"}],"wp:term":[{"taxonomy":"product_brand","embeddable":true,"href":"https:\/\/foliobooks.pl\/en\/wp-json\/wp\/v2\/product_brand?post=103785"},{"taxonomy":"product_cat","embeddable":true,"href":"https:\/\/foliobooks.pl\/en\/wp-json\/wp\/v2\/product_cat?post=103785"},{"taxonomy":"product_tag","embeddable":true,"href":"https:\/\/foliobooks.pl\/en\/wp-json\/wp\/v2\/product_tag?post=103785"}],"curies":[{"name":"wp","href":"https:\/\/api.w.org\/{rel}","templated":true}]}}