{"id":103766,"date":"2024-12-17T12:34:26","date_gmt":"2024-12-17T11:34:26","guid":{"rendered":"https:\/\/foliobooks.pl\/sklep\/at-home-in-france\/"},"modified":"2024-12-17T12:35:24","modified_gmt":"2024-12-17T11:35:24","slug":"at-home-in-france","status":"publish","type":"product","link":"https:\/\/foliobooks.pl\/en\/shop\/at-home-in-france\/","title":{"rendered":"At Home in France"},"content":{"rendered":"<p><span class=\"a-text-bold\">In his third book, AD100 and\u00a0<\/span><span class=\"a-text-bold a-text-italic\">Elle Decor<\/span><span class=\"a-text-bold\">\u00a0A-List designer Corrigan shares the joys of decorating and living in his Paris apartment and new chateau infectiously inspiring us to design\u00a0<\/span><span class=\"a-text-bold a-text-italic\">\u00e0 la fran\u00e7aise<\/span><span class=\"a-text-bold\">.<\/span><\/p>\n<p>Having a nineteenth-century apartment in Paris steps from the Trocadero and Eiffel Tower is a dream. So is owning an eighteenth-century chateau in the French countryside known as the \u201cVersailles of the fields.\u201d Having both? That\u2019s the dreamy escapism found in designer Corrigan\u2019s new book, which will enchant Francophiles and design lovers alike with its rich trove of ideas for anyone wanting to decorate in a French-inspired style.<\/p>\n<p>In the first section of the book, Corrigan invites readers into his dazzling Paris apartment, walking them through the history of the building and his design plans, from the entryway through the salons, dining room, and bedrooms. In the second part, Corrigan shares his enduring love for French country homes. Traveling through his spectacular new ch\u00e2teau room by room, he tells the story of its purchase, restoration, and decoration. Layered throughout are insights and advice on topics ranging from antiquing in Paris, hanging art in the French style, hosting with panache, and exploring the French countryside.<\/p>\n<p>With gorgeous new photography commissioned for the book, this volume is a must for everyone who dreams of living in France and bringing French chic into their own lives.<\/p>\n","protected":false},"excerpt":{"rendered":"<p>In his third book, AD100 and\u00a0Elle Decor\u00a0A-List designer Corrigan shares the joys of decorating and living in his Paris apartment and new chateau infectiously inspiring us to design\u00a0\u00e0 la fran\u00e7aise. Having a nineteenth-century apartment in Paris steps from the Trocadero and Eiffel Tower is a dream. So is owning an eighteenth-century chateau in the French&#8230;<\/p>\n","protected":false},"featured_media":103751,"comment_status":"closed","ping_status":"closed","template":"","meta":[],"product_brand":[],"product_cat":[4516,13533],"product_tag":[6124,6143,11476,1122,290,18135],"class_list":{"0":"post-103766","1":"product","2":"type-product","3":"status-publish","4":"has-post-thumbnail","6":"product_cat-architecture-en","7":"product_cat-books","8":"product_tag-architecture-en","9":"product_tag-city","10":"product_tag-france-en","11":"product_tag-houses-en","12":"product_tag-interiors-en","13":"product_tag-wystroj-wnetrz-en","14":"pa_author_att-timothy-corrigan-en","15":"pa_cover-hardcover","16":"pa_format-237-x-312-cm-en","17":"pa_isbn-9780847829262-en","18":"pa_language-eng","19":"pa_pages-272-en-2","20":"pa_published-2024-09-03-en","21":"pa_publisher-rizzoli-en","23":"first","24":"instock","25":"sold-individually","26":"shipping-taxable","27":"purchasable","28":"product-type-simple"},"yoast_head":"<!-- This site is optimized with the Yoast SEO plugin v27.4 - https:\/\/yoast.com\/product\/yoast-seo-wordpress\/ -->\n<title>At Home in France (Timothy Corrigan) - book \/ album - Folio<\/title>\n<meta name=\"description\" content=\"Wejd\u017a i kup ksi\u0105\u017ck\u0119 At Home in France autorstwa Timothy Corrigan wydan\u0105 przez Rizzoli (2024-09-03) w formacie 23,7 x 31,2 cm (ISBN: 9780847829262). Zapraszamy!\" \/>\n<meta name=\"robots\" content=\"index, follow, max-snippet:-1, max-image-preview:large, max-video-preview:-1\" \/>\n<link rel=\"canonical\" href=\"https:\/\/foliobooks.pl\/en\/shop\/at-home-in-france\/\" \/>\n<meta property=\"og:locale\" content=\"en_US\" \/>\n<meta property=\"og:type\" content=\"article\" \/>\n<meta property=\"og:title\" content=\"At Home in France (Timothy Corrigan) - book \/ album - Folio\" \/>\n<meta property=\"og:description\" content=\"Wejd\u017a i kup ksi\u0105\u017ck\u0119 At Home in France autorstwa Timothy Corrigan wydan\u0105 przez Rizzoli (2024-09-03) w formacie 23,7 x 31,2 cm (ISBN: 9780847829262). Zapraszamy!\" \/>\n<meta property=\"og:url\" content=\"https:\/\/foliobooks.pl\/en\/shop\/at-home-in-france\/\" \/>\n<meta property=\"og:site_name\" content=\"Folio\" \/>\n<meta property=\"article:modified_time\" content=\"2024-12-17T11:35:24+00:00\" \/>\n<meta property=\"og:image\" content=\"https:\/\/foliobooks.pl\/wp-content\/uploads\/2024\/12\/9780847829262.png\" \/>\n\t<meta property=\"og:image:width\" content=\"570\" \/>\n\t<meta property=\"og:image:height\" content=\"708\" \/>\n\t<meta property=\"og:image:type\" content=\"image\/png\" \/>\n<meta name=\"twitter:card\" content=\"summary_large_image\" \/>\n<meta name=\"twitter:label1\" content=\"Est. reading time\" \/>\n\t<meta name=\"twitter:data1\" content=\"2 minutes\" \/>\n<script type=\"application\/ld+json\" class=\"yoast-schema-graph\">{\"@context\":\"https:\\\/\\\/schema.org\",\"@graph\":[{\"@type\":\"WebPage\",\"@id\":\"https:\\\/\\\/foliobooks.pl\\\/en\\\/shop\\\/at-home-in-france\\\/\",\"url\":\"https:\\\/\\\/foliobooks.pl\\\/en\\\/shop\\\/at-home-in-france\\\/\",\"name\":\"At Home in France (Timothy Corrigan) - book \\\/ album - Folio\",\"isPartOf\":{\"@id\":\"https:\\\/\\\/foliobooks.pl\\\/en\\\/#website\"},\"primaryImageOfPage\":{\"@id\":\"https:\\\/\\\/foliobooks.pl\\\/en\\\/shop\\\/at-home-in-france\\\/#primaryimage\"},\"image\":{\"@id\":\"https:\\\/\\\/foliobooks.pl\\\/en\\\/shop\\\/at-home-in-france\\\/#primaryimage\"},\"thumbnailUrl\":\"https:\\\/\\\/foliobooks.pl\\\/wp-content\\\/uploads\\\/2024\\\/12\\\/9780847829262.png\",\"datePublished\":\"2024-12-17T11:34:26+00:00\",\"dateModified\":\"2024-12-17T11:35:24+00:00\",\"description\":\"Wejd\u017a i kup ksi\u0105\u017ck\u0119 At Home in France autorstwa Timothy Corrigan wydan\u0105 przez Rizzoli (2024-09-03) w formacie 23,7 x 31,2 cm (ISBN: 9780847829262). Zapraszamy!\",\"breadcrumb\":{\"@id\":\"https:\\\/\\\/foliobooks.pl\\\/en\\\/shop\\\/at-home-in-france\\\/#breadcrumb\"},\"inLanguage\":\"en-US\",\"potentialAction\":[{\"@type\":\"ReadAction\",\"target\":[\"https:\\\/\\\/foliobooks.pl\\\/en\\\/shop\\\/at-home-in-france\\\/\"]}]},{\"@type\":\"ImageObject\",\"inLanguage\":\"en-US\",\"@id\":\"https:\\\/\\\/foliobooks.pl\\\/en\\\/shop\\\/at-home-in-france\\\/#primaryimage\",\"url\":\"https:\\\/\\\/foliobooks.pl\\\/wp-content\\\/uploads\\\/2024\\\/12\\\/9780847829262.png\",\"contentUrl\":\"https:\\\/\\\/foliobooks.pl\\\/wp-content\\\/uploads\\\/2024\\\/12\\\/9780847829262.png\",\"width\":570,\"height\":708},{\"@type\":\"BreadcrumbList\",\"@id\":\"https:\\\/\\\/foliobooks.pl\\\/en\\\/shop\\\/at-home-in-france\\\/#breadcrumb\",\"itemListElement\":[{\"@type\":\"ListItem\",\"position\":1,\"name\":\"Strona g\u0142\u00f3wna\",\"item\":\"https:\\\/\\\/foliobooks.pl\\\/en\\\/\"},{\"@type\":\"ListItem\",\"position\":2,\"name\":\"Shop\",\"item\":\"https:\\\/\\\/foliobooks.pl\\\/en\\\/shop\\\/\"},{\"@type\":\"ListItem\",\"position\":3,\"name\":\"At Home in France\"}]},{\"@type\":\"WebSite\",\"@id\":\"https:\\\/\\\/foliobooks.pl\\\/en\\\/#website\",\"url\":\"https:\\\/\\\/foliobooks.pl\\\/en\\\/\",\"name\":\"Folio\",\"description\":\"Ksi\u0119garnia internetowa\",\"potentialAction\":[{\"@type\":\"SearchAction\",\"target\":{\"@type\":\"EntryPoint\",\"urlTemplate\":\"https:\\\/\\\/foliobooks.pl\\\/en\\\/?s={search_term_string}\"},\"query-input\":{\"@type\":\"PropertyValueSpecification\",\"valueRequired\":true,\"valueName\":\"search_term_string\"}}],\"inLanguage\":\"en-US\"}]}<\/script>\n<!-- \/ Yoast SEO plugin. -->","yoast_head_json":{"title":"At Home in France (Timothy Corrigan) - book \/ album - Folio","description":"Wejd\u017a i kup ksi\u0105\u017ck\u0119 At Home in France autorstwa Timothy Corrigan wydan\u0105 przez Rizzoli (2024-09-03) w formacie 23,7 x 31,2 cm (ISBN: 9780847829262). Zapraszamy!","robots":{"index":"index","follow":"follow","max-snippet":"max-snippet:-1","max-image-preview":"max-image-preview:large","max-video-preview":"max-video-preview:-1"},"canonical":"https:\/\/foliobooks.pl\/en\/shop\/at-home-in-france\/","og_locale":"en_US","og_type":"article","og_title":"At Home in France (Timothy Corrigan) - book \/ album - Folio","og_description":"Wejd\u017a i kup ksi\u0105\u017ck\u0119 At Home in France autorstwa Timothy Corrigan wydan\u0105 przez Rizzoli (2024-09-03) w formacie 23,7 x 31,2 cm (ISBN: 9780847829262). Zapraszamy!","og_url":"https:\/\/foliobooks.pl\/en\/shop\/at-home-in-france\/","og_site_name":"Folio","article_modified_time":"2024-12-17T11:35:24+00:00","og_image":[{"width":570,"height":708,"url":"https:\/\/foliobooks.pl\/wp-content\/uploads\/2024\/12\/9780847829262.png","type":"image\/png"}],"twitter_card":"summary_large_image","twitter_misc":{"Est. reading time":"2 minutes"},"schema":{"@context":"https:\/\/schema.org","@graph":[{"@type":"WebPage","@id":"https:\/\/foliobooks.pl\/en\/shop\/at-home-in-france\/","url":"https:\/\/foliobooks.pl\/en\/shop\/at-home-in-france\/","name":"At Home in France (Timothy Corrigan) - book \/ album - Folio","isPartOf":{"@id":"https:\/\/foliobooks.pl\/en\/#website"},"primaryImageOfPage":{"@id":"https:\/\/foliobooks.pl\/en\/shop\/at-home-in-france\/#primaryimage"},"image":{"@id":"https:\/\/foliobooks.pl\/en\/shop\/at-home-in-france\/#primaryimage"},"thumbnailUrl":"https:\/\/foliobooks.pl\/wp-content\/uploads\/2024\/12\/9780847829262.png","datePublished":"2024-12-17T11:34:26+00:00","dateModified":"2024-12-17T11:35:24+00:00","description":"Wejd\u017a i kup ksi\u0105\u017ck\u0119 At Home in France autorstwa Timothy Corrigan wydan\u0105 przez Rizzoli (2024-09-03) w formacie 23,7 x 31,2 cm (ISBN: 9780847829262). Zapraszamy!","breadcrumb":{"@id":"https:\/\/foliobooks.pl\/en\/shop\/at-home-in-france\/#breadcrumb"},"inLanguage":"en-US","potentialAction":[{"@type":"ReadAction","target":["https:\/\/foliobooks.pl\/en\/shop\/at-home-in-france\/"]}]},{"@type":"ImageObject","inLanguage":"en-US","@id":"https:\/\/foliobooks.pl\/en\/shop\/at-home-in-france\/#primaryimage","url":"https:\/\/foliobooks.pl\/wp-content\/uploads\/2024\/12\/9780847829262.png","contentUrl":"https:\/\/foliobooks.pl\/wp-content\/uploads\/2024\/12\/9780847829262.png","width":570,"height":708},{"@type":"BreadcrumbList","@id":"https:\/\/foliobooks.pl\/en\/shop\/at-home-in-france\/#breadcrumb","itemListElement":[{"@type":"ListItem","position":1,"name":"Strona g\u0142\u00f3wna","item":"https:\/\/foliobooks.pl\/en\/"},{"@type":"ListItem","position":2,"name":"Shop","item":"https:\/\/foliobooks.pl\/en\/shop\/"},{"@type":"ListItem","position":3,"name":"At Home in France"}]},{"@type":"WebSite","@id":"https:\/\/foliobooks.pl\/en\/#website","url":"https:\/\/foliobooks.pl\/en\/","name":"Folio","description":"Ksi\u0119garnia internetowa","potentialAction":[{"@type":"SearchAction","target":{"@type":"EntryPoint","urlTemplate":"https:\/\/foliobooks.pl\/en\/?s={search_term_string}"},"query-input":{"@type":"PropertyValueSpecification","valueRequired":true,"valueName":"search_term_string"}}],"inLanguage":"en-US"}]}},"_links":{"self":[{"href":"https:\/\/foliobooks.pl\/en\/wp-json\/wp\/v2\/product\/103766","targetHints":{"allow":["GET"]}}],"collection":[{"href":"https:\/\/foliobooks.pl\/en\/wp-json\/wp\/v2\/product"}],"about":[{"href":"https:\/\/foliobooks.pl\/en\/wp-json\/wp\/v2\/types\/product"}],"replies":[{"embeddable":true,"href":"https:\/\/foliobooks.pl\/en\/wp-json\/wp\/v2\/comments?post=103766"}],"wp:featuredmedia":[{"embeddable":true,"href":"https:\/\/foliobooks.pl\/en\/wp-json\/wp\/v2\/media\/103751"}],"wp:attachment":[{"href":"https:\/\/foliobooks.pl\/en\/wp-json\/wp\/v2\/media?parent=103766"}],"wp:term":[{"taxonomy":"product_brand","embeddable":true,"href":"https:\/\/foliobooks.pl\/en\/wp-json\/wp\/v2\/product_brand?post=103766"},{"taxonomy":"product_cat","embeddable":true,"href":"https:\/\/foliobooks.pl\/en\/wp-json\/wp\/v2\/product_cat?post=103766"},{"taxonomy":"product_tag","embeddable":true,"href":"https:\/\/foliobooks.pl\/en\/wp-json\/wp\/v2\/product_tag?post=103766"}],"curies":[{"name":"wp","href":"https:\/\/api.w.org\/{rel}","templated":true}]}}