{"id":103711,"date":"2024-12-17T10:39:00","date_gmt":"2024-12-17T09:39:00","guid":{"rendered":"https:\/\/foliobooks.pl\/sklep\/1001-movie-posters-designs-of-the-times\/"},"modified":"2024-12-17T10:39:00","modified_gmt":"2024-12-17T09:39:00","slug":"1001-movie-posters-designs-of-the-times","status":"publish","type":"product","link":"https:\/\/foliobooks.pl\/en\/shop\/1001-movie-posters-designs-of-the-times\/","title":{"rendered":"1001 Movie Posters: Designs of the Times"},"content":{"rendered":"<p>Steeped in nostalgia, this beautiful, diverse and definitive collection features posters from over 20 countries with work by over 150 art directors and illustrators<\/p>\n<p>The most comprehensive overview of movie posters ever published, 1001 Movie Posters is a definitive coffee-table volume from world authority on the art form, Tony Nourmand. Spanning more than a century of global imagery, the book celebrates the most arresting, aesthetically powerful examples of the genre, including a number of posters that have never been published before.<br \/>\nThere has always been a raw immediacy to film posters: provoking and enticing, shocking and seducing audiences across the threshold of the movie theater. The artists tasked with communicating that have been at the forefront of design: groundbreaking visionaries such as Saul Bass and Paul Rand; Eastern European artists using poetic, surreal and often disturbing imagery in highly original and subversive concepts. Other poster artists have woven contemporaneous movements in art and popular culture into their designs, creating a time capsule of the obsessions and concerns of a different era.<br \/>\nIconic posters for films such as Metropolis, The Man with the Golden Arm, Breakfast at Tiffany\u2019s and Goldfinger sit alongside more unexpected and lesser-known artwork for films such as 2001, Star Wars, Taxi Driver and The Birds. Nearly all cinematic movements are included, from early silent masterpieces through German Expressionism, film noir of the 1940s, 1950s science fiction, the psychedelic imagery of the 1960s, the gritty violence and retribution of the 1970s and 1980s, and then onward into the 21st century, where the stripped-back graphics nod back to the Bass minimalism of the 1950s.<br \/>\nAn extraordinary visual compendium, 1001 Movie Posters is the final word on movie posters and a must for film lovers and anyone interested in the power of advertising and design.<\/p>\n","protected":false},"excerpt":{"rendered":"<p>Steeped in nostalgia, this beautiful, diverse and definitive collection features posters from over 20 countries with work by over 150 art directors and illustrators The most comprehensive overview of movie posters ever published, 1001 Movie Posters is a definitive coffee-table volume from world authority on the art form, Tony Nourmand. Spanning more than a century&#8230;<\/p>\n","protected":false},"featured_media":103689,"comment_status":"closed","ping_status":"closed","template":"","meta":[],"product_brand":[],"product_cat":[4522,13533,4523,4525],"product_tag":[18063,2253],"class_list":{"0":"post-103711","1":"product","2":"type-product","3":"status-publish","4":"has-post-thumbnail","6":"product_cat-art-en","7":"product_cat-books","8":"product_cat-design-en-en","9":"product_cat-graphic-design","10":"product_tag-film-en","11":"product_tag-graphics","12":"pa_author_att-tony-nourmand-en","13":"pa_cover-hardcover","14":"pa_format-29-x-245-cm-en","15":"pa_isbn-9781909526938-en","16":"pa_language-eng","17":"pa_pages-640-en","18":"pa_published-2024-09-03-en","19":"pa_publisher-reel-art-press-en","21":"first","22":"instock","23":"sold-individually","24":"shipping-taxable","25":"purchasable","26":"product-type-simple"},"yoast_head":"<!-- This site is optimized with the Yoast SEO plugin v27.4 - https:\/\/yoast.com\/product\/yoast-seo-wordpress\/ -->\n<title>1001 Movie Posters: Designs of the Times (Tony Nourmand) - book \/ album - Folio<\/title>\n<meta name=\"description\" content=\"Wejd\u017a i kup ksi\u0105\u017ck\u0119 1001 Movie Posters: Designs of the Times autorstwa Tony Nourmand wydan\u0105 przez Reel Art Press (2024-09-03) w formacie 29 x 24,5 cm (ISBN: 9781909526938). Zapraszamy!\" \/>\n<meta name=\"robots\" content=\"index, follow, max-snippet:-1, max-image-preview:large, max-video-preview:-1\" \/>\n<link rel=\"canonical\" href=\"https:\/\/foliobooks.pl\/en\/shop\/1001-movie-posters-designs-of-the-times\/\" \/>\n<meta property=\"og:locale\" content=\"en_US\" \/>\n<meta property=\"og:type\" content=\"article\" \/>\n<meta property=\"og:title\" content=\"1001 Movie Posters: Designs of the Times (Tony Nourmand) - book \/ album - Folio\" \/>\n<meta property=\"og:description\" content=\"Wejd\u017a i kup ksi\u0105\u017ck\u0119 1001 Movie Posters: Designs of the Times autorstwa Tony Nourmand wydan\u0105 przez Reel Art Press (2024-09-03) w formacie 29 x 24,5 cm (ISBN: 9781909526938). Zapraszamy!\" \/>\n<meta property=\"og:url\" content=\"https:\/\/foliobooks.pl\/en\/shop\/1001-movie-posters-designs-of-the-times\/\" \/>\n<meta property=\"og:site_name\" content=\"Folio\" \/>\n<meta property=\"og:image\" content=\"https:\/\/foliobooks.pl\/wp-content\/uploads\/2024\/12\/9781909526938.png\" \/>\n\t<meta property=\"og:image:width\" content=\"570\" \/>\n\t<meta property=\"og:image:height\" content=\"708\" \/>\n\t<meta property=\"og:image:type\" content=\"image\/png\" \/>\n<meta name=\"twitter:card\" content=\"summary_large_image\" \/>\n<meta name=\"twitter:label1\" content=\"Est. reading time\" \/>\n\t<meta name=\"twitter:data1\" content=\"2 minutes\" \/>\n<script type=\"application\/ld+json\" class=\"yoast-schema-graph\">{\"@context\":\"https:\\\/\\\/schema.org\",\"@graph\":[{\"@type\":\"WebPage\",\"@id\":\"https:\\\/\\\/foliobooks.pl\\\/en\\\/shop\\\/1001-movie-posters-designs-of-the-times\\\/\",\"url\":\"https:\\\/\\\/foliobooks.pl\\\/en\\\/shop\\\/1001-movie-posters-designs-of-the-times\\\/\",\"name\":\"1001 Movie Posters: Designs of the Times (Tony Nourmand) - book \\\/ album - Folio\",\"isPartOf\":{\"@id\":\"https:\\\/\\\/foliobooks.pl\\\/en\\\/#website\"},\"primaryImageOfPage\":{\"@id\":\"https:\\\/\\\/foliobooks.pl\\\/en\\\/shop\\\/1001-movie-posters-designs-of-the-times\\\/#primaryimage\"},\"image\":{\"@id\":\"https:\\\/\\\/foliobooks.pl\\\/en\\\/shop\\\/1001-movie-posters-designs-of-the-times\\\/#primaryimage\"},\"thumbnailUrl\":\"https:\\\/\\\/foliobooks.pl\\\/wp-content\\\/uploads\\\/2024\\\/12\\\/9781909526938.png\",\"datePublished\":\"2024-12-17T09:39:00+00:00\",\"description\":\"Wejd\u017a i kup ksi\u0105\u017ck\u0119 1001 Movie Posters: Designs of the Times autorstwa Tony Nourmand wydan\u0105 przez Reel Art Press (2024-09-03) w formacie 29 x 24,5 cm (ISBN: 9781909526938). Zapraszamy!\",\"breadcrumb\":{\"@id\":\"https:\\\/\\\/foliobooks.pl\\\/en\\\/shop\\\/1001-movie-posters-designs-of-the-times\\\/#breadcrumb\"},\"inLanguage\":\"en-US\",\"potentialAction\":[{\"@type\":\"ReadAction\",\"target\":[\"https:\\\/\\\/foliobooks.pl\\\/en\\\/shop\\\/1001-movie-posters-designs-of-the-times\\\/\"]}]},{\"@type\":\"ImageObject\",\"inLanguage\":\"en-US\",\"@id\":\"https:\\\/\\\/foliobooks.pl\\\/en\\\/shop\\\/1001-movie-posters-designs-of-the-times\\\/#primaryimage\",\"url\":\"https:\\\/\\\/foliobooks.pl\\\/wp-content\\\/uploads\\\/2024\\\/12\\\/9781909526938.png\",\"contentUrl\":\"https:\\\/\\\/foliobooks.pl\\\/wp-content\\\/uploads\\\/2024\\\/12\\\/9781909526938.png\",\"width\":570,\"height\":708},{\"@type\":\"BreadcrumbList\",\"@id\":\"https:\\\/\\\/foliobooks.pl\\\/en\\\/shop\\\/1001-movie-posters-designs-of-the-times\\\/#breadcrumb\",\"itemListElement\":[{\"@type\":\"ListItem\",\"position\":1,\"name\":\"Strona g\u0142\u00f3wna\",\"item\":\"https:\\\/\\\/foliobooks.pl\\\/en\\\/\"},{\"@type\":\"ListItem\",\"position\":2,\"name\":\"Shop\",\"item\":\"https:\\\/\\\/foliobooks.pl\\\/en\\\/shop\\\/\"},{\"@type\":\"ListItem\",\"position\":3,\"name\":\"1001 Movie Posters: Designs of the Times\"}]},{\"@type\":\"WebSite\",\"@id\":\"https:\\\/\\\/foliobooks.pl\\\/en\\\/#website\",\"url\":\"https:\\\/\\\/foliobooks.pl\\\/en\\\/\",\"name\":\"Folio\",\"description\":\"Ksi\u0119garnia internetowa\",\"potentialAction\":[{\"@type\":\"SearchAction\",\"target\":{\"@type\":\"EntryPoint\",\"urlTemplate\":\"https:\\\/\\\/foliobooks.pl\\\/en\\\/?s={search_term_string}\"},\"query-input\":{\"@type\":\"PropertyValueSpecification\",\"valueRequired\":true,\"valueName\":\"search_term_string\"}}],\"inLanguage\":\"en-US\"}]}<\/script>\n<!-- \/ Yoast SEO plugin. -->","yoast_head_json":{"title":"1001 Movie Posters: Designs of the Times (Tony Nourmand) - book \/ album - Folio","description":"Wejd\u017a i kup ksi\u0105\u017ck\u0119 1001 Movie Posters: Designs of the Times autorstwa Tony Nourmand wydan\u0105 przez Reel Art Press (2024-09-03) w formacie 29 x 24,5 cm (ISBN: 9781909526938). Zapraszamy!","robots":{"index":"index","follow":"follow","max-snippet":"max-snippet:-1","max-image-preview":"max-image-preview:large","max-video-preview":"max-video-preview:-1"},"canonical":"https:\/\/foliobooks.pl\/en\/shop\/1001-movie-posters-designs-of-the-times\/","og_locale":"en_US","og_type":"article","og_title":"1001 Movie Posters: Designs of the Times (Tony Nourmand) - book \/ album - Folio","og_description":"Wejd\u017a i kup ksi\u0105\u017ck\u0119 1001 Movie Posters: Designs of the Times autorstwa Tony Nourmand wydan\u0105 przez Reel Art Press (2024-09-03) w formacie 29 x 24,5 cm (ISBN: 9781909526938). Zapraszamy!","og_url":"https:\/\/foliobooks.pl\/en\/shop\/1001-movie-posters-designs-of-the-times\/","og_site_name":"Folio","og_image":[{"width":570,"height":708,"url":"https:\/\/foliobooks.pl\/wp-content\/uploads\/2024\/12\/9781909526938.png","type":"image\/png"}],"twitter_card":"summary_large_image","twitter_misc":{"Est. reading time":"2 minutes"},"schema":{"@context":"https:\/\/schema.org","@graph":[{"@type":"WebPage","@id":"https:\/\/foliobooks.pl\/en\/shop\/1001-movie-posters-designs-of-the-times\/","url":"https:\/\/foliobooks.pl\/en\/shop\/1001-movie-posters-designs-of-the-times\/","name":"1001 Movie Posters: Designs of the Times (Tony Nourmand) - book \/ album - Folio","isPartOf":{"@id":"https:\/\/foliobooks.pl\/en\/#website"},"primaryImageOfPage":{"@id":"https:\/\/foliobooks.pl\/en\/shop\/1001-movie-posters-designs-of-the-times\/#primaryimage"},"image":{"@id":"https:\/\/foliobooks.pl\/en\/shop\/1001-movie-posters-designs-of-the-times\/#primaryimage"},"thumbnailUrl":"https:\/\/foliobooks.pl\/wp-content\/uploads\/2024\/12\/9781909526938.png","datePublished":"2024-12-17T09:39:00+00:00","description":"Wejd\u017a i kup ksi\u0105\u017ck\u0119 1001 Movie Posters: Designs of the Times autorstwa Tony Nourmand wydan\u0105 przez Reel Art Press (2024-09-03) w formacie 29 x 24,5 cm (ISBN: 9781909526938). Zapraszamy!","breadcrumb":{"@id":"https:\/\/foliobooks.pl\/en\/shop\/1001-movie-posters-designs-of-the-times\/#breadcrumb"},"inLanguage":"en-US","potentialAction":[{"@type":"ReadAction","target":["https:\/\/foliobooks.pl\/en\/shop\/1001-movie-posters-designs-of-the-times\/"]}]},{"@type":"ImageObject","inLanguage":"en-US","@id":"https:\/\/foliobooks.pl\/en\/shop\/1001-movie-posters-designs-of-the-times\/#primaryimage","url":"https:\/\/foliobooks.pl\/wp-content\/uploads\/2024\/12\/9781909526938.png","contentUrl":"https:\/\/foliobooks.pl\/wp-content\/uploads\/2024\/12\/9781909526938.png","width":570,"height":708},{"@type":"BreadcrumbList","@id":"https:\/\/foliobooks.pl\/en\/shop\/1001-movie-posters-designs-of-the-times\/#breadcrumb","itemListElement":[{"@type":"ListItem","position":1,"name":"Strona g\u0142\u00f3wna","item":"https:\/\/foliobooks.pl\/en\/"},{"@type":"ListItem","position":2,"name":"Shop","item":"https:\/\/foliobooks.pl\/en\/shop\/"},{"@type":"ListItem","position":3,"name":"1001 Movie Posters: Designs of the Times"}]},{"@type":"WebSite","@id":"https:\/\/foliobooks.pl\/en\/#website","url":"https:\/\/foliobooks.pl\/en\/","name":"Folio","description":"Ksi\u0119garnia internetowa","potentialAction":[{"@type":"SearchAction","target":{"@type":"EntryPoint","urlTemplate":"https:\/\/foliobooks.pl\/en\/?s={search_term_string}"},"query-input":{"@type":"PropertyValueSpecification","valueRequired":true,"valueName":"search_term_string"}}],"inLanguage":"en-US"}]}},"_links":{"self":[{"href":"https:\/\/foliobooks.pl\/en\/wp-json\/wp\/v2\/product\/103711","targetHints":{"allow":["GET"]}}],"collection":[{"href":"https:\/\/foliobooks.pl\/en\/wp-json\/wp\/v2\/product"}],"about":[{"href":"https:\/\/foliobooks.pl\/en\/wp-json\/wp\/v2\/types\/product"}],"replies":[{"embeddable":true,"href":"https:\/\/foliobooks.pl\/en\/wp-json\/wp\/v2\/comments?post=103711"}],"wp:featuredmedia":[{"embeddable":true,"href":"https:\/\/foliobooks.pl\/en\/wp-json\/wp\/v2\/media\/103689"}],"wp:attachment":[{"href":"https:\/\/foliobooks.pl\/en\/wp-json\/wp\/v2\/media?parent=103711"}],"wp:term":[{"taxonomy":"product_brand","embeddable":true,"href":"https:\/\/foliobooks.pl\/en\/wp-json\/wp\/v2\/product_brand?post=103711"},{"taxonomy":"product_cat","embeddable":true,"href":"https:\/\/foliobooks.pl\/en\/wp-json\/wp\/v2\/product_cat?post=103711"},{"taxonomy":"product_tag","embeddable":true,"href":"https:\/\/foliobooks.pl\/en\/wp-json\/wp\/v2\/product_tag?post=103711"}],"curies":[{"name":"wp","href":"https:\/\/api.w.org\/{rel}","templated":true}]}}