{"id":103547,"date":"2024-12-03T15:11:47","date_gmt":"2024-12-03T14:11:47","guid":{"rendered":"https:\/\/foliobooks.pl\/sklep\/james-bond-style\/"},"modified":"2026-04-09T17:16:46","modified_gmt":"2026-04-09T15:16:46","slug":"james-bond-style","status":"publish","type":"product","link":"https:\/\/foliobooks.pl\/en\/shop\/james-bond-style\/","title":{"rendered":"James Bond Style"},"content":{"rendered":"<p>From sharp suits and cult watches to glamorous gowns and scene-stealing bathing suits, James Bond Style explores the timeless fashion in all twenty-five Bond movies, not only of 007 himself throughout the eras, but also his nemeses, love interests, and colleagues. Academy-Award-winning costume designer Lindy Hemming, who worked on five Bond films, wrote the book\u2019s text and captions, in addition to contributing to creative direction and photo selection. The book also includes an introduction from Dylan Jones OBE, editor-in-chief of the London\u00a0<em>Evening Standard<\/em>.<\/p>\n<p>The book is separated by Bonds in chronological order, namely Sean Connery, Roger Moore, George Lazenby, Timothy Dalton, Pierce Brosnan, and Daniel Craig, each chapter filled with the most iconic looks from the actors\u2019 films, from Dr. No to No Time To Die. In addition, there are extensive behind-the-scenes insights and stories from both the costume designers who worked on every movie as well the actual designers behind the outfits\u2014think: Donatella Versace, Tom Ford, and Jenny Packham\u2014plus a host of actors, from Pierce Brosnan and Daniel Craig to Michelle Yeoh and Grace Jones. These anecdotes reveal the sheer scale of the business that is Bond style, for instance, thirty-three bespoke Tom Ford tuxedos were made for No Time To Die in record time (and received just twenty- four hours before filming), while in Quantum Of Solace, Prada fabricated twenty dresses for Olga Kurylenko\u2014as she wore the piece through most of the film, they needed one dress for each stage of the action, from brand-new to dust-covered to ruined.<\/p>\n<p>And all the most memorable moments are inside, like Ursula Andress emerging from the waves in that famous white bikini, to the homages to that scene: Halle Berry in a shocking orange La Perla bathing suit in Die Another Day, and, in a completely unplanned and now completely viral take, Daniel Craig, also in La Perla, on a Bahamian beach in Casino Royale (one of the trunks used was later auctioned for \u00a344,450).<\/p>\n<p>Thanks to its never-before-seen sketches, detailed fashion analysis, and extensive research by the series official archivist, we\u2019re confident in saying that no book in history has chronicled the sartorial aspect of the Bond franchise as comprehensively as James Bond Style, otherwise known as the ultimate Bond style bible.<\/p>\n","protected":false},"excerpt":{"rendered":"<p>From sharp suits and cult watches to glamorous gowns and scene-stealing bathing suits, James Bond Style explores the timeless fashion in all twenty-five Bond movies, not only of 007 himself throughout the eras, but also his nemeses, love interests, and colleagues. Academy-Award-winning costume designer Lindy Hemming, who worked on five Bond films, wrote the book\u2019s&#8230;<\/p>\n","protected":false},"featured_media":103538,"comment_status":"closed","ping_status":"closed","template":"","meta":[],"product_brand":[],"product_cat":[4522,13533],"product_tag":[18063,514],"class_list":{"0":"post-103547","1":"product","2":"type-product","3":"status-publish","4":"has-post-thumbnail","6":"product_cat-art-en","7":"product_cat-books","8":"product_tag-film-en","9":"product_tag-men-en","10":"pa_author_att-lindy-hemming-en","11":"pa_cover-hardcover","12":"pa_format-25-x-33-cm-en","13":"pa_isbn-9781649803917-en","14":"pa_language-eng","15":"pa_pages-232-en","16":"pa_published-2024-10-01-en","17":"pa_publisher-assouline-en","19":"first","20":"instock","21":"sale","22":"sold-individually","23":"shipping-taxable","24":"purchasable","25":"product-type-simple"},"yoast_head":"<!-- This site is optimized with the Yoast SEO plugin v27.4 - https:\/\/yoast.com\/product\/yoast-seo-wordpress\/ -->\n<title>James Bond Style (Lindy Hemming) - book \/ album - Folio<\/title>\n<meta name=\"description\" content=\"Wejd\u017a i kup ksi\u0105\u017ck\u0119 James Bond Style autorstwa Lindy Hemming wydan\u0105 przez Assouline (2024-10-01) w formacie 25 x 33 cm (ISBN: 9781649803917). Zapraszamy!\" \/>\n<meta name=\"robots\" content=\"index, follow, max-snippet:-1, max-image-preview:large, max-video-preview:-1\" \/>\n<link rel=\"canonical\" href=\"https:\/\/foliobooks.pl\/en\/shop\/james-bond-style\/\" \/>\n<meta property=\"og:locale\" content=\"en_US\" \/>\n<meta property=\"og:type\" content=\"article\" \/>\n<meta property=\"og:title\" content=\"James Bond Style (Lindy Hemming) - book \/ album - Folio\" \/>\n<meta property=\"og:description\" content=\"Wejd\u017a i kup ksi\u0105\u017ck\u0119 James Bond Style autorstwa Lindy Hemming wydan\u0105 przez Assouline (2024-10-01) w formacie 25 x 33 cm (ISBN: 9781649803917). Zapraszamy!\" \/>\n<meta property=\"og:url\" content=\"https:\/\/foliobooks.pl\/en\/shop\/james-bond-style\/\" \/>\n<meta property=\"og:site_name\" content=\"Folio\" \/>\n<meta property=\"article:modified_time\" content=\"2026-04-09T15:16:46+00:00\" \/>\n<meta property=\"og:image\" content=\"https:\/\/foliobooks.pl\/wp-content\/uploads\/2024\/12\/9781649803917.png\" \/>\n\t<meta property=\"og:image:width\" content=\"570\" \/>\n\t<meta property=\"og:image:height\" content=\"708\" \/>\n\t<meta property=\"og:image:type\" content=\"image\/png\" \/>\n<meta name=\"twitter:card\" content=\"summary_large_image\" \/>\n<meta name=\"twitter:label1\" content=\"Est. reading time\" \/>\n\t<meta name=\"twitter:data1\" content=\"3 minutes\" \/>\n<script type=\"application\/ld+json\" class=\"yoast-schema-graph\">{\"@context\":\"https:\\\/\\\/schema.org\",\"@graph\":[{\"@type\":\"WebPage\",\"@id\":\"https:\\\/\\\/foliobooks.pl\\\/en\\\/shop\\\/james-bond-style\\\/\",\"url\":\"https:\\\/\\\/foliobooks.pl\\\/en\\\/shop\\\/james-bond-style\\\/\",\"name\":\"James Bond Style (Lindy Hemming) - book \\\/ album - Folio\",\"isPartOf\":{\"@id\":\"https:\\\/\\\/foliobooks.pl\\\/en\\\/#website\"},\"primaryImageOfPage\":{\"@id\":\"https:\\\/\\\/foliobooks.pl\\\/en\\\/shop\\\/james-bond-style\\\/#primaryimage\"},\"image\":{\"@id\":\"https:\\\/\\\/foliobooks.pl\\\/en\\\/shop\\\/james-bond-style\\\/#primaryimage\"},\"thumbnailUrl\":\"https:\\\/\\\/foliobooks.pl\\\/wp-content\\\/uploads\\\/2024\\\/12\\\/9781649803917.png\",\"datePublished\":\"2024-12-03T14:11:47+00:00\",\"dateModified\":\"2026-04-09T15:16:46+00:00\",\"description\":\"Wejd\u017a i kup ksi\u0105\u017ck\u0119 James Bond Style autorstwa Lindy Hemming wydan\u0105 przez Assouline (2024-10-01) w formacie 25 x 33 cm (ISBN: 9781649803917). Zapraszamy!\",\"breadcrumb\":{\"@id\":\"https:\\\/\\\/foliobooks.pl\\\/en\\\/shop\\\/james-bond-style\\\/#breadcrumb\"},\"inLanguage\":\"en-US\",\"potentialAction\":[{\"@type\":\"ReadAction\",\"target\":[\"https:\\\/\\\/foliobooks.pl\\\/en\\\/shop\\\/james-bond-style\\\/\"]}]},{\"@type\":\"ImageObject\",\"inLanguage\":\"en-US\",\"@id\":\"https:\\\/\\\/foliobooks.pl\\\/en\\\/shop\\\/james-bond-style\\\/#primaryimage\",\"url\":\"https:\\\/\\\/foliobooks.pl\\\/wp-content\\\/uploads\\\/2024\\\/12\\\/9781649803917.png\",\"contentUrl\":\"https:\\\/\\\/foliobooks.pl\\\/wp-content\\\/uploads\\\/2024\\\/12\\\/9781649803917.png\",\"width\":570,\"height\":708},{\"@type\":\"BreadcrumbList\",\"@id\":\"https:\\\/\\\/foliobooks.pl\\\/en\\\/shop\\\/james-bond-style\\\/#breadcrumb\",\"itemListElement\":[{\"@type\":\"ListItem\",\"position\":1,\"name\":\"Strona g\u0142\u00f3wna\",\"item\":\"https:\\\/\\\/foliobooks.pl\\\/en\\\/\"},{\"@type\":\"ListItem\",\"position\":2,\"name\":\"Shop\",\"item\":\"https:\\\/\\\/foliobooks.pl\\\/en\\\/shop\\\/\"},{\"@type\":\"ListItem\",\"position\":3,\"name\":\"James Bond Style\"}]},{\"@type\":\"WebSite\",\"@id\":\"https:\\\/\\\/foliobooks.pl\\\/en\\\/#website\",\"url\":\"https:\\\/\\\/foliobooks.pl\\\/en\\\/\",\"name\":\"Folio\",\"description\":\"Ksi\u0119garnia internetowa\",\"potentialAction\":[{\"@type\":\"SearchAction\",\"target\":{\"@type\":\"EntryPoint\",\"urlTemplate\":\"https:\\\/\\\/foliobooks.pl\\\/en\\\/?s={search_term_string}\"},\"query-input\":{\"@type\":\"PropertyValueSpecification\",\"valueRequired\":true,\"valueName\":\"search_term_string\"}}],\"inLanguage\":\"en-US\"}]}<\/script>\n<!-- \/ Yoast SEO plugin. -->","yoast_head_json":{"title":"James Bond Style (Lindy Hemming) - book \/ album - Folio","description":"Wejd\u017a i kup ksi\u0105\u017ck\u0119 James Bond Style autorstwa Lindy Hemming wydan\u0105 przez Assouline (2024-10-01) w formacie 25 x 33 cm (ISBN: 9781649803917). Zapraszamy!","robots":{"index":"index","follow":"follow","max-snippet":"max-snippet:-1","max-image-preview":"max-image-preview:large","max-video-preview":"max-video-preview:-1"},"canonical":"https:\/\/foliobooks.pl\/en\/shop\/james-bond-style\/","og_locale":"en_US","og_type":"article","og_title":"James Bond Style (Lindy Hemming) - book \/ album - Folio","og_description":"Wejd\u017a i kup ksi\u0105\u017ck\u0119 James Bond Style autorstwa Lindy Hemming wydan\u0105 przez Assouline (2024-10-01) w formacie 25 x 33 cm (ISBN: 9781649803917). Zapraszamy!","og_url":"https:\/\/foliobooks.pl\/en\/shop\/james-bond-style\/","og_site_name":"Folio","article_modified_time":"2026-04-09T15:16:46+00:00","og_image":[{"width":570,"height":708,"url":"https:\/\/foliobooks.pl\/wp-content\/uploads\/2024\/12\/9781649803917.png","type":"image\/png"}],"twitter_card":"summary_large_image","twitter_misc":{"Est. reading time":"3 minutes"},"schema":{"@context":"https:\/\/schema.org","@graph":[{"@type":"WebPage","@id":"https:\/\/foliobooks.pl\/en\/shop\/james-bond-style\/","url":"https:\/\/foliobooks.pl\/en\/shop\/james-bond-style\/","name":"James Bond Style (Lindy Hemming) - book \/ album - Folio","isPartOf":{"@id":"https:\/\/foliobooks.pl\/en\/#website"},"primaryImageOfPage":{"@id":"https:\/\/foliobooks.pl\/en\/shop\/james-bond-style\/#primaryimage"},"image":{"@id":"https:\/\/foliobooks.pl\/en\/shop\/james-bond-style\/#primaryimage"},"thumbnailUrl":"https:\/\/foliobooks.pl\/wp-content\/uploads\/2024\/12\/9781649803917.png","datePublished":"2024-12-03T14:11:47+00:00","dateModified":"2026-04-09T15:16:46+00:00","description":"Wejd\u017a i kup ksi\u0105\u017ck\u0119 James Bond Style autorstwa Lindy Hemming wydan\u0105 przez Assouline (2024-10-01) w formacie 25 x 33 cm (ISBN: 9781649803917). Zapraszamy!","breadcrumb":{"@id":"https:\/\/foliobooks.pl\/en\/shop\/james-bond-style\/#breadcrumb"},"inLanguage":"en-US","potentialAction":[{"@type":"ReadAction","target":["https:\/\/foliobooks.pl\/en\/shop\/james-bond-style\/"]}]},{"@type":"ImageObject","inLanguage":"en-US","@id":"https:\/\/foliobooks.pl\/en\/shop\/james-bond-style\/#primaryimage","url":"https:\/\/foliobooks.pl\/wp-content\/uploads\/2024\/12\/9781649803917.png","contentUrl":"https:\/\/foliobooks.pl\/wp-content\/uploads\/2024\/12\/9781649803917.png","width":570,"height":708},{"@type":"BreadcrumbList","@id":"https:\/\/foliobooks.pl\/en\/shop\/james-bond-style\/#breadcrumb","itemListElement":[{"@type":"ListItem","position":1,"name":"Strona g\u0142\u00f3wna","item":"https:\/\/foliobooks.pl\/en\/"},{"@type":"ListItem","position":2,"name":"Shop","item":"https:\/\/foliobooks.pl\/en\/shop\/"},{"@type":"ListItem","position":3,"name":"James Bond Style"}]},{"@type":"WebSite","@id":"https:\/\/foliobooks.pl\/en\/#website","url":"https:\/\/foliobooks.pl\/en\/","name":"Folio","description":"Ksi\u0119garnia internetowa","potentialAction":[{"@type":"SearchAction","target":{"@type":"EntryPoint","urlTemplate":"https:\/\/foliobooks.pl\/en\/?s={search_term_string}"},"query-input":{"@type":"PropertyValueSpecification","valueRequired":true,"valueName":"search_term_string"}}],"inLanguage":"en-US"}]}},"_links":{"self":[{"href":"https:\/\/foliobooks.pl\/en\/wp-json\/wp\/v2\/product\/103547","targetHints":{"allow":["GET"]}}],"collection":[{"href":"https:\/\/foliobooks.pl\/en\/wp-json\/wp\/v2\/product"}],"about":[{"href":"https:\/\/foliobooks.pl\/en\/wp-json\/wp\/v2\/types\/product"}],"replies":[{"embeddable":true,"href":"https:\/\/foliobooks.pl\/en\/wp-json\/wp\/v2\/comments?post=103547"}],"wp:featuredmedia":[{"embeddable":true,"href":"https:\/\/foliobooks.pl\/en\/wp-json\/wp\/v2\/media\/103538"}],"wp:attachment":[{"href":"https:\/\/foliobooks.pl\/en\/wp-json\/wp\/v2\/media?parent=103547"}],"wp:term":[{"taxonomy":"product_brand","embeddable":true,"href":"https:\/\/foliobooks.pl\/en\/wp-json\/wp\/v2\/product_brand?post=103547"},{"taxonomy":"product_cat","embeddable":true,"href":"https:\/\/foliobooks.pl\/en\/wp-json\/wp\/v2\/product_cat?post=103547"},{"taxonomy":"product_tag","embeddable":true,"href":"https:\/\/foliobooks.pl\/en\/wp-json\/wp\/v2\/product_tag?post=103547"}],"curies":[{"name":"wp","href":"https:\/\/api.w.org\/{rel}","templated":true}]}}