{"id":103399,"date":"2024-11-15T13:43:52","date_gmt":"2024-11-15T12:43:52","guid":{"rendered":"https:\/\/foliobooks.pl\/sklep\/the-white-book\/"},"modified":"2025-07-01T18:20:53","modified_gmt":"2025-07-01T16:20:53","slug":"the-white-book","status":"publish","type":"product","link":"https:\/\/foliobooks.pl\/en\/shop\/the-white-book\/","title":{"rendered":"The White Book"},"content":{"rendered":"<p><span class=\"a-text-bold\">The calming power of the colour white<\/span><\/p>\n<p>White is considered the calming force among colours. In contrast to loud red or pink, white does not feel the need to take up a lot of space, instead it elegantly reflects the coveted quiet luxury. The all-white look appears clean, elegant and timeless to minimalist, but always luxurious. Like a canvas, white allows room for creative design options in fashion. It encourages you to try out new things, possibly adding different colour accents or textures and patterns.<\/p>\n<p><span class=\"a-text-bold\">Elegant additions to the &#8220;Fashion, Styles &amp; Stories&#8221; series\u00a0<\/span><\/p>\n<p>The new\u00a0<span class=\"a-text-bold\">&#8220;Fashion, Styles &amp; Stories&#8221;<\/span>\u00a0series is entering the next round. After the first illustrated books on the colours black and pink were published in spring, two more titles on red and white will now complete the stylish series in autumn, not only thematically but also visually.<\/p>\n<p>Thanks to the eye-catching colour section, the books are real statement pieces for the coffee table of every design enthusiast. With their luxurious presentation and elegant feel, the illustrated books almost become a fashion item in your own living room. The continuous design lends them a decorative, collectable character. So you are not forced to limit yourself to your favourite colour, but can create creative combinations.<\/p>\n<p><span class=\"a-text-bold\">Captivating fashion photography in a class of its own<\/span><\/p>\n<p>Each coffee table book in the series is an invitation to the fascinating world of fashion and is dedicated to the impressive power of colour. Using high-fashion images straight from the catwalks of the most important fashion brands, street-style photographs from the Fashion Week metropolises and inspiring quotes from leading fashion designers and style icons about the monochrome lifestyle, the two authors\u00a0<span class=\"a-text-bold\">Heide Christansen<\/span>\u00a0and\u00a0<span class=\"a-text-bold\">Martin Fraas<\/span>\u00a0explore the meaning of colour in each case.<\/p>\n<p>The exciting world of images is accompanied by short texts that explain the history and development of colours in the context of fashion. The glossy photographs are complemented by exciting background stories, because inspiration is the top priority for these titles.<\/p>\n<p><span class=\"a-text-bold\">The haute couture of coffee table books\u00a0<\/span><\/p>\n<p>For anyone who is interested in high fashion brands such as Chanel, Louis Vuitton, Versace, Dior, Givenchy, Armani, Balenciaga or Valentino and would like to experience this runway feeling in their home interior,\u00a0<span class=\"a-text-bold\">&#8220;The White Book&#8221;<\/span>\u00a0is not only the trend piece of the season, but also a timeless must-have!<\/p>\n","protected":false},"excerpt":{"rendered":"<p>The calming power of the colour white White is considered the calming force among colours. In contrast to loud red or pink, white does not feel the need to take up a lot of space, instead it elegantly reflects the coveted quiet luxury. The all-white look appears clean, elegant and timeless to minimalist, but always&#8230;<\/p>\n","protected":false},"featured_media":103386,"comment_status":"closed","ping_status":"closed","template":"","meta":[],"product_brand":[],"product_cat":[13533,4519,4517],"product_tag":[6125],"class_list":{"0":"post-103399","1":"product","2":"type-product","3":"status-publish","4":"has-post-thumbnail","6":"product_cat-books","7":"product_cat-fashion-en-en","8":"product_cat-photography-en","9":"product_tag-fashion","10":"pa_author_att-heide-christiansen-en","11":"pa_cover-hardcover","12":"pa_format-242-x-31-cm-en","13":"pa_isbn-9783961715916-en","14":"pa_language-eng","15":"pa_pages-208-en-3","16":"pa_published-2024-10-01-en","17":"pa_publisher-teneues-en","19":"first","20":"instock","21":"sold-individually","22":"shipping-taxable","23":"purchasable","24":"product-type-simple"},"yoast_head":"<!-- This site is optimized with the Yoast SEO plugin v27.4 - https:\/\/yoast.com\/product\/yoast-seo-wordpress\/ -->\n<title>The White Book (Heide Christiansen) - book \/ album - Folio<\/title>\n<meta name=\"description\" content=\"Wejd\u017a i kup ksi\u0105\u017ck\u0119 The White Book autorstwa Heide Christiansen wydan\u0105 przez teNeues (2024-10-01) w formacie 24,2 x 31 cm (ISBN: 9783961715916). Zapraszamy!\" \/>\n<meta name=\"robots\" content=\"index, follow, max-snippet:-1, max-image-preview:large, max-video-preview:-1\" \/>\n<link rel=\"canonical\" href=\"https:\/\/foliobooks.pl\/en\/shop\/the-white-book\/\" \/>\n<meta property=\"og:locale\" content=\"en_US\" \/>\n<meta property=\"og:type\" content=\"article\" \/>\n<meta property=\"og:title\" content=\"The White Book (Heide Christiansen) - book \/ album - Folio\" \/>\n<meta property=\"og:description\" content=\"Wejd\u017a i kup ksi\u0105\u017ck\u0119 The White Book autorstwa Heide Christiansen wydan\u0105 przez teNeues (2024-10-01) w formacie 24,2 x 31 cm (ISBN: 9783961715916). Zapraszamy!\" \/>\n<meta property=\"og:url\" content=\"https:\/\/foliobooks.pl\/en\/shop\/the-white-book\/\" \/>\n<meta property=\"og:site_name\" content=\"Folio\" \/>\n<meta property=\"article:modified_time\" content=\"2025-07-01T16:20:53+00:00\" \/>\n<meta property=\"og:image\" content=\"https:\/\/foliobooks.pl\/wp-content\/uploads\/2024\/11\/9783961715916.png\" \/>\n\t<meta property=\"og:image:width\" content=\"570\" \/>\n\t<meta property=\"og:image:height\" content=\"708\" \/>\n\t<meta property=\"og:image:type\" content=\"image\/png\" \/>\n<meta name=\"twitter:card\" content=\"summary_large_image\" \/>\n<meta name=\"twitter:label1\" content=\"Est. reading time\" \/>\n\t<meta name=\"twitter:data1\" content=\"3 minutes\" \/>\n<script type=\"application\/ld+json\" class=\"yoast-schema-graph\">{\"@context\":\"https:\\\/\\\/schema.org\",\"@graph\":[{\"@type\":\"WebPage\",\"@id\":\"https:\\\/\\\/foliobooks.pl\\\/en\\\/shop\\\/the-white-book\\\/\",\"url\":\"https:\\\/\\\/foliobooks.pl\\\/en\\\/shop\\\/the-white-book\\\/\",\"name\":\"The White Book (Heide Christiansen) - book \\\/ album - Folio\",\"isPartOf\":{\"@id\":\"https:\\\/\\\/foliobooks.pl\\\/en\\\/#website\"},\"primaryImageOfPage\":{\"@id\":\"https:\\\/\\\/foliobooks.pl\\\/en\\\/shop\\\/the-white-book\\\/#primaryimage\"},\"image\":{\"@id\":\"https:\\\/\\\/foliobooks.pl\\\/en\\\/shop\\\/the-white-book\\\/#primaryimage\"},\"thumbnailUrl\":\"https:\\\/\\\/foliobooks.pl\\\/wp-content\\\/uploads\\\/2024\\\/11\\\/9783961715916.png\",\"datePublished\":\"2024-11-15T12:43:52+00:00\",\"dateModified\":\"2025-07-01T16:20:53+00:00\",\"description\":\"Wejd\u017a i kup ksi\u0105\u017ck\u0119 The White Book autorstwa Heide Christiansen wydan\u0105 przez teNeues (2024-10-01) w formacie 24,2 x 31 cm (ISBN: 9783961715916). Zapraszamy!\",\"breadcrumb\":{\"@id\":\"https:\\\/\\\/foliobooks.pl\\\/en\\\/shop\\\/the-white-book\\\/#breadcrumb\"},\"inLanguage\":\"en-US\",\"potentialAction\":[{\"@type\":\"ReadAction\",\"target\":[\"https:\\\/\\\/foliobooks.pl\\\/en\\\/shop\\\/the-white-book\\\/\"]}]},{\"@type\":\"ImageObject\",\"inLanguage\":\"en-US\",\"@id\":\"https:\\\/\\\/foliobooks.pl\\\/en\\\/shop\\\/the-white-book\\\/#primaryimage\",\"url\":\"https:\\\/\\\/foliobooks.pl\\\/wp-content\\\/uploads\\\/2024\\\/11\\\/9783961715916.png\",\"contentUrl\":\"https:\\\/\\\/foliobooks.pl\\\/wp-content\\\/uploads\\\/2024\\\/11\\\/9783961715916.png\",\"width\":570,\"height\":708},{\"@type\":\"BreadcrumbList\",\"@id\":\"https:\\\/\\\/foliobooks.pl\\\/en\\\/shop\\\/the-white-book\\\/#breadcrumb\",\"itemListElement\":[{\"@type\":\"ListItem\",\"position\":1,\"name\":\"Strona g\u0142\u00f3wna\",\"item\":\"https:\\\/\\\/foliobooks.pl\\\/en\\\/\"},{\"@type\":\"ListItem\",\"position\":2,\"name\":\"Shop\",\"item\":\"https:\\\/\\\/foliobooks.pl\\\/en\\\/shop\\\/\"},{\"@type\":\"ListItem\",\"position\":3,\"name\":\"The White Book\"}]},{\"@type\":\"WebSite\",\"@id\":\"https:\\\/\\\/foliobooks.pl\\\/en\\\/#website\",\"url\":\"https:\\\/\\\/foliobooks.pl\\\/en\\\/\",\"name\":\"Folio\",\"description\":\"Ksi\u0119garnia internetowa\",\"potentialAction\":[{\"@type\":\"SearchAction\",\"target\":{\"@type\":\"EntryPoint\",\"urlTemplate\":\"https:\\\/\\\/foliobooks.pl\\\/en\\\/?s={search_term_string}\"},\"query-input\":{\"@type\":\"PropertyValueSpecification\",\"valueRequired\":true,\"valueName\":\"search_term_string\"}}],\"inLanguage\":\"en-US\"}]}<\/script>\n<!-- \/ Yoast SEO plugin. -->","yoast_head_json":{"title":"The White Book (Heide Christiansen) - book \/ album - Folio","description":"Wejd\u017a i kup ksi\u0105\u017ck\u0119 The White Book autorstwa Heide Christiansen wydan\u0105 przez teNeues (2024-10-01) w formacie 24,2 x 31 cm (ISBN: 9783961715916). Zapraszamy!","robots":{"index":"index","follow":"follow","max-snippet":"max-snippet:-1","max-image-preview":"max-image-preview:large","max-video-preview":"max-video-preview:-1"},"canonical":"https:\/\/foliobooks.pl\/en\/shop\/the-white-book\/","og_locale":"en_US","og_type":"article","og_title":"The White Book (Heide Christiansen) - book \/ album - Folio","og_description":"Wejd\u017a i kup ksi\u0105\u017ck\u0119 The White Book autorstwa Heide Christiansen wydan\u0105 przez teNeues (2024-10-01) w formacie 24,2 x 31 cm (ISBN: 9783961715916). Zapraszamy!","og_url":"https:\/\/foliobooks.pl\/en\/shop\/the-white-book\/","og_site_name":"Folio","article_modified_time":"2025-07-01T16:20:53+00:00","og_image":[{"width":570,"height":708,"url":"https:\/\/foliobooks.pl\/wp-content\/uploads\/2024\/11\/9783961715916.png","type":"image\/png"}],"twitter_card":"summary_large_image","twitter_misc":{"Est. reading time":"3 minutes"},"schema":{"@context":"https:\/\/schema.org","@graph":[{"@type":"WebPage","@id":"https:\/\/foliobooks.pl\/en\/shop\/the-white-book\/","url":"https:\/\/foliobooks.pl\/en\/shop\/the-white-book\/","name":"The White Book (Heide Christiansen) - book \/ album - Folio","isPartOf":{"@id":"https:\/\/foliobooks.pl\/en\/#website"},"primaryImageOfPage":{"@id":"https:\/\/foliobooks.pl\/en\/shop\/the-white-book\/#primaryimage"},"image":{"@id":"https:\/\/foliobooks.pl\/en\/shop\/the-white-book\/#primaryimage"},"thumbnailUrl":"https:\/\/foliobooks.pl\/wp-content\/uploads\/2024\/11\/9783961715916.png","datePublished":"2024-11-15T12:43:52+00:00","dateModified":"2025-07-01T16:20:53+00:00","description":"Wejd\u017a i kup ksi\u0105\u017ck\u0119 The White Book autorstwa Heide Christiansen wydan\u0105 przez teNeues (2024-10-01) w formacie 24,2 x 31 cm (ISBN: 9783961715916). Zapraszamy!","breadcrumb":{"@id":"https:\/\/foliobooks.pl\/en\/shop\/the-white-book\/#breadcrumb"},"inLanguage":"en-US","potentialAction":[{"@type":"ReadAction","target":["https:\/\/foliobooks.pl\/en\/shop\/the-white-book\/"]}]},{"@type":"ImageObject","inLanguage":"en-US","@id":"https:\/\/foliobooks.pl\/en\/shop\/the-white-book\/#primaryimage","url":"https:\/\/foliobooks.pl\/wp-content\/uploads\/2024\/11\/9783961715916.png","contentUrl":"https:\/\/foliobooks.pl\/wp-content\/uploads\/2024\/11\/9783961715916.png","width":570,"height":708},{"@type":"BreadcrumbList","@id":"https:\/\/foliobooks.pl\/en\/shop\/the-white-book\/#breadcrumb","itemListElement":[{"@type":"ListItem","position":1,"name":"Strona g\u0142\u00f3wna","item":"https:\/\/foliobooks.pl\/en\/"},{"@type":"ListItem","position":2,"name":"Shop","item":"https:\/\/foliobooks.pl\/en\/shop\/"},{"@type":"ListItem","position":3,"name":"The White Book"}]},{"@type":"WebSite","@id":"https:\/\/foliobooks.pl\/en\/#website","url":"https:\/\/foliobooks.pl\/en\/","name":"Folio","description":"Ksi\u0119garnia internetowa","potentialAction":[{"@type":"SearchAction","target":{"@type":"EntryPoint","urlTemplate":"https:\/\/foliobooks.pl\/en\/?s={search_term_string}"},"query-input":{"@type":"PropertyValueSpecification","valueRequired":true,"valueName":"search_term_string"}}],"inLanguage":"en-US"}]}},"_links":{"self":[{"href":"https:\/\/foliobooks.pl\/en\/wp-json\/wp\/v2\/product\/103399","targetHints":{"allow":["GET"]}}],"collection":[{"href":"https:\/\/foliobooks.pl\/en\/wp-json\/wp\/v2\/product"}],"about":[{"href":"https:\/\/foliobooks.pl\/en\/wp-json\/wp\/v2\/types\/product"}],"replies":[{"embeddable":true,"href":"https:\/\/foliobooks.pl\/en\/wp-json\/wp\/v2\/comments?post=103399"}],"wp:featuredmedia":[{"embeddable":true,"href":"https:\/\/foliobooks.pl\/en\/wp-json\/wp\/v2\/media\/103386"}],"wp:attachment":[{"href":"https:\/\/foliobooks.pl\/en\/wp-json\/wp\/v2\/media?parent=103399"}],"wp:term":[{"taxonomy":"product_brand","embeddable":true,"href":"https:\/\/foliobooks.pl\/en\/wp-json\/wp\/v2\/product_brand?post=103399"},{"taxonomy":"product_cat","embeddable":true,"href":"https:\/\/foliobooks.pl\/en\/wp-json\/wp\/v2\/product_cat?post=103399"},{"taxonomy":"product_tag","embeddable":true,"href":"https:\/\/foliobooks.pl\/en\/wp-json\/wp\/v2\/product_tag?post=103399"}],"curies":[{"name":"wp","href":"https:\/\/api.w.org\/{rel}","templated":true}]}}