{"id":103383,"date":"2024-11-15T13:36:04","date_gmt":"2024-11-15T12:36:04","guid":{"rendered":"https:\/\/foliobooks.pl\/sklep\/viktorrolf-fashion-statements\/"},"modified":"2026-04-27T11:52:58","modified_gmt":"2026-04-27T09:52:58","slug":"viktorrolf-fashion-statements","status":"publish","type":"product","link":"https:\/\/foliobooks.pl\/en\/shop\/viktorrolf-fashion-statements\/","title":{"rendered":"Viktor&#038;Rolf Fashion Statements"},"content":{"rendered":"<p><span class=\"a-text-bold\">An unconventional approach to design at an avant-garde luxury fashion house.<\/span><\/p>\n<p>For more than three decades, Viktor Horsting and Rolf Snoeren have explored, with breathtaking virtuosity, the boundaries between the worlds of haute couture and art. This book reflects Horsting and Snoeren\u2019s passions, obsessions, and singular vision through the work of their fashion house, Viktor&amp;Rolf.<\/p>\n<p>Viktor&amp;Rolf\u2019s creations have been embraced by artists like Madonna, Tilda Swinton, Lady Gaga, Doja Cat, and Cardi B, as well as many dancers and opera singers. This book presents one hundred of the designers\u2019 most daring couture pieces alongside works by renowned visual artists like Ellen von Unwerth, Andreas Gursky, Inez &amp; Vinoodh, and Cindy Sherman. Along with introductory essays and an interview with Horsting and Snoeren, this is an in-depth look at Viktor&amp;Rolf\u2019s unique concept of wearable art.<\/p>\n","protected":false},"excerpt":{"rendered":"<p>An unconventional approach to design at an avant-garde luxury fashion house. For more than three decades, Viktor Horsting and Rolf Snoeren have explored, with breathtaking virtuosity, the boundaries between the worlds of haute couture and art. This book reflects Horsting and Snoeren\u2019s passions, obsessions, and singular vision through the work of their fashion house, Viktor&amp;Rolf&#8230;.<\/p>\n","protected":false},"featured_media":103376,"comment_status":"closed","ping_status":"closed","template":"","meta":[],"product_brand":[],"product_cat":[13533,4523,4525],"product_tag":[4524],"class_list":{"0":"post-103383","1":"product","2":"type-product","3":"status-publish","4":"has-post-thumbnail","6":"product_cat-books","7":"product_cat-design-en-en","8":"product_cat-graphic-design","9":"product_tag-design-en-en","10":"pa_author_att-thierry-maxime-loriot-en","11":"pa_cover-hardcover","12":"pa_format-24-x-29-cm-en","13":"pa_isbn-9783777443065-en","14":"pa_language-eng","15":"pa_pages-312-en-2","16":"pa_published-2024-06-11-en","17":"pa_publisher-hirmer-en","19":"first","20":"instock","21":"sale","22":"sold-individually","23":"shipping-taxable","24":"purchasable","25":"product-type-simple"},"yoast_head":"<!-- This site is optimized with the Yoast SEO plugin v27.5 - https:\/\/yoast.com\/product\/yoast-seo-wordpress\/ -->\n<title>Viktor&amp;Rolf Fashion Statements (Thierry-Maxime Loriot) - book \/ album - Folio<\/title>\n<meta name=\"description\" content=\"Wejd\u017a i kup ksi\u0105\u017ck\u0119 Viktor&amp;Rolf Fashion Statements autorstwa Thierry-Maxime Loriot wydan\u0105 przez Hirmer (2024-06-11) w formacie 24 x 29 cm (ISBN: 9783777443065). Zapraszamy!\" \/>\n<meta name=\"robots\" content=\"index, follow, max-snippet:-1, max-image-preview:large, max-video-preview:-1\" \/>\n<link rel=\"canonical\" href=\"https:\/\/foliobooks.pl\/en\/shop\/viktorrolf-fashion-statements\/\" \/>\n<meta property=\"og:locale\" content=\"en_US\" \/>\n<meta property=\"og:type\" content=\"article\" \/>\n<meta property=\"og:title\" content=\"Viktor&amp;Rolf Fashion Statements (Thierry-Maxime Loriot) - book \/ album - Folio\" \/>\n<meta property=\"og:description\" content=\"Wejd\u017a i kup ksi\u0105\u017ck\u0119 Viktor&amp;Rolf Fashion Statements autorstwa Thierry-Maxime Loriot wydan\u0105 przez Hirmer (2024-06-11) w formacie 24 x 29 cm (ISBN: 9783777443065). Zapraszamy!\" \/>\n<meta property=\"og:url\" content=\"https:\/\/foliobooks.pl\/en\/shop\/viktorrolf-fashion-statements\/\" \/>\n<meta property=\"og:site_name\" content=\"Folio\" \/>\n<meta property=\"article:modified_time\" content=\"2026-04-27T09:52:58+00:00\" \/>\n<meta property=\"og:image\" content=\"https:\/\/foliobooks.pl\/wp-content\/uploads\/2024\/11\/9783777443065.png\" \/>\n\t<meta property=\"og:image:width\" content=\"570\" \/>\n\t<meta property=\"og:image:height\" content=\"708\" \/>\n\t<meta property=\"og:image:type\" content=\"image\/png\" \/>\n<meta name=\"twitter:card\" content=\"summary_large_image\" \/>\n<meta name=\"twitter:label1\" content=\"Est. reading time\" \/>\n\t<meta name=\"twitter:data1\" content=\"2 minutes\" \/>\n<script type=\"application\/ld+json\" class=\"yoast-schema-graph\">{\"@context\":\"https:\\\/\\\/schema.org\",\"@graph\":[{\"@type\":\"WebPage\",\"@id\":\"https:\\\/\\\/foliobooks.pl\\\/en\\\/shop\\\/viktorrolf-fashion-statements\\\/\",\"url\":\"https:\\\/\\\/foliobooks.pl\\\/en\\\/shop\\\/viktorrolf-fashion-statements\\\/\",\"name\":\"Viktor&Rolf Fashion Statements (Thierry-Maxime Loriot) - book \\\/ album - Folio\",\"isPartOf\":{\"@id\":\"https:\\\/\\\/foliobooks.pl\\\/en\\\/#website\"},\"primaryImageOfPage\":{\"@id\":\"https:\\\/\\\/foliobooks.pl\\\/en\\\/shop\\\/viktorrolf-fashion-statements\\\/#primaryimage\"},\"image\":{\"@id\":\"https:\\\/\\\/foliobooks.pl\\\/en\\\/shop\\\/viktorrolf-fashion-statements\\\/#primaryimage\"},\"thumbnailUrl\":\"https:\\\/\\\/foliobooks.pl\\\/wp-content\\\/uploads\\\/2024\\\/11\\\/9783777443065.png\",\"datePublished\":\"2024-11-15T12:36:04+00:00\",\"dateModified\":\"2026-04-27T09:52:58+00:00\",\"description\":\"Wejd\u017a i kup ksi\u0105\u017ck\u0119 Viktor&Rolf Fashion Statements autorstwa Thierry-Maxime Loriot wydan\u0105 przez Hirmer (2024-06-11) w formacie 24 x 29 cm (ISBN: 9783777443065). Zapraszamy!\",\"breadcrumb\":{\"@id\":\"https:\\\/\\\/foliobooks.pl\\\/en\\\/shop\\\/viktorrolf-fashion-statements\\\/#breadcrumb\"},\"inLanguage\":\"en-US\",\"potentialAction\":[{\"@type\":\"ReadAction\",\"target\":[\"https:\\\/\\\/foliobooks.pl\\\/en\\\/shop\\\/viktorrolf-fashion-statements\\\/\"]}]},{\"@type\":\"ImageObject\",\"inLanguage\":\"en-US\",\"@id\":\"https:\\\/\\\/foliobooks.pl\\\/en\\\/shop\\\/viktorrolf-fashion-statements\\\/#primaryimage\",\"url\":\"https:\\\/\\\/foliobooks.pl\\\/wp-content\\\/uploads\\\/2024\\\/11\\\/9783777443065.png\",\"contentUrl\":\"https:\\\/\\\/foliobooks.pl\\\/wp-content\\\/uploads\\\/2024\\\/11\\\/9783777443065.png\",\"width\":570,\"height\":708},{\"@type\":\"BreadcrumbList\",\"@id\":\"https:\\\/\\\/foliobooks.pl\\\/en\\\/shop\\\/viktorrolf-fashion-statements\\\/#breadcrumb\",\"itemListElement\":[{\"@type\":\"ListItem\",\"position\":1,\"name\":\"Strona g\u0142\u00f3wna\",\"item\":\"https:\\\/\\\/foliobooks.pl\\\/en\\\/\"},{\"@type\":\"ListItem\",\"position\":2,\"name\":\"Shop\",\"item\":\"https:\\\/\\\/foliobooks.pl\\\/en\\\/shop\\\/\"},{\"@type\":\"ListItem\",\"position\":3,\"name\":\"Viktor&#038;Rolf Fashion Statements\"}]},{\"@type\":\"WebSite\",\"@id\":\"https:\\\/\\\/foliobooks.pl\\\/en\\\/#website\",\"url\":\"https:\\\/\\\/foliobooks.pl\\\/en\\\/\",\"name\":\"Folio\",\"description\":\"Ksi\u0119garnia internetowa\",\"potentialAction\":[{\"@type\":\"SearchAction\",\"target\":{\"@type\":\"EntryPoint\",\"urlTemplate\":\"https:\\\/\\\/foliobooks.pl\\\/en\\\/?s={search_term_string}\"},\"query-input\":{\"@type\":\"PropertyValueSpecification\",\"valueRequired\":true,\"valueName\":\"search_term_string\"}}],\"inLanguage\":\"en-US\"}]}<\/script>\n<!-- \/ Yoast SEO plugin. -->","yoast_head_json":{"title":"Viktor&Rolf Fashion Statements (Thierry-Maxime Loriot) - book \/ album - Folio","description":"Wejd\u017a i kup ksi\u0105\u017ck\u0119 Viktor&Rolf Fashion Statements autorstwa Thierry-Maxime Loriot wydan\u0105 przez Hirmer (2024-06-11) w formacie 24 x 29 cm (ISBN: 9783777443065). Zapraszamy!","robots":{"index":"index","follow":"follow","max-snippet":"max-snippet:-1","max-image-preview":"max-image-preview:large","max-video-preview":"max-video-preview:-1"},"canonical":"https:\/\/foliobooks.pl\/en\/shop\/viktorrolf-fashion-statements\/","og_locale":"en_US","og_type":"article","og_title":"Viktor&Rolf Fashion Statements (Thierry-Maxime Loriot) - book \/ album - Folio","og_description":"Wejd\u017a i kup ksi\u0105\u017ck\u0119 Viktor&Rolf Fashion Statements autorstwa Thierry-Maxime Loriot wydan\u0105 przez Hirmer (2024-06-11) w formacie 24 x 29 cm (ISBN: 9783777443065). Zapraszamy!","og_url":"https:\/\/foliobooks.pl\/en\/shop\/viktorrolf-fashion-statements\/","og_site_name":"Folio","article_modified_time":"2026-04-27T09:52:58+00:00","og_image":[{"width":570,"height":708,"url":"https:\/\/foliobooks.pl\/wp-content\/uploads\/2024\/11\/9783777443065.png","type":"image\/png"}],"twitter_card":"summary_large_image","twitter_misc":{"Est. reading time":"2 minutes"},"schema":{"@context":"https:\/\/schema.org","@graph":[{"@type":"WebPage","@id":"https:\/\/foliobooks.pl\/en\/shop\/viktorrolf-fashion-statements\/","url":"https:\/\/foliobooks.pl\/en\/shop\/viktorrolf-fashion-statements\/","name":"Viktor&Rolf Fashion Statements (Thierry-Maxime Loriot) - book \/ album - Folio","isPartOf":{"@id":"https:\/\/foliobooks.pl\/en\/#website"},"primaryImageOfPage":{"@id":"https:\/\/foliobooks.pl\/en\/shop\/viktorrolf-fashion-statements\/#primaryimage"},"image":{"@id":"https:\/\/foliobooks.pl\/en\/shop\/viktorrolf-fashion-statements\/#primaryimage"},"thumbnailUrl":"https:\/\/foliobooks.pl\/wp-content\/uploads\/2024\/11\/9783777443065.png","datePublished":"2024-11-15T12:36:04+00:00","dateModified":"2026-04-27T09:52:58+00:00","description":"Wejd\u017a i kup ksi\u0105\u017ck\u0119 Viktor&Rolf Fashion Statements autorstwa Thierry-Maxime Loriot wydan\u0105 przez Hirmer (2024-06-11) w formacie 24 x 29 cm (ISBN: 9783777443065). Zapraszamy!","breadcrumb":{"@id":"https:\/\/foliobooks.pl\/en\/shop\/viktorrolf-fashion-statements\/#breadcrumb"},"inLanguage":"en-US","potentialAction":[{"@type":"ReadAction","target":["https:\/\/foliobooks.pl\/en\/shop\/viktorrolf-fashion-statements\/"]}]},{"@type":"ImageObject","inLanguage":"en-US","@id":"https:\/\/foliobooks.pl\/en\/shop\/viktorrolf-fashion-statements\/#primaryimage","url":"https:\/\/foliobooks.pl\/wp-content\/uploads\/2024\/11\/9783777443065.png","contentUrl":"https:\/\/foliobooks.pl\/wp-content\/uploads\/2024\/11\/9783777443065.png","width":570,"height":708},{"@type":"BreadcrumbList","@id":"https:\/\/foliobooks.pl\/en\/shop\/viktorrolf-fashion-statements\/#breadcrumb","itemListElement":[{"@type":"ListItem","position":1,"name":"Strona g\u0142\u00f3wna","item":"https:\/\/foliobooks.pl\/en\/"},{"@type":"ListItem","position":2,"name":"Shop","item":"https:\/\/foliobooks.pl\/en\/shop\/"},{"@type":"ListItem","position":3,"name":"Viktor&#038;Rolf Fashion Statements"}]},{"@type":"WebSite","@id":"https:\/\/foliobooks.pl\/en\/#website","url":"https:\/\/foliobooks.pl\/en\/","name":"Folio","description":"Ksi\u0119garnia internetowa","potentialAction":[{"@type":"SearchAction","target":{"@type":"EntryPoint","urlTemplate":"https:\/\/foliobooks.pl\/en\/?s={search_term_string}"},"query-input":{"@type":"PropertyValueSpecification","valueRequired":true,"valueName":"search_term_string"}}],"inLanguage":"en-US"}]}},"_links":{"self":[{"href":"https:\/\/foliobooks.pl\/en\/wp-json\/wp\/v2\/product\/103383","targetHints":{"allow":["GET"]}}],"collection":[{"href":"https:\/\/foliobooks.pl\/en\/wp-json\/wp\/v2\/product"}],"about":[{"href":"https:\/\/foliobooks.pl\/en\/wp-json\/wp\/v2\/types\/product"}],"replies":[{"embeddable":true,"href":"https:\/\/foliobooks.pl\/en\/wp-json\/wp\/v2\/comments?post=103383"}],"wp:featuredmedia":[{"embeddable":true,"href":"https:\/\/foliobooks.pl\/en\/wp-json\/wp\/v2\/media\/103376"}],"wp:attachment":[{"href":"https:\/\/foliobooks.pl\/en\/wp-json\/wp\/v2\/media?parent=103383"}],"wp:term":[{"taxonomy":"product_brand","embeddable":true,"href":"https:\/\/foliobooks.pl\/en\/wp-json\/wp\/v2\/product_brand?post=103383"},{"taxonomy":"product_cat","embeddable":true,"href":"https:\/\/foliobooks.pl\/en\/wp-json\/wp\/v2\/product_cat?post=103383"},{"taxonomy":"product_tag","embeddable":true,"href":"https:\/\/foliobooks.pl\/en\/wp-json\/wp\/v2\/product_tag?post=103383"}],"curies":[{"name":"wp","href":"https:\/\/api.w.org\/{rel}","templated":true}]}}