{"id":103356,"date":"2024-11-15T13:11:13","date_gmt":"2024-11-15T12:11:13","guid":{"rendered":"https:\/\/foliobooks.pl\/sklep\/nero-the-color-of-dolce-gabbana\/"},"modified":"2024-11-15T13:11:13","modified_gmt":"2024-11-15T12:11:13","slug":"nero-the-color-of-dolce-gabbana","status":"publish","type":"product","link":"https:\/\/foliobooks.pl\/en\/shop\/nero-the-color-of-dolce-gabbana\/","title":{"rendered":"NERO. The Color of Dolce &#038; Gabbana"},"content":{"rendered":"<p><span class=\"a-text-bold\">Black, the most powerful and overwhelming color, is the symbol of Dolce&amp;Gabbana and encapsulates opposite feelings that attract: sensuality and rigor, tragedy and love.<\/span><\/p>\n<p>But Dolce&amp;Gabbana goes beyond the sartorial perfection of their clothes: it is first and foremost a way of being, questioning, and thinking.<\/p>\n<p>In this large format book, printed in black and white, the great masters of Italian and international reportage, who have portrayed Sicily since the 1950s, are contrasted with the most important fashion photographers, who have interpreted Dolce&amp;Gabbana Black from behind their lenses since the 1980s. These include Sergio Larrain, Bruno Barbey, Ellen von Unwerth, Gian Paolo Barbieri, Mert&amp;Marcus, Helmut Newton, Peter Lindberg, Paolo Roversi, and Giuseppe Tornatore.<\/p>\n<p>In these photographic masterpieces, which range from advertising campaigns to the most iconic editorials and shots never before seen by the general public, published here for the first time, the stars of cinema, entertainment, and the fashion system \u2013 featuring Monica Bellucci, Kim Kardashian, Kylie Jenner, Jennifer Lopez, and Madonna among others \u2013 will alternate with suggestive portraits of ordinary people, in a constant dialog that puts Dolce&amp;Gabbana Black at the center.<\/p>\n","protected":false},"excerpt":{"rendered":"<p>Black, the most powerful and overwhelming color, is the symbol of Dolce&amp;Gabbana and encapsulates opposite feelings that attract: sensuality and rigor, tragedy and love. But Dolce&amp;Gabbana goes beyond the sartorial perfection of their clothes: it is first and foremost a way of being, questioning, and thinking. In this large format book, printed in black and&#8230;<\/p>\n","protected":false},"featured_media":103355,"comment_status":"closed","ping_status":"closed","template":"","meta":[],"product_brand":[],"product_cat":[13533,4519,4517],"product_tag":[11529,6125,6121],"class_list":{"0":"post-103356","1":"product","2":"type-product","3":"status-publish","4":"has-post-thumbnail","6":"product_cat-books","7":"product_cat-fashion-en-en","8":"product_cat-photography-en","9":"product_tag-documentary-photography-en","10":"product_tag-fashion","11":"product_tag-photography","12":"pa_author_att-domenico-dolce-en","13":"pa_cover-hardcover","14":"pa_format-348-x-463-cm-en","15":"pa_isbn-9788891839039-en","16":"pa_language-eng","17":"pa_pages-544-en","18":"pa_published-2023-11-07-en","19":"pa_publisher-rizzoli-en","21":"first","22":"instock","23":"sold-individually","24":"shipping-taxable","25":"purchasable","26":"product-type-simple"},"yoast_head":"<!-- This site is optimized with the Yoast SEO plugin v27.4 - https:\/\/yoast.com\/product\/yoast-seo-wordpress\/ -->\n<title>NERO. The Color of Dolce &amp; Gabbana (Domenico Dolce) - book \/ album - Folio<\/title>\n<meta name=\"description\" content=\"Wejd\u017a i kup ksi\u0105\u017ck\u0119 NERO. The Color of Dolce &amp; Gabbana autorstwa Domenico Dolce wydan\u0105 przez Rizzoli (2023-11-07) w formacie 34,8 x 46,3 cm (ISBN: 9788891839039). Zapraszamy!\" \/>\n<meta name=\"robots\" content=\"index, follow, max-snippet:-1, max-image-preview:large, max-video-preview:-1\" \/>\n<link rel=\"canonical\" href=\"https:\/\/foliobooks.pl\/en\/shop\/nero-the-color-of-dolce-gabbana\/\" \/>\n<meta property=\"og:locale\" content=\"en_US\" \/>\n<meta property=\"og:type\" content=\"article\" \/>\n<meta property=\"og:title\" content=\"NERO. The Color of Dolce &amp; Gabbana (Domenico Dolce) - book \/ album - Folio\" \/>\n<meta property=\"og:description\" content=\"Wejd\u017a i kup ksi\u0105\u017ck\u0119 NERO. The Color of Dolce &amp; Gabbana autorstwa Domenico Dolce wydan\u0105 przez Rizzoli (2023-11-07) w formacie 34,8 x 46,3 cm (ISBN: 9788891839039). Zapraszamy!\" \/>\n<meta property=\"og:url\" content=\"https:\/\/foliobooks.pl\/en\/shop\/nero-the-color-of-dolce-gabbana\/\" \/>\n<meta property=\"og:site_name\" content=\"Folio\" \/>\n<meta property=\"og:image\" content=\"https:\/\/foliobooks.pl\/wp-content\/uploads\/2024\/11\/9788891839039.png\" \/>\n\t<meta property=\"og:image:width\" content=\"570\" \/>\n\t<meta property=\"og:image:height\" content=\"708\" \/>\n\t<meta property=\"og:image:type\" content=\"image\/png\" \/>\n<meta name=\"twitter:card\" content=\"summary_large_image\" \/>\n<meta name=\"twitter:label1\" content=\"Est. reading time\" \/>\n\t<meta name=\"twitter:data1\" content=\"2 minutes\" \/>\n<script type=\"application\/ld+json\" class=\"yoast-schema-graph\">{\"@context\":\"https:\\\/\\\/schema.org\",\"@graph\":[{\"@type\":\"WebPage\",\"@id\":\"https:\\\/\\\/foliobooks.pl\\\/en\\\/shop\\\/nero-the-color-of-dolce-gabbana\\\/\",\"url\":\"https:\\\/\\\/foliobooks.pl\\\/en\\\/shop\\\/nero-the-color-of-dolce-gabbana\\\/\",\"name\":\"NERO. The Color of Dolce & Gabbana (Domenico Dolce) - book \\\/ album - Folio\",\"isPartOf\":{\"@id\":\"https:\\\/\\\/foliobooks.pl\\\/en\\\/#website\"},\"primaryImageOfPage\":{\"@id\":\"https:\\\/\\\/foliobooks.pl\\\/en\\\/shop\\\/nero-the-color-of-dolce-gabbana\\\/#primaryimage\"},\"image\":{\"@id\":\"https:\\\/\\\/foliobooks.pl\\\/en\\\/shop\\\/nero-the-color-of-dolce-gabbana\\\/#primaryimage\"},\"thumbnailUrl\":\"https:\\\/\\\/foliobooks.pl\\\/wp-content\\\/uploads\\\/2024\\\/11\\\/9788891839039.png\",\"datePublished\":\"2024-11-15T12:11:13+00:00\",\"description\":\"Wejd\u017a i kup ksi\u0105\u017ck\u0119 NERO. The Color of Dolce & Gabbana autorstwa Domenico Dolce wydan\u0105 przez Rizzoli (2023-11-07) w formacie 34,8 x 46,3 cm (ISBN: 9788891839039). Zapraszamy!\",\"breadcrumb\":{\"@id\":\"https:\\\/\\\/foliobooks.pl\\\/en\\\/shop\\\/nero-the-color-of-dolce-gabbana\\\/#breadcrumb\"},\"inLanguage\":\"en-US\",\"potentialAction\":[{\"@type\":\"ReadAction\",\"target\":[\"https:\\\/\\\/foliobooks.pl\\\/en\\\/shop\\\/nero-the-color-of-dolce-gabbana\\\/\"]}]},{\"@type\":\"ImageObject\",\"inLanguage\":\"en-US\",\"@id\":\"https:\\\/\\\/foliobooks.pl\\\/en\\\/shop\\\/nero-the-color-of-dolce-gabbana\\\/#primaryimage\",\"url\":\"https:\\\/\\\/foliobooks.pl\\\/wp-content\\\/uploads\\\/2024\\\/11\\\/9788891839039.png\",\"contentUrl\":\"https:\\\/\\\/foliobooks.pl\\\/wp-content\\\/uploads\\\/2024\\\/11\\\/9788891839039.png\",\"width\":570,\"height\":708},{\"@type\":\"BreadcrumbList\",\"@id\":\"https:\\\/\\\/foliobooks.pl\\\/en\\\/shop\\\/nero-the-color-of-dolce-gabbana\\\/#breadcrumb\",\"itemListElement\":[{\"@type\":\"ListItem\",\"position\":1,\"name\":\"Strona g\u0142\u00f3wna\",\"item\":\"https:\\\/\\\/foliobooks.pl\\\/en\\\/\"},{\"@type\":\"ListItem\",\"position\":2,\"name\":\"Shop\",\"item\":\"https:\\\/\\\/foliobooks.pl\\\/en\\\/shop\\\/\"},{\"@type\":\"ListItem\",\"position\":3,\"name\":\"NERO. The Color of Dolce &#038; Gabbana\"}]},{\"@type\":\"WebSite\",\"@id\":\"https:\\\/\\\/foliobooks.pl\\\/en\\\/#website\",\"url\":\"https:\\\/\\\/foliobooks.pl\\\/en\\\/\",\"name\":\"Folio\",\"description\":\"Ksi\u0119garnia internetowa\",\"potentialAction\":[{\"@type\":\"SearchAction\",\"target\":{\"@type\":\"EntryPoint\",\"urlTemplate\":\"https:\\\/\\\/foliobooks.pl\\\/en\\\/?s={search_term_string}\"},\"query-input\":{\"@type\":\"PropertyValueSpecification\",\"valueRequired\":true,\"valueName\":\"search_term_string\"}}],\"inLanguage\":\"en-US\"}]}<\/script>\n<!-- \/ Yoast SEO plugin. -->","yoast_head_json":{"title":"NERO. The Color of Dolce & Gabbana (Domenico Dolce) - book \/ album - Folio","description":"Wejd\u017a i kup ksi\u0105\u017ck\u0119 NERO. The Color of Dolce & Gabbana autorstwa Domenico Dolce wydan\u0105 przez Rizzoli (2023-11-07) w formacie 34,8 x 46,3 cm (ISBN: 9788891839039). Zapraszamy!","robots":{"index":"index","follow":"follow","max-snippet":"max-snippet:-1","max-image-preview":"max-image-preview:large","max-video-preview":"max-video-preview:-1"},"canonical":"https:\/\/foliobooks.pl\/en\/shop\/nero-the-color-of-dolce-gabbana\/","og_locale":"en_US","og_type":"article","og_title":"NERO. The Color of Dolce & Gabbana (Domenico Dolce) - book \/ album - Folio","og_description":"Wejd\u017a i kup ksi\u0105\u017ck\u0119 NERO. The Color of Dolce & Gabbana autorstwa Domenico Dolce wydan\u0105 przez Rizzoli (2023-11-07) w formacie 34,8 x 46,3 cm (ISBN: 9788891839039). Zapraszamy!","og_url":"https:\/\/foliobooks.pl\/en\/shop\/nero-the-color-of-dolce-gabbana\/","og_site_name":"Folio","og_image":[{"width":570,"height":708,"url":"https:\/\/foliobooks.pl\/wp-content\/uploads\/2024\/11\/9788891839039.png","type":"image\/png"}],"twitter_card":"summary_large_image","twitter_misc":{"Est. reading time":"2 minutes"},"schema":{"@context":"https:\/\/schema.org","@graph":[{"@type":"WebPage","@id":"https:\/\/foliobooks.pl\/en\/shop\/nero-the-color-of-dolce-gabbana\/","url":"https:\/\/foliobooks.pl\/en\/shop\/nero-the-color-of-dolce-gabbana\/","name":"NERO. The Color of Dolce & Gabbana (Domenico Dolce) - book \/ album - Folio","isPartOf":{"@id":"https:\/\/foliobooks.pl\/en\/#website"},"primaryImageOfPage":{"@id":"https:\/\/foliobooks.pl\/en\/shop\/nero-the-color-of-dolce-gabbana\/#primaryimage"},"image":{"@id":"https:\/\/foliobooks.pl\/en\/shop\/nero-the-color-of-dolce-gabbana\/#primaryimage"},"thumbnailUrl":"https:\/\/foliobooks.pl\/wp-content\/uploads\/2024\/11\/9788891839039.png","datePublished":"2024-11-15T12:11:13+00:00","description":"Wejd\u017a i kup ksi\u0105\u017ck\u0119 NERO. The Color of Dolce & Gabbana autorstwa Domenico Dolce wydan\u0105 przez Rizzoli (2023-11-07) w formacie 34,8 x 46,3 cm (ISBN: 9788891839039). Zapraszamy!","breadcrumb":{"@id":"https:\/\/foliobooks.pl\/en\/shop\/nero-the-color-of-dolce-gabbana\/#breadcrumb"},"inLanguage":"en-US","potentialAction":[{"@type":"ReadAction","target":["https:\/\/foliobooks.pl\/en\/shop\/nero-the-color-of-dolce-gabbana\/"]}]},{"@type":"ImageObject","inLanguage":"en-US","@id":"https:\/\/foliobooks.pl\/en\/shop\/nero-the-color-of-dolce-gabbana\/#primaryimage","url":"https:\/\/foliobooks.pl\/wp-content\/uploads\/2024\/11\/9788891839039.png","contentUrl":"https:\/\/foliobooks.pl\/wp-content\/uploads\/2024\/11\/9788891839039.png","width":570,"height":708},{"@type":"BreadcrumbList","@id":"https:\/\/foliobooks.pl\/en\/shop\/nero-the-color-of-dolce-gabbana\/#breadcrumb","itemListElement":[{"@type":"ListItem","position":1,"name":"Strona g\u0142\u00f3wna","item":"https:\/\/foliobooks.pl\/en\/"},{"@type":"ListItem","position":2,"name":"Shop","item":"https:\/\/foliobooks.pl\/en\/shop\/"},{"@type":"ListItem","position":3,"name":"NERO. The Color of Dolce &#038; Gabbana"}]},{"@type":"WebSite","@id":"https:\/\/foliobooks.pl\/en\/#website","url":"https:\/\/foliobooks.pl\/en\/","name":"Folio","description":"Ksi\u0119garnia internetowa","potentialAction":[{"@type":"SearchAction","target":{"@type":"EntryPoint","urlTemplate":"https:\/\/foliobooks.pl\/en\/?s={search_term_string}"},"query-input":{"@type":"PropertyValueSpecification","valueRequired":true,"valueName":"search_term_string"}}],"inLanguage":"en-US"}]}},"_links":{"self":[{"href":"https:\/\/foliobooks.pl\/en\/wp-json\/wp\/v2\/product\/103356","targetHints":{"allow":["GET"]}}],"collection":[{"href":"https:\/\/foliobooks.pl\/en\/wp-json\/wp\/v2\/product"}],"about":[{"href":"https:\/\/foliobooks.pl\/en\/wp-json\/wp\/v2\/types\/product"}],"replies":[{"embeddable":true,"href":"https:\/\/foliobooks.pl\/en\/wp-json\/wp\/v2\/comments?post=103356"}],"wp:featuredmedia":[{"embeddable":true,"href":"https:\/\/foliobooks.pl\/en\/wp-json\/wp\/v2\/media\/103355"}],"wp:attachment":[{"href":"https:\/\/foliobooks.pl\/en\/wp-json\/wp\/v2\/media?parent=103356"}],"wp:term":[{"taxonomy":"product_brand","embeddable":true,"href":"https:\/\/foliobooks.pl\/en\/wp-json\/wp\/v2\/product_brand?post=103356"},{"taxonomy":"product_cat","embeddable":true,"href":"https:\/\/foliobooks.pl\/en\/wp-json\/wp\/v2\/product_cat?post=103356"},{"taxonomy":"product_tag","embeddable":true,"href":"https:\/\/foliobooks.pl\/en\/wp-json\/wp\/v2\/product_tag?post=103356"}],"curies":[{"name":"wp","href":"https:\/\/api.w.org\/{rel}","templated":true}]}}