{"id":103351,"date":"2024-11-15T13:03:56","date_gmt":"2024-11-15T12:03:56","guid":{"rendered":"https:\/\/foliobooks.pl\/sklep\/mercedes-benz-milestones\/"},"modified":"2025-07-01T18:19:59","modified_gmt":"2025-07-01T16:19:59","slug":"mercedes-benz-milestones","status":"publish","type":"product","link":"https:\/\/foliobooks.pl\/en\/shop\/mercedes-benz-milestones\/","title":{"rendered":"Mercedes-Benz Milestones"},"content":{"rendered":"<p>And now, we continue with the rapid Milestone series by teNeues, which is delves into the greatest car brands in the world. After Porsche and BMW, this time we explore the automotive history of the Stuttgart flagship brand, Mercedes-Benz.<\/p>\n<p>In the visually stunning coffee table book\u00a0<span class=\"a-text-bold\">&#8220;Mercedes-Benz Milestones&#8221;<\/span>,\u00a0<span class=\"a-text-bold\">Michael K\u00f6ckritz<\/span>, the editor of the internationally acclaimed automotive culture magazine ramp, takes his readers on a journey through the company&#8217;s history of the internationally coveted German automaker. He presents the icons of the car brand in a historical overview, arranged chronologically from the company&#8217;s founding to the present day.<\/p>\n<p><span class=\"a-text-bold\">&#8220;Mercedes-Benz Milestones&#8221;<\/span>\u00a0is an exciting journey through the development of the high-end brand. Approximately 40 models from the A-Class, S-Class, E-Class, and G-Class are featured in this high-caliber coffee table book. And of course, classics and vintage cars, as well as powerhouses like the racing models or the tuned AMG models, are not to be missed. Whether it&#8217;s a luxury sedan, family car, SUV, sports car, or the futuristic EQ series with electric cars, there is room for everything in this comprehensive compendium, as long as it bears the star on the hood.<\/p>\n<p>In addition to impressive images,\u00a0<span class=\"a-text-bold\">K\u00f6ckritz\u00a0<\/span>has also peppered the book with informative texts and intriguing background stories about each vehicle. For every Mercedes-Benz fan,\u00a0<span class=\"a-text-bold\">&#8220;Mercedes-Benz Milestones&#8221;<\/span>\u00a0is the ultimate guide with all the essential facts about the luxury brand.<\/p>\n","protected":false},"excerpt":{"rendered":"<p>And now, we continue with the rapid Milestone series by teNeues, which is delves into the greatest car brands in the world. After Porsche and BMW, this time we explore the automotive history of the Stuttgart flagship brand, Mercedes-Benz. In the visually stunning coffee table book\u00a0&#8220;Mercedes-Benz Milestones&#8221;,\u00a0Michael K\u00f6ckritz, the editor of the internationally acclaimed automotive&#8230;<\/p>\n","protected":false},"featured_media":103336,"comment_status":"closed","ping_status":"closed","template":"","meta":[],"product_brand":[],"product_cat":[13533,4520],"product_tag":[216],"class_list":{"0":"post-103351","1":"product","2":"type-product","3":"status-publish","4":"has-post-thumbnail","6":"product_cat-books","7":"product_cat-motorsport-en","8":"product_tag-cars-en","9":"pa_author_att-michael-kockritz-en","10":"pa_cover-hardcover","11":"pa_format-245-x-307-cm-en","12":"pa_isbn-9783961715596-en","13":"pa_language-eng","14":"pa_pages-224-2-en","15":"pa_published-2024-09-03-en","16":"pa_publisher-teneues-en","18":"first","19":"outofstock","20":"sold-individually","21":"shipping-taxable","22":"purchasable","23":"product-type-simple"},"yoast_head":"<!-- This site is optimized with the Yoast SEO plugin v27.4 - https:\/\/yoast.com\/product\/yoast-seo-wordpress\/ -->\n<title>Mercedes-Benz Milestones (Michael K\u00f6ckritz) - book \/ album - Folio<\/title>\n<meta name=\"description\" content=\"Wejd\u017a i kup ksi\u0105\u017ck\u0119 Mercedes-Benz Milestones autorstwa Michael K\u00f6ckritz wydan\u0105 przez teNeues (2024-09-03) w formacie 24,5 x 30,7 cm (ISBN: 9783961715596). Zapraszamy!\" \/>\n<meta name=\"robots\" content=\"index, follow, max-snippet:-1, max-image-preview:large, max-video-preview:-1\" \/>\n<link rel=\"canonical\" href=\"https:\/\/foliobooks.pl\/en\/shop\/mercedes-benz-milestones\/\" \/>\n<meta property=\"og:locale\" content=\"en_US\" \/>\n<meta property=\"og:type\" content=\"article\" \/>\n<meta property=\"og:title\" content=\"Mercedes-Benz Milestones (Michael K\u00f6ckritz) - book \/ album - Folio\" \/>\n<meta property=\"og:description\" content=\"Wejd\u017a i kup ksi\u0105\u017ck\u0119 Mercedes-Benz Milestones autorstwa Michael K\u00f6ckritz wydan\u0105 przez teNeues (2024-09-03) w formacie 24,5 x 30,7 cm (ISBN: 9783961715596). Zapraszamy!\" \/>\n<meta property=\"og:url\" content=\"https:\/\/foliobooks.pl\/en\/shop\/mercedes-benz-milestones\/\" \/>\n<meta property=\"og:site_name\" content=\"Folio\" \/>\n<meta property=\"article:modified_time\" content=\"2025-07-01T16:19:59+00:00\" \/>\n<meta property=\"og:image\" content=\"https:\/\/foliobooks.pl\/wp-content\/uploads\/2024\/11\/9783961715596.png\" \/>\n\t<meta property=\"og:image:width\" content=\"570\" \/>\n\t<meta property=\"og:image:height\" content=\"708\" \/>\n\t<meta property=\"og:image:type\" content=\"image\/png\" \/>\n<meta name=\"twitter:card\" content=\"summary_large_image\" \/>\n<meta name=\"twitter:label1\" content=\"Est. reading time\" \/>\n\t<meta name=\"twitter:data1\" content=\"2 minutes\" \/>\n<script type=\"application\/ld+json\" class=\"yoast-schema-graph\">{\"@context\":\"https:\\\/\\\/schema.org\",\"@graph\":[{\"@type\":\"WebPage\",\"@id\":\"https:\\\/\\\/foliobooks.pl\\\/en\\\/shop\\\/mercedes-benz-milestones\\\/\",\"url\":\"https:\\\/\\\/foliobooks.pl\\\/en\\\/shop\\\/mercedes-benz-milestones\\\/\",\"name\":\"Mercedes-Benz Milestones (Michael K\u00f6ckritz) - book \\\/ album - Folio\",\"isPartOf\":{\"@id\":\"https:\\\/\\\/foliobooks.pl\\\/en\\\/#website\"},\"primaryImageOfPage\":{\"@id\":\"https:\\\/\\\/foliobooks.pl\\\/en\\\/shop\\\/mercedes-benz-milestones\\\/#primaryimage\"},\"image\":{\"@id\":\"https:\\\/\\\/foliobooks.pl\\\/en\\\/shop\\\/mercedes-benz-milestones\\\/#primaryimage\"},\"thumbnailUrl\":\"https:\\\/\\\/foliobooks.pl\\\/wp-content\\\/uploads\\\/2024\\\/11\\\/9783961715596.png\",\"datePublished\":\"2024-11-15T12:03:56+00:00\",\"dateModified\":\"2025-07-01T16:19:59+00:00\",\"description\":\"Wejd\u017a i kup ksi\u0105\u017ck\u0119 Mercedes-Benz Milestones autorstwa Michael K\u00f6ckritz wydan\u0105 przez teNeues (2024-09-03) w formacie 24,5 x 30,7 cm (ISBN: 9783961715596). Zapraszamy!\",\"breadcrumb\":{\"@id\":\"https:\\\/\\\/foliobooks.pl\\\/en\\\/shop\\\/mercedes-benz-milestones\\\/#breadcrumb\"},\"inLanguage\":\"en-US\",\"potentialAction\":[{\"@type\":\"ReadAction\",\"target\":[\"https:\\\/\\\/foliobooks.pl\\\/en\\\/shop\\\/mercedes-benz-milestones\\\/\"]}]},{\"@type\":\"ImageObject\",\"inLanguage\":\"en-US\",\"@id\":\"https:\\\/\\\/foliobooks.pl\\\/en\\\/shop\\\/mercedes-benz-milestones\\\/#primaryimage\",\"url\":\"https:\\\/\\\/foliobooks.pl\\\/wp-content\\\/uploads\\\/2024\\\/11\\\/9783961715596.png\",\"contentUrl\":\"https:\\\/\\\/foliobooks.pl\\\/wp-content\\\/uploads\\\/2024\\\/11\\\/9783961715596.png\",\"width\":570,\"height\":708},{\"@type\":\"BreadcrumbList\",\"@id\":\"https:\\\/\\\/foliobooks.pl\\\/en\\\/shop\\\/mercedes-benz-milestones\\\/#breadcrumb\",\"itemListElement\":[{\"@type\":\"ListItem\",\"position\":1,\"name\":\"Strona g\u0142\u00f3wna\",\"item\":\"https:\\\/\\\/foliobooks.pl\\\/en\\\/\"},{\"@type\":\"ListItem\",\"position\":2,\"name\":\"Shop\",\"item\":\"https:\\\/\\\/foliobooks.pl\\\/en\\\/shop\\\/\"},{\"@type\":\"ListItem\",\"position\":3,\"name\":\"Mercedes-Benz Milestones\"}]},{\"@type\":\"WebSite\",\"@id\":\"https:\\\/\\\/foliobooks.pl\\\/en\\\/#website\",\"url\":\"https:\\\/\\\/foliobooks.pl\\\/en\\\/\",\"name\":\"Folio\",\"description\":\"Ksi\u0119garnia internetowa\",\"potentialAction\":[{\"@type\":\"SearchAction\",\"target\":{\"@type\":\"EntryPoint\",\"urlTemplate\":\"https:\\\/\\\/foliobooks.pl\\\/en\\\/?s={search_term_string}\"},\"query-input\":{\"@type\":\"PropertyValueSpecification\",\"valueRequired\":true,\"valueName\":\"search_term_string\"}}],\"inLanguage\":\"en-US\"}]}<\/script>\n<!-- \/ Yoast SEO plugin. -->","yoast_head_json":{"title":"Mercedes-Benz Milestones (Michael K\u00f6ckritz) - book \/ album - Folio","description":"Wejd\u017a i kup ksi\u0105\u017ck\u0119 Mercedes-Benz Milestones autorstwa Michael K\u00f6ckritz wydan\u0105 przez teNeues (2024-09-03) w formacie 24,5 x 30,7 cm (ISBN: 9783961715596). Zapraszamy!","robots":{"index":"index","follow":"follow","max-snippet":"max-snippet:-1","max-image-preview":"max-image-preview:large","max-video-preview":"max-video-preview:-1"},"canonical":"https:\/\/foliobooks.pl\/en\/shop\/mercedes-benz-milestones\/","og_locale":"en_US","og_type":"article","og_title":"Mercedes-Benz Milestones (Michael K\u00f6ckritz) - book \/ album - Folio","og_description":"Wejd\u017a i kup ksi\u0105\u017ck\u0119 Mercedes-Benz Milestones autorstwa Michael K\u00f6ckritz wydan\u0105 przez teNeues (2024-09-03) w formacie 24,5 x 30,7 cm (ISBN: 9783961715596). Zapraszamy!","og_url":"https:\/\/foliobooks.pl\/en\/shop\/mercedes-benz-milestones\/","og_site_name":"Folio","article_modified_time":"2025-07-01T16:19:59+00:00","og_image":[{"width":570,"height":708,"url":"https:\/\/foliobooks.pl\/wp-content\/uploads\/2024\/11\/9783961715596.png","type":"image\/png"}],"twitter_card":"summary_large_image","twitter_misc":{"Est. reading time":"2 minutes"},"schema":{"@context":"https:\/\/schema.org","@graph":[{"@type":"WebPage","@id":"https:\/\/foliobooks.pl\/en\/shop\/mercedes-benz-milestones\/","url":"https:\/\/foliobooks.pl\/en\/shop\/mercedes-benz-milestones\/","name":"Mercedes-Benz Milestones (Michael K\u00f6ckritz) - book \/ album - Folio","isPartOf":{"@id":"https:\/\/foliobooks.pl\/en\/#website"},"primaryImageOfPage":{"@id":"https:\/\/foliobooks.pl\/en\/shop\/mercedes-benz-milestones\/#primaryimage"},"image":{"@id":"https:\/\/foliobooks.pl\/en\/shop\/mercedes-benz-milestones\/#primaryimage"},"thumbnailUrl":"https:\/\/foliobooks.pl\/wp-content\/uploads\/2024\/11\/9783961715596.png","datePublished":"2024-11-15T12:03:56+00:00","dateModified":"2025-07-01T16:19:59+00:00","description":"Wejd\u017a i kup ksi\u0105\u017ck\u0119 Mercedes-Benz Milestones autorstwa Michael K\u00f6ckritz wydan\u0105 przez teNeues (2024-09-03) w formacie 24,5 x 30,7 cm (ISBN: 9783961715596). Zapraszamy!","breadcrumb":{"@id":"https:\/\/foliobooks.pl\/en\/shop\/mercedes-benz-milestones\/#breadcrumb"},"inLanguage":"en-US","potentialAction":[{"@type":"ReadAction","target":["https:\/\/foliobooks.pl\/en\/shop\/mercedes-benz-milestones\/"]}]},{"@type":"ImageObject","inLanguage":"en-US","@id":"https:\/\/foliobooks.pl\/en\/shop\/mercedes-benz-milestones\/#primaryimage","url":"https:\/\/foliobooks.pl\/wp-content\/uploads\/2024\/11\/9783961715596.png","contentUrl":"https:\/\/foliobooks.pl\/wp-content\/uploads\/2024\/11\/9783961715596.png","width":570,"height":708},{"@type":"BreadcrumbList","@id":"https:\/\/foliobooks.pl\/en\/shop\/mercedes-benz-milestones\/#breadcrumb","itemListElement":[{"@type":"ListItem","position":1,"name":"Strona g\u0142\u00f3wna","item":"https:\/\/foliobooks.pl\/en\/"},{"@type":"ListItem","position":2,"name":"Shop","item":"https:\/\/foliobooks.pl\/en\/shop\/"},{"@type":"ListItem","position":3,"name":"Mercedes-Benz Milestones"}]},{"@type":"WebSite","@id":"https:\/\/foliobooks.pl\/en\/#website","url":"https:\/\/foliobooks.pl\/en\/","name":"Folio","description":"Ksi\u0119garnia internetowa","potentialAction":[{"@type":"SearchAction","target":{"@type":"EntryPoint","urlTemplate":"https:\/\/foliobooks.pl\/en\/?s={search_term_string}"},"query-input":{"@type":"PropertyValueSpecification","valueRequired":true,"valueName":"search_term_string"}}],"inLanguage":"en-US"}]}},"_links":{"self":[{"href":"https:\/\/foliobooks.pl\/en\/wp-json\/wp\/v2\/product\/103351","targetHints":{"allow":["GET"]}}],"collection":[{"href":"https:\/\/foliobooks.pl\/en\/wp-json\/wp\/v2\/product"}],"about":[{"href":"https:\/\/foliobooks.pl\/en\/wp-json\/wp\/v2\/types\/product"}],"replies":[{"embeddable":true,"href":"https:\/\/foliobooks.pl\/en\/wp-json\/wp\/v2\/comments?post=103351"}],"wp:featuredmedia":[{"embeddable":true,"href":"https:\/\/foliobooks.pl\/en\/wp-json\/wp\/v2\/media\/103336"}],"wp:attachment":[{"href":"https:\/\/foliobooks.pl\/en\/wp-json\/wp\/v2\/media?parent=103351"}],"wp:term":[{"taxonomy":"product_brand","embeddable":true,"href":"https:\/\/foliobooks.pl\/en\/wp-json\/wp\/v2\/product_brand?post=103351"},{"taxonomy":"product_cat","embeddable":true,"href":"https:\/\/foliobooks.pl\/en\/wp-json\/wp\/v2\/product_cat?post=103351"},{"taxonomy":"product_tag","embeddable":true,"href":"https:\/\/foliobooks.pl\/en\/wp-json\/wp\/v2\/product_tag?post=103351"}],"curies":[{"name":"wp","href":"https:\/\/api.w.org\/{rel}","templated":true}]}}