{"id":103297,"date":"2024-11-15T12:01:03","date_gmt":"2024-11-15T11:01:03","guid":{"rendered":"https:\/\/foliobooks.pl\/sklep\/kenneth-grange-designing-the-modern-world\/"},"modified":"2025-05-23T12:38:19","modified_gmt":"2025-05-23T10:38:19","slug":"kenneth-grange-designing-the-modern-world","status":"publish","type":"product","link":"https:\/\/foliobooks.pl\/en\/shop\/kenneth-grange-designing-the-modern-world\/","title":{"rendered":"Kenneth Grange. Designing the Modern World"},"content":{"rendered":"<p>The work of renowned design pioneer Sir Kenneth Grange (born 1929) has touched the lives of almost every consumer worldwide and has had a lasting influence on today\u2019s younger designers, from Sir Jonathan Ive, Jasper Morrison and Marc Newson to Thomas Heatherwick and the founding brothers of Joseph Joseph.<\/p>\n<p>For decades, Grange\u2019s iconic products \u2013 including the InterCity 125 train for British Rail, the TX1 London black taxi, domestic appliances for Kenwood, lighting for Anglepoise, cameras for Kodak, pens for Parker and post boxes for Royal Mail, among many others \u2013 have been at the centre of tastemaking and key to the establishment of Britain\u2019s worldwide post-war reputation as an influential hub of design excellence.<\/p>\n<p>Based on a series of in-depth discussions between Grange and design specialist Lucy Johnston, and her exclusive access to his extensive archive, this illuminating book explores Grange\u2019s biography and work as seen through his eyes, illustrated with sketches, letters, scale models and product photographs. The story is set in its social, political and creative context, introducing the figures who have inspired, commissioned and worked alongside Grange as his designs transformed Britain and the world and helped to shape our modern-day consumer culture.<\/p>\n","protected":false},"excerpt":{"rendered":"<p>The work of renowned design pioneer Sir Kenneth Grange (born 1929) has touched the lives of almost every consumer worldwide and has had a lasting influence on today\u2019s younger designers, from Sir Jonathan Ive, Jasper Morrison and Marc Newson to Thomas Heatherwick and the founding brothers of Joseph Joseph. For decades, Grange\u2019s iconic products \u2013&#8230;<\/p>\n","protected":false},"featured_media":103280,"comment_status":"closed","ping_status":"closed","template":"","meta":[],"product_brand":[],"product_cat":[13533,4523,4517],"product_tag":[4524,157,1146],"class_list":{"0":"post-103297","1":"product","2":"type-product","3":"status-publish","4":"has-post-thumbnail","6":"product_cat-books","7":"product_cat-design-en-en","8":"product_cat-photography-en","9":"product_tag-design-en-en","10":"product_tag-designers","11":"product_tag-great-masters-en","12":"pa_author_att-lucy-johnston-en","13":"pa_author_att-sir-jonathan-ive-en","14":"pa_cover-hardcover","15":"pa_format-28-x-23-cm-en","16":"pa_isbn-9780500024867-en","17":"pa_language-eng","18":"pa_pages-320-en","19":"pa_published-2024-03-21-en","20":"pa_publisher-thames-hudson-en","22":"first","23":"instock","24":"sold-individually","25":"shipping-taxable","26":"purchasable","27":"product-type-simple"},"yoast_head":"<!-- This site is optimized with the Yoast SEO plugin v27.4 - https:\/\/yoast.com\/product\/yoast-seo-wordpress\/ -->\n<title>Kenneth Grange. Designing the Modern World (Lucy Johnston, Sir Jonathan Ive) - book \/ album - Folio<\/title>\n<meta name=\"description\" content=\"Wejd\u017a i kup ksi\u0105\u017ck\u0119 Kenneth Grange. Designing the Modern World autorstwa Lucy Johnston, Sir Jonathan Ive wydan\u0105 przez Thames &amp; Hudson (2024-03-21) w formacie 28 x 23 cm (ISBN: 9780500024867). Zapraszamy!\" \/>\n<meta name=\"robots\" content=\"index, follow, max-snippet:-1, max-image-preview:large, max-video-preview:-1\" \/>\n<link rel=\"canonical\" href=\"https:\/\/foliobooks.pl\/en\/shop\/kenneth-grange-designing-the-modern-world\/\" \/>\n<meta property=\"og:locale\" content=\"en_US\" \/>\n<meta property=\"og:type\" content=\"article\" \/>\n<meta property=\"og:title\" content=\"Kenneth Grange. Designing the Modern World (Lucy Johnston, Sir Jonathan Ive) - book \/ album - Folio\" \/>\n<meta property=\"og:description\" content=\"Wejd\u017a i kup ksi\u0105\u017ck\u0119 Kenneth Grange. Designing the Modern World autorstwa Lucy Johnston, Sir Jonathan Ive wydan\u0105 przez Thames &amp; Hudson (2024-03-21) w formacie 28 x 23 cm (ISBN: 9780500024867). Zapraszamy!\" \/>\n<meta property=\"og:url\" content=\"https:\/\/foliobooks.pl\/en\/shop\/kenneth-grange-designing-the-modern-world\/\" \/>\n<meta property=\"og:site_name\" content=\"Folio\" \/>\n<meta property=\"article:modified_time\" content=\"2025-05-23T10:38:19+00:00\" \/>\n<meta property=\"og:image\" content=\"https:\/\/foliobooks.pl\/wp-content\/uploads\/2024\/11\/9780500024867.png\" \/>\n\t<meta property=\"og:image:width\" content=\"570\" \/>\n\t<meta property=\"og:image:height\" content=\"708\" \/>\n\t<meta property=\"og:image:type\" content=\"image\/png\" \/>\n<meta name=\"twitter:card\" content=\"summary_large_image\" \/>\n<meta name=\"twitter:label1\" content=\"Est. reading time\" \/>\n\t<meta name=\"twitter:data1\" content=\"2 minutes\" \/>\n<script type=\"application\/ld+json\" class=\"yoast-schema-graph\">{\"@context\":\"https:\\\/\\\/schema.org\",\"@graph\":[{\"@type\":\"WebPage\",\"@id\":\"https:\\\/\\\/foliobooks.pl\\\/en\\\/shop\\\/kenneth-grange-designing-the-modern-world\\\/\",\"url\":\"https:\\\/\\\/foliobooks.pl\\\/en\\\/shop\\\/kenneth-grange-designing-the-modern-world\\\/\",\"name\":\"Kenneth Grange. Designing the Modern World (Lucy Johnston, Sir Jonathan Ive) - book \\\/ album - Folio\",\"isPartOf\":{\"@id\":\"https:\\\/\\\/foliobooks.pl\\\/en\\\/#website\"},\"primaryImageOfPage\":{\"@id\":\"https:\\\/\\\/foliobooks.pl\\\/en\\\/shop\\\/kenneth-grange-designing-the-modern-world\\\/#primaryimage\"},\"image\":{\"@id\":\"https:\\\/\\\/foliobooks.pl\\\/en\\\/shop\\\/kenneth-grange-designing-the-modern-world\\\/#primaryimage\"},\"thumbnailUrl\":\"https:\\\/\\\/foliobooks.pl\\\/wp-content\\\/uploads\\\/2024\\\/11\\\/9780500024867.png\",\"datePublished\":\"2024-11-15T11:01:03+00:00\",\"dateModified\":\"2025-05-23T10:38:19+00:00\",\"description\":\"Wejd\u017a i kup ksi\u0105\u017ck\u0119 Kenneth Grange. Designing the Modern World autorstwa Lucy Johnston, Sir Jonathan Ive wydan\u0105 przez Thames &amp; Hudson (2024-03-21) w formacie 28 x 23 cm (ISBN: 9780500024867). Zapraszamy!\",\"breadcrumb\":{\"@id\":\"https:\\\/\\\/foliobooks.pl\\\/en\\\/shop\\\/kenneth-grange-designing-the-modern-world\\\/#breadcrumb\"},\"inLanguage\":\"en-US\",\"potentialAction\":[{\"@type\":\"ReadAction\",\"target\":[\"https:\\\/\\\/foliobooks.pl\\\/en\\\/shop\\\/kenneth-grange-designing-the-modern-world\\\/\"]}]},{\"@type\":\"ImageObject\",\"inLanguage\":\"en-US\",\"@id\":\"https:\\\/\\\/foliobooks.pl\\\/en\\\/shop\\\/kenneth-grange-designing-the-modern-world\\\/#primaryimage\",\"url\":\"https:\\\/\\\/foliobooks.pl\\\/wp-content\\\/uploads\\\/2024\\\/11\\\/9780500024867.png\",\"contentUrl\":\"https:\\\/\\\/foliobooks.pl\\\/wp-content\\\/uploads\\\/2024\\\/11\\\/9780500024867.png\",\"width\":570,\"height\":708},{\"@type\":\"BreadcrumbList\",\"@id\":\"https:\\\/\\\/foliobooks.pl\\\/en\\\/shop\\\/kenneth-grange-designing-the-modern-world\\\/#breadcrumb\",\"itemListElement\":[{\"@type\":\"ListItem\",\"position\":1,\"name\":\"Strona g\u0142\u00f3wna\",\"item\":\"https:\\\/\\\/foliobooks.pl\\\/en\\\/\"},{\"@type\":\"ListItem\",\"position\":2,\"name\":\"Shop\",\"item\":\"https:\\\/\\\/foliobooks.pl\\\/en\\\/shop\\\/\"},{\"@type\":\"ListItem\",\"position\":3,\"name\":\"Kenneth Grange. Designing the Modern World\"}]},{\"@type\":\"WebSite\",\"@id\":\"https:\\\/\\\/foliobooks.pl\\\/en\\\/#website\",\"url\":\"https:\\\/\\\/foliobooks.pl\\\/en\\\/\",\"name\":\"Folio\",\"description\":\"Ksi\u0119garnia internetowa\",\"potentialAction\":[{\"@type\":\"SearchAction\",\"target\":{\"@type\":\"EntryPoint\",\"urlTemplate\":\"https:\\\/\\\/foliobooks.pl\\\/en\\\/?s={search_term_string}\"},\"query-input\":{\"@type\":\"PropertyValueSpecification\",\"valueRequired\":true,\"valueName\":\"search_term_string\"}}],\"inLanguage\":\"en-US\"}]}<\/script>\n<!-- \/ Yoast SEO plugin. -->","yoast_head_json":{"title":"Kenneth Grange. Designing the Modern World (Lucy Johnston, Sir Jonathan Ive) - book \/ album - Folio","description":"Wejd\u017a i kup ksi\u0105\u017ck\u0119 Kenneth Grange. Designing the Modern World autorstwa Lucy Johnston, Sir Jonathan Ive wydan\u0105 przez Thames &amp; Hudson (2024-03-21) w formacie 28 x 23 cm (ISBN: 9780500024867). Zapraszamy!","robots":{"index":"index","follow":"follow","max-snippet":"max-snippet:-1","max-image-preview":"max-image-preview:large","max-video-preview":"max-video-preview:-1"},"canonical":"https:\/\/foliobooks.pl\/en\/shop\/kenneth-grange-designing-the-modern-world\/","og_locale":"en_US","og_type":"article","og_title":"Kenneth Grange. Designing the Modern World (Lucy Johnston, Sir Jonathan Ive) - book \/ album - Folio","og_description":"Wejd\u017a i kup ksi\u0105\u017ck\u0119 Kenneth Grange. Designing the Modern World autorstwa Lucy Johnston, Sir Jonathan Ive wydan\u0105 przez Thames &amp; Hudson (2024-03-21) w formacie 28 x 23 cm (ISBN: 9780500024867). Zapraszamy!","og_url":"https:\/\/foliobooks.pl\/en\/shop\/kenneth-grange-designing-the-modern-world\/","og_site_name":"Folio","article_modified_time":"2025-05-23T10:38:19+00:00","og_image":[{"width":570,"height":708,"url":"https:\/\/foliobooks.pl\/wp-content\/uploads\/2024\/11\/9780500024867.png","type":"image\/png"}],"twitter_card":"summary_large_image","twitter_misc":{"Est. reading time":"2 minutes"},"schema":{"@context":"https:\/\/schema.org","@graph":[{"@type":"WebPage","@id":"https:\/\/foliobooks.pl\/en\/shop\/kenneth-grange-designing-the-modern-world\/","url":"https:\/\/foliobooks.pl\/en\/shop\/kenneth-grange-designing-the-modern-world\/","name":"Kenneth Grange. Designing the Modern World (Lucy Johnston, Sir Jonathan Ive) - book \/ album - Folio","isPartOf":{"@id":"https:\/\/foliobooks.pl\/en\/#website"},"primaryImageOfPage":{"@id":"https:\/\/foliobooks.pl\/en\/shop\/kenneth-grange-designing-the-modern-world\/#primaryimage"},"image":{"@id":"https:\/\/foliobooks.pl\/en\/shop\/kenneth-grange-designing-the-modern-world\/#primaryimage"},"thumbnailUrl":"https:\/\/foliobooks.pl\/wp-content\/uploads\/2024\/11\/9780500024867.png","datePublished":"2024-11-15T11:01:03+00:00","dateModified":"2025-05-23T10:38:19+00:00","description":"Wejd\u017a i kup ksi\u0105\u017ck\u0119 Kenneth Grange. Designing the Modern World autorstwa Lucy Johnston, Sir Jonathan Ive wydan\u0105 przez Thames &amp; Hudson (2024-03-21) w formacie 28 x 23 cm (ISBN: 9780500024867). Zapraszamy!","breadcrumb":{"@id":"https:\/\/foliobooks.pl\/en\/shop\/kenneth-grange-designing-the-modern-world\/#breadcrumb"},"inLanguage":"en-US","potentialAction":[{"@type":"ReadAction","target":["https:\/\/foliobooks.pl\/en\/shop\/kenneth-grange-designing-the-modern-world\/"]}]},{"@type":"ImageObject","inLanguage":"en-US","@id":"https:\/\/foliobooks.pl\/en\/shop\/kenneth-grange-designing-the-modern-world\/#primaryimage","url":"https:\/\/foliobooks.pl\/wp-content\/uploads\/2024\/11\/9780500024867.png","contentUrl":"https:\/\/foliobooks.pl\/wp-content\/uploads\/2024\/11\/9780500024867.png","width":570,"height":708},{"@type":"BreadcrumbList","@id":"https:\/\/foliobooks.pl\/en\/shop\/kenneth-grange-designing-the-modern-world\/#breadcrumb","itemListElement":[{"@type":"ListItem","position":1,"name":"Strona g\u0142\u00f3wna","item":"https:\/\/foliobooks.pl\/en\/"},{"@type":"ListItem","position":2,"name":"Shop","item":"https:\/\/foliobooks.pl\/en\/shop\/"},{"@type":"ListItem","position":3,"name":"Kenneth Grange. Designing the Modern World"}]},{"@type":"WebSite","@id":"https:\/\/foliobooks.pl\/en\/#website","url":"https:\/\/foliobooks.pl\/en\/","name":"Folio","description":"Ksi\u0119garnia internetowa","potentialAction":[{"@type":"SearchAction","target":{"@type":"EntryPoint","urlTemplate":"https:\/\/foliobooks.pl\/en\/?s={search_term_string}"},"query-input":{"@type":"PropertyValueSpecification","valueRequired":true,"valueName":"search_term_string"}}],"inLanguage":"en-US"}]}},"_links":{"self":[{"href":"https:\/\/foliobooks.pl\/en\/wp-json\/wp\/v2\/product\/103297","targetHints":{"allow":["GET"]}}],"collection":[{"href":"https:\/\/foliobooks.pl\/en\/wp-json\/wp\/v2\/product"}],"about":[{"href":"https:\/\/foliobooks.pl\/en\/wp-json\/wp\/v2\/types\/product"}],"replies":[{"embeddable":true,"href":"https:\/\/foliobooks.pl\/en\/wp-json\/wp\/v2\/comments?post=103297"}],"wp:featuredmedia":[{"embeddable":true,"href":"https:\/\/foliobooks.pl\/en\/wp-json\/wp\/v2\/media\/103280"}],"wp:attachment":[{"href":"https:\/\/foliobooks.pl\/en\/wp-json\/wp\/v2\/media?parent=103297"}],"wp:term":[{"taxonomy":"product_brand","embeddable":true,"href":"https:\/\/foliobooks.pl\/en\/wp-json\/wp\/v2\/product_brand?post=103297"},{"taxonomy":"product_cat","embeddable":true,"href":"https:\/\/foliobooks.pl\/en\/wp-json\/wp\/v2\/product_cat?post=103297"},{"taxonomy":"product_tag","embeddable":true,"href":"https:\/\/foliobooks.pl\/en\/wp-json\/wp\/v2\/product_tag?post=103297"}],"curies":[{"name":"wp","href":"https:\/\/api.w.org\/{rel}","templated":true}]}}