{"id":103260,"date":"2024-11-14T15:45:24","date_gmt":"2024-11-14T14:45:24","guid":{"rendered":"https:\/\/foliobooks.pl\/sklep\/guy-bourdin-for-charles-jourdan\/"},"modified":"2026-04-27T11:24:10","modified_gmt":"2026-04-27T09:24:10","slug":"guy-bourdin-for-charles-jourdan","status":"publish","type":"product","link":"https:\/\/foliobooks.pl\/en\/shop\/guy-bourdin-for-charles-jourdan\/","title":{"rendered":"Guy Bourdin for Charles Jourdan"},"content":{"rendered":"<p><span class=\"a-text-bold\">A giant of modern fashion photography, Bourdin lent his surrealist eye to the shoes and fashions of Charles Jourdan. Creating compositions full of movement, color, and sensuality, this pioneering collaboration between designer and photographer still exerts a profound influence on modern fashion photography.<\/span><\/p>\n<p>The late 1960s saw some of the most dynamic periods in French fashion. And the union between Bourdin and Jourdan captured the spirit of the moment unlike any other creative partnership of the era. Jourdan, a polymath who occupied the office of both couturier and shoe designer, tapped Bourdin, a true surrealist among the fashion photographers of the age, and engaged in a creative dialogue through to Jourdan\u2019s passing in 1976.<\/p>\n<p>Celebrated here are over 150 images, many never before published, full of the modernity and fetishism that made Jourdan\u2019s designs so sought after, and Bourdin\u2019s mise-en-sc\u00e8nes so provocative. To draw attention to the sweep of a woman\u2019s feet and the gentle swell of her calves, the shod feet and lower leg of a mannequin are disembodied and transported to a variety of contexts, the central figures in compositions that are at once erotic, humorous, and often unsettling.<\/p>\n<p>Provocative, fabulist, dramatic, and full of intense color and saturation theirs was as complete a collaboration as has ever been achieved in the history of postwar fashion. This book presents that work in its entirety for the very first time and provides insight into a true meeting of the minds between designer and photographer.<\/p>\n","protected":false},"excerpt":{"rendered":"<p>A giant of modern fashion photography, Bourdin lent his surrealist eye to the shoes and fashions of Charles Jourdan. Creating compositions full of movement, color, and sensuality, this pioneering collaboration between designer and photographer still exerts a profound influence on modern fashion photography. The late 1960s saw some of the most dynamic periods in French&#8230;<\/p>\n","protected":false},"featured_media":103259,"comment_status":"closed","ping_status":"closed","template":"","meta":[],"product_brand":[],"product_cat":[13533,4519],"product_tag":[6125],"class_list":{"0":"post-103260","1":"product","2":"type-product","3":"status-publish","4":"has-post-thumbnail","6":"product_cat-books","7":"product_cat-fashion-en-en","8":"product_tag-fashion","9":"pa_author_att-patrick-remy-en","10":"pa_cover-hardcover","11":"pa_format-304-x-219-cm-en","12":"pa_isbn-9780847833337-en","13":"pa_language-eng","14":"pa_pages-216-en","15":"pa_published-2024-09-03-en","16":"pa_publisher-rizzoli-en","18":"first","19":"instock","20":"sale","21":"sold-individually","22":"shipping-taxable","23":"purchasable","24":"product-type-simple"},"yoast_head":"<!-- This site is optimized with the Yoast SEO plugin v27.6 - https:\/\/yoast.com\/product\/yoast-seo-wordpress\/ -->\n<title>Guy Bourdin for Charles Jourdan (Patrick Remy) - book \/ album - Folio<\/title>\n<meta name=\"description\" content=\"Wejd\u017a i kup ksi\u0105\u017ck\u0119 Guy Bourdin for Charles Jourdan autorstwa Patrick Remy wydan\u0105 przez Rizzoli (2024-09-03) w formacie 30,4 x 21,9 cm (ISBN: 9780847833337). Zapraszamy!\" \/>\n<meta name=\"robots\" content=\"index, follow, max-snippet:-1, max-image-preview:large, max-video-preview:-1\" \/>\n<link rel=\"canonical\" href=\"https:\/\/foliobooks.pl\/en\/shop\/guy-bourdin-for-charles-jourdan\/\" \/>\n<meta property=\"og:locale\" content=\"en_US\" \/>\n<meta property=\"og:type\" content=\"article\" \/>\n<meta property=\"og:title\" content=\"Guy Bourdin for Charles Jourdan (Patrick Remy) - book \/ album - Folio\" \/>\n<meta property=\"og:description\" content=\"Wejd\u017a i kup ksi\u0105\u017ck\u0119 Guy Bourdin for Charles Jourdan autorstwa Patrick Remy wydan\u0105 przez Rizzoli (2024-09-03) w formacie 30,4 x 21,9 cm (ISBN: 9780847833337). Zapraszamy!\" \/>\n<meta property=\"og:url\" content=\"https:\/\/foliobooks.pl\/en\/shop\/guy-bourdin-for-charles-jourdan\/\" \/>\n<meta property=\"og:site_name\" content=\"Folio\" \/>\n<meta property=\"article:modified_time\" content=\"2026-04-27T09:24:10+00:00\" \/>\n<meta property=\"og:image\" content=\"https:\/\/foliobooks.pl\/wp-content\/uploads\/2024\/11\/9780847833337.png\" \/>\n\t<meta property=\"og:image:width\" content=\"570\" \/>\n\t<meta property=\"og:image:height\" content=\"708\" \/>\n\t<meta property=\"og:image:type\" content=\"image\/png\" \/>\n<meta name=\"twitter:card\" content=\"summary_large_image\" \/>\n<meta name=\"twitter:label1\" content=\"Est. reading time\" \/>\n\t<meta name=\"twitter:data1\" content=\"2 minutes\" \/>\n<script type=\"application\/ld+json\" class=\"yoast-schema-graph\">{\"@context\":\"https:\\\/\\\/schema.org\",\"@graph\":[{\"@type\":\"WebPage\",\"@id\":\"https:\\\/\\\/foliobooks.pl\\\/en\\\/shop\\\/guy-bourdin-for-charles-jourdan\\\/\",\"url\":\"https:\\\/\\\/foliobooks.pl\\\/en\\\/shop\\\/guy-bourdin-for-charles-jourdan\\\/\",\"name\":\"Guy Bourdin for Charles Jourdan (Patrick Remy) - book \\\/ album - Folio\",\"isPartOf\":{\"@id\":\"https:\\\/\\\/foliobooks.pl\\\/en\\\/#website\"},\"primaryImageOfPage\":{\"@id\":\"https:\\\/\\\/foliobooks.pl\\\/en\\\/shop\\\/guy-bourdin-for-charles-jourdan\\\/#primaryimage\"},\"image\":{\"@id\":\"https:\\\/\\\/foliobooks.pl\\\/en\\\/shop\\\/guy-bourdin-for-charles-jourdan\\\/#primaryimage\"},\"thumbnailUrl\":\"https:\\\/\\\/foliobooks.pl\\\/wp-content\\\/uploads\\\/2024\\\/11\\\/9780847833337.png\",\"datePublished\":\"2024-11-14T14:45:24+00:00\",\"dateModified\":\"2026-04-27T09:24:10+00:00\",\"description\":\"Wejd\u017a i kup ksi\u0105\u017ck\u0119 Guy Bourdin for Charles Jourdan autorstwa Patrick Remy wydan\u0105 przez Rizzoli (2024-09-03) w formacie 30,4 x 21,9 cm (ISBN: 9780847833337). Zapraszamy!\",\"breadcrumb\":{\"@id\":\"https:\\\/\\\/foliobooks.pl\\\/en\\\/shop\\\/guy-bourdin-for-charles-jourdan\\\/#breadcrumb\"},\"inLanguage\":\"en-US\",\"potentialAction\":[{\"@type\":\"ReadAction\",\"target\":[\"https:\\\/\\\/foliobooks.pl\\\/en\\\/shop\\\/guy-bourdin-for-charles-jourdan\\\/\"]}]},{\"@type\":\"ImageObject\",\"inLanguage\":\"en-US\",\"@id\":\"https:\\\/\\\/foliobooks.pl\\\/en\\\/shop\\\/guy-bourdin-for-charles-jourdan\\\/#primaryimage\",\"url\":\"https:\\\/\\\/foliobooks.pl\\\/wp-content\\\/uploads\\\/2024\\\/11\\\/9780847833337.png\",\"contentUrl\":\"https:\\\/\\\/foliobooks.pl\\\/wp-content\\\/uploads\\\/2024\\\/11\\\/9780847833337.png\",\"width\":570,\"height\":708},{\"@type\":\"BreadcrumbList\",\"@id\":\"https:\\\/\\\/foliobooks.pl\\\/en\\\/shop\\\/guy-bourdin-for-charles-jourdan\\\/#breadcrumb\",\"itemListElement\":[{\"@type\":\"ListItem\",\"position\":1,\"name\":\"Strona g\u0142\u00f3wna\",\"item\":\"https:\\\/\\\/foliobooks.pl\\\/en\\\/\"},{\"@type\":\"ListItem\",\"position\":2,\"name\":\"Shop\",\"item\":\"https:\\\/\\\/foliobooks.pl\\\/en\\\/shop\\\/\"},{\"@type\":\"ListItem\",\"position\":3,\"name\":\"Guy Bourdin for Charles Jourdan\"}]},{\"@type\":\"WebSite\",\"@id\":\"https:\\\/\\\/foliobooks.pl\\\/en\\\/#website\",\"url\":\"https:\\\/\\\/foliobooks.pl\\\/en\\\/\",\"name\":\"Folio\",\"description\":\"Ksi\u0119garnia internetowa\",\"potentialAction\":[{\"@type\":\"SearchAction\",\"target\":{\"@type\":\"EntryPoint\",\"urlTemplate\":\"https:\\\/\\\/foliobooks.pl\\\/en\\\/?s={search_term_string}\"},\"query-input\":{\"@type\":\"PropertyValueSpecification\",\"valueRequired\":true,\"valueName\":\"search_term_string\"}}],\"inLanguage\":\"en-US\"}]}<\/script>\n<!-- \/ Yoast SEO plugin. -->","yoast_head_json":{"title":"Guy Bourdin for Charles Jourdan (Patrick Remy) - book \/ album - Folio","description":"Wejd\u017a i kup ksi\u0105\u017ck\u0119 Guy Bourdin for Charles Jourdan autorstwa Patrick Remy wydan\u0105 przez Rizzoli (2024-09-03) w formacie 30,4 x 21,9 cm (ISBN: 9780847833337). Zapraszamy!","robots":{"index":"index","follow":"follow","max-snippet":"max-snippet:-1","max-image-preview":"max-image-preview:large","max-video-preview":"max-video-preview:-1"},"canonical":"https:\/\/foliobooks.pl\/en\/shop\/guy-bourdin-for-charles-jourdan\/","og_locale":"en_US","og_type":"article","og_title":"Guy Bourdin for Charles Jourdan (Patrick Remy) - book \/ album - Folio","og_description":"Wejd\u017a i kup ksi\u0105\u017ck\u0119 Guy Bourdin for Charles Jourdan autorstwa Patrick Remy wydan\u0105 przez Rizzoli (2024-09-03) w formacie 30,4 x 21,9 cm (ISBN: 9780847833337). Zapraszamy!","og_url":"https:\/\/foliobooks.pl\/en\/shop\/guy-bourdin-for-charles-jourdan\/","og_site_name":"Folio","article_modified_time":"2026-04-27T09:24:10+00:00","og_image":[{"width":570,"height":708,"url":"https:\/\/foliobooks.pl\/wp-content\/uploads\/2024\/11\/9780847833337.png","type":"image\/png"}],"twitter_card":"summary_large_image","twitter_misc":{"Est. reading time":"2 minutes"},"schema":{"@context":"https:\/\/schema.org","@graph":[{"@type":"WebPage","@id":"https:\/\/foliobooks.pl\/en\/shop\/guy-bourdin-for-charles-jourdan\/","url":"https:\/\/foliobooks.pl\/en\/shop\/guy-bourdin-for-charles-jourdan\/","name":"Guy Bourdin for Charles Jourdan (Patrick Remy) - book \/ album - Folio","isPartOf":{"@id":"https:\/\/foliobooks.pl\/en\/#website"},"primaryImageOfPage":{"@id":"https:\/\/foliobooks.pl\/en\/shop\/guy-bourdin-for-charles-jourdan\/#primaryimage"},"image":{"@id":"https:\/\/foliobooks.pl\/en\/shop\/guy-bourdin-for-charles-jourdan\/#primaryimage"},"thumbnailUrl":"https:\/\/foliobooks.pl\/wp-content\/uploads\/2024\/11\/9780847833337.png","datePublished":"2024-11-14T14:45:24+00:00","dateModified":"2026-04-27T09:24:10+00:00","description":"Wejd\u017a i kup ksi\u0105\u017ck\u0119 Guy Bourdin for Charles Jourdan autorstwa Patrick Remy wydan\u0105 przez Rizzoli (2024-09-03) w formacie 30,4 x 21,9 cm (ISBN: 9780847833337). Zapraszamy!","breadcrumb":{"@id":"https:\/\/foliobooks.pl\/en\/shop\/guy-bourdin-for-charles-jourdan\/#breadcrumb"},"inLanguage":"en-US","potentialAction":[{"@type":"ReadAction","target":["https:\/\/foliobooks.pl\/en\/shop\/guy-bourdin-for-charles-jourdan\/"]}]},{"@type":"ImageObject","inLanguage":"en-US","@id":"https:\/\/foliobooks.pl\/en\/shop\/guy-bourdin-for-charles-jourdan\/#primaryimage","url":"https:\/\/foliobooks.pl\/wp-content\/uploads\/2024\/11\/9780847833337.png","contentUrl":"https:\/\/foliobooks.pl\/wp-content\/uploads\/2024\/11\/9780847833337.png","width":570,"height":708},{"@type":"BreadcrumbList","@id":"https:\/\/foliobooks.pl\/en\/shop\/guy-bourdin-for-charles-jourdan\/#breadcrumb","itemListElement":[{"@type":"ListItem","position":1,"name":"Strona g\u0142\u00f3wna","item":"https:\/\/foliobooks.pl\/en\/"},{"@type":"ListItem","position":2,"name":"Shop","item":"https:\/\/foliobooks.pl\/en\/shop\/"},{"@type":"ListItem","position":3,"name":"Guy Bourdin for Charles Jourdan"}]},{"@type":"WebSite","@id":"https:\/\/foliobooks.pl\/en\/#website","url":"https:\/\/foliobooks.pl\/en\/","name":"Folio","description":"Ksi\u0119garnia internetowa","potentialAction":[{"@type":"SearchAction","target":{"@type":"EntryPoint","urlTemplate":"https:\/\/foliobooks.pl\/en\/?s={search_term_string}"},"query-input":{"@type":"PropertyValueSpecification","valueRequired":true,"valueName":"search_term_string"}}],"inLanguage":"en-US"}]}},"_links":{"self":[{"href":"https:\/\/foliobooks.pl\/en\/wp-json\/wp\/v2\/product\/103260","targetHints":{"allow":["GET"]}}],"collection":[{"href":"https:\/\/foliobooks.pl\/en\/wp-json\/wp\/v2\/product"}],"about":[{"href":"https:\/\/foliobooks.pl\/en\/wp-json\/wp\/v2\/types\/product"}],"replies":[{"embeddable":true,"href":"https:\/\/foliobooks.pl\/en\/wp-json\/wp\/v2\/comments?post=103260"}],"wp:featuredmedia":[{"embeddable":true,"href":"https:\/\/foliobooks.pl\/en\/wp-json\/wp\/v2\/media\/103259"}],"wp:attachment":[{"href":"https:\/\/foliobooks.pl\/en\/wp-json\/wp\/v2\/media?parent=103260"}],"wp:term":[{"taxonomy":"product_brand","embeddable":true,"href":"https:\/\/foliobooks.pl\/en\/wp-json\/wp\/v2\/product_brand?post=103260"},{"taxonomy":"product_cat","embeddable":true,"href":"https:\/\/foliobooks.pl\/en\/wp-json\/wp\/v2\/product_cat?post=103260"},{"taxonomy":"product_tag","embeddable":true,"href":"https:\/\/foliobooks.pl\/en\/wp-json\/wp\/v2\/product_tag?post=103260"}],"curies":[{"name":"wp","href":"https:\/\/api.w.org\/{rel}","templated":true}]}}