{"id":103255,"date":"2024-11-14T15:37:57","date_gmt":"2024-11-14T14:37:57","guid":{"rendered":"https:\/\/foliobooks.pl\/sklep\/good-design-is-for-everyone\/"},"modified":"2024-11-14T15:37:57","modified_gmt":"2024-11-14T14:37:57","slug":"good-design-is-for-everyone","status":"publish","type":"product","link":"https:\/\/foliobooks.pl\/en\/shop\/good-design-is-for-everyone\/","title":{"rendered":"Good Design Is for Everyone"},"content":{"rendered":"<p><span class=\"a-text-bold\">The official anniversary volume celebrates how a global in-house creative force brings cutting-edge design to its iconic portfolio of food and beverage brands.<\/span><\/p>\n<p>PepsiCo sets the standard for how companies can envision and create their futures. Since creating PepsiCo Design + Innovation and bringing on its first-ever Chief Design Officer, Mauro Porcini, in 2012, PepsiCo has emerged as a leader in design-led innovation. With more and more of the business community embracing design thinking every day, Good Design Is for Everyone is an inspiring look at how one company has done just that.<\/p>\n<p>The decade-spanning collection of work invites everyone who loves creativity to explore the very best of PepsiCo Design + Innovation. Packed with immersive visuals and exclusive insights, PepsiCo: Good Design is for Everyone is an exciting deep dive into how PepsiCo harnesses human-centered design to create meaningful moments of culture and connection.<\/p>\n<p>It is a must-read and the perfect gift for passionate designers, creative and business leaders, and brand marketers.<\/p>\n","protected":false},"excerpt":{"rendered":"<p>The official anniversary volume celebrates how a global in-house creative force brings cutting-edge design to its iconic portfolio of food and beverage brands. PepsiCo sets the standard for how companies can envision and create their futures. Since creating PepsiCo Design + Innovation and bringing on its first-ever Chief Design Officer, Mauro Porcini, in 2012, PepsiCo&#8230;<\/p>\n","protected":false},"featured_media":103242,"comment_status":"closed","ping_status":"closed","template":"","meta":[],"product_brand":[],"product_cat":[13533,4523,4525],"product_tag":[4524],"class_list":{"0":"post-103255","1":"product","2":"type-product","3":"status-publish","4":"has-post-thumbnail","6":"product_cat-books","7":"product_cat-design-en-en","8":"product_cat-graphic-design","9":"product_tag-design-en-en","10":"pa_cover-hardcover","11":"pa_format-255-x-30-cm-en","12":"pa_isbn-9780847873449-en","13":"pa_language-eng","14":"pa_pages-492-en","15":"pa_published-2023-10-31-en","16":"pa_publisher-rizzoli-en","18":"first","19":"instock","20":"sold-individually","21":"shipping-taxable","22":"purchasable","23":"product-type-simple"},"yoast_head":"<!-- This site is optimized with the Yoast SEO plugin v27.4 - https:\/\/yoast.com\/product\/yoast-seo-wordpress\/ -->\n<title>Good Design Is for Everyone () - book \/ album - Folio<\/title>\n<meta name=\"description\" content=\"Wejd\u017a i kup ksi\u0105\u017ck\u0119 Good Design Is for Everyone autorstwa wydan\u0105 przez Rizzoli (2023-10-31) w formacie 25,5 x 30 cm (ISBN: 9780847873449). Zapraszamy!\" \/>\n<meta name=\"robots\" content=\"index, follow, max-snippet:-1, max-image-preview:large, max-video-preview:-1\" \/>\n<link rel=\"canonical\" href=\"https:\/\/foliobooks.pl\/en\/shop\/good-design-is-for-everyone\/\" \/>\n<meta property=\"og:locale\" content=\"en_US\" \/>\n<meta property=\"og:type\" content=\"article\" \/>\n<meta property=\"og:title\" content=\"Good Design Is for Everyone () - book \/ album - Folio\" \/>\n<meta property=\"og:description\" content=\"Wejd\u017a i kup ksi\u0105\u017ck\u0119 Good Design Is for Everyone autorstwa wydan\u0105 przez Rizzoli (2023-10-31) w formacie 25,5 x 30 cm (ISBN: 9780847873449). Zapraszamy!\" \/>\n<meta property=\"og:url\" content=\"https:\/\/foliobooks.pl\/en\/shop\/good-design-is-for-everyone\/\" \/>\n<meta property=\"og:site_name\" content=\"Folio\" \/>\n<meta property=\"og:image\" content=\"https:\/\/foliobooks.pl\/wp-content\/uploads\/2024\/11\/9780847873449.png\" \/>\n\t<meta property=\"og:image:width\" content=\"570\" \/>\n\t<meta property=\"og:image:height\" content=\"708\" \/>\n\t<meta property=\"og:image:type\" content=\"image\/png\" \/>\n<meta name=\"twitter:card\" content=\"summary_large_image\" \/>\n<meta name=\"twitter:label1\" content=\"Est. reading time\" \/>\n\t<meta name=\"twitter:data1\" content=\"2 minutes\" \/>\n<script type=\"application\/ld+json\" class=\"yoast-schema-graph\">{\"@context\":\"https:\\\/\\\/schema.org\",\"@graph\":[{\"@type\":\"WebPage\",\"@id\":\"https:\\\/\\\/foliobooks.pl\\\/en\\\/shop\\\/good-design-is-for-everyone\\\/\",\"url\":\"https:\\\/\\\/foliobooks.pl\\\/en\\\/shop\\\/good-design-is-for-everyone\\\/\",\"name\":\"Good Design Is for Everyone () - book \\\/ album - Folio\",\"isPartOf\":{\"@id\":\"https:\\\/\\\/foliobooks.pl\\\/en\\\/#website\"},\"primaryImageOfPage\":{\"@id\":\"https:\\\/\\\/foliobooks.pl\\\/en\\\/shop\\\/good-design-is-for-everyone\\\/#primaryimage\"},\"image\":{\"@id\":\"https:\\\/\\\/foliobooks.pl\\\/en\\\/shop\\\/good-design-is-for-everyone\\\/#primaryimage\"},\"thumbnailUrl\":\"https:\\\/\\\/foliobooks.pl\\\/wp-content\\\/uploads\\\/2024\\\/11\\\/9780847873449.png\",\"datePublished\":\"2024-11-14T14:37:57+00:00\",\"description\":\"Wejd\u017a i kup ksi\u0105\u017ck\u0119 Good Design Is for Everyone autorstwa wydan\u0105 przez Rizzoli (2023-10-31) w formacie 25,5 x 30 cm (ISBN: 9780847873449). Zapraszamy!\",\"breadcrumb\":{\"@id\":\"https:\\\/\\\/foliobooks.pl\\\/en\\\/shop\\\/good-design-is-for-everyone\\\/#breadcrumb\"},\"inLanguage\":\"en-US\",\"potentialAction\":[{\"@type\":\"ReadAction\",\"target\":[\"https:\\\/\\\/foliobooks.pl\\\/en\\\/shop\\\/good-design-is-for-everyone\\\/\"]}]},{\"@type\":\"ImageObject\",\"inLanguage\":\"en-US\",\"@id\":\"https:\\\/\\\/foliobooks.pl\\\/en\\\/shop\\\/good-design-is-for-everyone\\\/#primaryimage\",\"url\":\"https:\\\/\\\/foliobooks.pl\\\/wp-content\\\/uploads\\\/2024\\\/11\\\/9780847873449.png\",\"contentUrl\":\"https:\\\/\\\/foliobooks.pl\\\/wp-content\\\/uploads\\\/2024\\\/11\\\/9780847873449.png\",\"width\":570,\"height\":708},{\"@type\":\"BreadcrumbList\",\"@id\":\"https:\\\/\\\/foliobooks.pl\\\/en\\\/shop\\\/good-design-is-for-everyone\\\/#breadcrumb\",\"itemListElement\":[{\"@type\":\"ListItem\",\"position\":1,\"name\":\"Strona g\u0142\u00f3wna\",\"item\":\"https:\\\/\\\/foliobooks.pl\\\/en\\\/\"},{\"@type\":\"ListItem\",\"position\":2,\"name\":\"Shop\",\"item\":\"https:\\\/\\\/foliobooks.pl\\\/en\\\/shop\\\/\"},{\"@type\":\"ListItem\",\"position\":3,\"name\":\"Good Design Is for Everyone\"}]},{\"@type\":\"WebSite\",\"@id\":\"https:\\\/\\\/foliobooks.pl\\\/en\\\/#website\",\"url\":\"https:\\\/\\\/foliobooks.pl\\\/en\\\/\",\"name\":\"Folio\",\"description\":\"Ksi\u0119garnia internetowa\",\"potentialAction\":[{\"@type\":\"SearchAction\",\"target\":{\"@type\":\"EntryPoint\",\"urlTemplate\":\"https:\\\/\\\/foliobooks.pl\\\/en\\\/?s={search_term_string}\"},\"query-input\":{\"@type\":\"PropertyValueSpecification\",\"valueRequired\":true,\"valueName\":\"search_term_string\"}}],\"inLanguage\":\"en-US\"}]}<\/script>\n<!-- \/ Yoast SEO plugin. -->","yoast_head_json":{"title":"Good Design Is for Everyone () - book \/ album - Folio","description":"Wejd\u017a i kup ksi\u0105\u017ck\u0119 Good Design Is for Everyone autorstwa wydan\u0105 przez Rizzoli (2023-10-31) w formacie 25,5 x 30 cm (ISBN: 9780847873449). Zapraszamy!","robots":{"index":"index","follow":"follow","max-snippet":"max-snippet:-1","max-image-preview":"max-image-preview:large","max-video-preview":"max-video-preview:-1"},"canonical":"https:\/\/foliobooks.pl\/en\/shop\/good-design-is-for-everyone\/","og_locale":"en_US","og_type":"article","og_title":"Good Design Is for Everyone () - book \/ album - Folio","og_description":"Wejd\u017a i kup ksi\u0105\u017ck\u0119 Good Design Is for Everyone autorstwa wydan\u0105 przez Rizzoli (2023-10-31) w formacie 25,5 x 30 cm (ISBN: 9780847873449). Zapraszamy!","og_url":"https:\/\/foliobooks.pl\/en\/shop\/good-design-is-for-everyone\/","og_site_name":"Folio","og_image":[{"width":570,"height":708,"url":"https:\/\/foliobooks.pl\/wp-content\/uploads\/2024\/11\/9780847873449.png","type":"image\/png"}],"twitter_card":"summary_large_image","twitter_misc":{"Est. reading time":"2 minutes"},"schema":{"@context":"https:\/\/schema.org","@graph":[{"@type":"WebPage","@id":"https:\/\/foliobooks.pl\/en\/shop\/good-design-is-for-everyone\/","url":"https:\/\/foliobooks.pl\/en\/shop\/good-design-is-for-everyone\/","name":"Good Design Is for Everyone () - book \/ album - Folio","isPartOf":{"@id":"https:\/\/foliobooks.pl\/en\/#website"},"primaryImageOfPage":{"@id":"https:\/\/foliobooks.pl\/en\/shop\/good-design-is-for-everyone\/#primaryimage"},"image":{"@id":"https:\/\/foliobooks.pl\/en\/shop\/good-design-is-for-everyone\/#primaryimage"},"thumbnailUrl":"https:\/\/foliobooks.pl\/wp-content\/uploads\/2024\/11\/9780847873449.png","datePublished":"2024-11-14T14:37:57+00:00","description":"Wejd\u017a i kup ksi\u0105\u017ck\u0119 Good Design Is for Everyone autorstwa wydan\u0105 przez Rizzoli (2023-10-31) w formacie 25,5 x 30 cm (ISBN: 9780847873449). Zapraszamy!","breadcrumb":{"@id":"https:\/\/foliobooks.pl\/en\/shop\/good-design-is-for-everyone\/#breadcrumb"},"inLanguage":"en-US","potentialAction":[{"@type":"ReadAction","target":["https:\/\/foliobooks.pl\/en\/shop\/good-design-is-for-everyone\/"]}]},{"@type":"ImageObject","inLanguage":"en-US","@id":"https:\/\/foliobooks.pl\/en\/shop\/good-design-is-for-everyone\/#primaryimage","url":"https:\/\/foliobooks.pl\/wp-content\/uploads\/2024\/11\/9780847873449.png","contentUrl":"https:\/\/foliobooks.pl\/wp-content\/uploads\/2024\/11\/9780847873449.png","width":570,"height":708},{"@type":"BreadcrumbList","@id":"https:\/\/foliobooks.pl\/en\/shop\/good-design-is-for-everyone\/#breadcrumb","itemListElement":[{"@type":"ListItem","position":1,"name":"Strona g\u0142\u00f3wna","item":"https:\/\/foliobooks.pl\/en\/"},{"@type":"ListItem","position":2,"name":"Shop","item":"https:\/\/foliobooks.pl\/en\/shop\/"},{"@type":"ListItem","position":3,"name":"Good Design Is for Everyone"}]},{"@type":"WebSite","@id":"https:\/\/foliobooks.pl\/en\/#website","url":"https:\/\/foliobooks.pl\/en\/","name":"Folio","description":"Ksi\u0119garnia internetowa","potentialAction":[{"@type":"SearchAction","target":{"@type":"EntryPoint","urlTemplate":"https:\/\/foliobooks.pl\/en\/?s={search_term_string}"},"query-input":{"@type":"PropertyValueSpecification","valueRequired":true,"valueName":"search_term_string"}}],"inLanguage":"en-US"}]}},"_links":{"self":[{"href":"https:\/\/foliobooks.pl\/en\/wp-json\/wp\/v2\/product\/103255","targetHints":{"allow":["GET"]}}],"collection":[{"href":"https:\/\/foliobooks.pl\/en\/wp-json\/wp\/v2\/product"}],"about":[{"href":"https:\/\/foliobooks.pl\/en\/wp-json\/wp\/v2\/types\/product"}],"replies":[{"embeddable":true,"href":"https:\/\/foliobooks.pl\/en\/wp-json\/wp\/v2\/comments?post=103255"}],"wp:featuredmedia":[{"embeddable":true,"href":"https:\/\/foliobooks.pl\/en\/wp-json\/wp\/v2\/media\/103242"}],"wp:attachment":[{"href":"https:\/\/foliobooks.pl\/en\/wp-json\/wp\/v2\/media?parent=103255"}],"wp:term":[{"taxonomy":"product_brand","embeddable":true,"href":"https:\/\/foliobooks.pl\/en\/wp-json\/wp\/v2\/product_brand?post=103255"},{"taxonomy":"product_cat","embeddable":true,"href":"https:\/\/foliobooks.pl\/en\/wp-json\/wp\/v2\/product_cat?post=103255"},{"taxonomy":"product_tag","embeddable":true,"href":"https:\/\/foliobooks.pl\/en\/wp-json\/wp\/v2\/product_tag?post=103255"}],"curies":[{"name":"wp","href":"https:\/\/api.w.org\/{rel}","templated":true}]}}