{"id":103239,"date":"2024-11-14T15:08:57","date_gmt":"2024-11-14T14:08:57","guid":{"rendered":"https:\/\/foliobooks.pl\/sklep\/forte-dei-marmi\/"},"modified":"2025-03-12T12:02:14","modified_gmt":"2025-03-12T11:02:14","slug":"forte-dei-marmi","status":"publish","type":"product","link":"https:\/\/foliobooks.pl\/en\/shop\/forte-dei-marmi\/","title":{"rendered":"Forte dei Marmi"},"content":{"rendered":"<p>Forte dei Marmi, the crown jewel of Tuscany\u2019s Mediterranean coast, boasts unmatched sun-kissed shores and seaside splendor. Its past tells a story of transformation from a quaint fishing village to a glamorous jet-set playground. Candy-colored umbrellas from beach clubs dot the pristine sands, with the Apuan Alps providing a majestic backdrop. Renowned sculptors like Michelangelo and Jeff Koons have drawn inspiration from nearby Carrara and Pietrasanta. Edoardo Nesi\u2019s evocative text and stunning photography capture the spirit of this unspoiled haven, making it an ideal destination for a timeless Italian vacation.<\/p>\n","protected":false},"excerpt":{"rendered":"<p>Forte dei Marmi, the crown jewel of Tuscany\u2019s Mediterranean coast, boasts unmatched sun-kissed shores and seaside splendor. Its past tells a story of transformation from a quaint fishing village to a glamorous jet-set playground. Candy-colored umbrellas from beach clubs dot the pristine sands, with the Apuan Alps providing a majestic backdrop. Renowned sculptors like Michelangelo&#8230;<\/p>\n","protected":false},"featured_media":103238,"comment_status":"closed","ping_status":"closed","template":"","meta":[],"product_brand":[],"product_cat":[13533,4517],"product_tag":[516],"class_list":{"0":"post-103239","1":"product","2":"type-product","3":"status-publish","4":"has-post-thumbnail","6":"product_cat-books","7":"product_cat-photography-en","8":"product_tag-places-en","9":"pa_author_att-edoardo-nesi-en","10":"pa_cover-hardcover","11":"pa_format-25-x-33-cm-en","12":"pa_isbn-9781649803481-en","13":"pa_language-eng","14":"pa_pages-280-2-en","15":"pa_published-2024-06-01-en","16":"pa_publisher-assouline-en","18":"first","19":"outofstock","20":"sold-individually","21":"shipping-taxable","22":"purchasable","23":"product-type-simple"},"yoast_head":"<!-- This site is optimized with the Yoast SEO plugin v27.4 - https:\/\/yoast.com\/product\/yoast-seo-wordpress\/ -->\n<title>Forte dei Marmi (Edoardo Nesi) - book \/ album - Folio<\/title>\n<meta name=\"description\" content=\"Wejd\u017a i kup ksi\u0105\u017ck\u0119 Forte dei Marmi autorstwa Edoardo Nesi wydan\u0105 przez Assouline (2024-06-01) w formacie 25 x 33 cm (ISBN: 9781649803481). Zapraszamy!\" \/>\n<meta name=\"robots\" content=\"index, follow, max-snippet:-1, max-image-preview:large, max-video-preview:-1\" \/>\n<link rel=\"canonical\" href=\"https:\/\/foliobooks.pl\/en\/shop\/forte-dei-marmi\/\" \/>\n<meta property=\"og:locale\" content=\"en_US\" \/>\n<meta property=\"og:type\" content=\"article\" \/>\n<meta property=\"og:title\" content=\"Forte dei Marmi (Edoardo Nesi) - book \/ album - Folio\" \/>\n<meta property=\"og:description\" content=\"Wejd\u017a i kup ksi\u0105\u017ck\u0119 Forte dei Marmi autorstwa Edoardo Nesi wydan\u0105 przez Assouline (2024-06-01) w formacie 25 x 33 cm (ISBN: 9781649803481). Zapraszamy!\" \/>\n<meta property=\"og:url\" content=\"https:\/\/foliobooks.pl\/en\/shop\/forte-dei-marmi\/\" \/>\n<meta property=\"og:site_name\" content=\"Folio\" \/>\n<meta property=\"article:modified_time\" content=\"2025-03-12T11:02:14+00:00\" \/>\n<meta property=\"og:image\" content=\"https:\/\/foliobooks.pl\/wp-content\/uploads\/2024\/11\/9781649803481.png\" \/>\n\t<meta property=\"og:image:width\" content=\"570\" \/>\n\t<meta property=\"og:image:height\" content=\"708\" \/>\n\t<meta property=\"og:image:type\" content=\"image\/png\" \/>\n<meta name=\"twitter:card\" content=\"summary_large_image\" \/>\n<meta name=\"twitter:label1\" content=\"Est. reading time\" \/>\n\t<meta name=\"twitter:data1\" content=\"1 minute\" \/>\n<script type=\"application\/ld+json\" class=\"yoast-schema-graph\">{\"@context\":\"https:\\\/\\\/schema.org\",\"@graph\":[{\"@type\":\"WebPage\",\"@id\":\"https:\\\/\\\/foliobooks.pl\\\/en\\\/shop\\\/forte-dei-marmi\\\/\",\"url\":\"https:\\\/\\\/foliobooks.pl\\\/en\\\/shop\\\/forte-dei-marmi\\\/\",\"name\":\"Forte dei Marmi (Edoardo Nesi) - book \\\/ album - Folio\",\"isPartOf\":{\"@id\":\"https:\\\/\\\/foliobooks.pl\\\/en\\\/#website\"},\"primaryImageOfPage\":{\"@id\":\"https:\\\/\\\/foliobooks.pl\\\/en\\\/shop\\\/forte-dei-marmi\\\/#primaryimage\"},\"image\":{\"@id\":\"https:\\\/\\\/foliobooks.pl\\\/en\\\/shop\\\/forte-dei-marmi\\\/#primaryimage\"},\"thumbnailUrl\":\"https:\\\/\\\/foliobooks.pl\\\/wp-content\\\/uploads\\\/2024\\\/11\\\/9781649803481.png\",\"datePublished\":\"2024-11-14T14:08:57+00:00\",\"dateModified\":\"2025-03-12T11:02:14+00:00\",\"description\":\"Wejd\u017a i kup ksi\u0105\u017ck\u0119 Forte dei Marmi autorstwa Edoardo Nesi wydan\u0105 przez Assouline (2024-06-01) w formacie 25 x 33 cm (ISBN: 9781649803481). Zapraszamy!\",\"breadcrumb\":{\"@id\":\"https:\\\/\\\/foliobooks.pl\\\/en\\\/shop\\\/forte-dei-marmi\\\/#breadcrumb\"},\"inLanguage\":\"en-US\",\"potentialAction\":[{\"@type\":\"ReadAction\",\"target\":[\"https:\\\/\\\/foliobooks.pl\\\/en\\\/shop\\\/forte-dei-marmi\\\/\"]}]},{\"@type\":\"ImageObject\",\"inLanguage\":\"en-US\",\"@id\":\"https:\\\/\\\/foliobooks.pl\\\/en\\\/shop\\\/forte-dei-marmi\\\/#primaryimage\",\"url\":\"https:\\\/\\\/foliobooks.pl\\\/wp-content\\\/uploads\\\/2024\\\/11\\\/9781649803481.png\",\"contentUrl\":\"https:\\\/\\\/foliobooks.pl\\\/wp-content\\\/uploads\\\/2024\\\/11\\\/9781649803481.png\",\"width\":570,\"height\":708},{\"@type\":\"BreadcrumbList\",\"@id\":\"https:\\\/\\\/foliobooks.pl\\\/en\\\/shop\\\/forte-dei-marmi\\\/#breadcrumb\",\"itemListElement\":[{\"@type\":\"ListItem\",\"position\":1,\"name\":\"Strona g\u0142\u00f3wna\",\"item\":\"https:\\\/\\\/foliobooks.pl\\\/en\\\/\"},{\"@type\":\"ListItem\",\"position\":2,\"name\":\"Shop\",\"item\":\"https:\\\/\\\/foliobooks.pl\\\/en\\\/shop\\\/\"},{\"@type\":\"ListItem\",\"position\":3,\"name\":\"Forte dei Marmi\"}]},{\"@type\":\"WebSite\",\"@id\":\"https:\\\/\\\/foliobooks.pl\\\/en\\\/#website\",\"url\":\"https:\\\/\\\/foliobooks.pl\\\/en\\\/\",\"name\":\"Folio\",\"description\":\"Ksi\u0119garnia internetowa\",\"potentialAction\":[{\"@type\":\"SearchAction\",\"target\":{\"@type\":\"EntryPoint\",\"urlTemplate\":\"https:\\\/\\\/foliobooks.pl\\\/en\\\/?s={search_term_string}\"},\"query-input\":{\"@type\":\"PropertyValueSpecification\",\"valueRequired\":true,\"valueName\":\"search_term_string\"}}],\"inLanguage\":\"en-US\"}]}<\/script>\n<!-- \/ Yoast SEO plugin. -->","yoast_head_json":{"title":"Forte dei Marmi (Edoardo Nesi) - book \/ album - Folio","description":"Wejd\u017a i kup ksi\u0105\u017ck\u0119 Forte dei Marmi autorstwa Edoardo Nesi wydan\u0105 przez Assouline (2024-06-01) w formacie 25 x 33 cm (ISBN: 9781649803481). Zapraszamy!","robots":{"index":"index","follow":"follow","max-snippet":"max-snippet:-1","max-image-preview":"max-image-preview:large","max-video-preview":"max-video-preview:-1"},"canonical":"https:\/\/foliobooks.pl\/en\/shop\/forte-dei-marmi\/","og_locale":"en_US","og_type":"article","og_title":"Forte dei Marmi (Edoardo Nesi) - book \/ album - Folio","og_description":"Wejd\u017a i kup ksi\u0105\u017ck\u0119 Forte dei Marmi autorstwa Edoardo Nesi wydan\u0105 przez Assouline (2024-06-01) w formacie 25 x 33 cm (ISBN: 9781649803481). Zapraszamy!","og_url":"https:\/\/foliobooks.pl\/en\/shop\/forte-dei-marmi\/","og_site_name":"Folio","article_modified_time":"2025-03-12T11:02:14+00:00","og_image":[{"width":570,"height":708,"url":"https:\/\/foliobooks.pl\/wp-content\/uploads\/2024\/11\/9781649803481.png","type":"image\/png"}],"twitter_card":"summary_large_image","twitter_misc":{"Est. reading time":"1 minute"},"schema":{"@context":"https:\/\/schema.org","@graph":[{"@type":"WebPage","@id":"https:\/\/foliobooks.pl\/en\/shop\/forte-dei-marmi\/","url":"https:\/\/foliobooks.pl\/en\/shop\/forte-dei-marmi\/","name":"Forte dei Marmi (Edoardo Nesi) - book \/ album - Folio","isPartOf":{"@id":"https:\/\/foliobooks.pl\/en\/#website"},"primaryImageOfPage":{"@id":"https:\/\/foliobooks.pl\/en\/shop\/forte-dei-marmi\/#primaryimage"},"image":{"@id":"https:\/\/foliobooks.pl\/en\/shop\/forte-dei-marmi\/#primaryimage"},"thumbnailUrl":"https:\/\/foliobooks.pl\/wp-content\/uploads\/2024\/11\/9781649803481.png","datePublished":"2024-11-14T14:08:57+00:00","dateModified":"2025-03-12T11:02:14+00:00","description":"Wejd\u017a i kup ksi\u0105\u017ck\u0119 Forte dei Marmi autorstwa Edoardo Nesi wydan\u0105 przez Assouline (2024-06-01) w formacie 25 x 33 cm (ISBN: 9781649803481). Zapraszamy!","breadcrumb":{"@id":"https:\/\/foliobooks.pl\/en\/shop\/forte-dei-marmi\/#breadcrumb"},"inLanguage":"en-US","potentialAction":[{"@type":"ReadAction","target":["https:\/\/foliobooks.pl\/en\/shop\/forte-dei-marmi\/"]}]},{"@type":"ImageObject","inLanguage":"en-US","@id":"https:\/\/foliobooks.pl\/en\/shop\/forte-dei-marmi\/#primaryimage","url":"https:\/\/foliobooks.pl\/wp-content\/uploads\/2024\/11\/9781649803481.png","contentUrl":"https:\/\/foliobooks.pl\/wp-content\/uploads\/2024\/11\/9781649803481.png","width":570,"height":708},{"@type":"BreadcrumbList","@id":"https:\/\/foliobooks.pl\/en\/shop\/forte-dei-marmi\/#breadcrumb","itemListElement":[{"@type":"ListItem","position":1,"name":"Strona g\u0142\u00f3wna","item":"https:\/\/foliobooks.pl\/en\/"},{"@type":"ListItem","position":2,"name":"Shop","item":"https:\/\/foliobooks.pl\/en\/shop\/"},{"@type":"ListItem","position":3,"name":"Forte dei Marmi"}]},{"@type":"WebSite","@id":"https:\/\/foliobooks.pl\/en\/#website","url":"https:\/\/foliobooks.pl\/en\/","name":"Folio","description":"Ksi\u0119garnia internetowa","potentialAction":[{"@type":"SearchAction","target":{"@type":"EntryPoint","urlTemplate":"https:\/\/foliobooks.pl\/en\/?s={search_term_string}"},"query-input":{"@type":"PropertyValueSpecification","valueRequired":true,"valueName":"search_term_string"}}],"inLanguage":"en-US"}]}},"_links":{"self":[{"href":"https:\/\/foliobooks.pl\/en\/wp-json\/wp\/v2\/product\/103239","targetHints":{"allow":["GET"]}}],"collection":[{"href":"https:\/\/foliobooks.pl\/en\/wp-json\/wp\/v2\/product"}],"about":[{"href":"https:\/\/foliobooks.pl\/en\/wp-json\/wp\/v2\/types\/product"}],"replies":[{"embeddable":true,"href":"https:\/\/foliobooks.pl\/en\/wp-json\/wp\/v2\/comments?post=103239"}],"wp:featuredmedia":[{"embeddable":true,"href":"https:\/\/foliobooks.pl\/en\/wp-json\/wp\/v2\/media\/103238"}],"wp:attachment":[{"href":"https:\/\/foliobooks.pl\/en\/wp-json\/wp\/v2\/media?parent=103239"}],"wp:term":[{"taxonomy":"product_brand","embeddable":true,"href":"https:\/\/foliobooks.pl\/en\/wp-json\/wp\/v2\/product_brand?post=103239"},{"taxonomy":"product_cat","embeddable":true,"href":"https:\/\/foliobooks.pl\/en\/wp-json\/wp\/v2\/product_cat?post=103239"},{"taxonomy":"product_tag","embeddable":true,"href":"https:\/\/foliobooks.pl\/en\/wp-json\/wp\/v2\/product_tag?post=103239"}],"curies":[{"name":"wp","href":"https:\/\/api.w.org\/{rel}","templated":true}]}}